{"id":6199,"date":"2022-02-22T18:24:09","date_gmt":"2022-02-22T17:24:09","guid":{"rendered":"https:\/\/fengchashop.com\/de\/product\/msm-500-g\/"},"modified":"2026-04-16T09:19:02","modified_gmt":"2026-04-16T07:19:02","slug":"msm","status":"publish","type":"product","link":"https:\/\/fengchashop.com\/de\/product\/msm\/","title":{"rendered":"MSM 500 g"},"content":{"rendered":"<div class=\"wpb-content-wrapper\"><p>[vc_row][vc_column][vc_column_text css=&#8220;&#8220;]<\/p>\n<h2><span style=\"color: #000000\">MSM Pulver<\/span><\/h2>\n<p><span style=\"color: #000000\">MSM ist Methylsulfonylmethan oder<strong> organischer Schwefel<\/strong> in seiner di\u00e4tetischen Form, der als Baustein der Zellen im menschlichen K\u00f6rper vorkommt. MSM entsteht durch das Absterben und die Zersetzung von Phytoplankton in den Ozeanen, verdunstet netto in die Atmosph\u00e4re und lagert sich in Wolken ab. Es kommt dann als Niederschlag auf die Erde zur\u00fcck und wird zur Nahrung f\u00fcr alle terrestrischen Organismen. MSM ist in Pflanzen, die starken Regenf\u00e4llen ausgesetzt sind, besonders hoch konzentriert.<\/span><\/p>\n<p><span style=\"color: #000000\">Eine weitere wichtige Tatsache ist, dass MSM neben Sauerstoff, Wasser und Salz das viertwichtigste Element in der menschlichen Ern\u00e4hrung ist, da Schwefel f\u00fcr die Regeneration und Ern\u00e4hrung gesunder Zellen unerl\u00e4sslich ist.<\/span><\/p>\n<p><span style=\"color: #000000\">MSM wird auch als das Mineral der Sch\u00f6nheit bezeichnet, da es eine positive Wirkung auf:<\/span><\/p>\n<p><span style=\"color: #000000\"><strong>&#8211; Regenerierung und F\u00f6rderung der Zellelastizit\u00e4t<\/strong>, was den Zellstoffwechsel erleichtert,<\/span><br \/>\n<span style=\"color: #000000\">&#8211; <strong>Regeneration von gesch\u00e4digten Zellen und Geweben<\/strong>,<\/span><br \/>\n<span style=\"color: #000000\">&#8211; Wiederherstellung des richtigen<strong> pH-Wertes der Haut,<\/strong><\/span><br \/>\n<span style=\"color: #000000\">&#8211; Linderung von<strong> Schwellungen, Kr\u00e4mpfen und Schmerzen<\/strong>.<\/span><\/p>\n<p><span style=\"color: #000000\">MSM ist ein wesentlicher Baustein der K\u00f6rperzellen, der mit zunehmendem Alter an Bedeutung verliert.<\/span><\/p>\n<p><span style=\"color: #000000\">Organischer Schwefel ist in allen Lebewesen der Erde vorhanden. Er ist ein wichtiger Bestandteil von Keratin, Kollagen, Elastin und Knorpel und ist an der Bildung von roten Blutk\u00f6rperchen, Muskeln, Haut und Haaren beteiligt. Da es das Aussehen von Haut, Haaren und N\u00e4geln beeinflusst, wird es auch als Sch\u00f6nheitsmineral bezeichnet. MSM ist einer der Hauptbestandteile der Aminos\u00e4uren, aus denen die Proteine bestehen, und beeinflusst daher viele Prozesse im menschlichen K\u00f6rper: von der Funktion der <strong>Enzyme \u00fcber das Immun- und Hormongleichgewicht bis hin zu gesunden B\u00e4ndern, Sehnen und Gelenken.<\/strong><\/span><\/p>\n<p><span style=\"color: #000000\"><strong>Die Haut ist unser gr\u00f6\u00dftes Organ<\/strong> und spiegelt weitgehend unseren Lebensstil wider. Mit der richtigen Ern\u00e4hrung und der richtigen Auswahl an Nahrungserg\u00e4nzungsmitteln k\u00f6nnen wir viel f\u00fcr unsere Haut tun, die uns eigentlich vor der Au\u00dfenwelt sch\u00fctzt. MSM hilft Ihnen, Ihre Haut, Haare, Knochen, Gelenke und Muskeln zu regenerieren.<\/span><\/p>\n<p><span style=\"color: #000000\">Wenn Sie<strong> Ihren K\u00f6rper erneuern<\/strong>, das Gleichgewicht wiederherstellen und Ihr Aussehen verj\u00fcngen wollen, ist MSM die richtige Wahl. MSM sorgt daf\u00fcr, dass Ihre Zellen wieder <strong>gl\u00e4nzen, verj\u00fcngt und voll<\/strong> sind.<\/span><\/p>\n<p><span style=\"color: #000000\">Und da wir mit zunehmendem Alter immer mehr Mangel daran haben und MSM ein wichtiger Bestandteil insbesondere von Keratin, Kollagen, Elastin und Knorpel ist und an der Bildung von<strong> roten Blutk\u00f6rperchen, Muskeln, Haut und Haaren<\/strong> beteiligt ist, ist es sinnvoll, eine Erg\u00e4nzung mit MSM in Form eines Nahrungserg\u00e4nzungsmittels in Betracht zu ziehen.<\/span><\/p>\n<p><span style=\"color: #000000\"><strong>Unser MSM wird aus Kiefernholz gewonnen<\/strong>.<\/span><\/p>\n<p><span style=\"color: #000000\">Der Extraktionsprozess ist eine <strong>doppelte Zentrifugation<\/strong> und schlie\u00dflich eine <strong>Vakuumtrocknung<\/strong>. Kein Destillationsprozess.<\/span><\/p>\n<p><span style=\"color: #000000\"><strong>Der Reinheitsgrad unseres MSM betr\u00e4gt 99,00%.<\/strong><\/span><\/p>\n<h2><span style=\"color: #000000\">Lagerung und Warnhinweise<\/span><\/h2>\n<p><span style=\"color: #000000\">K\u00fchl und trocken bei einer Temperatur von bis zu 25 \u00b0C lagern. Das Nahrungserg\u00e4nzungsmittel f\u00fcr Kinder unzug\u00e4nglich aufbewahren!<\/span><\/p>\n<p><span style=\"color: #000000\">Denken Sie daran, wie wichtig eine abwechslungsreiche Ern\u00e4hrung und eine gesunde Lebensweise sind; ein Nahrungserg\u00e4nzungsmittel ist daher kein Ersatz f\u00fcr eine ausgewogene und abwechslungsreiche Ern\u00e4hrung. Die empfohlene Tagesmenge oder Dosis sollte nicht \u00fcberschritten werden. Schwangeren und stillenden Frauen wird immer empfohlen, vor der Einnahme einen Arzt zu konsultieren. Vorsicht ist geboten bei der Einnahme von Medikamenten, insbesondere von Blutverd\u00fcnnern, da MSM das Blut verd\u00fcnnt.<\/span><\/p>\n<h2><span style=\"color: #000000\">Verpackung<\/span><\/h2>\n<p><span style=\"color: #000000\">Nicht durchl\u00e4ssiger Zip-Lock-Beutel, in dem das Produkt seine ganze Frische und sein Aroma beh\u00e4lt. Die Verpackung sch\u00fctzt vor Licht und Luft, da sie aus mehreren Schutzschichten besteht, um die Eigenschaften des Inhalts zu bewahren.<\/span><\/p>\n<p><span style=\"color: #000000\">Die Verpackung ist sehr praktisch und recycelbar.<\/span><\/p>\n<h2><span style=\"color: #000000\">Gut zu wissen<\/span><\/h2>\n<p><span style=\"color: #000000\">Das Produkt ist auch f\u00fcr Tiere geeignet. Die Wirkung von MSM ist \u00e4hnlich wie die des Menschen. Bitte konsultieren Sie vor der Anwendung Ihren Tierarzt \u00fcber die Zweckm\u00e4\u00dfigkeit der Einnahme und die empfohlene Tagesmenge.<\/span><\/p>\n<h2><span style=\"color: #000000\">Herkunft<\/span><\/h2>\n<p>Au\u00dferhalb der EU[\/vc_column_text][\/vc_column][\/vc_row]<\/p>\n<\/div>","protected":false},"excerpt":{"rendered":"<p align=\"JUSTIFY\">MSM ist Methylsulfinylmethan oder organischer Schwefel in seiner di\u00e4tetischen Form, der als Baustein der Zellen \u00fcberall im menschlichen K\u00f6rper zu finden ist. Unser MSM wird <strong>aus Pinienb\u00e4umen extrahiert<\/strong>. Der Extraktionsprozess ist eine <strong>doppelte Zentrifugation und schlie\u00dflich eine Vakuumtrocknung<\/strong>. Kein Destillationsprozess. Die garantierte <strong>Reinheit unseres MSM betr\u00e4gt 99,00%<\/strong>.<\/p>\n<p align=\"JUSTIFY\">\ud83d\udc9a Wiederherstellung und F\u00f6rderung der Zellelastizit\u00e4t, Erleichterung des Zellstoffwechsels.<br \/>\n\ud83d\udc9a Hilft bei der Regeneration von gesch\u00e4digten Zellen und Geweben.<br \/>\n\ud83d\udc9a Lindert Gelenk- und Muskelschmerzen.<br \/>\n\ud83d\udc9a Hilft, Wunden schneller zu heilen und reduziert die Narbenbildung.<\/p>\n","protected":false},"featured_media":6200,"comment_status":"open","ping_status":"closed","template":"","meta":{"_acf_changed":false},"product_brand":[],"product_cat":[15,225,224,231],"product_tag":[],"class_list":{"0":"post-6199","1":"product","2":"type-product","3":"status-publish","4":"has-post-thumbnail","6":"product_cat-uncategorized","7":"product_cat-alle-produkte","8":"product_cat-angebot","9":"product_cat-superfood","11":"first","12":"instock","13":"sale","14":"taxable","15":"shipping-taxable","16":"purchasable","17":"product-type-simple"},"acf":[],"_links":{"self":[{"href":"https:\/\/fengchashop.com\/de\/wp-json\/wp\/v2\/product\/6199","targetHints":{"allow":["GET"]}}],"collection":[{"href":"https:\/\/fengchashop.com\/de\/wp-json\/wp\/v2\/product"}],"about":[{"href":"https:\/\/fengchashop.com\/de\/wp-json\/wp\/v2\/types\/product"}],"replies":[{"embeddable":true,"href":"https:\/\/fengchashop.com\/de\/wp-json\/wp\/v2\/comments?post=6199"}],"wp:featuredmedia":[{"embeddable":true,"href":"https:\/\/fengchashop.com\/de\/wp-json\/wp\/v2\/media\/6200"}],"wp:attachment":[{"href":"https:\/\/fengchashop.com\/de\/wp-json\/wp\/v2\/media?parent=6199"}],"wp:term":[{"taxonomy":"product_brand","embeddable":true,"href":"https:\/\/fengchashop.com\/de\/wp-json\/wp\/v2\/product_brand?post=6199"},{"taxonomy":"product_cat","embeddable":true,"href":"https:\/\/fengchashop.com\/de\/wp-json\/wp\/v2\/product_cat?post=6199"},{"taxonomy":"product_tag","embeddable":true,"href":"https:\/\/fengchashop.com\/de\/wp-json\/wp\/v2\/product_tag?post=6199"}],"curies":[{"name":"wp","href":"https:\/\/api.w.org\/{rel}","templated":true}]}}