{"id":6196,"date":"2022-02-22T16:28:02","date_gmt":"2022-02-22T15:28:02","guid":{"rendered":"https:\/\/fengchashop.com\/de\/product\/kollagen-msm-vitamin-c-pulver-250-g\/"},"modified":"2026-04-30T16:28:00","modified_gmt":"2026-04-30T14:28:00","slug":"kollagen-msm-vitamin-c-pulver","status":"publish","type":"product","link":"https:\/\/fengchashop.com\/de\/product\/kollagen-msm-vitamin-c-pulver\/","title":{"rendered":"Kollagen + MSM + Vitamin C Pulver 250 g"},"content":{"rendered":"<h2><span style=\"color: #000000\">Kollagen + MSM + Vitamin C-Pulver<\/span><\/h2>\n<p><span style=\"color: #000000\">Im Interesse Ihrer Gesundheit und Sch\u00f6nheit haben wir eine spezielle Mischung von Nahrungserg\u00e4nzungsmitteln zusammengestellt, die unserer Meinung nach fast jeder fr\u00fcher oder sp\u00e4ter braucht &#8211; Ihr K\u00f6rper wird es uns danken und Ihre Haut wird einfach strahlen. Es ist ein weiteres Produkt in unserem umfangreichen Sortiment, das f\u00fcr die Bed\u00fcrfnisse des modernen Menschen geschaffen wurde, der nur das Beste aus der Natur nimmt.<\/span><\/p>\n<p><span style=\"color: #000000\">Es ist bekannt, dass die Produktion von k\u00f6rpereigenem Kollagen ab dem 25. Lebensjahr um etwa 1 % pro Jahr abnimmt. Die Auswirkungen dieses allm\u00e4hlichen Kollagenr\u00fcckgangs werden erst sp\u00e4ter sichtbar, da es bis zu 10 Jahre dauern kann, bis die ersten sichtbaren Anzeichen auftreten, w\u00e4hrend sich Ver\u00e4nderungen in der inneren Struktur von Knochen, Haut, Blutgef\u00e4\u00dfen, Muskeln, Haaren und N\u00e4geln fr\u00fcher bemerkbar machen. Mit anderen Worten: Die ersten Falten, die wir im Gesicht sehen, sind das Ergebnis eines R\u00fcckgangs der Kollagenproduktion vor Jahren. Da<strong> Kollagen<\/strong>aber<strong> auch f\u00fcr die normale Funktion von Knochen, Haut, Z\u00e4hnen, Blutgef\u00e4\u00dfen, Knorpeln und Zahnfleisch verantwortlich ist<\/strong>, wirkt sich ein Mangel an Kollagen nat\u00fcrlich auf all diese Bereiche aus. Kollagen <strong>tr\u00e4gt auch zu einem gesunden Darm bei<\/strong>, der in der Tat oft der Schl\u00fcssel zu unserer allgemeinen Gesundheit und unserem Wohlbefinden ist.<\/span><\/p>\n<p><span style=\"color: #000000\">Hydrolysiertes Kollagen wird ab dem 30. Lebensjahr als Erg\u00e4nzung zu einer ansonsten gesunden und ausgewogenen Ern\u00e4hrung und einem aktiven Lebensstil empfohlen. F\u00fcr ein gesundes Aussehen von Haut, Haaren und N\u00e4geln sowie f\u00fcr gesunde und starke Knochen, Z\u00e4hne und Gelenke haben wir daher eine verbesserte Mischung entwickelt, die nicht nur Kollagen enth\u00e4lt, sondern auch den Zusatz von MSM, organischer Schwefels\u00e4ure, die auch als<strong> Sch\u00f6nheitsmineral<\/strong> bekannt ist und ebenfalls eine positive Wirkung auf unsere Haut, Haare, N\u00e4gel, Gelenke und Knochen hat. Es ist ein Baustein unserer Zellen und ein ganz nat\u00fcrlicher, dem Menschen innewohnender Bestandteil, dessen Produktion mit dem Alter ebenfalls abnimmt. Da Vitamin C auch f\u00fcr das Funktionieren des MSM und f\u00fcr die meisten Prozesse in unserem K\u00f6rper sehr wichtig ist &#8211; vor allem als<strong> Antioxidans<\/strong>, das unter anderem eine bessere Aufnahme von Vitaminen und Mineralien erm\u00f6glicht &#8211; haben wir dieses unverzichtbare Vitamin in den Mix aufgenommen. Auch Vitamin C ist in unseren Mischungen unverzichtbar, da die Produktion von k\u00f6rpereigenem Kollagen in hohem Ma\u00dfe von ausreichenden Mengen dieses Vitamins abh\u00e4ngt. Es sei darauf hingewiesen, dass insbesondere Raucher, k\u00f6rperlich aktive Menschen und Sportler den h\u00f6chsten Tagesbedarf an Vitamin C haben. Dieser erh\u00f6hte Bedarf wird jedoch in der Regel nicht durch die Ern\u00e4hrung allein gedeckt, so dass es als Nahrungserg\u00e4nzungsmittel empfohlen wird, und \u00fcbersch\u00fcssiges Vitamin C wird vom K\u00f6rper einfach ausgeschieden.<\/span><\/p>\n<p><span style=\"color: #000000\">Die regelm\u00e4\u00dfige Einnahme dieser Super-Mischung bringt viele Vorteile f\u00fcr unsere innere und \u00e4u\u00dfere Sch\u00f6nheit:<\/span><\/p>\n<p><span style=\"color: #000000\">&#8211; verbessert die <strong>Gesundheit von Haut, Haaren und N\u00e4geln;<\/strong><\/span><br \/>\n<span style=\"color: #000000\">&#8211; verbessert die <strong>Darmfunktion<\/strong>;<\/span><br \/>\n<span style=\"color: #000000\">&#8211; verbessert die <strong>Muskelmasse;<\/strong><\/span><br \/>\n<span style=\"color: #000000\">&#8211; der<strong> Wasserhaushalt des K\u00f6rpers<\/strong> wird erh\u00f6ht<strong>;<\/strong><\/span><br \/>\n<span style=\"color: #000000\">&#8211; die Haut ist nicht mehr trocken, <strong>der Hautzustand verbessert sich<\/strong>, der pH-Wert der Haut gleicht sich aus, sie wird geschmeidig und regeneriert sich schneller;<\/span><br \/>\n<span style=\"color: #000000\">&#8211; hat<strong> Anti-Aging-Effekte;<\/strong><\/span><br \/>\n<span style=\"color: #000000\">&#8211; unsere<strong> Knochen, Z\u00e4hne und Gelenke werden st\u00e4rker;<\/strong><\/span><br \/>\n<span style=\"color: #000000\">&#8211; die <strong>Bildung von k\u00f6rpereigenem Kollagen<\/strong> wird verbessert <strong>;<\/strong><\/span><br \/>\n<span style=\"color: #000000\">&#8211; die Zellen werden<strong> vor oxidativem Stress gesch\u00fctzt;<\/strong><\/span><br \/>\n<span style=\"color: #000000\"><strong>&#8211; K\u00f6rperliche M\u00fcdigkeit und Ersch\u00f6pfung<\/strong> werden verbessert <strong>;<\/strong><\/span><br \/>\n<span style=\"color: #000000\">&#8211; gesundes<strong> Immunsystem und hormonelles Gleichgewicht;<\/strong><\/span><br \/>\n<span style=\"color: #000000\">&#8211; Zellen und Gewebe <strong>regenerieren sich schneller.<\/strong><\/span><\/p>\n<h2><span style=\"color: #000000\">Verpackung<\/span><\/h2>\n<p><span style=\"color: #000000\">Nicht durchl\u00e4ssiger Zip-Lock-Beutel, in dem das Produkt seine Frische und sein Aroma bewahrt. Die Verpackung sch\u00fctzt vor Licht und Luft und besteht aus mehreren Schutzschichten, um die Eigenschaften des Inhalts zu erhalten.<\/span><\/p>\n<p><span style=\"color: #000000\">Die Verpackung ist sehr praktisch und recycelbar.<\/span><\/p>\n<h2><span style=\"color: #000000\">Lagerung<\/span><\/h2>\n<p><span style=\"color: #000000\">An einem trockenen, dunklen und k\u00fchlen Ort aufbewahren. Darauf achten, dass der Beutel fest verschlossen ist.<\/span><\/p>\n<h2><span style=\"color: #000000\">Herkunft<\/span><\/h2>\n<p><span style=\"color: #000000\">EU<\/span><\/p>\n","protected":false},"excerpt":{"rendered":"<p align=\"JUSTIFY\">Kollagen, MSM und Vitamin C f\u00fcr Sch\u00f6nheit und Wohlbefinden. Eine besondere Mischung, f\u00fcr die unser K\u00f6rper dankbar sein wird und die unsere Haut einfach zum Strahlen bringt. Die regelm\u00e4\u00dfige Einnahme einer Mischung aus Kollagen, MSM und Vitamin C bringt viele Vorteile f\u00fcr unsere innere und \u00e4u\u00dfere Sch\u00f6nheit:<\/p>\n<p align=\"JUSTIFY\">\ud83d\udc9a Verbesserte Gesundheit von <strong>Haut<\/strong>, <strong>Haaren<\/strong> und <strong>N\u00e4geln<\/strong>,<br \/>\n\ud83d\udc9a Die <strong>Hydratation des K\u00f6rpers<\/strong> wird erh\u00f6ht,<br \/>\n\ud83d\udc9a Knochen, Z\u00e4hne und Gelenke werden gest\u00e4rkt,<br \/>\n\ud83d\udc9a die eigene Kollagenproduktion verbessert sich.<\/p>\n","protected":false},"featured_media":6197,"comment_status":"open","ping_status":"closed","template":"","meta":{"_acf_changed":false},"product_brand":[],"product_cat":[15,225,224,230,231],"product_tag":[],"class_list":{"0":"post-6196","1":"product","2":"type-product","3":"status-publish","4":"has-post-thumbnail","6":"product_cat-uncategorized","7":"product_cat-alle-produkte","8":"product_cat-angebot","9":"product_cat-mineralien-vitaminen","10":"product_cat-superfood","12":"first","13":"instock","14":"sale","15":"taxable","16":"shipping-taxable","17":"purchasable","18":"product-type-simple"},"acf":[],"_links":{"self":[{"href":"https:\/\/fengchashop.com\/de\/wp-json\/wp\/v2\/product\/6196","targetHints":{"allow":["GET"]}}],"collection":[{"href":"https:\/\/fengchashop.com\/de\/wp-json\/wp\/v2\/product"}],"about":[{"href":"https:\/\/fengchashop.com\/de\/wp-json\/wp\/v2\/types\/product"}],"replies":[{"embeddable":true,"href":"https:\/\/fengchashop.com\/de\/wp-json\/wp\/v2\/comments?post=6196"}],"wp:featuredmedia":[{"embeddable":true,"href":"https:\/\/fengchashop.com\/de\/wp-json\/wp\/v2\/media\/6197"}],"wp:attachment":[{"href":"https:\/\/fengchashop.com\/de\/wp-json\/wp\/v2\/media?parent=6196"}],"wp:term":[{"taxonomy":"product_brand","embeddable":true,"href":"https:\/\/fengchashop.com\/de\/wp-json\/wp\/v2\/product_brand?post=6196"},{"taxonomy":"product_cat","embeddable":true,"href":"https:\/\/fengchashop.com\/de\/wp-json\/wp\/v2\/product_cat?post=6196"},{"taxonomy":"product_tag","embeddable":true,"href":"https:\/\/fengchashop.com\/de\/wp-json\/wp\/v2\/product_tag?post=6196"}],"curies":[{"name":"wp","href":"https:\/\/api.w.org\/{rel}","templated":true}]}}