{"id":6193,"date":"2022-02-22T16:08:43","date_gmt":"2022-02-22T15:08:43","guid":{"rendered":"https:\/\/fengchashop.com\/de\/product\/maca-rot-pulver-bio-250-g\/"},"modified":"2026-04-18T13:02:47","modified_gmt":"2026-04-18T11:02:47","slug":"mac-rot-pulver-bio","status":"publish","type":"product","link":"https:\/\/fengchashop.com\/de\/product\/mac-rot-pulver-bio\/","title":{"rendered":"Maca rot Pulver BIO 250 g"},"content":{"rendered":"<h2><span style=\"color: #000000\">Rotes Maca Pulver BIO<\/span><\/h2>\n<p><span style=\"color: #000000\">Maca ist eine Wurzelpflanze, die im peruanischen Hochland und in den Anden gedeiht, wo sie extremen Wetterbedingungen und gro\u00dfen Temperaturunterschieden zwischen Tag und Nacht ausgesetzt ist. Sie wird auch <strong>peruanischer Ginseng<\/strong> genannt. Da sie praktisch unbesiegbar ist, haben sich die alten Inkas ihre aktiven Eigenschaften zunutze gemacht, die besonders gut f\u00fcr die <strong>m\u00e4nnliche Potenz<\/strong> sind und eine positive Wirkung auf die allgemeine Gesundheit haben. Aus letzterem Grund gilt sie als \u00e4u\u00dferst wertvolles Superfood.<\/span><\/p>\n<p><span style=\"color: #000000\">Der medizinische Teil der Muskatbl\u00fcte ist die Knolle, die<strong>viele Vitamine, Mineralien und Aminos\u00e4uren<\/strong> enth\u00e4lt. Aufgrund ihrer hormon\u00e4hnlichen Eigenschaften reguliert sie den \u00d6strogen- und Progesteronspiegel bzw. das Testosteron, was sich positiv auf unser Wohlbefinden auswirkt und uns Kraft und Ausdauer verleiht. Ihr Gehalt an wichtigen Vitaminen wie Vitamin B1, B12, C und E sowie an Fetts\u00e4uren, Mineralien und Aminos\u00e4uren (darunter 7 essentielle, d.h. solche, die unser K\u00f6rper braucht) macht Maca zu einem der wirksamsten, begehrtesten und empfehlenswertesten nat\u00fcrlichen Superfoods mit einer jahrtausendealten Tradition.<\/span><\/p>\n<p><span style=\"color: #000000\">Sie ist ein <strong>adaptogenes Kraut<\/strong>, das <strong>Energie, Ausdauer, Vitalit\u00e4t und k\u00f6rperliche Kraft steig<\/strong>ert. Die Pflanze gedeiht am besten in den Anden in Zentralperu, wo sie unter rauen Bedingungen und in sehr gro\u00dfen H\u00f6hen (\u00fcber 4000 m) w\u00e4chst. Er ist ein Kreuzbl\u00fctler wie Brokkoli, Blumenkohl, R\u00fcben, Kohl, Gr\u00fcnkohl und Radieschen. Der essbare Teil der Pflanze ist die Wurzel oder Knolle. Es gibt sie in verschiedenen Farben, von wei\u00df bis schwarz. Die beliebtesten Farben sind<strong> gelb, rot und schwarz<\/strong>. Die einfache gelbe Maca wird f\u00fcr den t\u00e4glichen und langfristigen Verzehr verwendet. Die rote und die schwarze Maca gelten als heilige Sorten und werden bei chronischen therapeutischen Problemen verwendet. Gelbe Maca ist neutral.<strong> Rot<\/strong> gilt als f\u00fcr die <strong>innere weibliche Energie.<\/strong> Schwarz steht f\u00fcr die \u00e4u\u00dfere, m\u00e4nnliche Energie. Die einheimischen Schamanen wissen genau, welche Art oder welches Verh\u00e4ltnis von Maca eine Person mit Problemen zu sich nehmen sollte.<\/span><\/p>\n<p><span style=\"color: #000000\">Sie hat einen sehr s\u00fc\u00dfen Geschmack und ist vielseitig verwendbar.<\/span><\/p>\n<p><span style=\"color: #000000\">Rote Maca ist 100%<strong> biologisch<\/strong>. Sie stammt aus<strong> peruanischen Bio-Hochgebirgsfarmen<\/strong> und wir haben Analysen und ein g\u00fcltiges Zertifikat f\u00fcr jede Charge.<\/span><\/p>\n<h2><span style=\"color: #000000\">Warum rote Maca w\u00e4hlen?<\/span><\/h2>\n<p><span style=\"color: #000000\">Der roten Maca wird die h\u00f6chste <strong>antioxidative Kraft<\/strong> zugeschrieben. Studien haben best\u00e4tigt, dass rote Maca bei Prostatakrebs und bei der Vorbeugung von Knochenschwund helfen kann. Dar\u00fcber hinaus ist rote Maca n\u00fctzlich bei der<strong> Regulierung der Hormone und steigert Kraft und Ausdauer<\/strong>. Sie hilft auch bei <strong>Depressionen und Stressbew\u00e4ltigung<\/strong>. Es hat sich auch gezeigt, dass sie bei<strong> PMS-<\/strong> und <strong>Wechseljahrsbeschwerden, bei der weiblichen Libido und zur Vorbeugung gegen allgemeine M\u00fcdigkeit<\/strong> wirkt <strong>.<\/strong><\/span><\/p>\n<h2><span style=\"color: #000000\">Warum sollten Sie unsere Maca bestellen?<\/span><\/h2>\n<p><span style=\"color: #000000\">Unser Maca-Pulver stammt aus <strong>kontrolliert biologischem Anbau<\/strong>, wird sorgf\u00e4ltig getrocknet und zu einem mehlartigen Pulver vermahlen. Au\u00dferdem achten wir regelm\u00e4\u00dfig darauf, dass unsere Matzevorr\u00e4te immer<strong> frisch<\/strong> sind! Aus diesem Grund bereiten wir die Mischung auch sorgf\u00e4ltig selbst zu, denn nur so k\u00f6nnen wir ihre Integrit\u00e4t mit frischen Zutaten im richtigen Verh\u00e4ltnis gew\u00e4hrleisten.<\/span><\/p>\n<p><span style=\"color: #000000\">Die Maca stammt aus biologischen Hochgebirgsfarmen in Peru, und wir haben jede Charge analysiert und validiert.<\/span><\/p>\n<h2><span style=\"color: #000000\">Lagerung und Warnhinweise<\/span><\/h2>\n<p><span style=\"color: #000000\">K\u00fchl und trocken bei einer Temperatur von bis zu 25 \u00b0C lagern. Das Nahrungserg\u00e4nzungsmittel f\u00fcr Kinder unzug\u00e4nglich aufbewahren!<\/span><\/p>\n<p><span style=\"color: #000000\">Denken Sie daran, wie wichtig eine abwechslungsreiche Ern\u00e4hrung und eine gesunde Lebensweise sind; ein Nahrungserg\u00e4nzungsmittel ist daher kein Ersatz f\u00fcr eine ausgewogene und abwechslungsreiche Ern\u00e4hrung. Die empfohlene Tagesmenge oder Dosis sollte nicht \u00fcberschritten werden. Schwangeren und stillenden Frauen wird immer empfohlen, vor der Einnahme einen Arzt zu konsultieren.<\/span><\/p>\n<h2><span style=\"color: #000000\">Verpackung<\/span><\/h2>\n<p><span style=\"color: #000000\">Undurchl\u00e4ssiger Zip-Lock-Beutel, in dem das Produkt seine ganze Frische und sein Aroma bewahrt. Die Verpackung sch\u00fctzt das Produkt vor Licht und Luft, da sie aus mehreren Schutzschichten besteht, um die Eigenschaften des Inhalts zu erhalten.<\/span><\/p>\n<p><span style=\"color: #000000\">Die Verpackung ist sehr praktisch und recycelbar.<\/span><\/p>\n<h2><span style=\"color: #000000\">Herkunft<\/span><\/h2>\n<p><span style=\"color: #000000\">Peru<\/span><\/p>\n","protected":false},"excerpt":{"rendered":"<p align=\"JUSTIFY\">Maca ist eine Wurzelpflanze, die im Hochland der peruanischen Anden gedeiht, wo sie<strong> extremen Wetterbedingungen<\/strong> und gro\u00dfen Temperaturunterschieden zwischen Tag und Nacht ausgesetzt ist. Der medizinische Teil der Maca ist die Knolle, die viele<strong> Vitamine, Mineralien und Aminos\u00e4uren<\/strong> enth\u00e4lt. Mit wichtigen Vitaminen wie Vitamin B1, B12, C und E sowie Fetts\u00e4uren, Mineralien und Aminos\u00e4uren ist Maca eines der wirksamsten, begehrtesten und empfehlenswertesten nat\u00fcrlichen Superfoods mit einer jahrtausendealten Tradition.<\/p>\n<p align=\"JUSTIFY\">\ud83d\udc9a F\u00fcr die innere weibliche Energie.<br \/>\n\ud83d\udc9a F\u00fcr die innere Frau. &#8211; Hilft bei Depressionen, M\u00fcdigkeit und Stressbew\u00e4ltigung.<br \/>\n\ud83d\udc9a Es steigert die weibliche Libido.<br \/>\n\ud83d\udc9a Hilft bei der Regulierung der Hormone und lindert die Symptome von PMS und Menopause.<\/p>\n","protected":false},"featured_media":6194,"comment_status":"open","ping_status":"closed","template":"","meta":{"_acf_changed":false},"product_brand":[],"product_cat":[15,225,224,231],"product_tag":[],"class_list":{"0":"post-6193","1":"product","2":"type-product","3":"status-publish","4":"has-post-thumbnail","6":"product_cat-uncategorized","7":"product_cat-alle-produkte","8":"product_cat-angebot","9":"product_cat-superfood","11":"first","12":"instock","13":"sale","14":"taxable","15":"shipping-taxable","16":"purchasable","17":"product-type-simple"},"acf":[],"_links":{"self":[{"href":"https:\/\/fengchashop.com\/de\/wp-json\/wp\/v2\/product\/6193","targetHints":{"allow":["GET"]}}],"collection":[{"href":"https:\/\/fengchashop.com\/de\/wp-json\/wp\/v2\/product"}],"about":[{"href":"https:\/\/fengchashop.com\/de\/wp-json\/wp\/v2\/types\/product"}],"replies":[{"embeddable":true,"href":"https:\/\/fengchashop.com\/de\/wp-json\/wp\/v2\/comments?post=6193"}],"wp:featuredmedia":[{"embeddable":true,"href":"https:\/\/fengchashop.com\/de\/wp-json\/wp\/v2\/media\/6194"}],"wp:attachment":[{"href":"https:\/\/fengchashop.com\/de\/wp-json\/wp\/v2\/media?parent=6193"}],"wp:term":[{"taxonomy":"product_brand","embeddable":true,"href":"https:\/\/fengchashop.com\/de\/wp-json\/wp\/v2\/product_brand?post=6193"},{"taxonomy":"product_cat","embeddable":true,"href":"https:\/\/fengchashop.com\/de\/wp-json\/wp\/v2\/product_cat?post=6193"},{"taxonomy":"product_tag","embeddable":true,"href":"https:\/\/fengchashop.com\/de\/wp-json\/wp\/v2\/product_tag?post=6193"}],"curies":[{"name":"wp","href":"https:\/\/api.w.org\/{rel}","templated":true}]}}