{"id":6181,"date":"2022-02-22T10:17:16","date_gmt":"2022-02-22T09:17:16","guid":{"rendered":"https:\/\/fengchashop.com\/de\/product\/polyporus-umbellatus-bio-125-g\/"},"modified":"2026-04-15T16:39:20","modified_gmt":"2026-04-15T14:39:20","slug":"polyporus-umbellatus-bio-125-g","status":"publish","type":"product","link":"https:\/\/fengchashop.com\/de\/product\/polyporus-umbellatus-bio-125-g\/","title":{"rendered":"Polyporus umbellatus BIO 125 g"},"content":{"rendered":"<h2><span style=\"color: #000000\">Polyporus umbellatus BIO Pulver<\/span><\/h2>\n<p><span style=\"color: #000000\">Polyporus umbellatus ist ein essbarer, aber gesch\u00fctzter Pilz, der dem Blumenkohl \u00e4hnlich sieht. W\u00e4hrend der oberirdische Teil (Trosnjake) kulinarisch verwendet wird, dient der unterirdische Teil (Sklerotium) als Heilmittel. Er ist ein viel erforschter Heilpilz, da er zahlreiche<strong> bioaktive Verbindungen<\/strong> enth\u00e4lt, die nachweislich gegen Tumore und Krebs wirken. Aus diesem Grund wird er h\u00e4ufig als Bestandteil verschiedener Arzneimittel und Nahrungserg\u00e4nzungsmittel verwendet. Die verzweigte Punze ist auch eine<strong> ausgezeichnete Quelle f\u00fcr Antioxidantien<\/strong>, die freie Radikale abfangen und dadurch das <strong>Immunsystem st\u00e4rken<\/strong> und<strong> antimikrobielle Eigenschaften<\/strong> haben. Sie wird zu medizinischen Zwecken verwendet, insbesondere in der Traditionellen Chinesischen Medizin als Diuretikum zur Vorbeugung oder Behandlung von Problemen im Zusammenhang mit Nieren- und Leberschw\u00e4che, Wassereinlagerungen und Schwellungen sowie bei Durchfall, Gelbsucht und zur Behandlung von Scheidenausfluss und schmerzhaftem Wasserlassen. In der TCM wird er auch als nat\u00fcrliches Antibiotikum angesehen. Seine harntreibende Wirkung und seine wohltuende Wirkung auf Nieren und Leber sind auch von Wissenschaftlern best\u00e4tigt worden. Er stimuliert auch das Immunsystem und eignet sich hervorragend zur Unterst\u00fctzung der Chemotherapie bei der Behandlung von Krebs.<\/span><\/p>\n<p><span style=\"color: #000000\">Die Produktion unseres Polyporus umbellatus Pilzes wird streng kontrolliert, ohne den Einsatz von Chemikalien oder Pestiziden und <strong>zu 100% biologisch<\/strong>.\u00a0<\/span><\/p>\n<h2><span style=\"color: #000000\">Was enth\u00e4lt er und f\u00fcr wen ist er geeignet?<\/span><\/h2>\n<p><span style=\"color: #000000\">Neben den typischen Polysacchariden, Vitaminen, Mineralsalzen und anderen Antioxidantien enth\u00e4lt der verzweigte Pilz auch Phytosterole, Titerpenoide, Mannitol und \u00e4hnliche pharmakologisch aktive Substanzen, die dem Pilz seine au\u00dfergew\u00f6hnliche Heilwirkung ohne unerw\u00fcnschte Nebenwirkungen verleihen.<\/span><\/p>\n<p><span style=\"color: #000000\"><strong>Polyporus umbellatus kann:<\/strong><\/span><\/p>\n<p><span style=\"color: #000000\"> &#8211; bei Nieren- und Leberproblemen helfen,<\/span><br \/>\n<span style=\"color: #000000\"> &#8211; bei Scheidenausfluss helfen,<\/span><br \/>\n<span style=\"color: #000000\"> &#8211; antitumor\u00f6s wirken,<\/span><br \/>\n<span style=\"color: #000000\">&#8211; stimuliert und st\u00e4rkt das Immunsystem,<\/span><br \/>\n<span style=\"color: #000000\"> &#8211; mildert die Auswirkungen der Chemotherapie und verbessert somit das Leben von Krebspatienten.<\/span><\/p>\n<p><span style=\"color: #000000\">Alle Elemente des Pilzes sind in gro\u00dfen Mengen vorhanden und haben eine sehr positive Wirkung auf unseren K\u00f6rper.<\/span><\/p>\n<p><span style=\"color: #000000\">Und was sehr wichtig ist: Polyporus umbellatus ist ein<strong> 100%iges Naturprodukt<\/strong>, das uns auf nat\u00fcrliche Weise helfen kann. Er lindert die Symptome unserer Probleme und hat eine positive Wirkung auf unser allgemeines Wohlbefinden.<\/span><\/p>\n<h2><span style=\"color: #000000\">Warum Pilze?<\/span><\/h2>\n<p><span style=\"color: #000000\">Pilze sind sehr interessant. Sie sind weder Pflanzen noch Tiere, aber was sie sind, sind sicherlich erstaunliche Organismen, die es geschafft haben, fast seit Anbeginn der Welt zu \u00fcberleben. Sie haben eine besondere \u00dcberlebensstrategie entwickelt, die sie bis heute erhalten hat. Und auch wir Menschen k\u00f6nnen von diesen Vorteilen profitieren, indem wir Heilpilze konsumieren. Sie bringen uns auf k\u00f6rperlicher Ebene ins Gleichgewicht und sch\u00fctzen uns vor vielen Krankheiten. Sie k\u00f6nnen eine<strong> vorbeugende<\/strong> oder<strong> unterst\u00fctzende Heilbehandlung<\/strong> f\u00fcr viele (moderne) Krankheiten sein, ob konventionell oder unkonventionell. Traditionell wird den Pilzen eine Wirkung bei Krebs, Autoimmunerkrankungen und Allergien zugeschrieben. Sie sind auch gut f\u00fcr ein gesundes und starkes Immunsystem. Die medizinische Forschung der letzten Jahrzehnte, in denen Pilze in der westlichen Welt an Interesse gewonnen haben, hat jedoch viele ihrer therapeutischen Wirkungen best\u00e4tigt.<\/span><\/p>\n<p><span style=\"color: #000000\">Da bestimmte nat\u00fcrliche Wirkstoffe f\u00fcr uns unverdaulich oder schwer verdaulich sind, ist es sehr wichtig, nur die besten Pilzpulver zu verzehren. Die Pilze m\u00fcssen ordnungsgem\u00e4\u00df angebaut, getrocknet und zubereitet werden. Sie m\u00fcssen zu einem feinen, st\u00fcckchenfreien Pulver gemahlen werden. Die Farbe des Pulvers ist heller, h\u00e4ngt aber ansonsten auch von der Art des verzehrten Pilzes ab. Da Pilze gerade deshalb so wirksam sind, weil sie die F\u00e4higkeit haben, alles &#8211; Gute und Schlechte &#8211; aus der Umwelt aufzunehmen, ist es wichtig, biologisch angebaute Pilze zu verwenden.<\/span><\/p>\n<h2><span style=\"color: #000000\">Verwenden Sie<\/span><\/h2>\n<p><span style=\"color: #000000\">Den Pilz <strong>in eine Fl\u00fcssigkeit<\/strong> wie Wasser, Tee, Kaffee, Kakao, Joghurt, Saft, Smoothie usw. <strong>einr\u00fchren<\/strong>, gut umr\u00fchren und so schnell wie m\u00f6glich schluckweise trinken. Nehmen Sie den Pilz w\u00e4hrend des Essens oder mindestens eine halbe Stunde nach dem Essen ein.<\/span><\/p>\n<p><span style=\"color: #000000\">Es ist ratsam, den Schwamm oder die Mischung <strong>mindestens drei bis vier Wochen lang<\/strong> ununterbrochen einzunehmen und die Einnahme nicht abzubrechen, sobald Sie eine Besserung feststellen. Wiederholen Sie die Behandlung zweimal im Jahr, vorzugsweise im Herbst und im Fr\u00fchjahr. Eine l\u00e4ngere Behandlung ist nur bei l\u00e4nger andauernden Problemen zu empfehlen. Auch dann empfehlen wir regelm\u00e4\u00dfige Pausen von einigen Tagen, die bei Besserung so lange wie m\u00f6glich sein sollten.<\/span><\/p>\n<p><span style=\"color: #000000\">Wir empfehlen die gleichzeitige Einnahme von Heilpilzen und Vitamin C.<\/span><\/p>\n<h2><span style=\"color: #000000\">Verpackung<\/span><\/h2>\n<p><span style=\"color: #000000\">Undurchl\u00e4ssiger Zip-Lock-Beutel, in dem das Produkt seine ganze Frische und sein Aroma bewahrt. Die Verpackung sch\u00fctzt das Produkt vor Licht und Luft, da sie aus mehreren Schutzschichten besteht, die die Eigenschaften des Inhalts bewahren.<\/span><\/p>\n<p><span style=\"color: #000000\">Die Verpackung ist sehr praktisch und recycelbar.<\/span><\/p>\n<h2><span style=\"color: #000000\">Lagerung und Warnhinweise<\/span><\/h2>\n<p><span style=\"color: #000000\">An einem k\u00fchlen und trockenen Ort aufbewahren. Bewahren Sie das Nahrungserg\u00e4nzungsmittel au\u00dferhalb der Reichweite von Kindern auf!<\/span><\/p>\n<p><span style=\"color: #000000\">Denken Sie daran, wie wichtig eine abwechslungsreiche Ern\u00e4hrung und eine gesunde Lebensweise sind; ein Nahrungserg\u00e4nzungsmittel ist daher kein Ersatz f\u00fcr eine ausgewogene und abwechslungsreiche Ern\u00e4hrung. Die empfohlene Tagesmenge oder Dosis sollte nicht \u00fcberschritten werden. Schwangeren und stillenden Frauen wird immer empfohlen, vor der Einnahme einen Arzt zu konsultieren.<\/span><\/p>\n<h2><span style=\"color: #000000\">Gut zu wissen<\/span><\/h2>\n<p><span style=\"color: #000000\">Das Produkt ist auch f\u00fcr Tiere geeignet. In den meisten F\u00e4llen erweisen sich Heilpilze als \u00e4u\u00dferst wirksam bei der St\u00e4rkung des Immunsystems, der Beseitigung von Allergien und Hautkrankheiten sowie von viralen und bakteriellen Infektionen. Bitte konsultieren Sie vor der Anwendung Ihren Tierarzt \u00fcber die Zweckm\u00e4\u00dfigkeit der Einnahme und die empfohlene Tagesmenge.<\/span><\/p>\n<h2><span style=\"color: #000000\">Herkunft<\/span><\/h2>\n<p><span style=\"color: #000000\">Slowenien<\/span><\/p>\n","protected":false},"excerpt":{"rendered":"<p align=\"JUSTIFY\">Polyporus umbellatus ist ein essbarer, aber gesch\u00fctzter Pilz, der dem Blumenkohl \u00e4hnlich sieht. W\u00e4hrend der oberirdische Teil (Trosnjake) kulinarisch verwendet wird, dient der unterirdische Teil (Sklerotium) als Heilmittel. Er ist ein viel erforschter Heilpilz, da er zahlreiche <strong>bioaktive Verbindungen<\/strong> enth\u00e4lt, die nachweislich gegen Tumore und Krebs wirken.<\/p>\n<p><span style=\"color: #000000\"> \ud83d\udc9a Er ist eine ausgezeichnete Quelle f\u00fcr Antioxidantien.<br \/>\n\ud83d\udc9a Stimuliert und st\u00e4rkt das Immunsystem.<br \/>\n\ud83d\udc9a Hilft bei Nieren- und Leberproblemen.<br \/>\n\ud83d\udc9a Er hat antitumorale Eigenschaften.<\/span><\/p>\n","protected":false},"featured_media":6182,"comment_status":"open","ping_status":"closed","template":"","meta":{"_acf_changed":false},"product_brand":[],"product_cat":[15,225,224,228],"product_tag":[],"class_list":{"0":"post-6181","1":"product","2":"type-product","3":"status-publish","4":"has-post-thumbnail","6":"product_cat-uncategorized","7":"product_cat-alle-produkte","8":"product_cat-angebot","9":"product_cat-heilpilze","11":"first","12":"instock","13":"taxable","14":"shipping-taxable","15":"purchasable","16":"product-type-simple"},"acf":[],"_links":{"self":[{"href":"https:\/\/fengchashop.com\/de\/wp-json\/wp\/v2\/product\/6181","targetHints":{"allow":["GET"]}}],"collection":[{"href":"https:\/\/fengchashop.com\/de\/wp-json\/wp\/v2\/product"}],"about":[{"href":"https:\/\/fengchashop.com\/de\/wp-json\/wp\/v2\/types\/product"}],"replies":[{"embeddable":true,"href":"https:\/\/fengchashop.com\/de\/wp-json\/wp\/v2\/comments?post=6181"}],"wp:featuredmedia":[{"embeddable":true,"href":"https:\/\/fengchashop.com\/de\/wp-json\/wp\/v2\/media\/6182"}],"wp:attachment":[{"href":"https:\/\/fengchashop.com\/de\/wp-json\/wp\/v2\/media?parent=6181"}],"wp:term":[{"taxonomy":"product_brand","embeddable":true,"href":"https:\/\/fengchashop.com\/de\/wp-json\/wp\/v2\/product_brand?post=6181"},{"taxonomy":"product_cat","embeddable":true,"href":"https:\/\/fengchashop.com\/de\/wp-json\/wp\/v2\/product_cat?post=6181"},{"taxonomy":"product_tag","embeddable":true,"href":"https:\/\/fengchashop.com\/de\/wp-json\/wp\/v2\/product_tag?post=6181"}],"curies":[{"name":"wp","href":"https:\/\/api.w.org\/{rel}","templated":true}]}}