{"id":6178,"date":"2022-02-22T09:57:12","date_gmt":"2022-02-22T08:57:12","guid":{"rendered":"https:\/\/fengchashop.com\/de\/product\/agaricus-blazei-bio-125-g\/"},"modified":"2026-04-16T00:40:00","modified_gmt":"2026-04-15T22:40:00","slug":"agaricus-blazei-bio","status":"publish","type":"product","link":"https:\/\/fengchashop.com\/de\/product\/agaricus-blazei-bio\/","title":{"rendered":"Agaricus blazei BIO 125 g"},"content":{"rendered":"<h2><span style=\"color: #000000\">Agaricus blazei BIO<\/span><\/h2>\n<p><span style=\"color: #000000\">Agaricus blazei ist eine der <strong>neuesten Entdeckungen auf dem Gebiet der Heilpilze und erfreut sich weltweit wachsender Beliebtheit<\/strong>. Der Pilz stammt urspr\u00fcnglich aus Brasilien und wird daher oft als brasilianischer Kukmak bezeichnet. Er wird auch in Japan und anderen asiatischen L\u00e4ndern verwendet, wo Heilpilze schon seit Tausenden von Jahren zu therapeutischen Zwecken eingesetzt werden. Auf Slowenisch wird er <strong>mandljev kukmak<\/strong> genannt.<\/span><\/p>\n<p><span style=\"color: #000000\">In Pulverform enth\u00e4lt der Agaricus blazei zahlreiche N\u00e4hrstoffe, und seine positiven Wirkungen sind wissenschaftlich erwiesen. Studien in verschiedenen L\u00e4ndern der Welt haben eine Reihe von positiven Auswirkungen des regelm\u00e4\u00dfigen Verzehrs dieses Pilzes festgestellt. <strong>Er st\u00e4rkt<\/strong> insbesondere das <strong>Immunsystem und hat pr\u00e4ventive, entz\u00fcndungshemmende und antivirale Eigenschaften.<\/strong><\/span><\/p>\n<p><span style=\"color: #000000\">Er ist etwas weniger bekannt und geh\u00f6rt zu den neueren Pilzen im Bereich der Heilpilze, gewinnt aber aufgrund seiner zahlreichen medizinischen Eigenschaften schnell an Beliebtheit.<\/span><\/p>\n<p><span style=\"color: #000000\">Die Produktion unserer Agaricus blazei-Pilze erfolgt unter strengen Kontrollen, ohne Einsatz von Chemikalien oder Pestiziden und<strong> zu 100 % biologisch.<\/strong> Die Qualit\u00e4t der Pilze wird regelm\u00e4\u00dfig von unabh\u00e4ngigen Labors in Slowenien und den USA kontrolliert.<\/span><\/p>\n<h2><span style=\"color: #000000\">Was enth\u00e4lt er und f\u00fcr wen ist er geeignet?<\/span><\/h2>\n<p><span style=\"color: #000000\">Der Agaricus blazei besteht aus einer Vielzahl von <strong>Polysacchariden, Vitaminen, Mineralsalzen und anderen Antioxidantien.<\/strong> Alle Elemente des Pilzes sind in gro\u00dfen Mengen vorhanden und haben eine sehr positive Wirkung auf unseren K\u00f6rper.<\/span><\/p>\n<p><span style=\"color: #000000\"><strong>Ausgew\u00e4hlte positive Heilwirkungen, die durch die Einnahme von Agaricus blazei-Pilzpulver erzielt werden k\u00f6nnen, sind folgende<\/strong><\/span><\/p>\n<p><span style=\"color: #000000\"> &#8211; Er wirkt tumorhemmend und immunstimulierend und wird daher in der konventionellen Krebsbehandlung zur unterst\u00fctzenden Therapie eingesetzt,<\/span><br \/>\n<span style=\"color: #000000\"> &#8211; er hat antivirale und entz\u00fcndungshemmende Eigenschaften,<\/span><br \/>\n<span style=\"color: #000000\"> &#8211; hat eine positive Wirkung auf die Leber,<\/span><br \/>\n<span style=\"color: #000000\"> &#8211; hilft bei der Heilung von Hautproblemen,<\/span><br \/>\n<span style=\"color: #000000\">&#8211; verbessert die Funktion des Darms,<\/span><br \/>\n<span style=\"color: #000000\">&#8211; es wirkt gegen Diabetes, Arteriosklerose, hohen Cholesterinspiegel und Allergien,<\/span><br \/>\n<span style=\"color: #000000\"> &#8211; wird zum Stressabbau verwendet,<\/span><br \/>\n<span style=\"color: #000000\"> &#8211; zur Behandlung von Hepatitis, Dermatitis, Osteoporose, Herz-Kreislauf-Erkrankungen, Magen-Darm-Erkrankungen, usw.<\/span><\/p>\n<p><span style=\"color: #000000\">Der Agaricus blazei steht h\u00e4ufig auf der Liste der Pilze, deren Verzehr<strong> w\u00e4hrend einer konventionellen Krebsbehandlung<\/strong> empfohlen wird, da er die Nebenwirkungen der Chemo- und Strahlentherapie lindert. Dar\u00fcber hinaus kann er selbst krebshemmend und antitumor\u00f6s sein. Er verbessert das Leben von Krebspatienten.<\/span><\/p>\n<p><span style=\"color: #000000\">Und was hier besonders wichtig ist: Agaricus blazei ist ein <strong>100%iges Naturprodukt<\/strong>, das uns auf nat\u00fcrliche Weise helfen kann. Er lindert die Symptome unserer Probleme und wirkt sich positiv auf unser allgemeines Wohlbefinden aus.<\/span><\/p>\n<h2><span style=\"color: #000000\">Warum Pilze?<\/span><\/h2>\n<p><span style=\"color: #000000\">Pilze sind sehr interessant. Sie sind weder Pflanzen noch Tiere, aber was sie sind, sind sicherlich erstaunliche Organismen, die es geschafft haben, fast seit Anbeginn der Welt zu \u00fcberleben. Sie haben eine besondere \u00dcberlebensstrategie entwickelt, die sie bis heute erhalten hat. Und auch wir Menschen k\u00f6nnen von diesen Vorteilen profitieren, indem wir Heilpilze konsumieren. Sie bringen uns auf k\u00f6rperlicher Ebene ins Gleichgewicht und sch\u00fctzen uns vor vielen Krankheiten. Sie k\u00f6nnen eine<strong> vorbeugende<\/strong> oder<strong> unterst\u00fctzende Heilbehandlung<\/strong> f\u00fcr viele (moderne) Krankheiten sein, ob konventionell oder unkonventionell. Traditionell wird den Pilzen eine Wirkung bei Krebs, Autoimmunerkrankungen und Allergien zugeschrieben. Sie sind auch gut f\u00fcr ein gesundes und starkes Immunsystem. Die medizinische Forschung der letzten Jahrzehnte, in denen Pilze in der westlichen Welt an Interesse gewonnen haben, hat jedoch viele ihrer therapeutischen Wirkungen best\u00e4tigt.<\/span><\/p>\n<p><span style=\"color: #000000\">Da bestimmte nat\u00fcrliche Wirkstoffe f\u00fcr uns unverdaulich oder schwer verdaulich sind, ist es sehr wichtig, nur die besten Pilzpulver zu verzehren. Die Pilze m\u00fcssen ordnungsgem\u00e4\u00df angebaut, getrocknet und zubereitet werden. Sie m\u00fcssen zu einem feinen, st\u00fcckchenfreien Pulver gemahlen werden. Die Farbe des Pulvers ist heller, h\u00e4ngt aber ansonsten auch von der Art des verzehrten Pilzes ab. Da Pilze gerade deshalb so wirksam sind, weil sie die F\u00e4higkeit haben, alles &#8211; Gute und Schlechte &#8211; aus der Umwelt aufzunehmen, ist es wichtig, biologisch angebaute Pilze zu verwenden.<\/span><\/p>\n<h2><span style=\"color: #000000\">Verpackung<\/span><\/h2>\n<p><span style=\"color: #000000\">Undurchl\u00e4ssiger Zip-Lock-Beutel, in dem das Produkt seine ganze Frische und sein Aroma bewahrt. Die Verpackung sch\u00fctzt vor Licht und Luft, da sie aus mehreren Schutzschichten besteht, die die Eigenschaften des Inhalts bewahren.<\/span><\/p>\n<p><span style=\"color: #000000\">Die Verpackung ist sehr praktisch und recycelbar.<\/span><\/p>\n<h2><span style=\"color: #000000\">Lagerung und Warnhinweise<\/span><\/h2>\n<p><span style=\"color: #000000\">An einem k\u00fchlen und trockenen Ort aufbewahren. Bewahren Sie das Nahrungserg\u00e4nzungsmittel au\u00dferhalb der Reichweite von Kindern auf!<\/span><\/p>\n<p><span style=\"color: #000000\">Denken Sie daran, wie wichtig eine abwechslungsreiche Ern\u00e4hrung und eine gesunde Lebensweise sind; ein Nahrungserg\u00e4nzungsmittel ist daher kein Ersatz f\u00fcr eine ausgewogene und abwechslungsreiche Ern\u00e4hrung. Die empfohlene Tagesmenge oder Dosis sollte nicht \u00fcberschritten werden. Schwangeren und stillenden Frauen wird immer empfohlen, vor der Einnahme einen Arzt zu konsultieren.<\/span><\/p>\n<h2><span style=\"color: #000000\">Gut zu wissen<\/span><\/h2>\n<p><span style=\"color: #000000\">Das Produkt ist auch f\u00fcr Tiere geeignet. In den meisten F\u00e4llen erweisen sich Heilpilze als \u00e4u\u00dferst wirksam bei der St\u00e4rkung des Immunsystems, der Beseitigung von Allergien und Hautkrankheiten sowie von viralen und bakteriellen Infektionen. Bitte konsultieren Sie vor der Anwendung Ihren Tierarzt \u00fcber die Zweckm\u00e4\u00dfigkeit der Einnahme und die empfohlene Tagesmenge.<\/span><\/p>\n<h2><span style=\"color: #000000\">Herkunft<\/span><\/h2>\n<p><span style=\"color: #000000\">Slowenien<\/span><\/p>\n","protected":false},"excerpt":{"rendered":"<p align=\"JUSTIFY\">Agaricus blazei ist eine der <strong>j\u00fcngsten Entdeckungen auf dem Gebiet der Heilpilze und gewinnt weltweit zunehmend an Bedeutung<\/strong>. Der Pilz stammt urspr\u00fcnglich aus Brasilien und wird daher oft als brasilianischer Kukmak bezeichnet. Er wird auch in Japan und anderen asiatischen L\u00e4ndern verwendet, wo Heilpilze schon seit Jahrtausenden zu therapeutischen Zwecken eingesetzt werden:<\/p>\n<p><span style=\"color: #000000\">\ud83d\udc9a antitumorale und immunstimulierende Wirkung,<br \/>\n\ud83d\udc9a eine positive Wirkung auf die Leber hat,<br \/>\n\ud83d\udc9a antivirale und entz\u00fcndungshemmende Eigenschaften besitzt,<br \/>\n\ud83d\udc9a reguliert den Blutzuckerspiegel.<\/span><\/p>\n","protected":false},"featured_media":6179,"comment_status":"open","ping_status":"closed","template":"","meta":{"_acf_changed":false},"product_brand":[],"product_cat":[15,225,224,228],"product_tag":[],"class_list":{"0":"post-6178","1":"product","2":"type-product","3":"status-publish","4":"has-post-thumbnail","6":"product_cat-uncategorized","7":"product_cat-alle-produkte","8":"product_cat-angebot","9":"product_cat-heilpilze","11":"first","12":"instock","13":"taxable","14":"shipping-taxable","15":"purchasable","16":"product-type-simple"},"acf":[],"_links":{"self":[{"href":"https:\/\/fengchashop.com\/de\/wp-json\/wp\/v2\/product\/6178","targetHints":{"allow":["GET"]}}],"collection":[{"href":"https:\/\/fengchashop.com\/de\/wp-json\/wp\/v2\/product"}],"about":[{"href":"https:\/\/fengchashop.com\/de\/wp-json\/wp\/v2\/types\/product"}],"replies":[{"embeddable":true,"href":"https:\/\/fengchashop.com\/de\/wp-json\/wp\/v2\/comments?post=6178"}],"wp:featuredmedia":[{"embeddable":true,"href":"https:\/\/fengchashop.com\/de\/wp-json\/wp\/v2\/media\/6179"}],"wp:attachment":[{"href":"https:\/\/fengchashop.com\/de\/wp-json\/wp\/v2\/media?parent=6178"}],"wp:term":[{"taxonomy":"product_brand","embeddable":true,"href":"https:\/\/fengchashop.com\/de\/wp-json\/wp\/v2\/product_brand?post=6178"},{"taxonomy":"product_cat","embeddable":true,"href":"https:\/\/fengchashop.com\/de\/wp-json\/wp\/v2\/product_cat?post=6178"},{"taxonomy":"product_tag","embeddable":true,"href":"https:\/\/fengchashop.com\/de\/wp-json\/wp\/v2\/product_tag?post=6178"}],"curies":[{"name":"wp","href":"https:\/\/api.w.org\/{rel}","templated":true}]}}