{"id":6175,"date":"2022-02-22T09:44:00","date_gmt":"2022-02-22T08:44:00","guid":{"rendered":"https:\/\/fengchashop.com\/de\/product\/onca-mix-bio-125-g\/"},"modified":"2026-04-16T21:13:43","modified_gmt":"2026-04-16T19:13:43","slug":"onca-mix-bio","status":"publish","type":"product","link":"https:\/\/fengchashop.com\/de\/product\/onca-mix-bio\/","title":{"rendered":"Onca Mix BIO 125 g"},"content":{"rendered":"<h2><span style=\"color: #000000\">Onca mix BIO Heilpilzpulver<\/span><\/h2>\n<p><span style=\"color: #000000\">Die Heilpilzmischung Onca mix ist zur Unterst\u00fctzung <strong>aggressiver konventioneller Behandlungen und Verfahren sowie zur Hilfe bei schwereren chronischen Erkrankungen<\/strong> bestimmt <strong>.<\/strong> Onca mix bietet das breiteste Spektrum an ausgewogener Wirkung aufgrund der Hunderte von verschiedenen aktiven Komponenten, die es enth\u00e4lt. Onca mix besteht aus vier Pilzarten: Ganoderma lucidum (Reishi), Lentinula edodes (Shiitake), Coriolus und Agaricus blazei.<\/span><\/p>\n<p><span style=\"color: #000000\">Dieses breite Spektrum an Pilzarten erzielt eine breit gef\u00e4cherte Wirkung und beschleunigt die vorbeugende Wirkung gegen allgemeine Schw\u00e4che.<\/span><\/p>\n<p><span style=\"color: #000000\">Die Anwendung des Produkts ist recht einfach und erfordert keinerlei Vorbereitung oder Geschick. Die Pilze werden zu einem feinen Pulver gemahlen, das keine Partikel enth\u00e4lt. Das Produkt ist daher sofort einsatzbereit. Geben Sie es einfach direkt aus der Verpackung in Ihr Lieblingsgetr\u00e4nk, r\u00fchren Sie es um und trinken Sie es.<\/span><\/p>\n<h2><span style=\"color: #000000\">Warum unseren Onca-Mix verwenden?<\/span><\/h2>\n<p><span style=\"color: #000000\">Die Mischung wurde sorgf\u00e4ltig auf der Grundlage von Beobachtungen und Erkenntnissen von Anwendern der Mischung und von Heilpilzen im Allgemeinen formuliert. Und obwohl Heilpilze sehr komplexe Wirkmechanismen haben, die die Wissenschaft noch nicht erkl\u00e4ren kann, wissen wir, dass sie eine <strong>positive Wirkung auf unser Immunsystem, unser Wohlbefinden und die nat\u00fcrlichen Prozesse<\/strong> haben <strong>, die jeden Tag in unserem Organismus ablaufen.<\/strong> Das Immunsystem ist f\u00fcr die Bek\u00e4mpfung von Fremdk\u00f6rpern in unserem K\u00f6rper zust\u00e4ndig. Sei es ein einfacher Virus, der eine Erk\u00e4ltung verursacht, oder eine Ansammlung von Zellen, die einen Krebs darstellen. Deshalb ist ein gesundes und starkes Immunsystem so wichtig. Ebenso wichtig sind die Antioxidantien, die uns vor oxidativem Stress sch\u00fctzen, der viele Krankheiten und vorzeitige Alterung verursacht.<\/span><\/p>\n<p><span style=\"color: #000000\">Die Produktion unserer Heilpilze erfolgt unter strengen Kontrollen, ohne Einsatz von Chemikalien oder Pestiziden und <strong>zu 100 % biologisch<\/strong>. Alle Pilze werden in Slowenien angebaut.<\/span><\/p>\n<h2><span style=\"color: #000000\">F\u00fcr wen ist Onca mix gedacht und welche Wirkung hat es?<\/span><\/h2>\n<p><span style=\"color: #000000\">Onca mix ist in erster Linie als unterst\u00fctzende Therapie f\u00fcr chronische Patienten gedacht, die nach der Methode der traditionellen Medizin behandelt werden. Es ist f\u00fcr Patienten bestimmt, die wegen schwerwiegenderer Krankheiten behandelt werden und deren Behandlungsverlauf aggressiv ist. Es ist auch f\u00fcr diejenigen bestimmt, die die Wirkung von Heilpilzen ausprobieren und die Heilung auf nat\u00fcrliche Weise unterst\u00fctzen wollen. Es ist auch eine ausgezeichnete nat\u00fcrliche Nahrungserg\u00e4nzung, da Pilze einen hohen N\u00e4hrwert haben &#8211; wertvolle N\u00e4hrstoffe, Spurenelemente, Vitamine, Makromineralien, Ballaststoffe, Eiwei\u00df. Heilpilze haben eine reiche Geschichte in der chinesischen Medizin und Heilkunde, und der Mensch wendet sich f\u00fcr seine Gesundheit zunehmend der Natur zu. Es ist immer ratsam, einen Facharzt oder Allgemeinmediziner zu konsultieren, bevor man Heilpilze im Rahmen einer Behandlung zu sich nimmt.<\/span><\/p>\n<h2><span style=\"color: #000000\">Verpackung<\/span><\/h2>\n<p><span style=\"color: #000000\">Undurchl\u00e4ssiger Zip-Lock-Beutel, in dem das Produkt seine ganze Frische und sein Aroma bewahrt. Die Verpackung sch\u00fctzt vor Licht und Luft, da sie aus mehreren Schutzschichten besteht, die die Eigenschaften des Inhalts bewahren.<\/span><\/p>\n<p><span style=\"color: #000000\">Die Verpackung ist sehr praktisch und recycelbar.<\/span><\/p>\n<h2><span style=\"color: #000000\">Lagerung und Warnhinweise<\/span><\/h2>\n<p><span style=\"color: #000000\">An einem k\u00fchlen und trockenen Ort aufbewahren. Bewahren Sie das Nahrungserg\u00e4nzungsmittel au\u00dferhalb der Reichweite von Kindern auf!<\/span><\/p>\n<p><span style=\"color: #000000\">Denken Sie daran, wie wichtig eine abwechslungsreiche Ern\u00e4hrung und eine gesunde Lebensweise sind; ein Nahrungserg\u00e4nzungsmittel ist daher kein Ersatz f\u00fcr eine ausgewogene und abwechslungsreiche Ern\u00e4hrung. Die empfohlene Tagesmenge oder Dosis sollte nicht \u00fcberschritten werden. Schwangeren und stillenden Frauen wird immer empfohlen, vor der Einnahme einen Arzt zu konsultieren.<\/span><\/p>\n<h2><span style=\"color: #000000\">Gut zu wissen<\/span><\/h2>\n<p><span style=\"color: #000000\">Das Produkt ist auch f\u00fcr Tiere geeignet. In den meisten F\u00e4llen erweisen sich Heilpilze als \u00e4u\u00dferst wirksam bei der St\u00e4rkung des Immunsystems, der Beseitigung von Allergien und Hautkrankheiten sowie bei viralen und bakteriellen Infektionen. Bitte konsultieren Sie vor der Anwendung Ihren Tierarzt \u00fcber die Zweckm\u00e4\u00dfigkeit der Einnahme und die empfohlene Tagesmenge.<\/span><\/p>\n<h2><span style=\"color: #000000\">Herkunft<\/span><\/h2>\n<p><span style=\"color: #000000\">Slowenien<\/span><\/p>\n","protected":false},"excerpt":{"rendered":"<p align=\"JUSTIFY\">Die Onca-Mischung aus Heilpilzen soll aggressive konventionelle Behandlungen und Verfahren unterst\u00fctzen und bei schwereren chronischen Erkrankungen helfen. Die Onca-Mischung bietet aufgrund der Hunderte von verschiedenen Wirkstoffen, die sie enth\u00e4lt, das breiteste Spektrum an ausgewogener Wirkung.<\/p>\n<p>\ud83d\udc9a Er st\u00e4rkt das Immunsystem.<br \/>\n\ud83d\udc9a Es hat eine positive Wirkung auf das Wohlbefinden.<br \/>\n\ud83d\udc9a Es wirkt entz\u00fcndungshemmend.<br \/>\n\ud83d\udc9a Antioxidans.<\/p>\n","protected":false},"featured_media":6176,"comment_status":"open","ping_status":"closed","template":"","meta":{"_acf_changed":false},"product_brand":[],"product_cat":[15,225,224,228],"product_tag":[],"class_list":{"0":"post-6175","1":"product","2":"type-product","3":"status-publish","4":"has-post-thumbnail","6":"product_cat-uncategorized","7":"product_cat-alle-produkte","8":"product_cat-angebot","9":"product_cat-heilpilze","11":"first","12":"instock","13":"sale","14":"taxable","15":"shipping-taxable","16":"purchasable","17":"product-type-simple"},"acf":[],"_links":{"self":[{"href":"https:\/\/fengchashop.com\/de\/wp-json\/wp\/v2\/product\/6175","targetHints":{"allow":["GET"]}}],"collection":[{"href":"https:\/\/fengchashop.com\/de\/wp-json\/wp\/v2\/product"}],"about":[{"href":"https:\/\/fengchashop.com\/de\/wp-json\/wp\/v2\/types\/product"}],"replies":[{"embeddable":true,"href":"https:\/\/fengchashop.com\/de\/wp-json\/wp\/v2\/comments?post=6175"}],"wp:featuredmedia":[{"embeddable":true,"href":"https:\/\/fengchashop.com\/de\/wp-json\/wp\/v2\/media\/6176"}],"wp:attachment":[{"href":"https:\/\/fengchashop.com\/de\/wp-json\/wp\/v2\/media?parent=6175"}],"wp:term":[{"taxonomy":"product_brand","embeddable":true,"href":"https:\/\/fengchashop.com\/de\/wp-json\/wp\/v2\/product_brand?post=6175"},{"taxonomy":"product_cat","embeddable":true,"href":"https:\/\/fengchashop.com\/de\/wp-json\/wp\/v2\/product_cat?post=6175"},{"taxonomy":"product_tag","embeddable":true,"href":"https:\/\/fengchashop.com\/de\/wp-json\/wp\/v2\/product_tag?post=6175"}],"curies":[{"name":"wp","href":"https:\/\/api.w.org\/{rel}","templated":true}]}}