{"id":6172,"date":"2022-02-22T09:22:38","date_gmt":"2022-02-22T08:22:38","guid":{"rendered":"https:\/\/fengchashop.com\/de\/product\/auricularia-auricula-bio-125-g\/"},"modified":"2026-04-17T01:20:16","modified_gmt":"2026-04-16T23:20:16","slug":"auricularia-auricula-bio","status":"publish","type":"product","link":"https:\/\/fengchashop.com\/de\/product\/auricularia-auricula-bio\/","title":{"rendered":"Auricularia auricula BIO 125 g"},"content":{"rendered":"<h2><span style=\"color: #000000\">Auricularia auricula BIO Pulver<\/span><\/h2>\n<p><span style=\"color: #000000\">Auricularia auricula gewinnt als Nahrungserg\u00e4nzungsmittel immer mehr an Bedeutung, da es das weltweit am vierth\u00e4ufigsten produzierte Lebensmittel ist. Sie ist auch als <strong>Holunderbl\u00fcte<\/strong> bekannt<strong>.<\/strong> Sie wird auch in der orientalischen K\u00fcche verwendet. Zu medizinischen Zwecken wird er bei <strong>verschiedenen Entz\u00fcndungen<\/strong> empfohlen <strong>.<\/strong> Wissenschaftliche Untersuchungen haben auch positive Auswirkungen auf das Herz-Kreislauf-System gezeigt, indem sie den LDL-Cholesterinspiegel senkten und Blutgerinnseln vorbeugten. Die Ergebnisse weisen auch auf <strong>antivirale, antibakterielle und antiparasit\u00e4re Wirkungen hin.<\/strong><\/span><\/p>\n<p><span style=\"color: #000000\">Wenn Sie schwanger sind, stillen oder planen, schwanger zu werden, raten wir von der Einnahme von Auricularia auricula ab, da sie die Fruchtbarkeit beeintr\u00e4chtigt.<\/span><\/p>\n<p><span style=\"color: #000000\">Die Produktion unseres Auricularia auricula Pilzes wird streng kontrolliert, ohne den Einsatz von Chemikalien oder Pestiziden und<strong> zu 100% biologisch.<\/strong> Die Qualit\u00e4t der Pilze wird regelm\u00e4\u00dfig von unabh\u00e4ngigen Labors in Slowenien und den USA kontrolliert.<\/span><\/p>\n<h2><span style=\"color: #000000\">Was enth\u00e4lt er und f\u00fcr wen ist er geeignet?<\/span><\/h2>\n<p><span style=\"color: #000000\">Auricularia auricula besteht aus einer Vielzahl von <strong>Polysacchariden, Vitaminen, Mineralsalzen und anderen Antioxidantien. <\/strong>Der Verzehr von Auricularia auricula kann helfen bei:<\/span><\/p>\n<p><span style=\"color: #000000\">&#8211; Halsschmerzen und Augenschmerzen,<\/span><br \/>\n<span style=\"color: #000000\">&#8211; Vorbeugung von Blutgerinnseln,<\/span><br \/>\n<span style=\"color: #000000\">&#8211; kardiovaskul\u00e4ren Problemen und Erkrankungen,<\/span><br \/>\n<span style=\"color: #000000\">&#8211; Senkung des Gesamtcholesterinspiegels und des schlechten Cholesterins im Blut,<\/span><br \/>\n<span style=\"color: #000000\">&#8211; andere entz\u00fcndliche Zust\u00e4nde.<\/span><\/p>\n<p><span style=\"color: #000000\">Die Einnahme von Pilzen wird vor allem Menschen empfohlen, die unter<strong> h\u00e4ufigen Entz\u00fcndungen leiden, insbesondere<\/strong> im Bereich des Halses und der Augen.<\/span><\/p>\n<p><span style=\"color: #000000\">Alle Elemente des Pilzes sind in gro\u00dfen Mengen vorhanden und haben eine sehr positive Wirkung auf unseren K\u00f6rper.<\/span><\/p>\n<p><span style=\"color: #000000\">Und was hier besonders wichtig ist: Auricularia auricula ist ein <strong>100%iges Naturprodukt<\/strong>, das uns auf nat\u00fcrliche Weise helfen kann. Es lindert die Symptome unserer Probleme und hat eine positive Wirkung auf unser allgemeines Wohlbefinden.<\/span><\/p>\n<h2><span style=\"color: #000000\">Warum Pilze?<\/span><\/h2>\n<p><span style=\"color: #000000\">Pilze sind sehr interessant. Sie sind weder Pflanzen noch Tiere, aber was sie sind, sind sicherlich erstaunliche Organismen, die es geschafft haben, fast seit Anbeginn der Welt zu \u00fcberleben. Sie haben eine besondere \u00dcberlebensstrategie entwickelt, die sie bis heute erhalten hat. Und auch wir Menschen k\u00f6nnen von diesen Vorteilen profitieren, indem wir Heilpilze konsumieren. Sie bringen uns auf k\u00f6rperlicher Ebene ins Gleichgewicht und sch\u00fctzen uns vor vielen Krankheiten. Sie k\u00f6nnen eine<strong> vorbeugende<\/strong> oder <strong>unterst\u00fctzende Heilbehandlung<\/strong> f\u00fcr viele (moderne) Krankheiten sein, ob konventionell oder unkonventionell. Traditionell werden Pilzen Wirkungen bei Krebs, Autoimmunkrankheiten und Allergien zugeschrieben. Sie sind auch gut f\u00fcr ein gesundes und starkes Immunsystem. Die Gesundheitsforschung der letzten Jahrzehnte, als Pilze in der westlichen Welt an Interesse gewannen, hat jedoch viele ihrer therapeutischen Wirkungen best\u00e4tigt.<\/span><\/p>\n<p><span style=\"color: #000000\">Da bestimmte nat\u00fcrliche Wirkstoffe f\u00fcr uns unverdaulich oder schwer verdaulich sind, ist es sehr wichtig, nur die besten Pilzpulver zu verzehren. Die Pilze m\u00fcssen ordnungsgem\u00e4\u00df angebaut, getrocknet und zubereitet werden. Sie m\u00fcssen zu einem feinen, st\u00fcckchenfreien Pulver gemahlen werden. Die Farbe des Pulvers ist heller, h\u00e4ngt aber ansonsten auch von der Art des verzehrten Pilzes ab. Da Pilze gerade deshalb so wirksam sind, weil sie die F\u00e4higkeit haben, alles &#8211; Gute und Schlechte &#8211; aus der Umwelt aufzunehmen, ist es wichtig, biologisch angebaute Pilze zu verwenden.<\/span><\/p>\n<h2><span style=\"color: #000000\">Verpackung<\/span><\/h2>\n<p><span style=\"color: #000000\">In einem undurchl\u00e4ssigen Zip-Lock-Beutel, in dem das Produkt seine ganze Frische und sein Aroma bewahrt. Die Verpackung sch\u00fctzt das Produkt vor Licht und Luft, da sie aus mehreren Schutzschichten besteht, die die Eigenschaften des Inhalts bewahren.<\/span><\/p>\n<p><span style=\"color: #000000\">Die Verpackung ist sehr praktisch und recycelbar.<\/span><\/p>\n<h2><span style=\"color: #000000\">Lagerung und Warnhinweise<\/span><\/h2>\n<p><span style=\"color: #000000\">An einem k\u00fchlen und trockenen Ort aufbewahren. Bewahren Sie das Nahrungserg\u00e4nzungsmittel au\u00dferhalb der Reichweite von Kindern auf!<\/span><\/p>\n<p><span style=\"color: #000000\">Denken Sie daran, wie wichtig eine abwechslungsreiche Ern\u00e4hrung und eine gesunde Lebensweise sind; ein Nahrungserg\u00e4nzungsmittel ist daher kein Ersatz f\u00fcr eine ausgewogene und abwechslungsreiche Ern\u00e4hrung. Die empfohlene Tagesmenge oder Dosis sollte nicht \u00fcberschritten werden. Schwangeren und stillenden Frauen wird immer empfohlen, vor der Einnahme einen Arzt zu konsultieren.<\/span><\/p>\n<h2><span style=\"color: #000000\">Gut zu wissen<\/span><\/h2>\n<p><span style=\"color: #000000\">Das Produkt ist auch f\u00fcr Tiere geeignet. In den meisten F\u00e4llen erweisen sich Heilpilze als \u00e4u\u00dferst wirksam bei der St\u00e4rkung des Immunsystems, der Beseitigung von Allergien und Hautkrankheiten sowie bei viralen und bakteriellen Infektionen. Bitte konsultieren Sie vor der Anwendung Ihren Tierarzt \u00fcber die Zweckm\u00e4\u00dfigkeit der Einnahme und die empfohlene Tagesmenge.<\/span><\/p>\n<h2><span style=\"color: #000000\">Herkunft<\/span><\/h2>\n<p><span style=\"color: #000000\">Slowenien<\/span><\/p>\n","protected":false},"excerpt":{"rendered":"<p align=\"JUSTIFY\">Auricularia auricula gewinnt als Nahrungserg\u00e4nzungsmittel zunehmend an Bedeutung und ist weltweit die<strong> am vierth\u00e4ufigsten geerntete Art<\/strong>. Er ist auch als <strong>Holunder<\/strong> bekannt. Er wird auch in der orientalischen K\u00fcche verwendet. Zu medizinischen Zwecken wird er bei <strong>verschiedenen Entz\u00fcndungen<\/strong> empfohlen <strong>, wie:<\/strong><\/p>\n<p><span style=\"color: #000000\">\ud83d\udc9a entz\u00fcndungshemmend,<br \/>\n\ud83d\udc9a hat eine positive Wirkung auf das Herz-Kreislauf-System,<br \/>\n\ud83d\udc9a senkt den Cholesterinspiegel im Blut,<br \/>\n\ud83d\udc9a hat antioxidative Eigenschaften.<\/span><\/p>\n","protected":false},"featured_media":6173,"comment_status":"open","ping_status":"closed","template":"","meta":{"_acf_changed":false},"product_brand":[],"product_cat":[15,225,224,228],"product_tag":[],"class_list":{"0":"post-6172","1":"product","2":"type-product","3":"status-publish","4":"has-post-thumbnail","6":"product_cat-uncategorized","7":"product_cat-alle-produkte","8":"product_cat-angebot","9":"product_cat-heilpilze","11":"first","12":"instock","13":"taxable","14":"shipping-taxable","15":"purchasable","16":"product-type-simple"},"acf":[],"_links":{"self":[{"href":"https:\/\/fengchashop.com\/de\/wp-json\/wp\/v2\/product\/6172","targetHints":{"allow":["GET"]}}],"collection":[{"href":"https:\/\/fengchashop.com\/de\/wp-json\/wp\/v2\/product"}],"about":[{"href":"https:\/\/fengchashop.com\/de\/wp-json\/wp\/v2\/types\/product"}],"replies":[{"embeddable":true,"href":"https:\/\/fengchashop.com\/de\/wp-json\/wp\/v2\/comments?post=6172"}],"wp:featuredmedia":[{"embeddable":true,"href":"https:\/\/fengchashop.com\/de\/wp-json\/wp\/v2\/media\/6173"}],"wp:attachment":[{"href":"https:\/\/fengchashop.com\/de\/wp-json\/wp\/v2\/media?parent=6172"}],"wp:term":[{"taxonomy":"product_brand","embeddable":true,"href":"https:\/\/fengchashop.com\/de\/wp-json\/wp\/v2\/product_brand?post=6172"},{"taxonomy":"product_cat","embeddable":true,"href":"https:\/\/fengchashop.com\/de\/wp-json\/wp\/v2\/product_cat?post=6172"},{"taxonomy":"product_tag","embeddable":true,"href":"https:\/\/fengchashop.com\/de\/wp-json\/wp\/v2\/product_tag?post=6172"}],"curies":[{"name":"wp","href":"https:\/\/api.w.org\/{rel}","templated":true}]}}