{"id":6157,"date":"2022-02-11T22:23:40","date_gmt":"2022-02-11T21:23:40","guid":{"rendered":"https:\/\/fengchashop.com\/de\/product\/sibirisches-ginsengpulver-bio-250-g\/"},"modified":"2026-04-17T17:52:31","modified_gmt":"2026-04-17T15:52:31","slug":"sibirisches-ginsengpulver-bio","status":"publish","type":"product","link":"https:\/\/fengchashop.com\/de\/product\/sibirisches-ginsengpulver-bio\/","title":{"rendered":"Sibirisches Ginsengpulver BIO 250 g"},"content":{"rendered":"<h2><span style=\"color: #000000\">Sibirischer Ginseng Pulver aus biologischem Anbau<\/span><\/h2>\n<p><span style=\"color: #000000\">Sibirischer Ginseng w\u00e4chst haupts\u00e4chlich in Nordchina und Sibirien (einem Gebiet in Russland), ist aber auch in Korea und Japan zu finden. Er ist ein mehrj\u00e4hriges Kraut, das in der Regel in k\u00fchleren Klimazonen w\u00e4chst. Er hat eine holzige Wurzel und w\u00e4chst in hohen Bergregionen, aber auch in sonnengesch\u00fctzten Gebieten im Tal. Er ist auch als sibirischer Ginseng oder Elevterokokkus (Eleutherococcus senticosus) bekannt.<\/span><\/p>\n<p><span style=\"color: #000000\">Die Ginsengwurzel ist eine der<strong> wichtigsten Pflanzen <\/strong>in der traditionellen chinesischen und russischen Kr\u00e4uterkunde, wo sie seit Jahrhunderten, wenn nicht Jahrtausenden, als Nahrungserg\u00e4nzungsmittel verwendet wird. In China ist bekannt, dass Ginseng gut f\u00fcr unsere Gesundheit ist, da er die <strong>Langlebigkeit<\/strong> f\u00f6rdert (er hemmt den Alterungsprozess), das<strong> Immunsystem st\u00e4rkt, gegen M\u00fcdigkeit und Stress wirkt und die sexuelle Potenz verbessert<\/strong>.<\/span><\/p>\n<p><span style=\"color: #000000\">Die aktiven Bestandteile des Ginsengs, die Everteroside (er enth\u00e4lt 7 verschiedene), wirken \u00e4hnlich wie Steroide. Ginseng ist auch ein <strong>adaptogenes Kraut<\/strong>. Das sind Pflanzen, die dem K\u00f6rper helfen, sich an verschiedene negative Umweltfaktoren anzupassen. Er hat die F\u00e4higkeit, das Dr\u00fcsen- und Hormonsystem, das Nerven- und Herz-Kreislauf-System sowie die Muskeln zu regulieren und zu kontrollieren. Adaptogene helfen dem K\u00f6rper bei der Bew\u00e4ltigung von physischem, chemischem und biologischem Stress.<\/span><\/p>\n<p><span style=\"color: #000000\">Unser sibirischer Ginseng <strong>stammt aus biologischem Anbau <\/strong>und<strong> enth\u00e4lt keine F\u00fcllstoffe oder Zusatzstoffe<\/strong>. Nach der Ernte werden die Ginsengwurzeln getrocknet und anschlie\u00dfend in einem schonenden Verfahren zu einem Pulver vermahlen.<\/span><\/p>\n<p><span style=\"color: #000000\">Der sibirische Ginseng (Elevosid) sollte nicht mit dem bekannteren asiatischen Ginseng (Ginsenosid) verwechselt werden, obwohl beide \u00e4hnliche adaptogene Eigenschaften haben.<\/span><\/p>\n<h2><span style=\"color: #000000\">Warum sollte man ihn verwenden?<\/span><\/h2>\n<p><span style=\"color: #000000\">Ginseng kann helfen, <strong>Stress zu bew\u00e4ltigen, dem K\u00f6rper gute Energie zuzuf\u00fchren und die allgemeine Vitalit\u00e4t zu steigern.<\/strong> Da er komplexe Polysaccharide enth\u00e4lt, wird er h\u00e4ufig mit der St\u00e4rkung des Immunsystems in Verbindung gebracht. Forscher haben festgestellt, dass die Wirkung von Ginseng noch<strong> verst\u00e4rkt<\/strong> wird, wenn er mit anderen traditionellen chinesischen Kr\u00e4utern kombiniert wird. Ginseng wirkt au\u00dferdem <strong>entz\u00fcndungshemmend, bek\u00e4mpft freie Radikale, verbessert die Durchblutung und senkt den Blutdruck<\/strong>. Er stimuliert die Hirnanhangdr\u00fcse und<strong> steigert die Libido<\/strong>.<\/span><\/p>\n<p><span style=\"color: #000000\">Er ist bei Sportlern sehr beliebt, da er die Ausdauer erh\u00f6ht, die M\u00fcdigkeit verringert und die Regeneration beschleunigt.<\/span><\/p>\n<p><span style=\"color: #000000\">Dar\u00fcber hinaus tr\u00e4gt es zur Verbesserung der geistigen und kognitiven Funktionen des Gehirns bei. Es wirkt sich also auf das Lernen, das Ged\u00e4chtnis und die Kognition aus. All dies bedeutet, dass es eine direkte Wirkung auf den Abbau des Gehirns haben kann. Infolgedessen verbessert er auch den Schlaf und beugt Depressionen vor.<\/span><\/p>\n<p><span style=\"color: #000000\">Traditionell wird er auch bei Erk\u00e4ltungen und Grippe eingesetzt, da einige Studien ergeben haben, dass er die Viren, die diese Krankheiten verursachen, bek\u00e4mpfen kann.<\/span><\/p>\n<p><span style=\"color: #000000\">Er kann auch dazu beitragen, die typischen Probleme von Frauen in den Wechseljahren zu lindern und gleichzeitig vor dem Verlust der Knochendichte (Osteoporose) zu sch\u00fctzen, der in dieser Zeit aufgrund der hormonellen Ver\u00e4nderungen h\u00e4ufig verst\u00e4rkt auftritt.<\/span><\/p>\n<h2><span style=\"color: #000000\">Aufbewahrung und Warnhinweise<\/span><\/h2>\n<p><span style=\"color: #000000\">An einem k\u00fchlen und trockenen Ort aufbewahren. Bewahren Sie das Nahrungserg\u00e4nzungsmittel au\u00dferhalb der Reichweite von Kindern auf!<\/span><\/p>\n<p><span style=\"color: #000000\">Denken Sie daran, wie wichtig eine abwechslungsreiche Ern\u00e4hrung und eine gesunde Lebensweise sind; ein Nahrungserg\u00e4nzungsmittel ist daher kein Ersatz f\u00fcr eine ausgewogene und abwechslungsreiche Ern\u00e4hrung. Die empfohlene Tagesmenge oder Dosis sollte nicht \u00fcberschritten werden. Schwangeren Frauen, stillenden M\u00fcttern und Personen, die Medikamente einnehmen, wird immer empfohlen, vor der Einnahme einen Arzt zu konsultieren.<\/span><\/p>\n<h2><span style=\"color: #000000\">Verpackung<\/span><\/h2>\n<p><span style=\"color: #000000\">Nicht durchl\u00e4ssiger Zip-Lock-Beutel, in dem das Produkt seine ganze Frische und sein Aroma beh\u00e4lt. Die Verpackung sch\u00fctzt das Produkt vor Licht und Luft, da sie aus mehreren Schutzschichten besteht, um die Eigenschaften des Inhalts zu erhalten.<\/span><\/p>\n<p><span style=\"color: #000000\">Die Verpackung ist sehr praktisch und recycelbar.<\/span><\/p>\n<h2><span style=\"color: #000000\">Herkunft<\/span><\/h2>\n<p><span style=\"color: #000000\">China. Wir haben sehr zuverl\u00e4ssige Lieferanten, die uns f\u00fcr jede Charge eine detaillierte chemische Analyse des Lebensmittels zukommen lassen. In mehr als zehn Jahren hatten wir keine R\u00fcckrufe oder andere Probleme mit diesem Artikel, und auch nicht mit anderen Artikeln desselben Lieferanten. Der Artikel ist zu 100% bio-zertifiziert.<\/span><\/p>\n","protected":false},"excerpt":{"rendered":"<p align=\"JUSTIFY\">Die Ginsengwurzel ist eine der<strong> wichtigsten Pflanzen<\/strong> in der traditionellen chinesischen und russischen Kr\u00e4uterkunde, wo sie seit Jahrhunderten, wenn nicht Jahrtausenden, als Nahrungserg\u00e4nzungsmittel verwendet wird. In China ist bekannt, dass Ginseng gut f\u00fcr unsere Gesundheit ist im Sinne von:<\/p>\n<p align=\"JUSTIFY\">\ud83d\udc9a Langlebigkeit (hemmt Alterungsprozesse),<br \/>\n\ud83d\udc9a st\u00e4rkt das Immunsystem,<br \/>\n\ud83d\udc9a es wirkt gegen M\u00fcdigkeit,<br \/>\n\ud83d\udc9a Anti-Stress,<br \/>\n\ud83d\udc9a wirkt sich auf die sexuelle Potenz aus.<\/p>\n","protected":false},"featured_media":6158,"comment_status":"open","ping_status":"closed","template":"","meta":{"_acf_changed":false},"product_brand":[],"product_cat":[15,225,224,231],"product_tag":[],"class_list":{"0":"post-6157","1":"product","2":"type-product","3":"status-publish","4":"has-post-thumbnail","6":"product_cat-uncategorized","7":"product_cat-alle-produkte","8":"product_cat-angebot","9":"product_cat-superfood","11":"first","12":"instock","13":"sale","14":"taxable","15":"shipping-taxable","16":"purchasable","17":"product-type-simple"},"acf":[],"_links":{"self":[{"href":"https:\/\/fengchashop.com\/de\/wp-json\/wp\/v2\/product\/6157","targetHints":{"allow":["GET"]}}],"collection":[{"href":"https:\/\/fengchashop.com\/de\/wp-json\/wp\/v2\/product"}],"about":[{"href":"https:\/\/fengchashop.com\/de\/wp-json\/wp\/v2\/types\/product"}],"replies":[{"embeddable":true,"href":"https:\/\/fengchashop.com\/de\/wp-json\/wp\/v2\/comments?post=6157"}],"wp:featuredmedia":[{"embeddable":true,"href":"https:\/\/fengchashop.com\/de\/wp-json\/wp\/v2\/media\/6158"}],"wp:attachment":[{"href":"https:\/\/fengchashop.com\/de\/wp-json\/wp\/v2\/media?parent=6157"}],"wp:term":[{"taxonomy":"product_brand","embeddable":true,"href":"https:\/\/fengchashop.com\/de\/wp-json\/wp\/v2\/product_brand?post=6157"},{"taxonomy":"product_cat","embeddable":true,"href":"https:\/\/fengchashop.com\/de\/wp-json\/wp\/v2\/product_cat?post=6157"},{"taxonomy":"product_tag","embeddable":true,"href":"https:\/\/fengchashop.com\/de\/wp-json\/wp\/v2\/product_tag?post=6157"}],"curies":[{"name":"wp","href":"https:\/\/api.w.org\/{rel}","templated":true}]}}