{"id":6135,"date":"2022-02-11T21:47:17","date_gmt":"2022-02-11T20:47:17","guid":{"rendered":"https:\/\/fengchashop.com\/de\/product\/ashwagandha-tabletten-bio-125-g\/"},"modified":"2026-04-18T01:52:57","modified_gmt":"2026-04-17T23:52:57","slug":"ashwagandha-tabletten-bio","status":"publish","type":"product","link":"https:\/\/fengchashop.com\/de\/product\/ashwagandha-tabletten-bio\/","title":{"rendered":"Ashwagandha Tabletten BIO 125 g"},"content":{"rendered":"<h2><span style=\"color: #000000\">Ashwagandha (Ashwagandha) in BIO-Tabletten<\/span><\/h2>\n<p><span style=\"color: #000000\">Ashwagandha ist ein wesentliches Kraut im Ayurveda und eine der am meisten verehrten Pflanzen, die auch als<strong> indischer Ginseng<\/strong> bekannt ist<strong>,<\/strong> da sie im Ayurveda in \u00e4hnlicher Weise wie der Ginseng in der traditionellen chinesischen Medizin verwendet wird. Seit Tausenden von Jahren wird er zu medizinischen Zwecken verwendet, da er<strong> sich positiv auf das allgemeine Wohlbefinden auswirkt und uns Energie verleiht.<\/strong> Er gilt als Superfood, das uns hilft, das hormonelle Gleichgewicht wiederherzustellen. Er wirkt sowohl auf die Hormone als auch auf die Fortpflanzungsorgane. Er stellt die Nebennieren und die Schilddr\u00fcse wieder her. Da es adaptogen ist, wird es im Ayurveda bei Hyper- und Hypoaktivit\u00e4t der Schilddr\u00fcse eingesetzt. <\/span><\/p>\n<p><span style=\"color: #000000\">Ashwagandha in Tablettenform wird biologisch angebaut. Die Tabletten sind \u00e4u\u00dferst praktisch in der Anwendung und erm\u00f6glichen eine gleichm\u00e4\u00dfige t\u00e4gliche Einnahme.<\/span><\/p>\n<h2><span style=\"color: #000000\">Was sind die m\u00f6glichen Vorteile der Einnahme von Ashwagandha?<\/span><\/h2>\n<p><span style=\"color: #000000\">Es wird angenommen, dass Ashwagandha eine positive Wirkung hat auf:<\/span><\/p>\n<p><span style=\"color: #000000\"> &#8211; Gesteigerte <strong>Gehirnleistung,<\/strong><\/span><\/p>\n<p><span style=\"color: #000000\"> &#8211; erh\u00f6hte <strong>Energie und Ausdauer,<\/strong><\/span><\/p>\n<p><span style=\"color: #000000\"><strong>&#8211; Bew\u00e4ltigung von Alltagsstress und Linderung von Angstzust\u00e4nden und Depressionen,<\/strong><\/span><\/p>\n<p><span style=\"color: #000000\"> &#8211; Verringerung von <strong>Schlaflosigkeit,<\/strong><\/span><\/p>\n<p><span style=\"color: #000000\"><strong>&#8211; Linderung von Schmerzen und Entz\u00fcndungen,<\/strong><\/span><\/p>\n<p><span style=\"color: #000000\"> &#8211; <strong> Steigerung des Sexualtriebs und der Fruchtbarkeit<\/strong> bei beiden Geschlechtern,<\/span><\/p>\n<p><span style=\"color: #000000\">&#8211; Verlangsamung <strong> des Alterungsprozesses des<\/strong> K\u00f6rpers.<\/span><\/p>\n<p><span style=\"color: #000000\">Die Wurzel der Pflanze enth\u00e4lt die meisten Wirkstoffe, die eine positive Wirkung auf verschiedene Gesundheitsprobleme haben. Sie kann gegessen oder auf die Haut oder die betroffene Stelle aufgetragen werden. Sie ist sehr vielseitig und wird daher in drei verschiedenen traditionellen Arzneimitteln gesch\u00e4tzt.<\/span><\/p>\n<p><span style=\"color: #000000\">Er wird auch als indischer Ginseng bezeichnet, weil er das Denkverm\u00f6gen bzw. die Gehirnfunktion (\u00e4hnlich wie Ginseng) steigert. Er hat eine hervorragende Wirkung auf das gesamte Nervensystem und wird daher h\u00e4ufig zur Bew\u00e4ltigung von Stress, Angstzust\u00e4nden und Depressionen eingesetzt. In j\u00fcngster Zeit wurde er stark erforscht und unter anderem mit der Behandlung von Alzheimer und Demenz in Verbindung gebracht.<\/span><\/p>\n<h2><span style=\"color: #000000\">Lagerung und Warnhinweise<\/span><\/h2>\n<p><span style=\"color: #000000\">K\u00fchl und trocken bei einer Temperatur von bis zu 25 \u00b0C lagern. Au\u00dferhalb der Reichweite von Kindern aufbewahren!<\/span><\/p>\n<p><span style=\"color: #000000\">Denken Sie daran, wie wichtig eine abwechslungsreiche Ern\u00e4hrung und eine gesunde Lebensweise sind; ein Nahrungserg\u00e4nzungsmittel ist daher kein Ersatz f\u00fcr eine ausgewogene und abwechslungsreiche Ern\u00e4hrung. Die empfohlene Tagesmenge oder Dosis sollte nicht \u00fcberschritten werden. Schwangeren und stillenden Frauen sowie Personen mit einer Schilddr\u00fcsen\u00fcberfunktion wird von der Einnahme abgeraten.<\/span><\/p>\n<h2><span style=\"color: #000000\">Verpackung<\/span><\/h2>\n<p><span style=\"color: #000000\">Undurchl\u00e4ssiger Zip-Lock-Beutel, in dem das Produkt seine ganze Frische und sein Aroma bewahrt. Die Verpackung sch\u00fctzt das Produkt vor Licht und Luft, da sie aus mehreren Schutzschichten besteht, um die Eigenschaften des Inhalts zu erhalten.<\/span><\/p>\n<p><span style=\"color: #000000\">Die Verpackung ist sehr praktisch und recycelbar.<\/span><\/p>\n<h2><span style=\"color: #000000\">Herkunft<\/span><\/h2>\n<p><span style=\"color: #000000\">Indien<\/span><\/p>\n","protected":false},"excerpt":{"rendered":"<p align=\"JUSTIFY\">Ashwagandha ist ein wesentliches Kraut im Ayurveda und eine der am meisten verehrten Pflanzen, die auch als <b>indischer Ginseng<\/b> bekannt ist <b>,<\/b> da sie im Ayurveda in \u00e4hnlicher Weise wie Ginseng in der traditionellen chinesischen Medizin verwendet wird. Sie wird seit Tausenden von Jahren zu medizinischen Zwecken verwendet, da sie <b>sich positiv auf das allgemeine Wohlbefinden auswirkt<\/b> und uns Energie verleiht. Es wird angenommen, dass Ashwagandha eine positive Wirkung hat auf:<\/p>\n<p align=\"JUSTIFY\">\ud83d\udc9a Gesteigerte Gehirnleistung,<br \/>\n\ud83d\udc9a erh\u00f6hte Energie und Ausdauer,<br \/>\n\ud83d\udc9a Bew\u00e4ltigung des t\u00e4glichen Stresses,<br \/>\n\ud83d\udc9a Verringerung von Schlaflosigkeit.<\/p>\n","protected":false},"featured_media":6136,"comment_status":"open","ping_status":"closed","template":"","meta":{"_acf_changed":false},"product_brand":[],"product_cat":[15,225,224,194,231],"product_tag":[],"class_list":{"0":"post-6135","1":"product","2":"type-product","3":"status-publish","4":"has-post-thumbnail","6":"product_cat-uncategorized","7":"product_cat-alle-produkte","8":"product_cat-angebot","9":"product_cat-ayurveda","10":"product_cat-superfood","12":"first","13":"instock","14":"sale","15":"taxable","16":"shipping-taxable","17":"purchasable","18":"product-type-simple"},"acf":[],"_links":{"self":[{"href":"https:\/\/fengchashop.com\/de\/wp-json\/wp\/v2\/product\/6135","targetHints":{"allow":["GET"]}}],"collection":[{"href":"https:\/\/fengchashop.com\/de\/wp-json\/wp\/v2\/product"}],"about":[{"href":"https:\/\/fengchashop.com\/de\/wp-json\/wp\/v2\/types\/product"}],"replies":[{"embeddable":true,"href":"https:\/\/fengchashop.com\/de\/wp-json\/wp\/v2\/comments?post=6135"}],"wp:featuredmedia":[{"embeddable":true,"href":"https:\/\/fengchashop.com\/de\/wp-json\/wp\/v2\/media\/6136"}],"wp:attachment":[{"href":"https:\/\/fengchashop.com\/de\/wp-json\/wp\/v2\/media?parent=6135"}],"wp:term":[{"taxonomy":"product_brand","embeddable":true,"href":"https:\/\/fengchashop.com\/de\/wp-json\/wp\/v2\/product_brand?post=6135"},{"taxonomy":"product_cat","embeddable":true,"href":"https:\/\/fengchashop.com\/de\/wp-json\/wp\/v2\/product_cat?post=6135"},{"taxonomy":"product_tag","embeddable":true,"href":"https:\/\/fengchashop.com\/de\/wp-json\/wp\/v2\/product_tag?post=6135"}],"curies":[{"name":"wp","href":"https:\/\/api.w.org\/{rel}","templated":true}]}}