{"id":6127,"date":"2022-02-11T21:27:43","date_gmt":"2022-02-11T20:27:43","guid":{"rendered":"https:\/\/fengchashop.com\/de\/product\/triphala-pulver-bio-250-g\/"},"modified":"2026-04-18T02:45:29","modified_gmt":"2026-04-18T00:45:29","slug":"triphala-pulver-bio","status":"publish","type":"product","link":"https:\/\/fengchashop.com\/de\/product\/triphala-pulver-bio\/","title":{"rendered":"Triphala-Pulver BIO 250 g"},"content":{"rendered":"<h2><span style=\"color: #000000\">Triphala-Pulver BIO<\/span><\/h2>\n<p>Triphala ist eine uralte,<strong> hochgelobte ayurvedische Kr\u00e4utermischung aus<\/strong> drei Superfr\u00fcchten aus Indien: <strong>Amalaki<\/strong> (Emblica officinalis) &#8211; auch bekannt als Amla, <strong>Bibhitaki<\/strong> (Terminalia belerica) und<strong> Haritaki<\/strong> (Terminalia chebula). Sie wird seit \u00fcber 5000 Jahren vor allem zur Reinigung und Entgiftung des gesamten K\u00f6rpers verwendet.<\/p>\n<p>Triphala wirkt sich positiv auf unsere Verdauung aus, beschleunigt sie und f\u00f6rdert die Aufnahme von Vitaminen und Mineralien.<\/p>\n<p>Es ist wichtig, Produkte aus biologisch angebauten Kr\u00e4utern zu verwenden, da dies die einzige M\u00f6glichkeit ist, die Aufnahme von Pestiziden und Schwermetallen in den K\u00f6rper zu kontrollieren und zu verhindern.<\/p>\n<p>Unser Triphala ist von h\u00f6chster Qualit\u00e4t und stammt aus biologischem Anbau.<\/p>\n<p><strong><span style=\"color: #000000\">Triphala ist ein Eckpfeiler der ayurvedischen Medizin, da es viele wirksame Heileigenschaften besitzt:<\/span><\/strong><\/p>\n<p>&#8211; Es hat eine positive Wirkung auf das Verdauungssystem und wirkt als mildes Abf\u00fchrmittel, das die Darmschleimhaut nicht sch\u00e4digt,<br \/>\n&#8211; Er hilft bei Bl\u00e4hungen und Bl\u00e4hungen sowie bei H\u00e4morrhoiden,<br \/>\n&#8211; entfernt \u00fcbersch\u00fcssiges Fett aus dem K\u00f6rper,<br \/>\n&#8211; hat eine positive Wirkung auf die Leberfunktion,<br \/>\n&#8211; st\u00e4rkt mit seinem hohen Vitamin-C-Gehalt wirksam das Immunsystem,<br \/>\n&#8211; n\u00e4hrt und st\u00e4rkt die Atemwege und lindert den Hustenreiz bei verschleimtem Husten,<br \/>\n&#8211; hat nachweislich entz\u00fcndungshemmende und antivirale Eigenschaften,<br \/>\n&#8211; verj\u00fcngt den K\u00f6rper.<\/p>\n<h2><span style=\"color: #000000\">Wussten Sie, dass Triphala die inneren Organe pflegt, wie eine Mutter ihre Kinder pflegt?<\/span><\/h2>\n<p>Die Triphala-Mischung ist sehr nahrhaft, sanft, reich an Vitamin C, Bioflavanoiden und Omega-3-Linolens\u00e4uren. Sie ist eine au\u00dfergew\u00f6hnliche Quelle von<strong> Proteinen, \u00d6len und Antioxidantien<\/strong>, die zusammen mit ihren antimikrobiellen und antibakteriellen Eigenschaften zu einer erh\u00f6hten Immunit\u00e4t des K\u00f6rpers beitragen. Sie hat eine gute abf\u00fchrende Wirkung, so dass sie zur <strong>Reinigung des Darms<\/strong> und der Darmw\u00e4nde geeignet ist und hilft, \u00dcbergewicht zu reduzieren.<strong> Wirksames Entgiftungsmittel<\/strong>.<\/p>\n<p>Alle drei Arten von Fr\u00fcchten in der Triphala-Formel n\u00e4hren, st\u00e4rken, reinigen, regenerieren und verj\u00fcngen den gesamten Organismus. Der regelm\u00e4\u00dfige Verzehr von Triphala reduziert M\u00fcdigkeit und Ersch\u00f6pfung und ist eine hervorragende Unterst\u00fctzung f\u00fcr das Immunsystem. Nach der ayurvedischen Tradition ist Triphala eine der wenigen Mischungen, die eine positive Wirkung auf alle drei Doshas hat. Es ist daher f\u00fcr jedermann sicher zu konsumieren.<\/p>\n<h2><span style=\"color: #000000\">Lagerung und Warnhinweise<\/span><\/h2>\n<p>An einem k\u00fchlen und trockenen Ort aufbewahren. Bewahren Sie das Nahrungserg\u00e4nzungsmittel au\u00dferhalb der Reichweite von Kindern auf!<\/p>\n<p>Denken Sie daran, wie wichtig eine abwechslungsreiche Ern\u00e4hrung und eine gesunde Lebensweise sind; ein Nahrungserg\u00e4nzungsmittel ist daher kein Ersatz f\u00fcr eine ausgewogene und abwechslungsreiche Ern\u00e4hrung. Die empfohlene Tagesmenge oder Dosis sollte nicht \u00fcberschritten werden. Schwangeren Frauen, stillenden M\u00fcttern und Personen, die Medikamente einnehmen, wird immer empfohlen, vor der Einnahme einen Arzt zu konsultieren. Nicht f\u00fcr Kinder geeignet.<\/p>\n<h2><span style=\"color: #000000\">Verpackung<\/span><\/h2>\n<p><span style=\"color: #000000\">Nicht durchl\u00e4ssiger Zip-Lock-Beutel, in dem das Produkt seine Frische und sein Aroma bewahrt. Die Verpackung sch\u00fctzt vor Licht und Luft, da sie aus mehreren Schutzschichten besteht, die die Eigenschaften des Inhalts bewahren.<\/span><\/p>\n<p><span style=\"color: #000000\">Die Verpackung ist sehr praktisch und recycelbar.<\/span><\/p>\n<h2><span style=\"color: #000000\">Herkunft<\/span><\/h2>\n<p><span style=\"color: #000000\">Indien<\/span><\/p>\n","protected":false},"excerpt":{"rendered":"<p align=\"JUSTIFY\">Triphala ist eine alte, <strong>hochgelobte ayurvedische Kr\u00e4utermischung aus<\/strong> drei Superfr\u00fcchten aus der Region Indien: Amalaki, Bibhitaki und Haritaki. Sie wird seit <strong>mehr als 5000 Jahren<\/strong> haupts\u00e4chlich zur Reinigung und Entgiftung des gesamten K\u00f6rpers verwendet. Triphala ist ein Eckpfeiler der ayurvedischen Medizin, da es viele wirksame<strong> Heileigenschaften<\/strong> besitzt:<\/p>\n<p align=\"JUSTIFY\">\ud83d\udc9aEs hat eine positive Wirkung auf das Verdauungssystem,<br \/>\n\ud83d\udc9a entfernt \u00fcbersch\u00fcssiges Fett aus dem K\u00f6rper,<br \/>\n\ud83d\udc9a st\u00e4rkt mit seinem hohen Vitamin-C-Gehalt wirksam das Immunsystem,<br \/>\n\ud83d\udc9a Er n\u00e4hrt und st\u00e4rkt die Atemwege,<br \/>\n\ud83d\udc9a verj\u00fcngt den K\u00f6rper.<\/p>\n","protected":false},"featured_media":6128,"comment_status":"open","ping_status":"closed","template":"","meta":{"_acf_changed":false},"product_brand":[],"product_cat":[15,225,224,194,231],"product_tag":[],"class_list":{"0":"post-6127","1":"product","2":"type-product","3":"status-publish","4":"has-post-thumbnail","6":"product_cat-uncategorized","7":"product_cat-alle-produkte","8":"product_cat-angebot","9":"product_cat-ayurveda","10":"product_cat-superfood","12":"first","13":"instock","14":"sale","15":"taxable","16":"shipping-taxable","17":"purchasable","18":"product-type-simple"},"acf":[],"_links":{"self":[{"href":"https:\/\/fengchashop.com\/de\/wp-json\/wp\/v2\/product\/6127","targetHints":{"allow":["GET"]}}],"collection":[{"href":"https:\/\/fengchashop.com\/de\/wp-json\/wp\/v2\/product"}],"about":[{"href":"https:\/\/fengchashop.com\/de\/wp-json\/wp\/v2\/types\/product"}],"replies":[{"embeddable":true,"href":"https:\/\/fengchashop.com\/de\/wp-json\/wp\/v2\/comments?post=6127"}],"wp:featuredmedia":[{"embeddable":true,"href":"https:\/\/fengchashop.com\/de\/wp-json\/wp\/v2\/media\/6128"}],"wp:attachment":[{"href":"https:\/\/fengchashop.com\/de\/wp-json\/wp\/v2\/media?parent=6127"}],"wp:term":[{"taxonomy":"product_brand","embeddable":true,"href":"https:\/\/fengchashop.com\/de\/wp-json\/wp\/v2\/product_brand?post=6127"},{"taxonomy":"product_cat","embeddable":true,"href":"https:\/\/fengchashop.com\/de\/wp-json\/wp\/v2\/product_cat?post=6127"},{"taxonomy":"product_tag","embeddable":true,"href":"https:\/\/fengchashop.com\/de\/wp-json\/wp\/v2\/product_tag?post=6127"}],"curies":[{"name":"wp","href":"https:\/\/api.w.org\/{rel}","templated":true}]}}