{"id":6124,"date":"2022-02-11T21:16:38","date_gmt":"2022-02-11T20:16:38","guid":{"rendered":"https:\/\/fengchashop.com\/de\/product\/astragalus-pulver-bio-250-g\/"},"modified":"2026-05-08T17:07:28","modified_gmt":"2026-05-08T15:07:28","slug":"astragalus-pulver-bio","status":"publish","type":"product","link":"https:\/\/fengchashop.com\/de\/product\/astragalus-pulver-bio\/","title":{"rendered":"Astragalus-Pulver BIO 250 g"},"content":{"rendered":"<h2><span style=\"color: #000000\">Astragalus-Pulver BIO<\/span><\/h2>\n<p><span style=\"color: #000000\">Astragalus ist ein Strauch, der eigentlich zur<strong> Familie der H\u00fclsenfr\u00fcchte geh\u00f6rt.<\/strong> Daher auch der Name Erbse. In der chinesischen TCM wird er <strong>seit mehr als 2000 Jahren<\/strong> als <strong>Heilpflanze verwendet.<\/strong> Der n\u00fctzliche Teil der Pflanze sind nicht die Fr\u00fcchte oder die Bl\u00e4tter, sondern die sonnengetrockneten Wurzeln. Die beste Qualit\u00e4t haben die Wurzeln, die dick, fest und s\u00fc\u00df sind.<\/span><\/p>\n<p><span style=\"color: #000000\">Sie wird in China traditionell als <strong>Ganzk\u00f6rpertonikum<\/strong> verwendet und ist ein \u00e4u\u00dferst wirksames Antioxidans, das alle Arten von Entz\u00fcndungen erfolgreich bek\u00e4mpft. Sie gilt auch als adaptogenes Kraut, was bedeutet, dass sie alle Organsysteme des K\u00f6rpers st\u00e4rkt. Es beeintr\u00e4chtigt nicht deren nat\u00fcrliche Funktion. Sie stimuliert die Organe auch nicht \u00fcberm\u00e4\u00dfig und bringt den K\u00f6rper wieder in ein Gleichgewicht. Aus diesem Grund wird er manchmal als<strong>&#8222;gro\u00dfer Besch\u00fctzer<\/strong>&#8220; bezeichnet.<\/span><\/p>\n<p><span style=\"color: #000000\">Astragalus ist eine \u00e4u\u00dferst reichhaltige Quelle von spezifischen Antioxidantien und Selen. Aufgrund seiner adaptogenen Wirkung wird er bei verschiedenen Zust\u00e4nden des K\u00f6rpers eingesetzt, die auf ein Ungleichgewicht hindeuten. Astragalus wird auch h\u00e4ufig als Anti-Aging-Kraut verwendet. Es wird auch angenommen, dass er den Blutdruck, den Blutzucker und den Cholesterinspiegel reguliert. Er st\u00e4rkt das Immunsystem und wirkt vorbeugend gegen Grippe und Erk\u00e4ltungen.<\/span><\/p>\n<p><span style=\"color: #000000\">Es kann auch bei<strong> n\u00e4chtlichen Schwei\u00dfausbr\u00fcchen und Wechseljahrsbeschwerden<\/strong> eingesetzt werden,<strong> regt die Zellen an, st\u00e4rkt die Muskulatur und verbessert den Stoffwechsel, unterst\u00fctzt die Nebennieren und wirkt blutverd\u00fcnnend<\/strong> (\u00e4hnlich wie Aspirin). In einigen F\u00e4llen kann es auch in Absprache mit dem Arzt zur Unterst\u00fctzung von Krebspatienten, die sich einer Strahlen- und Chemotherapie unterziehen, sowie von AIDS-Kranken eingesetzt werden.<\/span><\/p>\n<p><span style=\"color: #000000\">Das Pulver kann auch zu einem Tee verarbeitet werden, indem man einen Essl\u00f6ffel Astragalus-Pulver mit einer Tasse Wasser aufkocht. 1 Stunde ziehen lassen und dann abseihen. Trinken Sie den Tee schluckweise \u00fcber den Tag verteilt.<\/span><\/p>\n<p><span style=\"color: #000000\">Astragalus wird oft in Kombination<strong> mit anderen Kr\u00e4utern und Pflanzen wie Engelwurz, Kurkuma, Ginseng, Ashwagandha und Spirulina<\/strong> verwendet<strong>.<\/strong><\/span><\/p>\n<p><span style=\"color: #000000\">Astragalus wird mit der Verl\u00e4ngerung des Lebens in Verbindung gebracht, weil:<\/span><\/p>\n<p><span style=\"color: #000000\"> <strong> &#8211; er ein Adaptogen ist<\/strong> &#8211; er hilft, alle Arten von Stress (physisch, emotional und mental) zu \u00fcberwinden,<\/span><\/p>\n<p><span style=\"color: #000000\"> &#8211; er ein <strong>hervorragendes Antioxidans<\/strong>ist und zu einer schnelleren Genesung beitr\u00e4gt und den Geist und den K\u00f6rper st\u00e4rkt,<\/span><\/p>\n<p><span style=\"color: #000000\"> &#8211; <strong> sch\u00fctzt den K\u00f6rper<\/strong> vor der Entstehung neuer Krankheiten,<\/span><\/p>\n<p><span style=\"color: #000000\"> &#8211; regt den Appetit an und <strong>hilft, M\u00fcdigkeit zu \u00fcberwinden,<\/strong><\/span><\/p>\n<p><span style=\"color: #000000\"> &#8211; stimuliert <strong> das Immunsystem<\/strong> und damit die wei\u00dfen Blutk\u00f6rperchen,<\/span><\/p>\n<p><span style=\"color: #000000\"> &#8211; <strong>st\u00e4rkt die Funktionen der lebenswichtigen Organe<\/strong> wie Nieren und Herz,<\/span><\/p>\n<p><span style=\"color: #000000\"> &#8211; <strong>st\u00e4rkt die Muskulatur<\/strong> und f\u00f6rdert die nat\u00fcrliche Stellung der Organe und h\u00e4lt uns aufrecht,<\/span><\/p>\n<p><span style=\"color: #000000\"> &#8211; <strong>beschleunigt die Ausscheidung von Giftstoffen<\/strong> \u00fcber die Haut, wirkt als mildes Diuretikum und kontrolliert \u00fcberm\u00e4\u00dfiges Schwitzen.<\/span><\/p>\n<h2><span style=\"color: #000000\">Lagerung und Warnhinweise<\/span><\/h2>\n<p><span style=\"color: #000000\">An einem k\u00fchlen und trockenen Ort aufbewahren. Bewahren Sie das Nahrungserg\u00e4nzungsmittel au\u00dferhalb der Reichweite von Kindern auf!<\/span><\/p>\n<p><span style=\"color: #000000\">Denken Sie daran, wie wichtig eine abwechslungsreiche Ern\u00e4hrung und eine gesunde Lebensweise sind; ein Nahrungserg\u00e4nzungsmittel ist daher kein Ersatz f\u00fcr eine ausgewogene und abwechslungsreiche Ern\u00e4hrung. Die empfohlene Tagesmenge oder Dosis sollte nicht \u00fcberschritten werden. Schwangeren und stillenden Frauen wird immer empfohlen, vor der Einnahme einen Arzt zu konsultieren.<\/span><\/p>\n<h2><span style=\"color: #000000\">Verpackung<\/span><\/h2>\n<p><span style=\"color: #000000\">Undurchl\u00e4ssiger Zip-Lock-Beutel, in dem das Produkt seine ganze Frische und sein Aroma bewahrt. Die Verpackung sch\u00fctzt das Produkt vor Licht und Luft, da sie aus mehreren Schutzschichten besteht, um die Eigenschaften des Inhalts zu erhalten.<\/span><\/p>\n<p><span style=\"color: #000000\">Die Verpackung ist sehr praktisch und recycelbar.<\/span><\/p>\n<h2><span style=\"color: #000000\">Herkunft<\/span><\/h2>\n<p><span style=\"color: #000000\">China. Wir haben sehr zuverl\u00e4ssige Lieferanten, die uns f\u00fcr jede Charge eine detaillierte chemische Analyse des Lebensmittels zukommen lassen. In mehr als zehn Jahren hatten wir keine R\u00fcckrufe oder andere Probleme mit diesem Artikel, und auch nicht mit anderen Artikeln desselben Lieferanten. Der Artikel ist zu 100% bio-zertifiziert.<\/span><\/p>\n","protected":false},"excerpt":{"rendered":"<p align=\"JUSTIFY\">Sie wird in China traditionell als <strong>Ganzk\u00f6rpertonikum<\/strong> verwendet und ist ein \u00e4u\u00dferst wirkungsvolles Antioxidans, das erfolgreich alle Arten von Entz\u00fcndungen bek\u00e4mpft. Sie gilt auch als adaptogenes Kraut, was bedeutet, dass sie alle Organsysteme des K\u00f6rpers st\u00e4rkt. Es beeintr\u00e4chtigt nicht deren nat\u00fcrliche Funktion. Sie stimuliert die Organe auch nicht \u00fcberm\u00e4\u00dfig und bringt den K\u00f6rper wieder in ein Gleichgewicht. Aus diesem Grund wird er manchmal als<strong>&#8222;gro\u00dfer Besch\u00fctzer&#8220; des<\/strong> Ru\u00dfes bezeichnet:<\/p>\n<p align=\"JUSTIFY\">\ud83d\udc9a Es ist ein Adaptogen &#8211; es hilft, alle Arten von Stress (physisch, emotional und mental) zu \u00fcberwinden,<br \/>\n\ud83d\udc9a es ist ein gro\u00dfartiges Antioxidans und hilft, die Genesung zu beschleunigen, und st\u00e4rkt den Geist und den K\u00f6rper,<br \/>\n\ud83d\udc9a sch\u00fctzt den K\u00f6rper vor der Entstehung neuer Krankheiten,<br \/>\n\ud83d\udc9a regt den Appetit an und hilft, M\u00fcdigkeit zu \u00fcberwinden,<br \/>\n\ud83d\udc9a stimuliert das Immunsystem und damit die wei\u00dfen Blutk\u00f6rperchen.<\/p>\n","protected":false},"featured_media":6125,"comment_status":"open","ping_status":"closed","template":"","meta":{"_acf_changed":false},"product_brand":[],"product_cat":[15,225,224,231],"product_tag":[],"class_list":{"0":"post-6124","1":"product","2":"type-product","3":"status-publish","4":"has-post-thumbnail","6":"product_cat-uncategorized","7":"product_cat-alle-produkte","8":"product_cat-angebot","9":"product_cat-superfood","11":"first","12":"instock","13":"sale","14":"taxable","15":"shipping-taxable","16":"purchasable","17":"product-type-simple"},"acf":[],"_links":{"self":[{"href":"https:\/\/fengchashop.com\/de\/wp-json\/wp\/v2\/product\/6124","targetHints":{"allow":["GET"]}}],"collection":[{"href":"https:\/\/fengchashop.com\/de\/wp-json\/wp\/v2\/product"}],"about":[{"href":"https:\/\/fengchashop.com\/de\/wp-json\/wp\/v2\/types\/product"}],"replies":[{"embeddable":true,"href":"https:\/\/fengchashop.com\/de\/wp-json\/wp\/v2\/comments?post=6124"}],"wp:featuredmedia":[{"embeddable":true,"href":"https:\/\/fengchashop.com\/de\/wp-json\/wp\/v2\/media\/6125"}],"wp:attachment":[{"href":"https:\/\/fengchashop.com\/de\/wp-json\/wp\/v2\/media?parent=6124"}],"wp:term":[{"taxonomy":"product_brand","embeddable":true,"href":"https:\/\/fengchashop.com\/de\/wp-json\/wp\/v2\/product_brand?post=6124"},{"taxonomy":"product_cat","embeddable":true,"href":"https:\/\/fengchashop.com\/de\/wp-json\/wp\/v2\/product_cat?post=6124"},{"taxonomy":"product_tag","embeddable":true,"href":"https:\/\/fengchashop.com\/de\/wp-json\/wp\/v2\/product_tag?post=6124"}],"curies":[{"name":"wp","href":"https:\/\/api.w.org\/{rel}","templated":true}]}}