{"id":6113,"date":"2022-02-11T20:48:52","date_gmt":"2022-02-11T19:48:52","guid":{"rendered":"https:\/\/fengchashop.com\/de\/product\/dulse-bio-125-g\/"},"modified":"2026-04-17T12:53:08","modified_gmt":"2026-04-17T10:53:08","slug":"dulse-bio","status":"publish","type":"product","link":"https:\/\/fengchashop.com\/de\/product\/dulse-bio\/","title":{"rendered":"Dulse BIO 125 g"},"content":{"rendered":"<h2><span style=\"color: #000000\">Roter Seetang (Dulse)<\/span><\/h2>\n<p><span style=\"color: #000000\">Dulse ist ein roter Seetang, auch bekannt als Red Palmaria oder Palmaria palmata, und geh\u00f6rt zur Gruppe der Rotalgen oder Rodophycophyta. Zu den Rotalgen geh\u00f6ren auch die Nori-Algen und, was uns wahrscheinlich vertrauter ist, Agar-Agar, das auch als Geliermittel in der vegetarischen und veganen Ern\u00e4hrung verwendet wird.<\/span><\/p>\n<p><span style=\"color: #000000\">Algen sind eine wichtige <strong>Quelle f\u00fcr Jod<\/strong>, das vom K\u00f6rper nicht gespeichert wird und daher regelm\u00e4\u00dfig verzehrt werden muss (aus diesem Grund ist das meiste Speisesalz jodiert), da es f\u00fcr das ordnungsgem\u00e4\u00dfe Funktionieren der Schilddr\u00fcse verantwortlich ist und ein Jodmangel zu einer Reihe von Erkrankungen f\u00fchren kann (von Gewichtszunahme und M\u00fcdigkeit bis hin zu Kahlheit und Schilddr\u00fcsenunterfunktion). Bei Schilddr\u00fcsenproblemen und anderen Problemen ist es immer ratsam, vor der Einnahme einen Arzt zu konsultieren.<\/span><\/p>\n<p><span style=\"color: #000000\">Traditionell wird die Rotalge auch zur Linderung von <strong>Bluthochdruckproblemen<\/strong>, zur Vorbeugung von <strong>Sehschw\u00e4che<\/strong> dank ihres Vitamin-A-Gehalts, zur Unterst\u00fctzung des<strong> Immunsystems<\/strong> und zur Linderung von Knochenschw\u00e4che und Bindegewebsschw\u00e4che dank ihres Mineraliengehalts (Kalzium und Magnesium) verwendet. Aufgrund seines Gehalts an dem komplexen Kohlenhydrat Fucoidan hat er au\u00dferdem entz\u00fcndungshemmende und antivirale Eigenschaften.<\/span><\/p>\n<p><span style=\"color: #000000\">Die Algen werden getrocknet und zu Flocken gemahlen. Sie sind von hervorragender Qualit\u00e4t, da sie aus kontrolliert biologischem Anbau stammen und im Atlantik von Hand geerntet werden.<\/span><\/p>\n<h2><span style=\"color: #000000\">Was enth\u00e4lt die Dulse-Alge?<\/span><\/h2>\n<p><span style=\"color: #000000\"> Vitamine A, C und E &#8211; wichtige Antioxidantien, die uns vor freien Radikalen sch\u00fctzen; und B-Vitamine (B1, B2, B3, B6, B12), die nachweislich Stress abbauen und das Energieniveau aufrechterhalten.<\/span><br \/>\n<span style=\"color: #000000\"> Mineralien und Spurenelemente: Kalzium, Eisen, Mangan, Zink, Magnesium, Jod, Kalium und Phosphor.<\/span><br \/>\n<span style=\"color: #000000\"> Au\u00dferdem ist er reich an Proteinen, Aminos\u00e4uren und Ballaststoffen sowie an unges\u00e4ttigten Omega-3-Fetts\u00e4uren, die eine wichtige Rolle f\u00fcr die Gesundheit unseres Herz-Kreislauf-Systems spielen und Entz\u00fcndungen hemmen.<\/span><br \/>\n<span style=\"color: #000000\"> Er enth\u00e4lt fast alle f\u00fcr den menschlichen K\u00f6rper <strong>notwendigen Spurenelemente<\/strong>.<\/span><\/p>\n<h2><span style=\"color: #000000\">Verpackung<\/span><\/h2>\n<p><span style=\"color: #000000\">Undurchl\u00e4ssiger Zip-Lock-Beutel, in dem das Produkt seine ganze Frische und sein Aroma bewahrt. Die Verpackung sch\u00fctzt vor Licht und Luft, da sie aus mehreren Schutzschichten besteht, die die Eigenschaften des Inhalts bewahren.<\/span><\/p>\n<p><span style=\"color: #000000\">Die Verpackung ist sehr praktisch und recycelbar.<\/span><\/p>\n<h2><span style=\"color: #000000\">Herkunft<\/span><\/h2>\n<p><span style=\"color: #000000\">Irland <\/span><\/p>\n","protected":false},"excerpt":{"rendered":"<p align=\"JUSTIFY\">Dulse ist ein roter Seetang, auch bekannt als <strong>Red Palmaria<\/strong> oder <strong>Palmaria palmata<\/strong>, und geh\u00f6rt zur Gruppe der Rotalgen oder <em>Rodophycophyta<\/em>. Traditionell wird die rote Dulse verwendet f\u00fcr:<\/p>\n<p align=\"JUSTIFY\">\ud83d\udc9a zur Linderung von Bluthochdruckproblemen,<br \/>\n\ud83d\udc9a auch als Unterst\u00fctzung bei der Vorbeugung von Sehst\u00f6rungen aufgrund ihres Vitamin-A-Gehalts,<br \/>\n\ud83d\udc9a unterst\u00fctzt das Immunsystem,<br \/>\n\ud83d\udc9a und dank seines Gehalts an Mineralstoffen wie Kalzium und Magnesium hilft er, Probleme mit schwacher Knochenmasse und Bindegewebe zu lindern.<\/p>\n","protected":false},"featured_media":6114,"comment_status":"open","ping_status":"closed","template":"","meta":{"_acf_changed":false},"product_brand":[],"product_cat":[15,222,225,224,226,231],"product_tag":[],"class_list":{"0":"post-6113","1":"product","2":"type-product","3":"status-publish","4":"has-post-thumbnail","6":"product_cat-uncategorized","7":"product_cat-algen-graeser","8":"product_cat-alle-produkte","9":"product_cat-angebot","10":"product_cat-bestseller","11":"product_cat-superfood","13":"first","14":"instock","15":"sale","16":"taxable","17":"shipping-taxable","18":"purchasable","19":"product-type-simple"},"acf":[],"_links":{"self":[{"href":"https:\/\/fengchashop.com\/de\/wp-json\/wp\/v2\/product\/6113","targetHints":{"allow":["GET"]}}],"collection":[{"href":"https:\/\/fengchashop.com\/de\/wp-json\/wp\/v2\/product"}],"about":[{"href":"https:\/\/fengchashop.com\/de\/wp-json\/wp\/v2\/types\/product"}],"replies":[{"embeddable":true,"href":"https:\/\/fengchashop.com\/de\/wp-json\/wp\/v2\/comments?post=6113"}],"wp:featuredmedia":[{"embeddable":true,"href":"https:\/\/fengchashop.com\/de\/wp-json\/wp\/v2\/media\/6114"}],"wp:attachment":[{"href":"https:\/\/fengchashop.com\/de\/wp-json\/wp\/v2\/media?parent=6113"}],"wp:term":[{"taxonomy":"product_brand","embeddable":true,"href":"https:\/\/fengchashop.com\/de\/wp-json\/wp\/v2\/product_brand?post=6113"},{"taxonomy":"product_cat","embeddable":true,"href":"https:\/\/fengchashop.com\/de\/wp-json\/wp\/v2\/product_cat?post=6113"},{"taxonomy":"product_tag","embeddable":true,"href":"https:\/\/fengchashop.com\/de\/wp-json\/wp\/v2\/product_tag?post=6113"}],"curies":[{"name":"wp","href":"https:\/\/api.w.org\/{rel}","templated":true}]}}