{"id":6107,"date":"2022-02-11T20:17:52","date_gmt":"2022-02-11T19:17:52","guid":{"rendered":"https:\/\/fengchashop.com\/de\/product\/kalzium-500-g\/"},"modified":"2026-04-29T10:24:02","modified_gmt":"2026-04-29T08:24:02","slug":"kalzium","status":"publish","type":"product","link":"https:\/\/fengchashop.com\/de\/product\/kalzium\/","title":{"rendered":"Kalzium 500 g"},"content":{"rendered":"<h2><span style=\"color: #000000\">Kalziumkarbonat <\/span><\/h2>\n<p><span style=\"color: #000000\">Kalzium ist eines der am<strong> h\u00e4ufigsten vorkommenden Mineralien in unserem K\u00f6rper.<\/strong> Obwohl es meist mit den Knochen in Verbindung gebracht wird, hat Kalzium viele andere wichtige Funktionen im menschlichen K\u00f6rper. So ist Kalzium ein Bestandteil des Knochengewebes und beeinflusst folglich die H\u00e4rte der Knochen. Daher ist der Verzehr von kalziumreichen Lebensmitteln in der Kindheit, wenn wir uns im Wachstum befinden, sehr wichtig. Sie ist auch in den Wechseljahren sehr wichtig, da das hormonelle Ungleichgewicht, das diese mit sich bringen, h\u00e4ufig die Kalziumaufnahme beeintr\u00e4chtigt und dadurch die Knochendichte verringert. Das Gleiche gilt mehr oder weniger f\u00fcr die meisten \u00e4lteren Erwachsenen. Auch in der Schwangerschaft spielt Kalzium eine wichtige Rolle.<\/span><\/p>\n<p><span style=\"color: #000000\"><strong>Kalzium beeinflusst die normale Zell- und Muskelfunktion, die Knochen- und Zahngesundheit, die normale Funktion der Verdauungsenzyme, die korrekte Blutgerinnung, die \u00dcbertragung von Nervenimpulsen und die normale Energiefreisetzung im Stoffwechsel.<\/strong> Ein<strong>Mangel an<\/strong> diesen Stoffen<strong> f\u00fchrt<\/strong> h\u00e4ufig<strong> zu Osteoporose<\/strong>, einer weiteren sehr h\u00e4ufigen Krankheit der heutigen Zeit.<\/span><\/p>\n<p><span style=\"color: #000000\">Kalzium in Form von Kalziumkarbonat ist eine<strong> nat\u00fcrliche und sichere Form von Kalzium<\/strong> als Nahrungserg\u00e4nzungsmittel. Es wird gut absorbiert und hat eine optimale Ausbeute.<\/span><\/p>\n<p><span style=\"color: #000000\">Kalzium sollte dem K\u00f6rper regelm\u00e4\u00dfig zugef\u00fchrt werden, insbesondere in Zeiten des beschleunigten Wachstums und der Schwangerschaft. Dies wird am besten durch eine abwechslungsreiche und ausgewogene Ern\u00e4hrung erreicht, die von Natur aus reich an Kalzium ist. Nahrungserg\u00e4nzungsmittel werden jedoch vor allem denjenigen empfohlen, die nur wenig oder gar keine Milchprodukte zu sich nehmen. Sie werden auch f\u00fcr Frauen in den Wechseljahren und alle \u00e4lteren Erwachsenen empfohlen.<\/span><\/p>\n<p><span style=\"color: #000000\">Das Nahrungserg\u00e4nzungsmittel ist von sehr hoher Qualit\u00e4t und erreicht eine Konzentration an elementarem Kalzium von bis zu 40 %.<\/span><\/p>\n<h2><span style=\"color: #000000\">Warum sollte man sich f\u00fcr Kalziumkarbonat entscheiden?<\/span><\/h2>\n<p><span style=\"color: #000000\">Es gibt verschiedene Arten oder Formen von Kalziumerg\u00e4nzungen. Sie werden als Kalziumsalze bezeichnet. Kalziumglukonat, Kalziumkarbonat, Kalziumzitrat usw. Kalziumzitrat eignet sich beispielsweise hervorragend f\u00fcr Personen, die Probleme mit zu wenig Magens\u00e4ure haben oder die Magens\u00e4urehemmer einnehmen, da es f\u00fcr eine gute und ordnungsgem\u00e4\u00dfe Aufnahme keine S\u00e4ure ben\u00f6tigt. Kalziumkarbonat hingegen ist die h\u00e4ufigste Form von Kalzium in Nahrungserg\u00e4nzungsmitteln und hat sich als sicher erwiesen und gew\u00e4hrleistet eine gute Aufnahme. \u00c4lteren Menschen wird empfohlen, es unmittelbar nach den Mahlzeiten einzunehmen, j\u00fcngeren Menschen eine Stunde vor oder zwei Stunden nach den Mahlzeiten.<\/span><\/p>\n<h2><span style=\"color: #000000\">Welche Auswirkungen hat die Einnahme von Kalzium auf den K\u00f6rper?<\/span><\/h2>\n<p><span style=\"color: #000000\">Auch Vitamin D spielt eine wichtige Rolle bei der ordnungsgem\u00e4\u00dfen Aufnahme von Kalzium im Blut und der Gew\u00e4hrleistung eines normalen Kalziumspiegels. Kalzium tr\u00e4gt dann dazu bei:<\/span><\/p>\n<p><span style=\"color: #000000\"> &#8211; zur Erhaltung<strong> gesunder Z\u00e4hne und Knochen,<\/strong><\/span><\/p>\n<p><span style=\"color: #000000\"> &#8211; zur richtigen<strong> Blutgerinnung,<\/strong><\/span><\/p>\n<p><span style=\"color: #000000\"><strong>&#8211; die Freisetzung von Energie f\u00fcr den Stoffwechsel,<\/strong><\/span><\/p>\n<p><span style=\"color: #000000\">&#8211; die normale <strong>\u00dcbertragung von Nervenimpulsen und die Funktion von Muskeln und Verdauungsenzymen,<\/strong><\/span><\/p>\n<p><span style=\"color: #000000\">&#8211; die <strong>Zellteilung und -spezialisierung.<\/strong><\/span><\/p>\n<h2><span style=\"color: #000000\">Was sind die Vorteile unseres Calciumcarbonats?<\/span><\/h2>\n<p><span style=\"color: #000000\">Das Kalziumkarbonatpulver unserer Eigenmarke wird nat\u00fcrlich abgebaut. Es enth\u00e4lt ein sehr reines Pulver und eine hohe Konzentration an elementarem Calcium. Zugleich enth\u00e4lt es keine unerw\u00fcnschten Zusatzstoffe wie Zucker, Gluten, Soja usw.<\/span><\/p>\n<h2><span style=\"color: #000000\">Verpackung<\/span><\/h2>\n<p><span style=\"color: #000000\">Undurchl\u00e4ssiger Zip-Lock-Beutel, in dem das Produkt seine ganze Frische und sein Aroma bewahrt. Die Verpackung sch\u00fctzt vor Licht und Luft, da sie aus mehreren Schutzschichten besteht, die die Eigenschaften des Inhalts bewahren.<\/span><\/p>\n<p><span style=\"color: #000000\">Die Verpackung ist sehr praktisch und recycelbar.<\/span><\/p>\n<h2><span style=\"color: #000000\">Lagerung und Warnhinweise<\/span><\/h2>\n<p><span style=\"color: #000000\">K\u00fchl und trocken bei einer Temperatur von bis zu 25 \u00b0C aufbewahren. Das Nahrungserg\u00e4nzungsmittel au\u00dferhalb der Reichweite von Kindern aufbewahren!<\/span><\/p>\n<p><span style=\"color: #000000\">Konsultieren Sie Ihren Arzt, wenn Sie gleichzeitig Antibiotika oder andere Medikamente einnehmen.<\/span><\/p>\n<p><span style=\"color: #000000\">Denken Sie daran, wie wichtig eine abwechslungsreiche Ern\u00e4hrung und eine gesunde Lebensweise sind, ein Nahrungserg\u00e4nzungsmittel ist kein Ersatz f\u00fcr eine ausgewogene und abwechslungsreiche Ern\u00e4hrung. Die empfohlene Tagesmenge oder Dosis sollte nicht \u00fcberschritten werden. Schwangeren und stillenden Frauen wird immer empfohlen, vor der Einnahme einen Arzt zu konsultieren. Nicht f\u00fcr Kinder geeignet.<\/span><\/p>\n<h2><span style=\"color: #000000\">Herkunft<\/span><\/h2>\n<p><span style=\"color: #000000\">Italien<\/span><\/p>\n","protected":false},"excerpt":{"rendered":"<p align=\"JUSTIFY\">Kalzium ist einer der <strong>am h\u00e4ufigsten vorkommenden Mineralstoffe in unserem K\u00f6rper<\/strong>. Obwohl es meist mit den Knochen in Verbindung gebracht wird, hat Kalzium viele andere wichtige Funktionen im menschlichen K\u00f6rper. So ist Kalzium ein Bestandteil des Knochengewebes und beeinflusst folglich die H\u00e4rte der Knochen. Kalzium tr\u00e4gt dazu bei:<\/p>\n<p>\ud83d\udc9a zur Erhaltung gesunder Z\u00e4hne und Knochen,<br \/>\n\ud83d\udc9a zur richtigen Blutgerinnung,<br \/>\n\ud83d\udc9a die Freisetzung von Energie f\u00fcr den Stoffwechsel,<br \/>\n\ud83d\udc9a die normale \u00dcbertragung von Nervenimpulsen und die Funktion von Muskeln und Verdauungsenzymen,<br \/>\n\ud83d\udc9a die Zellteilung und -spezialisierung.<\/p>\n","protected":false},"featured_media":6108,"comment_status":"open","ping_status":"closed","template":"","meta":{"_acf_changed":false},"product_brand":[],"product_cat":[15,225,224,230],"product_tag":[],"class_list":{"0":"post-6107","1":"product","2":"type-product","3":"status-publish","4":"has-post-thumbnail","6":"product_cat-uncategorized","7":"product_cat-alle-produkte","8":"product_cat-angebot","9":"product_cat-mineralien-vitaminen","11":"first","12":"instock","13":"sale","14":"taxable","15":"shipping-taxable","16":"purchasable","17":"product-type-simple"},"acf":[],"_links":{"self":[{"href":"https:\/\/fengchashop.com\/de\/wp-json\/wp\/v2\/product\/6107","targetHints":{"allow":["GET"]}}],"collection":[{"href":"https:\/\/fengchashop.com\/de\/wp-json\/wp\/v2\/product"}],"about":[{"href":"https:\/\/fengchashop.com\/de\/wp-json\/wp\/v2\/types\/product"}],"replies":[{"embeddable":true,"href":"https:\/\/fengchashop.com\/de\/wp-json\/wp\/v2\/comments?post=6107"}],"wp:featuredmedia":[{"embeddable":true,"href":"https:\/\/fengchashop.com\/de\/wp-json\/wp\/v2\/media\/6108"}],"wp:attachment":[{"href":"https:\/\/fengchashop.com\/de\/wp-json\/wp\/v2\/media?parent=6107"}],"wp:term":[{"taxonomy":"product_brand","embeddable":true,"href":"https:\/\/fengchashop.com\/de\/wp-json\/wp\/v2\/product_brand?post=6107"},{"taxonomy":"product_cat","embeddable":true,"href":"https:\/\/fengchashop.com\/de\/wp-json\/wp\/v2\/product_cat?post=6107"},{"taxonomy":"product_tag","embeddable":true,"href":"https:\/\/fengchashop.com\/de\/wp-json\/wp\/v2\/product_tag?post=6107"}],"curies":[{"name":"wp","href":"https:\/\/api.w.org\/{rel}","templated":true}]}}