{"id":6104,"date":"2022-02-11T19:51:31","date_gmt":"2022-02-11T18:51:31","guid":{"rendered":"https:\/\/fengchashop.com\/de\/product\/elixier-mischung-bio-125-g\/"},"modified":"2026-04-16T09:19:01","modified_gmt":"2026-04-16T07:19:01","slug":"elixier-mischung-bio","status":"publish","type":"product","link":"https:\/\/fengchashop.com\/de\/product\/elixier-mischung-bio\/","title":{"rendered":"Elixier-Mischung BIO 125 g"},"content":{"rendered":"<h2><span style=\"color: #000000\">Elixir mix BIO Heilpilzpulver<\/span><\/h2>\n<p><span style=\"color: #000000\">Elixir mix wird zur Unterst\u00fctzung der<strong>Stimulierung des Immunsystems, eines gesunden Herzens und Kreislaufs, zur Energiesteigerung, als Anti-Stress-Mittel, als Anti-Krebs-Mittel und als Anti-Aging-Mittel<\/strong> verwendet<strong>.<\/strong> <strong>Aufgrund dieser wichtigen und allumfassenden Wirkungen empfehlen wir die Einnahme der Mischung f\u00fcr alle, die die Voraussetzungen f\u00fcr ein langes und gesundes Leben schaffen wollen.<\/strong> Die Mischung bietet dank der Hunderte verschiedener aktiver Komponenten, die sie enth\u00e4lt, das breiteste Spektrum an ausgewogener Wirkung. Sie besteht aus drei Pilzarten: Ganoderma lucidum, auch bekannt als Reishi, Cordyceps und Inonotus obliquus, auch bekannt als Chaga.<\/span><\/p>\n<p><span style=\"color: #000000\">Der Elixier-Mix bietet dank der Hunderte von verschiedenen aktiven Bestandteilen, die er enth\u00e4lt, das breiteste Spektrum an ausgewogener Wirkung.<\/span><\/p>\n<p><span style=\"color: #000000\">Dieses breite Spektrum an Pilzarten f\u00fchrt zu einer Breitbandwirkung und einer beschleunigten vorbeugenden Wirkung gegen allgemeine Schw\u00e4chezust\u00e4nde.<\/span><\/p>\n<p><span style=\"color: #000000\">Die Anwendung des Produkts ist ganz einfach und erfordert keinerlei Vorbereitung oder Kenntnisse. Die Pilze werden zu einem feinen Pulver gemahlen, das keine Partikel enth\u00e4lt. Das Produkt ist daher sofort einsatzbereit. Geben Sie es einfach direkt aus der Verpackung in Ihr Lieblingsgetr\u00e4nk, r\u00fchren Sie es um und trinken Sie es.<\/span><\/p>\n<h2><span style=\"color: #000000\">Warum unseren Elixier-Mix verwenden?<\/span><\/h2>\n<p><span style=\"color: #000000\">Wie der Name schon sagt, ist die Mischung ein wahres Elixier f\u00fcr Gesundheit, Jugendlichkeit und Wohlbefinden. Er wurde sorgf\u00e4ltig auf der Grundlage von Beobachtungen und Erkenntnissen von Anwendern der Mischung und von Heilpilzen im Allgemeinen formuliert. Auch die Ergebnisse zahlreicher nationaler und internationaler Studien sind in die Herstellung dieser speziellen Mischung eingeflossen. Und obwohl Heilpilze sehr komplexe Wirkmechanismen haben, die die Wissenschaft noch nicht erkl\u00e4ren kann, wissen wir, dass sie eine positive<strong> Wirkung auf unser Immunsystem, auf unser Wohlbefinden und auf die nat\u00fcrlichen Prozesse<\/strong> haben<strong>, die jeden Tag in unserem Organismus ablaufen.<\/strong> Das Immunsystem ist f\u00fcr die Bek\u00e4mpfung von Fremdk\u00f6rpern in unserem K\u00f6rper zust\u00e4ndig. Sei es ein einfacher Virus, der eine Erk\u00e4ltung verursacht, oder eine Ansammlung von Zellen, die einen Krebs darstellen. Deshalb ist ein gesundes und starkes Immunsystem so wichtig. Ebenso <strong>wichtig sind die Antioxidantien, die<\/strong> uns vor oxidativem Stress sch\u00fctzen, der viele Krankheiten und vorzeitige Alterung verursacht. Die Mischung enth\u00e4lt auch Chaga, der als <strong>adaptogene<\/strong> Pflanze gilt. Adaptogene Pflanzen passen ihre Wirkstoffe an die Bed\u00fcrfnisse des K\u00f6rpers an. Sie geben uns Energie und bauen Stress ab.<\/span><\/p>\n<p><span style=\"color: #000000\">Die Herstellung unserer Heilpilze erfolgt unter strenger Kontrolle, ohne Einsatz von Chemikalien oder Pestiziden und<strong> zu 100 % biologisch.<\/strong> Alle Pilze werden in Slowenien angebaut. <\/span><\/p>\n<h2><span style=\"color: #000000\">F\u00fcr wen ist die Elixiermischung gedacht und wie wirkt sie?<\/span><\/h2>\n<p><span style=\"color: #000000\">Die Elixiermischung ist eigentlich f\u00fcr jeden geeignet, der<strong> sein allgemeines Wohlbefinden verbessern<\/strong> m\u00f6chte<strong>, indem er seine Widerstandsf\u00e4higkeit gegen Krankheiten erh\u00f6ht, mehr k\u00f6rperliche Energie hat, die Auswirkungen von Stress reduziert und ein vorzeitiges Altern des K\u00f6rpers verhindert.<\/strong> Er ist auch f\u00fcr diejenigen geeignet, die die Wirkung von Heilpilzen ausprobieren und ihren K\u00f6rper auf nat\u00fcrliche Weise st\u00e4rken wollen. Sie sind auch eine hervorragende nat\u00fcrliche Nahrungserg\u00e4nzung, da Pilze einen hohen N\u00e4hrwert haben &#8211; wertvolle N\u00e4hrstoffe, Spurenelemente, Vitamine, Makromineralien, Ballaststoffe und Eiwei\u00df. Heilpilze haben eine reiche Geschichte in der chinesischen Medizin und Heilkunde, und der Mensch wendet sich f\u00fcr seine Gesundheit zunehmend der Natur zu.<\/span><\/p>\n<p><span style=\"color: #000000\">Unsere Elixiermischung ist ein wahres Elixier f\u00fcr Gesundheit, Wohlbefinden und gute Energie. Seine positiven Wirkungen auf den K\u00f6rper sind wie folgt:<\/span><\/p>\n<p><span style=\"color: #000000\"> <strong> &#8211; Stimuliert das Immunsystem,<\/strong><\/span><\/p>\n<p><span style=\"color: #000000\"> &#8211; wirkt gegen Krebszellen, <\/span><\/p>\n<p><span style=\"color: #000000\"> &#8211; es ist f\u00f6rderlich f\u00fcr<strong> ein gesundes Herz und Kreislaufsystem,<\/strong><\/span><\/p>\n<p><span style=\"color: #000000\"> &#8211; reguliert den<strong> Blutdruck,<\/strong><\/span><\/p>\n<p><span style=\"color: #000000\">&#8211; verbessert die<strong> k\u00f6rperliche Ausdauer,<\/strong><\/span><\/p>\n<p><span style=\"color: #000000\"> &#8211; erh\u00f6ht die<strong> k\u00f6rperliche Energie,<\/strong><\/span><\/p>\n<p><span style=\"color: #000000\"> &#8211; wirkt <strong>gegen Stress,<\/strong><\/span><\/p>\n<p><span style=\"color: #000000\"> &#8211; verbessert die <strong>geistigen F\u00e4higkeiten,<\/strong><\/span><\/p>\n<p><span style=\"color: #000000\"> &#8211; wirkt auf den K\u00f6rper, um die Alterung zu bek\u00e4mpfen und zu verhindern,<\/span><\/p>\n<p><span style=\"color: #000000\"> &#8211; reguliert die Muskel- und Nervenfunktion,<\/span><\/p>\n<p><span style=\"color: #000000\"> &#8211; als<strong> starkes Antioxidans beseitigt es freie Radikale.<\/strong><\/span><\/p>\n<h2><span style=\"color: #000000\">Anwendungen<\/span><\/h2>\n<p><span style=\"color: #000000\">Den Pilz<strong> in Fl\u00fcssigkeiten<\/strong> wie Wasser, Tee, Kaffee, Kakao, Joghurt, Saft, Smoothies usw.<strong> einr\u00fchren<\/strong>. Gut umr\u00fchren und so schnell wie m\u00f6glich schluckweise trinken. Mindestens eine halbe Stunde nach dem Essen einnehmen.<\/span><\/p>\n<p><span style=\"color: #000000\">Es ist ratsam, den Pilz oder die Mischung<strong> mindestens drei bis vier Wochen lang<\/strong> kontinuierlich einzunehmen<strong>.<\/strong> Eine l\u00e4ngere Einnahme ist nur bei l\u00e4nger andauernden Problemen zu empfehlen. Auch dann sind regelm\u00e4\u00dfige Pausen von einigen Tagen zu empfehlen, die so lange wie m\u00f6glich dauern sollten, wenn eine Besserung eintritt.<\/span><\/p>\n<p><span style=\"color: #000000\">Wir empfehlen die gleichzeitige Einnahme von Heilpilzen und Vitamin C.<\/span><\/p>\n<h2><span style=\"color: #000000\">Verpackung<\/span><\/h2>\n<p><span style=\"color: #000000\">Undurchl\u00e4ssiger Zip-Lock-Beutel, in dem das Produkt seine ganze Frische und sein Aroma bewahrt. Die Verpackung sch\u00fctzt vor Licht und Luft, da sie aus mehreren Schutzschichten besteht, die die Eigenschaften des Inhalts bewahren.<\/span><\/p>\n<p><span style=\"color: #000000\">Die Verpackung ist sehr praktisch und recycelbar.<\/span><\/p>\n<h2><span style=\"color: #000000\">Lagerung und Warnhinweise<\/span><\/h2>\n<p><span style=\"color: #000000\">An einem k\u00fchlen und trockenen Ort aufbewahren. Bewahren Sie das Nahrungserg\u00e4nzungsmittel au\u00dferhalb der Reichweite von Kindern auf!<\/span><\/p>\n<p><span style=\"color: #000000\">Denken Sie daran, wie wichtig eine abwechslungsreiche Ern\u00e4hrung und eine gesunde Lebensweise sind; ein Nahrungserg\u00e4nzungsmittel ist daher kein Ersatz f\u00fcr eine ausgewogene und abwechslungsreiche Ern\u00e4hrung. Die empfohlene Tagesmenge oder Dosis sollte nicht \u00fcberschritten werden. Schwangeren und stillenden Frauen wird immer empfohlen, vor der Einnahme einen Arzt zu konsultieren.<\/span><\/p>\n<h2><span style=\"color: #000000\">Gut zu wissen<\/span><\/h2>\n<p><span style=\"color: #000000\">Das Produkt ist auch f\u00fcr Tiere geeignet. In den meisten F\u00e4llen erweisen sich Heilpilze als \u00e4u\u00dferst wirksam bei der St\u00e4rkung des Immunsystems, der Beseitigung von Allergien und Hautkrankheiten sowie von viralen und bakteriellen Infektionen. Elixir mix wirkt sich auch auf das allgemeine Wohlbefinden des Tieres aus. Bitte konsultieren Sie vor der Anwendung Ihren Tierarzt \u00fcber die Zweckm\u00e4\u00dfigkeit der Einnahme und die empfohlene Tagesmenge.<\/span><\/p>\n<h2><span style=\"color: #000000\">Herkunft<\/span><\/h2>\n<p><span style=\"color: #000000\">Slowenien<\/span><\/p>\n","protected":false},"excerpt":{"rendered":"<p align=\"JUSTIFY\">Die Elixier-Mischung ist eigentlich f\u00fcr alle gedacht, die <strong>ihr allgemeines Wohlbefinden verbessern <\/strong>wollen <strong>, indem sie die Widerstandsf\u00e4higkeit gegen Krankheiten erh\u00f6hen, die k\u00f6rperliche Energie steigern, die Auswirkungen von Stress reduzieren und den K\u00f6rper vor vorzeitiger Alterung bewahren. <\/strong>Es ist auch f\u00fcr diejenigen, die die Wirkung von Heilpilzen ausprobieren und ihren K\u00f6rper auf nat\u00fcrliche Weise st\u00e4rken wollen. Er ist auch eine hervorragende <strong>nat\u00fcrliche Nahrungserg\u00e4nzung<\/strong>, da Pilze einen hohen N\u00e4hrwert haben &#8211; wertvolle N\u00e4hrstoffe, Spurenelemente, Vitamine, Makromineralien, Ballaststoffe, Eiwei\u00df.<\/p>\n<p>\ud83d\udc9a Stimuliert das Immunsystem.<br \/>\n\ud83d\udc9a Anti-Krebs.<br \/>\n\ud83d\udc9a Wirkt sich positiv auf ein gesundes Herz-Kreislauf-System aus.<br \/>\n\ud83d\udc9a Verbessert die k\u00f6rperliche Ausdauer.<br \/>\n\ud83d\udc9a Erh\u00f6ht die k\u00f6rperliche Energie.<br \/>\n\ud83d\udc9a Wirkt gegen Stress.<\/p>\n","protected":false},"featured_media":6105,"comment_status":"open","ping_status":"closed","template":"","meta":{"_acf_changed":false},"product_brand":[],"product_cat":[15,225,224,228],"product_tag":[],"class_list":{"0":"post-6104","1":"product","2":"type-product","3":"status-publish","4":"has-post-thumbnail","6":"product_cat-uncategorized","7":"product_cat-alle-produkte","8":"product_cat-angebot","9":"product_cat-heilpilze","11":"first","12":"instock","13":"sale","14":"taxable","15":"shipping-taxable","16":"purchasable","17":"product-type-simple"},"acf":[],"_links":{"self":[{"href":"https:\/\/fengchashop.com\/de\/wp-json\/wp\/v2\/product\/6104","targetHints":{"allow":["GET"]}}],"collection":[{"href":"https:\/\/fengchashop.com\/de\/wp-json\/wp\/v2\/product"}],"about":[{"href":"https:\/\/fengchashop.com\/de\/wp-json\/wp\/v2\/types\/product"}],"replies":[{"embeddable":true,"href":"https:\/\/fengchashop.com\/de\/wp-json\/wp\/v2\/comments?post=6104"}],"wp:featuredmedia":[{"embeddable":true,"href":"https:\/\/fengchashop.com\/de\/wp-json\/wp\/v2\/media\/6105"}],"wp:attachment":[{"href":"https:\/\/fengchashop.com\/de\/wp-json\/wp\/v2\/media?parent=6104"}],"wp:term":[{"taxonomy":"product_brand","embeddable":true,"href":"https:\/\/fengchashop.com\/de\/wp-json\/wp\/v2\/product_brand?post=6104"},{"taxonomy":"product_cat","embeddable":true,"href":"https:\/\/fengchashop.com\/de\/wp-json\/wp\/v2\/product_cat?post=6104"},{"taxonomy":"product_tag","embeddable":true,"href":"https:\/\/fengchashop.com\/de\/wp-json\/wp\/v2\/product_tag?post=6104"}],"curies":[{"name":"wp","href":"https:\/\/api.w.org\/{rel}","templated":true}]}}