{"id":6101,"date":"2022-02-11T19:46:11","date_gmt":"2022-02-11T18:46:11","guid":{"rendered":"https:\/\/fengchashop.com\/de\/product\/kardio-mix-bio-125-g\/"},"modified":"2026-04-17T10:22:33","modified_gmt":"2026-04-17T08:22:33","slug":"kardio-mix-bio","status":"publish","type":"product","link":"https:\/\/fengchashop.com\/de\/product\/kardio-mix-bio\/","title":{"rendered":"Kardio-Mix BIO 125 g"},"content":{"rendered":"<h2><span style=\"color: #000000\">Cardio mix BIO Heilpilzpulver<\/span><\/h2>\n<p><span style=\"color: #000000\">Cardio mix wird als Unterst\u00fctzung zur <strong>Verbesserung der Herzfunktion, des Blutkreislaufs und der wichtigsten Blutwerte<\/strong> verwendet <strong>.<\/strong><\/span><\/p>\n<p><span style=\"color: #000000\">Es handelt sich um eine Mischung, die alle Voraussetzungen f\u00fcr ein<strong> optimales Funktionieren des Herzsystems<\/strong> unterst\u00fctzt oder schafft<strong>.<\/strong><\/span><\/p>\n<p><span style=\"color: #000000\">Die Mischung besteht aus f\u00fcnf Pilzarten, n\u00e4mlich Lentinula edodes, Auricularia auricula, Ganoderma lucidum, Grifola frondosa und Cordyceps. Diese Pilze geh\u00f6ren laut den meisten weltweit durchgef\u00fchrten Studien zu den wirksamsten Mitteln zur Vorbeugung von Herz-Kreislauf-Erkrankungen.<\/span><\/p>\n<p><span style=\"color: #000000\">Cardio mix bietet das breiteste Spektrum an ausgewogener Wirkung aufgrund der Hunderte von verschiedenen pharmakologischen Wirkstoffen, die er enth\u00e4lt.<\/span><\/p>\n<p><span style=\"color: #000000\">Dieses breite Spektrum der verwendeten Pilzarten f\u00fchrt zu einem breiten Wirkungsspektrum und einer beschleunigten vorbeugenden Wirkung gegen allgemeine Schw\u00e4chezust\u00e4nde.<\/span><\/p>\n<p><span style=\"color: #000000\">Die Anwendung des Produkts ist recht einfach und erfordert keinerlei Vorbereitung oder Kenntnisse. Die Pilze werden zu einem feinen Pulver gemahlen, das keine Partikel enth\u00e4lt. Das Produkt ist daher sofort einsatzbereit. Einfach direkt aus der Verpackung in Ihr Lieblingsgetr\u00e4nk geben, umr\u00fchren und konsumieren.<\/span><\/p>\n<h2><span style=\"color: #000000\">Warum unseren Cardio Mix verwenden und welche Wirkung hat er?<\/span><\/h2>\n<p><span style=\"color: #000000\">Die Rezeptur des Mixes wurde sorgf\u00e4ltig auf der Grundlage von Beobachtungen und Erkenntnissen regelm\u00e4\u00dfiger Anwender des Mixes und von Heilpilzen im Allgemeinen entwickelt. Die Ergebnisse zahlreicher nationaler und internationaler Forschungsstudien sind in die Zubereitung dieser speziellen Mischung eingeflossen. Und obwohl Heilpilze sehr komplexe Wirkmechanismen haben, die die Wissenschaft noch nicht erkl\u00e4ren kann, wissen wir, dass sie eine positive Wirkung auf unser Immunsystem und unseren Organismus haben. <\/span><\/p>\n<p><span style=\"color: #000000\">Die positiven Wirkungen des Cardio-Mix, die eine heilende Wirkung auf unseren Organismus haben, sind wie folgt:<\/span><\/p>\n<p><span style=\"color: #000000\"> &#8211; reguliert den<strong> Blutdruck,<\/strong><\/span><\/p>\n<p><span style=\"color: #000000\">&#8211; senkt den<strong> Cholesterinspiegel,<\/strong><\/span><\/p>\n<p><span style=\"color: #000000\"> &#8211; senkt den<strong> Triglyzeridspiegel,<\/strong><\/span><\/p>\n<p><span style=\"color: #000000\">&#8211; beugt <strong>koronarer Herzkrankheit vor,<\/strong><\/span><\/p>\n<p><span style=\"color: #000000\">&#8211; senkt den Blutzucker und beugt der Entstehung von<strong> Diabetes vor,<\/strong><\/span><\/p>\n<p><span style=\"color: #000000\">&#8211; beugt<strong> Blutgerinnseln<\/strong> vor<strong>,<\/strong><\/span><\/p>\n<p><span style=\"color: #000000\"> &#8211; f\u00f6rdert die <strong>Durchblutung,<\/strong><\/span><\/p>\n<p><span style=\"color: #000000\">&#8211; stimuliert das<strong> Immunsystem,<\/strong><\/span><\/p>\n<p><span style=\"color: #000000\"> &#8211; wirkt gegen Krebszellen, <\/span><\/p>\n<p><span style=\"color: #000000\"> &#8211; A<strong>nti-Stress,<\/strong><\/span><\/p>\n<p><span style=\"color: #000000\"> &#8211; verbessert die <strong>geistigen F\u00e4higkeiten,<\/strong><\/span><\/p>\n<p><span style=\"color: #000000\"> &#8211; als<strong> starkes Antioxidans beseitigt er freie Radikale<\/strong> und<strong> verhindert oxidativen Stress.<\/strong><\/span><\/p>\n<p><span style=\"color: #000000\">Die Produktion unserer Heilpilze wird streng kontrolliert, ohne den Einsatz von Chemikalien oder Pestiziden und <strong>100% biologisch<\/strong>. Alle Pilze werden in Slowenien angebaut.<\/span><\/p>\n<h2><span style=\"color: #000000\">F\u00fcr wen ist Cardio Mix geeignet?<\/span><\/h2>\n<p><span style=\"color: #000000\">Cardio Mix ist eigentlich f\u00fcr jeden geeignet, der seinem<strong> Herz-Kreislauf-System<\/strong> die besten Voraussetzungen<strong> f\u00fcr eine langfristige kardiovaskul\u00e4re Gesundheit<\/strong> geben m\u00f6chte<strong>.<\/strong> Dadurch wirkt er auch auf unsere allgemeine Gesundheit und unser Wohlbefinden sowie auf ein starkes Immunsystem. Es ist auch f\u00fcr diejenigen geeignet, die die Wirkung von Heilpilzen ausprobieren und ihren K\u00f6rper auf nat\u00fcrliche Weise st\u00e4rken wollen. Sie sind auch eine hervorragende nat\u00fcrliche Nahrungserg\u00e4nzung, da Pilze einen hohen N\u00e4hrwert haben &#8211; wertvolle N\u00e4hrstoffe, Spurenelemente, Vitamine, Makromineralien, Ballaststoffe, Eiwei\u00df. Heilpilze haben eine reiche Geschichte in der chinesischen Medizin und Heilkunde, und der Mensch wendet sich f\u00fcr seine Gesundheit zunehmend der Natur zu.<\/span><\/p>\n<p><span style=\"color: #000000\">Aufgrund des in der Mischung enthaltenen Auricularia auricula-Pilzes wird der Verzehr w\u00e4hrend der Schwangerschaft und Stillzeit nicht empfohlen.<\/span><\/p>\n<h2><span style=\"color: #000000\">Verpackung<\/span><\/h2>\n<p><span style=\"color: #000000\">Undurchl\u00e4ssiger Zip-Lock-Beutel, in dem das Produkt seine ganze Frische und sein Aroma bewahrt. Die Verpackung sch\u00fctzt das Produkt vor Licht und Luft, da sie aus mehreren Schutzschichten besteht, die die Eigenschaften des Inhalts bewahren.<\/span><\/p>\n<p><span style=\"color: #000000\">Die Verpackung ist sehr praktisch und recycelbar.<\/span><\/p>\n<h2><span style=\"color: #000000\">Lagerung und Warnhinweise<\/span><\/h2>\n<p><span style=\"color: #000000\">An einem k\u00fchlen und trockenen Ort aufbewahren. Bewahren Sie das Nahrungserg\u00e4nzungsmittel au\u00dferhalb der Reichweite von Kindern auf!<\/span><\/p>\n<p><span style=\"color: #000000\">Denken Sie daran, wie wichtig eine abwechslungsreiche Ern\u00e4hrung und eine gesunde Lebensweise sind; ein Nahrungserg\u00e4nzungsmittel ist daher kein Ersatz f\u00fcr eine ausgewogene und abwechslungsreiche Ern\u00e4hrung. Die empfohlene Tagesmenge oder Dosis sollte nicht \u00fcberschritten werden. <\/span><\/p>\n<h2><span style=\"color: #000000\">Es ist gut zu wissen<\/span><\/h2>\n<p><span style=\"color: #000000\">Das Produkt ist auch f\u00fcr Tiere geeignet. In den meisten F\u00e4llen erweisen sich die Heilpilze als \u00e4u\u00dferst wirksam bei der St\u00e4rkung des Immunsystems, der Beseitigung von Allergien und Hautkrankheiten sowie von viralen und bakteriellen Infektionen. Cardio mix beeinflusst auch die ordnungsgem\u00e4\u00dfe Funktion des Herzsystems. Bitte konsultieren Sie vor der Anwendung Ihren Tierarzt \u00fcber die Zweckm\u00e4\u00dfigkeit der Einnahme und die empfohlene Tagesmenge.<\/span><\/p>\n<h2><span style=\"color: #000000\">Herkunft<\/span><\/h2>\n<p><span style=\"color: #000000\">Slowenien<\/span><\/p>\n","protected":false},"excerpt":{"rendered":"<p align=\"JUSTIFY\"><i>Cardio<\/i> Mix wird als Unterst\u00fctzung zur <b>Verbesserung der Herzfunktion<\/b>, des <b>Blutkreislaufs <\/b>und der <b>wichtigsten Blutwerte<\/b> verwendet. In der Tat ist es eine Mischung, die hilft oder bietet alle Bedingungen, die f\u00fcr das ideale Funktionieren <b>des Herzsystems<\/b> erf\u00fcllt sein m\u00fcssen.<\/p>\n<p>\ud83d\udc9a St\u00e4rkt das Immunsystem.<br \/>\n\ud83d\udc9a Reguliert den Blutdruck.<br \/>\n\ud83d\udc9a Senkt den Cholesterinspiegel.<br \/>\n\ud83d\udc9a Senkt den Triglyzeridspiegel.<\/p>\n","protected":false},"featured_media":6102,"comment_status":"open","ping_status":"closed","template":"","meta":{"_acf_changed":false},"product_brand":[],"product_cat":[15,225,224,228],"product_tag":[],"class_list":{"0":"post-6101","1":"product","2":"type-product","3":"status-publish","4":"has-post-thumbnail","6":"product_cat-uncategorized","7":"product_cat-alle-produkte","8":"product_cat-angebot","9":"product_cat-heilpilze","11":"first","12":"instock","13":"sale","14":"taxable","15":"shipping-taxable","16":"purchasable","17":"product-type-simple"},"acf":[],"_links":{"self":[{"href":"https:\/\/fengchashop.com\/de\/wp-json\/wp\/v2\/product\/6101","targetHints":{"allow":["GET"]}}],"collection":[{"href":"https:\/\/fengchashop.com\/de\/wp-json\/wp\/v2\/product"}],"about":[{"href":"https:\/\/fengchashop.com\/de\/wp-json\/wp\/v2\/types\/product"}],"replies":[{"embeddable":true,"href":"https:\/\/fengchashop.com\/de\/wp-json\/wp\/v2\/comments?post=6101"}],"wp:featuredmedia":[{"embeddable":true,"href":"https:\/\/fengchashop.com\/de\/wp-json\/wp\/v2\/media\/6102"}],"wp:attachment":[{"href":"https:\/\/fengchashop.com\/de\/wp-json\/wp\/v2\/media?parent=6101"}],"wp:term":[{"taxonomy":"product_brand","embeddable":true,"href":"https:\/\/fengchashop.com\/de\/wp-json\/wp\/v2\/product_brand?post=6101"},{"taxonomy":"product_cat","embeddable":true,"href":"https:\/\/fengchashop.com\/de\/wp-json\/wp\/v2\/product_cat?post=6101"},{"taxonomy":"product_tag","embeddable":true,"href":"https:\/\/fengchashop.com\/de\/wp-json\/wp\/v2\/product_tag?post=6101"}],"curies":[{"name":"wp","href":"https:\/\/api.w.org\/{rel}","templated":true}]}}