{"id":6090,"date":"2022-03-11T08:08:31","date_gmt":"2022-03-11T07:08:31","guid":{"rendered":"https:\/\/fengchashop.com\/de\/product\/zeolith-klinoptilolith-in-kapseln-240-kapseln\/"},"modified":"2026-04-18T19:36:45","modified_gmt":"2026-04-18T17:36:45","slug":"zeolith-klinoptilolith-in-kapseln","status":"publish","type":"product","link":"https:\/\/fengchashop.com\/de\/product\/zeolith-klinoptilolith-in-kapseln\/","title":{"rendered":"Zeolith Klinoptilolith in Kapseln 240 Kapseln"},"content":{"rendered":"<h2><span style=\"color: #000000;\">Zeolith Klinoptilolith<\/span><\/h2>\n<p><span style=\"color: #000000;\">Das vulkanische Gestein Zeolith ist eines der <strong>st\u00e4rksten nat\u00fcrlichen Entgiftungsmittel der Welt<\/strong>. Das nat\u00fcrliche Gesteinszeolith in Form des essbaren vulkanischen Minerals Klinoptilolith hilft, den K\u00f6rper <strong>von Umwelt- und Nahrungstoxinen<\/strong> zu <strong>reinigen<\/strong>.<\/span><\/p>\n<p><span style=\"color: #000000;\">Es entsteht bei gro\u00dfen Vulkanausbr\u00fcchen und hat die F\u00e4higkeit, <strong>Gifte, Pestizidr\u00fcckst\u00e4nde und Schwermetalle an sich zu binden<\/strong>. Es kann auch eine hervorragende Alternative zu bestimmten Medikamenten sein. Es gibt verschiedene Arten von Zeolithen, von denen die aktivierte kristalline Form <strong>Klinoptilolith<\/strong> die <strong>am meisten gesch\u00e4tzte und erforschte<\/strong> ist. Diese Kristalle enthalten lebenswichtige <strong>Mineralien<\/strong>: Natrium, Kalzium, Kalium, Magnesium, Eisen und andere Elemente.<\/span><\/p>\n<p><span style=\"color: #000000;\">Ihre besondere Eigenschaft beruht auf dem negativen Ionenaustausch. Der Zeolith Klinoptilolith <strong>wird zur Beseitigung von Giften und Schadstoffen verwendet<\/strong>, die uns unsere Energie rauben: Blei, Arsen, Kadmium, Nickel, Uran, Quecksilber, Ammoniak usw. Aber auch Arzneimittelr\u00fcckst\u00e4nde, krankheitserregende Bakterien und Viren.<\/span><\/p>\n<p><span style=\"color: #000000;\">Der Zeolith ist bereits durch ein spezielles Verfahren <strong>aktiviert<\/strong>. Es wird auf 250-400 Grad Celsius erhitzt. Anschlie\u00dfend wird es mehrmals mit Steinm\u00fchlen auf die gew\u00fcnschte K\u00f6rnung gemahlen. Das sind <strong>nur 5 \u00b5m<\/strong>. Dies ist deutlich kleiner als bei den meisten anderen Zeolithen auf dem Markt.<\/span><\/p>\n<h2><span style=\"color: #000000;\">Wirkung<\/span><\/h2>\n<p><span style=\"color: #000000;\">Es hat die bemerkenswerte F\u00e4higkeit, den K\u00f6rper zu reinigen und den gesamten Organismus wieder ins Gleichgewicht zu bringen:<\/span><\/p>\n<p><span style=\"color: #000000;\">\ud83d\udc9a\u00a0Steigerung der <strong>pers\u00f6nlichen Leistungsf\u00e4higkeit<\/strong> in Beruf und Sport <\/span><\/p>\n<p><span style=\"color: #000000;\">\ud83d\udc9a\u00a0St\u00e4rkung des <strong>Immunsystems<\/strong> und Schutz vor freien Radikalen<\/span><\/p>\n<p><span style=\"color: #000000;\"><strong>\ud83d\udc9a\u00a0Verbesserung der Energie<\/strong> und Beseitigung von Ersch\u00f6pfung<\/span><\/p>\n<p><span style=\"color: #000000;\"><strong>\ud83d\udc9a\u00a0Verj\u00fcngender Effekt<\/strong>: f\u00fcr eine klarere und sch\u00f6nere Haut<\/span><\/p>\n<p><span style=\"color: #000000;\">\ud83d\udc9a\u00a0Hilft bei <strong>Bluthochdruck<\/strong>, senkt den Cholesterin- und Blutzuckerspiegel<\/span><\/p>\n<p><span style=\"color: #000000;\">\ud83d\udc9a Hilft bei <strong>Leber-, Magen- und Darmerkrankungen<\/strong><\/span><\/p>\n<p><span style=\"color: #000000;\">\ud83d\udc9a Unterst\u00fctzt die <strong>Wundheilung<\/strong> und hilft bei Hautkrankheiten (Herpes)<\/span><\/p>\n<p><span style=\"color: #000000;\">\ud83d\udc9a Hilft bei <strong>Wechseljahrsbeschwerden <\/strong><\/span><\/p>\n<p><span style=\"color: #000000;\">\ud83d\udc9a Verhindert <strong>\u00dcbers\u00e4uerung<\/strong> und gleicht S\u00e4uren und Basen aus<\/span><\/p>\n<p><span style=\"color: #000000;\">\ud83d\udc9a Hilft bei den Nebenwirkungen von <strong>Chemotherapie<\/strong><\/span><\/p>\n<h2><span style=\"color: #000000;\">Warum unser Zeolith kaufen?<\/span><\/h2>\n<p><span style=\"color: #000000;\">\ud83d\udc9a Unser vulkanisches Mineralzeolith ist <strong>zu 100% nat\u00fcrlich und ohne k\u00fcnstliche Zusatzstoffe<\/strong>.\u00a0<\/span><\/p>\n<p><span style=\"color: #000000;\">\ud83d\udc9a Es ist bereits <strong>aktiviert <\/strong><\/span><\/p>\n<p><span style=\"color: #000000;\">\ud83d\udc9a Die K\u00f6rnung betr\u00e4gt nur<strong> 5\u00b5m. <\/strong><\/span><\/p>\n<p><span style=\"color: #000000;\">\ud83d\udc9a Wir bieten eine <strong>100%ige Zufriedenheitsgarantie<\/strong>.<\/span><\/p>\n<p><span style=\"color: #000000;\">\ud83d\udc9a Wir haben einen <strong>guten Preis<\/strong>, vor allem f\u00fcr die kg-Packung.<\/span><\/p>\n<p><span style=\"color: #000000;\">\ud83d\udc9a Das Produkt ist <strong>unbegrenzt haltbar<\/strong>.<\/span><\/p>\n<h2><span style=\"color: #000000;\">Verpackung<\/span><\/h2>\n<p><span style=\"color: #000000;\">Ein luftdichter, wiederverschlie\u00dfbarer Beutel, in dem das Produkt seine ganze Frische und sein Aroma bewahrt. Die Verpackung sch\u00fctzt vor Licht und Luft, da sie aus mehreren Schutzschichten besteht, die die Qualit\u00e4t des Inhalts bewahren.<\/span><\/p>\n<p><span style=\"color: #000000;\">Die Verpackung ist sehr praktisch und recycelbar.<\/span><\/p>\n<h2><span style=\"color: #000000;\">Lagerung und Warnungen<\/span><\/h2>\n<p><span style=\"color: #000000;\">An einem k\u00fchlen, trockenen Ort aufbewahren. Bewahren Sie das Nahrungserg\u00e4nzungsmittel au\u00dferhalb der Reichweite von Kindern auf!<\/span><\/p>\n<h2><span style=\"color: #000000;\">Herkunft<\/span><\/h2>\n<p><span style=\"color: #000000;\">EU<\/span><\/p>\n<h2><span style=\"color: #000000;\">Zertifikate:<\/span><\/h2>\n<p><span style=\"color: #000000;\">Wir verf\u00fcgen \u00fcber Schwermetallanalysen, radioaktive Analysen und andere notwendige chemische Analysen. Das Produkt ist nach all diesen Kriterien sicher.<\/span><\/p>\n<h2><span style=\"color: #000000;\">Ist der Zeolith aktiviert?<\/span><\/h2>\n<p><span style=\"color: #000000;\">Ja. Der Zeolith ist bereits aktiviert. Das hei\u00dft, Sie k\u00f6nnen es in Wasser mischen und sofort trinken. Unser Zeolith verf\u00fcgt au\u00dferdem \u00fcber ein spezielles Aktivierungsverfahren. Es wird auf 250 bis 400 Grad Celsius erhitzt. Anschlie\u00dfend wird es mehrmals mit Steinm\u00fchlen auf die gew\u00fcnschte K\u00f6rnung gemahlen. Das sind nur 5 \u00b5m. Dies ist deutlich kleiner als bei den meisten anderen Zeolithen auf dem Markt.<\/span><\/p>\n<h2><span style=\"color: #000000;\">Gibt es f\u00fcr Zeolith irgendwelche Zertifikate?<\/span><\/h2>\n<p><span style=\"color: #000000;\">Wir verf\u00fcgen \u00fcber <strong>Schwermetallanalysen, radioaktive Analysen und andere notwendige chemische Analysen<\/strong>. Das Produkt ist nach all diesen Kriterien sicher. Au\u00dferdem l\u00e4uft der Prozess, dass Zeolith die CE-Zertifizierung erh\u00e4lt. Das k\u00f6nnte schon in diesem Jahr geschehen.<\/span><\/p>\n","protected":false},"excerpt":{"rendered":"<p>Das vulkanische <strong>Mineral Zeolith-Klinoptilolith<\/strong> ist das st\u00e4rkste nat\u00fcrliche Entgiftungsmittel der Welt. Das Naturgestein Zeolith-Klinoptilolith hilft, den K\u00f6rper von Umwelt- und Nahrungstoxinen zu befreien. Durch den Verzehr dieses wertvollen Gesteins gewinnen wir Kraft f\u00fcr den Alltag, die <strong>berufliche Arbeit und den Sport<\/strong>.<\/p>\n<p>\ud83d\udc9a\u00a0Sie hat eine bemerkenswerte F\u00e4higkeit, den K\u00f6rper zu reinigen und das Gleichgewicht des gesamten Organismus wiederherzustellen.<br \/>\n\ud83d\udc9a\u00a0Steigert die pers\u00f6nliche Leistungsf\u00e4higkeit in Beruf und Sport.<br \/>\n\ud83d\udc9a\u00a0Es st\u00e4rkt das Immunsystem und sch\u00fctzt vor freien Radikalen.<br \/>\n\ud83d\udc9a\u00a0Es verbessert die Energie und beseitigt Ersch\u00f6pfung.<br \/>\n\ud83d\udc9a\u00a0Sie wirkt sich positiv auf eine Reihe von Gesundheitsproblemen aus.<\/p>\n","protected":false},"featured_media":6091,"comment_status":"open","ping_status":"closed","template":"","meta":{"_acf_changed":false},"product_brand":[],"product_cat":[15,225,224,226,229,227],"product_tag":[],"class_list":{"0":"post-6090","1":"product","2":"type-product","3":"status-publish","4":"has-post-thumbnail","6":"product_cat-uncategorized","7":"product_cat-alle-produkte","8":"product_cat-angebot","9":"product_cat-bestseller","10":"product_cat-wieder-auf-lager","11":"product_cat-zeolith","13":"first","14":"instock","15":"sale","16":"taxable","17":"shipping-taxable","18":"purchasable","19":"product-type-simple"},"acf":[],"_links":{"self":[{"href":"https:\/\/fengchashop.com\/de\/wp-json\/wp\/v2\/product\/6090","targetHints":{"allow":["GET"]}}],"collection":[{"href":"https:\/\/fengchashop.com\/de\/wp-json\/wp\/v2\/product"}],"about":[{"href":"https:\/\/fengchashop.com\/de\/wp-json\/wp\/v2\/types\/product"}],"replies":[{"embeddable":true,"href":"https:\/\/fengchashop.com\/de\/wp-json\/wp\/v2\/comments?post=6090"}],"wp:featuredmedia":[{"embeddable":true,"href":"https:\/\/fengchashop.com\/de\/wp-json\/wp\/v2\/media\/6091"}],"wp:attachment":[{"href":"https:\/\/fengchashop.com\/de\/wp-json\/wp\/v2\/media?parent=6090"}],"wp:term":[{"taxonomy":"product_brand","embeddable":true,"href":"https:\/\/fengchashop.com\/de\/wp-json\/wp\/v2\/product_brand?post=6090"},{"taxonomy":"product_cat","embeddable":true,"href":"https:\/\/fengchashop.com\/de\/wp-json\/wp\/v2\/product_cat?post=6090"},{"taxonomy":"product_tag","embeddable":true,"href":"https:\/\/fengchashop.com\/de\/wp-json\/wp\/v2\/product_tag?post=6090"}],"curies":[{"name":"wp","href":"https:\/\/api.w.org\/{rel}","templated":true}]}}