{"id":6087,"date":"2022-02-11T19:13:33","date_gmt":"2022-02-11T18:13:33","guid":{"rendered":"https:\/\/fengchashop.com\/de\/product\/trametes-coriolus-bio-eu-125-g\/"},"modified":"2026-04-18T01:56:34","modified_gmt":"2026-04-17T23:56:34","slug":"trametes-coriolus-bio-eu","status":"publish","type":"product","link":"https:\/\/fengchashop.com\/de\/product\/trametes-coriolus-bio-eu\/","title":{"rendered":"Coriolus BIO EU 125 g"},"content":{"rendered":"<h2><span style=\"color: #000000\">Coriolus bio<\/span><\/h2>\n<p><span style=\"color: #000000\"><strong>Coriolus<\/strong>\u00a0genannt, ist ein bekannter Heilpilz, der seit Jahrhunderten in der traditionellen chinesischen Medizin verwendet wird. Zusammen mit Ganoderma, Cordyceps und einigen anderen Pilzen ist er einer der <strong>bekanntesten Heilpilze<\/strong> in unserem Land. Seine pharmakologischen Wirkstoffe sind Gegenstand <strong>zahlreicher klinischer Studien<\/strong>. Coriolus ist ein weit verbreiteter und h\u00e4ufiger Holzpilz, der \u00fcberall auf der Welt auf morschem Holz w\u00e4chst.\u00a0<\/span><\/p>\n<p><span style=\"color: #000000\">Der Anbau unseres Heilpilzes Coriolus erfolgt unter strenger Kontrolle, ohne Einsatz von Chemikalien oder Pestiziden und zu <strong>100% biologisch<\/strong>. Die Qualit\u00e4t der Pilze wird regelm\u00e4\u00dfig von unabh\u00e4ngigen Laboratorien in Slowenien und den USA kontrolliert.<\/span><\/p>\n<p><span style=\"color: #000000\">Coriolus besteht aus einer Vielzahl von Polysacchariden, Vitaminen, Mineralsalzen und Antioxidantien. Au\u00dferdem enth\u00e4lt er eine Vielzahl von phenolischen und flavonoiden Antioxidantien, denen zahlreiche positive Wirkungen auf unseren K\u00f6rper zugeschrieben werden. Zwei wichtige <strong>Polysaccharid-Protein-Komplexe &#8211; PKS<\/strong> (Crestin oder Polysaccharid K) und das <strong>PSP<\/strong> (Polysaccharidpeptid), aus dem sie bestehen &#8211; sind nach wie vor Gegenstand zahlreicher Forschungsarbeiten. <\/span><\/p>\n<h2><span style=\"color: #000000\">Verpackung<\/span><\/h2>\n<p><span style=\"color: #000000\">Ein luftdichter, wiederverschlie\u00dfbarer Beutel, in dem das Produkt seine ganze Frische und sein Aroma bewahrt. Die Verpackung sch\u00fctzt vor Licht und Luft, da sie aus mehreren Schutzschichten besteht, die die Qualit\u00e4t des Inhalts bewahren.<\/span><\/p>\n<p><span style=\"color: #000000\">Die Verpackung ist sehr praktisch und recycelbar.<\/span><\/p>\n<h2><span style=\"color: #000000\">Herkunft<\/span><\/h2>\n<p><span style=\"color: #000000\">EU<\/span><\/p>\n","protected":false},"excerpt":{"rendered":"<p align=\"JUSTIFY\"><strong>Coriolus<\/strong>\u00a0genannt, ist ein bekannter Heilpilz, der seit Jahrhunderten in der traditionellen chinesischen Medizin verwendet wird. Zusammen mit Ganoderma, Cordyceps und einigen anderen Pilzen ist er einer der <strong>bekanntesten Heilpilze<\/strong> in unserem Land.<\/p>\n<p align=\"JUSTIFY\">\ud83d\udc9a Premium Qualit\u00e4t.<br \/>\n\ud83d\udc9a Nat\u00fcrliches Produkt.<br \/>\n\ud83d\udc9a \u00c4u\u00dferst effektiv.<br \/>\n\ud83d\udc9a Guter Preis.<\/p>\n","protected":false},"featured_media":6073,"comment_status":"open","ping_status":"closed","template":"","meta":{"_acf_changed":false},"product_brand":[],"product_cat":[15,225,224,226,228],"product_tag":[],"class_list":{"0":"post-6087","1":"product","2":"type-product","3":"status-publish","4":"has-post-thumbnail","6":"product_cat-uncategorized","7":"product_cat-alle-produkte","8":"product_cat-angebot","9":"product_cat-bestseller","10":"product_cat-heilpilze","12":"first","13":"instock","14":"taxable","15":"shipping-taxable","16":"purchasable","17":"product-type-simple"},"acf":[],"_links":{"self":[{"href":"https:\/\/fengchashop.com\/de\/wp-json\/wp\/v2\/product\/6087","targetHints":{"allow":["GET"]}}],"collection":[{"href":"https:\/\/fengchashop.com\/de\/wp-json\/wp\/v2\/product"}],"about":[{"href":"https:\/\/fengchashop.com\/de\/wp-json\/wp\/v2\/types\/product"}],"replies":[{"embeddable":true,"href":"https:\/\/fengchashop.com\/de\/wp-json\/wp\/v2\/comments?post=6087"}],"wp:featuredmedia":[{"embeddable":true,"href":"https:\/\/fengchashop.com\/de\/wp-json\/wp\/v2\/media\/6073"}],"wp:attachment":[{"href":"https:\/\/fengchashop.com\/de\/wp-json\/wp\/v2\/media?parent=6087"}],"wp:term":[{"taxonomy":"product_brand","embeddable":true,"href":"https:\/\/fengchashop.com\/de\/wp-json\/wp\/v2\/product_brand?post=6087"},{"taxonomy":"product_cat","embeddable":true,"href":"https:\/\/fengchashop.com\/de\/wp-json\/wp\/v2\/product_cat?post=6087"},{"taxonomy":"product_tag","embeddable":true,"href":"https:\/\/fengchashop.com\/de\/wp-json\/wp\/v2\/product_tag?post=6087"}],"curies":[{"name":"wp","href":"https:\/\/api.w.org\/{rel}","templated":true}]}}