{"id":6086,"date":"2022-02-11T18:42:21","date_gmt":"2022-02-11T17:42:21","guid":{"rendered":"https:\/\/fengchashop.com\/de\/product\/hericium-erinaceus-bio-eu-herkunft-125-g\/"},"modified":"2026-04-16T21:13:44","modified_gmt":"2026-04-16T19:13:44","slug":"hericium-erinaceus-bio-eu-herkunft","status":"publish","type":"product","link":"https:\/\/fengchashop.com\/de\/product\/hericium-erinaceus-bio-eu-herkunft\/","title":{"rendered":"Hericium erinaceus BIO EU Herkunft 125 g"},"content":{"rendered":"<h2><span style=\"color: #000000\">Hericium erinaceus<\/span><\/h2>\n<p><span style=\"color: #000000\">Hericium erinaceus ist ein \u00e4u\u00dferst schmackhafter und hoch gesch\u00e4tzter Speise- und Heilpilz. Er w\u00e4chst auf dem Holz umgest\u00fcrzter B\u00e4ume, haupts\u00e4chlich auf der Nordhalbkugel (Europa, Ostasien, Nordamerika). Er hat eine charakteristische Form und Textur, die an einen Bart oder auch an eine L\u00f6wenm\u00e4hne erinnert. Es wird in der traditionellen Medizin wegen seiner Wirkung hoch gesch\u00e4tzt und als \u201c<strong>Nat\u00fcrliche Nahrung f\u00fcr Neuronen<\/strong>\u201d bezeichnet. Sie ist daher auch f\u00fcr ein geschw\u00e4chtes Nervensystem geeignet. Der regelm\u00e4\u00dfige Verzehr wirkt sich positiv auf das Nervensystem aus und hilft bei der Vorbeugung und Behandlung von Demenz und Multipler Sklerose. Seine positiven Eigenschaften spiegeln sich auch in seiner Wirkung gegen zwei immer h\u00e4ufiger auftretende moderne Krankheiten wider, n\u00e4mlich Depressionen und Angstzust\u00e4nde.<\/span><\/p>\n<p><span style=\"color: #000000\">Hericium erinaceus hat eine <strong>lange Tradition<\/strong> in der traditionellen chinesischen Medizin und ist ein hoch <strong>gesch\u00e4tzter Pilz<\/strong>.<\/span><\/p>\n<p><span style=\"color: #000000\">In Pulverform enth\u00e4lt Hericium erinaceus viele N\u00e4hrstoffe. In dieser Form kann unser K\u00f6rper sie verwerten. Seine positiven Wirkungen sind auch wissenschaftlich erwiesen<strong>\u00a0<\/strong><\/span><\/p>\n<p><span style=\"color: #000000\">Die Produktion unseres Hericum erinaceus ist streng kontrolliert, ohne Verwendung von Chemikalien oder Pestiziden und 100% biologisch. Die Qualit\u00e4t der Pilze wird regelm\u00e4\u00dfig von unabh\u00e4ngigen Labors in Slowenien und den USA kontrolliert.<\/span><\/p>\n<p><span style=\"color: #000000\">Viele positive Wirkstoffe sind:<\/span><\/p>\n<p><span style=\"color: #000000\">\u00a0\ud83d\udc9a Antioxidationsmittel,<\/span><\/p>\n<p><span style=\"color: #000000\">\u00a0\ud83d\udc9a hilft bei Depressionen und Angstzust\u00e4nden,<\/span><\/p>\n<p><span style=\"color: #000000\">\u00a0\ud83d\udc9a verbessert den Schlaf,<\/span><\/p>\n<p><span style=\"color: #000000\">\u00a0\ud83d\udc9a verbessert die Ged\u00e4chtnisfunktion,<\/span><\/p>\n<p><span style=\"color: #000000\">\u00a0\ud83d\udc9a stimuliert das Immunsystem,<\/span><\/p>\n<p><span style=\"color: #000000\">\u00a0\ud83d\udc9a wirkt sich positiv auf das gesamte Nervensystem aus und f\u00f6rdert dessen Regeneration,<\/span><\/p>\n<p><span style=\"color: #000000\">\u00a0\ud83d\udc9a hilft und beugt Herz-Kreislauf-Erkrankungen vor,<\/span><\/p>\n<p><span style=\"color: #000000\">\u00a0\ud83d\udc9a hat antibakterielle Eigenschaften.<\/span><\/p>\n<h2><span style=\"color: #000000\">Was enth\u00e4lt sie und f\u00fcr wen ist sie geeignet?<\/span><\/h2>\n<p><span style=\"color: #000000\">Zu den aktiven Bestandteilen des Pilzes Hericum erinaceus \u0161geh\u00f6ren pilzspezifische<strong>&amp;nbsp&amp;nbspBetaglucane<\/strong>. Das sogenannte HEP3 geh\u00f6rt zu den pharmakologisch interessanteren 1-3D-Beta-Glucanen. <strong>Polysaccharide und Polypeptide<\/strong> sind ebenfalls im Pilz enthalten, ebenso wie <strong>\u00a0Phytosterine<\/strong> wie Beta-Sitosterol und Ergosterol, <strong>essentielle Mineralien und Spurenelemente<\/strong> (Zn, Fe, Se, Ge, etc.), <strong>Niacin<\/strong>, <strong>Biotin<\/strong> und <strong>Vitamin D<\/strong>.<\/span><\/p>\n<p><span style=\"color: #000000\">Aufgrund seiner hochwertigen Aminos\u00e4urenzusammensetzung hat er im Vergleich zu anderen Speisepilzen (\u0161ampignon Pilze, Austernpilze und \u0161itake Pilze) die h\u00f6chste biologische Wertigkeit und ist daher ein guter Fleischersatz bei vegetarischer Ern\u00e4hrung.<\/span><\/p>\n<p><span style=\"color: #000000\">Alle Elemente in Pilzen sind in gro\u00dfen Mengen vorhanden und haben eine sehr positive Wirkung auf unseren K\u00f6rper. Die Einnahme von Hericium erinaceus wird vor allem denjenigen empfohlen, die Unterst\u00fctzung f\u00fcr die Funktion des Nervensystems und des Gehirns ben\u00f6tigen. Wissenschaftlichen Erkenntnissen zufolge ist es auch hervorragend f\u00fcr Symptome von Depressionen und Angstzust\u00e4nden geeignet. Es wird auch h\u00e4ufig zur St\u00e4rkung des Immunsystems verwendet.<\/span><\/p>\n<p><span style=\"color: #000000\">Und was hier sehr wichtig ist, ist, dass Hericium erinaceus ein <strong>100% nat\u00fcrliches Produkt<\/strong> ist, das uns auf nat\u00fcrliche Weise helfen kann. Es verbessert die Symptome unserer Probleme und wirkt sich positiv auf unser allgemeines Wohlbefinden aus.<\/span><\/p>\n<h2><span style=\"color: #000000\">Warum Pilze?<\/span><\/h2>\n<p><span style=\"color: #000000\">Pilze sind unglaublich interessant. Sie sind weder Pflanzen noch Tiere, sondern ganz erstaunliche Organismen, die es geschafft haben, fast seit Anbeginn der Welt zu \u00fcberleben. Sie haben eine besondere \u00dcberlebensstrategie entwickelt, die sie bis heute beibehalten haben. Durch den Verzehr von Heilpilzen kann auch der Mensch von diesen Vorteilen profitieren. Sie bringen uns auf k\u00f6rperlicher Ebene ins Gleichgewicht und sch\u00fctzen uns vor vielen Krankheiten. Sie k\u00f6nnen pr\u00e4ventiv wirken, aber auch neben konventionellen oder anderen nicht-konventionellen Behandlungen unterst\u00fctzend und heilend f\u00fcr viele (moderne) Krankheiten eingesetzt werden. Traditionell werden Pilzen diverse Wirkungen bei Krebs, Autoimmunkrankheiten und Allergien zugeschrieben. Sie beg\u00fcnstigen auch eine gesunde und starke Immunantwort. Die medizinische Forschung der letzten Jahrzehnte, in denen die Pilze in der westlichen Welt an Bedeutung gewonnen haben, hat schon viele ihrer therapeutischen Wirkungen best\u00e4tigt.<\/span><\/p>\n<p><span style=\"color: #000000\">Da bestimmte nat\u00fcrliche Wirkstoffe f\u00fcr uns unverdaulich oder nur schwer verdaulich sind, ist es ausgesprochen wichtig, nur die besten Pilzpulver zu sich zu nehmen. Pilze m\u00fcssen ordnungsgem\u00e4\u00df angebaut, getrocknet und zubereitet werden. Sie m\u00fcssen zu einem feinen, klumpfreien Pulver gemahlen werden. Die Farbe des Pulvers ist heller, aber das h\u00e4ngt auch von der Art der Pilze ab. Da Pilze gerade deshalb so wirksam sind, weil sie die F\u00e4higkeit haben, alles &#8211; Gutes und auch Schlechtes &#8211; aus ihrer Umwelt aufzunehmen, ist es wichtig, biologische Pilze zu verwenden.<\/span><\/p>\n<h2><span style=\"color: #000000\">Verpackung<\/span><\/h2>\n<p><span style=\"color: #000000\">Ein luftdichter, wiederverschlie\u00dfbarer Beutel, in dem das Produkt seine ganze Frische und sein Aroma bewahrt. Die Verpackung sch\u00fctzt vor Licht und Luft, da sie aus mehreren Schutzschichten besteht, die die Qualit\u00e4t des Inhalts bewahren.<\/span><\/p>\n<p><span style=\"color: #000000\">Die Verpackung ist sehr praktisch und recycelbar.<\/span><\/p>\n<h2><span style=\"color: #000000\">Lagerung und Warnungen<\/span><\/h2>\n<p><span style=\"color: #000000\">An einem k\u00fchlen, trockenen Ort aufbewahren. Bewahren Sie das Nahrungserg\u00e4nzungsmittel au\u00dferhalb der Reichweite von Kindern auf!<\/span><\/p>\n<p><span style=\"color: #000000\">Denken Sie daran, wie wichtig eine abwechslungsreiche Ern\u00e4hrung und eine gesunde Lebensweise sind; ein Nahrungserg\u00e4nzungsmittel ist kein Ersatz f\u00fcr eine ausgewogene und abwechslungsreiche Ern\u00e4hrung. Die empfohlene Tagesmenge oder Dosis sollte nicht \u00fcberschritten werden. Schwangeren und stillenden Frauen wird immer empfohlen, vor der Anwendung einen Arzt zu konsultieren.<\/span><\/p>\n<h2><span style=\"color: #000000\">Gut zu wissen<\/span><\/h2>\n<p><span style=\"color: #000000\">Das Produkt ist auch f\u00fcr Tiere geeignet. In den meisten F\u00e4llen erweisen sich Heilpilze als \u00e4u\u00dferst wirksam zur St\u00e4rkung des Immunsystems, zur Behandlung von Allergien und Hautkrankheiten sowie von viralen und bakteriellen Infektionen. Bitte konsultieren Sie vor der Anwendung unbedingt Ihren Tierarzt, um die Zweckm\u00e4\u00dfigkeit der Verabreichung und die empfohlene Tagesmenge zu bestimmen.<\/span><\/p>\n<h2><span style=\"color: #000000\">Herkunft<\/span><\/h2>\n<p><span style=\"color: #000000\">EU<\/span><\/p>\n","protected":false},"excerpt":{"rendered":"<p><strong>Hericium erinaceus<\/strong> ist ein \u00e4u\u00dferst schmackhafter und hoch gesch\u00e4tzter Speise- und Heilpilz. Es wird in der traditionellen Medizin wegen seiner Wirkung hoch gesch\u00e4tzt und als <strong>\u201cnat\u00fcrliche Nahrung f\u00fcr die Neuronen<\/strong> bezeichnet. Es ist daher auch f\u00fcr das <strong>geschw\u00e4chte Nervensystem<\/strong> geeignet.<\/p>\n<p>\ud83d\udc9a Antioxidationsmittel.<br \/>\n\ud83d\udc9a Hilft bei Depressionen und Angstzust\u00e4nden.<br \/>\n\ud83d\udc9a Verbessert die Ged\u00e4chtnisfunktion.<br \/>\n\ud83d\udc9a Stimuliert die Funktion des Immunsystems.<br \/>\n\ud83d\udc9a Es hat eine positive Wirkung auf das gesamte Nervensystem.<\/p>\n","protected":false},"featured_media":5945,"comment_status":"open","ping_status":"closed","template":"","meta":{"_acf_changed":false},"product_brand":[],"product_cat":[15,225,224,226,228],"product_tag":[],"class_list":{"0":"post-6086","1":"product","2":"type-product","3":"status-publish","4":"has-post-thumbnail","6":"product_cat-uncategorized","7":"product_cat-alle-produkte","8":"product_cat-angebot","9":"product_cat-bestseller","10":"product_cat-heilpilze","12":"first","13":"instock","14":"sale","15":"taxable","16":"shipping-taxable","17":"purchasable","18":"product-type-simple"},"acf":[],"_links":{"self":[{"href":"https:\/\/fengchashop.com\/de\/wp-json\/wp\/v2\/product\/6086","targetHints":{"allow":["GET"]}}],"collection":[{"href":"https:\/\/fengchashop.com\/de\/wp-json\/wp\/v2\/product"}],"about":[{"href":"https:\/\/fengchashop.com\/de\/wp-json\/wp\/v2\/types\/product"}],"replies":[{"embeddable":true,"href":"https:\/\/fengchashop.com\/de\/wp-json\/wp\/v2\/comments?post=6086"}],"wp:featuredmedia":[{"embeddable":true,"href":"https:\/\/fengchashop.com\/de\/wp-json\/wp\/v2\/media\/5945"}],"wp:attachment":[{"href":"https:\/\/fengchashop.com\/de\/wp-json\/wp\/v2\/media?parent=6086"}],"wp:term":[{"taxonomy":"product_brand","embeddable":true,"href":"https:\/\/fengchashop.com\/de\/wp-json\/wp\/v2\/product_brand?post=6086"},{"taxonomy":"product_cat","embeddable":true,"href":"https:\/\/fengchashop.com\/de\/wp-json\/wp\/v2\/product_cat?post=6086"},{"taxonomy":"product_tag","embeddable":true,"href":"https:\/\/fengchashop.com\/de\/wp-json\/wp\/v2\/product_tag?post=6086"}],"curies":[{"name":"wp","href":"https:\/\/api.w.org\/{rel}","templated":true}]}}