{"id":5866,"date":"2022-02-11T18:26:27","date_gmt":"2022-02-11T17:26:27","guid":{"rendered":"https:\/\/fengchashop.com\/de\/product\/heilpilz-cordyceps-raupenpilz-bio-125-g\/"},"modified":"2026-04-14T19:29:37","modified_gmt":"2026-04-14T17:29:37","slug":"heilpilz-cordyceps-raupenpilz-bio-eu","status":"publish","type":"product","link":"https:\/\/fengchashop.com\/de\/product\/heilpilz-cordyceps-raupenpilz-bio-eu\/","title":{"rendered":"Heilpilz Cordyceps (Raupenpilz) BIO EU 125 g"},"content":{"rendered":"<h2><span style=\"color: #000000\">Heilpilz Cordyceps (Raupenpilz)<\/span><\/h2>\n<p><span style=\"color: #000000\">Der Pilz Cordyceps ist schon seit Jahrtausenden in der Traditionellen Medizin bekannt und w\u00e4chst spontan in Hochgebirgen. Dies ist ein Nahrungserg\u00e4nzungsmittel, das aufgrund seiner F\u00e4higkeiten den K\u00f6rper zu beleben und das Immunsystem zu st\u00e4rken, sehr bekannt ist. Der urspr\u00fcngliche Preis dieses Pilzes, der wild im Hochgebirge w\u00e4chst, kann auch bis zu 50.000 \u20ac f\u00fcr 1 kg kosten.<\/span><br \/>\n<span style=\"color: #000000\">Der Cordyceps besteht haupts\u00e4chlich aus Fett, Eiwei\u00df, Spurenelementen, Vitaminen und Polysacchariden. Alle Elemente sind im Pilz in gro\u00dfen Mengen vorhanden und haben eine sehr positive Wirkung auf unseren K\u00f6rper.<\/span><br \/>\n<span style=\"color: #000000\">Es ist sehr schwierig diesen Pilz zu z\u00fcchten, vor allem in Europa. Jedoch sind wir sehr stolz darauf, dass es uns gelungen ist, diesen Pilz in geschlossenen und kontrollierten R\u00e4umen, ohne Verwendung von Chemikalien, zu z\u00fcchten. Der Pilz ist vollst\u00e4ndig naturrein und 100% organisch. Unser Cordyceps ist einer der hochwertigsten, den Sie auf dem Markt finden k\u00f6nnen.<\/span><br \/>\n<span style=\"color: #000000\">In Form von Staub enth\u00e4lt der Cordyceps viele nahrhafte Inhaltsstoffe, dessen Wirkungen auch wissenschaftlich bewiesen wurden. Studien, die in verschiedenen L\u00e4ndern weltweit durchgef\u00fchrt wurden, haben die zahlreichen n\u00fctzlichen Wirkungen bei einer regelm\u00e4\u00dfigen Einnahme des Crodyceps bewiesen.<\/span><\/p>\n<p><span style=\"color: #000000\">Heilwirkungen des Cordyceps (es handelt sich um wohltuende Wirkungen, die auch die Traditionelle Medizin anerkennt und auch in modernen Forschungen bewiesen wurden):<\/span><\/p>\n<p><span style=\"color: #000000\">\ud83d\udc9a regt das Immunsystem an<\/span><\/p>\n<p><span style=\"color: #000000\">\ud83d\udc9a verbessert die k\u00f6rperliche Leistungsf\u00e4higkeit<\/span><\/p>\n<p><span style=\"color: #000000\">\ud83d\udc9a erh\u00f6ht die K\u00f6rperenergie<\/span><\/p>\n<p><span style=\"color: #000000\">\ud83d\udc9a hat eine Anti-Stress-Wirkung<\/span><\/p>\n<p><span style=\"color: #000000\">\ud83d\udc9a erh\u00f6ht die sexuelle Aktivit\u00e4t<\/span><\/p>\n<p><span style=\"color: #000000\">\ud83d\udc9a hilft bei hohem HDL Cholesterin, \u00dcbergewicht und Diabetes<\/span><\/p>\n<p><span style=\"color: #000000\">\ud83d\udc9a hat die Funktion, das Herz und das Gef\u00e4\u00dfsystem gesund zu erhalten.<\/span><\/p>\n<p>&nbsp;<\/p>\n<p><span style=\"color: #000000\">Cordyceps<strong> gilt als die umfassendste ern\u00e4hrungswissenschaftliche Entdeckung des Jahrtausends.<\/strong> Er stellt die Energie und das Immunsystem wieder her und beugt dem Ausbruch von (degenerativen) Krankheiten vor. Manchmal auch als Superoxidant bezeichnet, erh\u00f6ht es den Sauerstoffgehalt im Blut, stellt den K\u00f6rper wieder her und beugt \u00dcbers\u00e4uerung vor.<\/span><\/p>\n<p><span style=\"color: #000000\">Pilz ist sehr schwierig zu z\u00fcchten, vor allem in Europa, aber wir sind stolz darauf, sie gez\u00fcchtet zu haben. Unser\u0161 Cordyceps wird in Slowenien angebaut, in geschlossenen und kontrollierten R\u00e4umen ohne Verwendung von Chemikalien. <strong>Es ist eines der hochwertigsten, das Sie heute auf dem Markt finden k\u00f6nnen.<\/strong><\/span><\/p>\n<p><span style=\"color: #000000\">Cordyceps ist ein parasit\u00e4rer Pilz, der in der freien Natur als Parasit auf Insekten, meist Raupen, w\u00e4chst, daher auch sein englischer Name Caterpillar Fungus. Unsere Zuchtpilze werden nicht auf tierischen Wirten gez\u00fcchtet und sind daher auch f\u00fcr Vegetarier oder Veganer geeignet.<\/span><\/p>\n<p><span style=\"color: #000000\">Die Produktion unserer Cordyceps-Pilze ist streng kontrolliert, ohne den Einsatz von Chemikalien oder Pestiziden und <strong>100% biologisch<\/strong>. Die Qualit\u00e4t der Pilze wird regelm\u00e4\u00dfig von unabh\u00e4ngigen Labors in Slowenien und den USA kontrolliert.<\/span><\/p>\n<h2><span style=\"color: #000000\">Was enth\u00e4lt sie und f\u00fcr wen ist sie geeignet?<\/span><\/h2>\n<p><span style=\"color: #000000\">Cordyceps besteht aus komplexen Lipiden, Proteinen, Oligoelementen, Polysacchariden und Vitaminen. Alle Elemente des Pilzes sind in gro\u00dfen Mengen vorhanden und haben eine sehr positive Wirkung auf unseren K\u00f6rper. Es enth\u00e4lt auch <strong>Mineralien<\/strong> wie Zink und Selen, sowie 77 <strong>Mikro- und Makroelemente<\/strong> und <strong>einzigartige Substanzen<\/strong> wie Cordycepin (Adenosin), Cordycepins\u00e4ure (D-Mannitol) und ein immunmodulatorisches Polysaccharid (Beta-D-Glucan).<\/span><\/p>\n<p><span style=\"color: #000000\">In Pulverform enth\u00e4lt der Cordyceps viele N\u00e4hrstoffe, deren positive Wirkung auch wissenschaftlich nachgewiesen ist. In verschiedenen L\u00e4ndern der Welt wurden zahlreiche positive Auswirkungen des regelm\u00e4\u00dfigen Verzehrs von Cordyceps beobachtet. Die medizinischen Wirkungen des Cordyceps, die tats\u00e4chlich von der traditionellen Medizin anerkannt sind und auch in der modernen Forschung nachgewiesen wurden, sind also folgende:<\/span><\/p>\n<p><span style=\"color: #000000\">\ud83d\udc9a stimuliert das <strong>Immunsystem<\/strong>,<\/span><\/p>\n<p><span style=\"color: #000000\">\ud83d\udc9a verbessert<strong>\u00a0die k\u00f6rperliche Verfassung<\/strong>,<\/span><\/p>\n<p><span style=\"color: #000000\">\ud83d\udc9a erh\u00f6ht<strong>\u00a0die K\u00f6rperenergie<\/strong>,<\/span><\/p>\n<p><span style=\"color: #000000\">\ud83d\udc9a hat eine <strong>Anti-Stress<\/strong> Wirkung,<\/span><\/p>\n<p><span style=\"color: #000000\">\ud83d\udc9a erh\u00f6ht<strong>\u00a0die sexuelle Aktivit\u00e4t<\/strong>,<\/span><\/p>\n<p><span style=\"color: #000000\">\ud83d\udc9a hilft bei hohem HDL<strong>Cholesterin, \u00dcbergewicht und Diabetes<\/strong>,<\/span><\/p>\n<p><span style=\"color: #000000\">\ud83d\udc9ahat die Funktion,<strong>\u00a0ein gesundes Herz und Gef\u00e4\u00dfsystem<\/strong> zu erhalten.<\/span><\/p>\n<p><span style=\"color: #000000\">Es wird auch bei erh\u00f6hter M\u00fcdigkeit, Energiemangel und Stress empfohlen. Es ist auch ein Hilfsmittel zur<strong>\u00a0Steigerung der sexuellen Kraft und St\u00e4rkung von K\u00f6rper und Geist<\/strong>. Es hilft uns, erfolgreich mit Stress umzugehen, der meist durch die Herausforderungen des Alltags verursacht wird. Es wird auch h\u00e4ufig f\u00fcr <strong>Diabetiker, Krebspatienten und Patienten mit Herz-Kreislauf-Erkrankungen,<\/strong> einschlie\u00dflich Herzinsuffizienz und Herzrhythmusst\u00f6rungen empfohlen. Der Cordyceps wirkt sich auch positiv auf die Atemwege aus und hilft bei Atemwegserkrankungen wie Asthma. Seine antiviralen Eigenschaften wirken sich auf Virusinfektionen wie die Grippe aus.<\/span><\/p>\n<p><span style=\"color: #000000\">Und was hier sehr wichtig ist, ist, dass Cordyceps ein 100% nat\u00fcrliches Produkt ist, das uns auf nat\u00fcrliche Weise helfen kann. Es verbessert die Symptome unserer Probleme und wirkt sich positiv auf unser allgemeines Wohlbefinden aus.<\/span><\/p>\n<h2><span style=\"color: #000000\">Warum Pilze?<\/span><\/h2>\n<p><span style=\"color: #000000\">Pilze sind sehr interessant. Sie sind weder Pflanzen noch Tiere, aber was sie sind, sind sicherlich erstaunliche Organismen, die es geschafft haben, fast seit Anbeginn der Welt zu \u00fcberleben. Sie haben eine besondere \u00dcberlebensstrategie entwickelt, die ihnen bis heute erhalten geblieben ist. Und auch wir Menschen k\u00f6nnen durch den Verzehr von Heilpilzen von diesen Vorteilen profitieren. Sie bringen uns auf k\u00f6rperlicher Ebene ins Gleichgewicht und sch\u00fctzen uns vor einer Vielzahl von Krankheiten. Sie k\u00f6nnen eine pr\u00e4ventive oder unterst\u00fctzende Heilbehandlung f\u00fcr konventionelle oder andere unkonventionelle Behandlungen f\u00fcr viele (moderne) Krankheiten sein. Traditionell werden Pilzen Wirkungen bei Krebs, Autoimmunerkrankungen und Allergien zugeschrieben. Sie sind auch gut f\u00fcr ein gesundes und starkes Immunsystem. Die medizinische Forschung der letzten Jahrzehnte, in denen Pilze in der westlichen Welt an Bedeutung gewonnen haben, hat jedoch viele ihrer therapeutischen Wirkungen best\u00e4tigt.<\/span><\/p>\n<p><span style=\"color: #000000\">Wenn bestimmte nat\u00fcrliche Wirkstoffe f\u00fcr uns unverdaulich oder schwer verdaulich sind, ist es sehr wichtig, nur die besten Pilzpulver zu konsumieren. Champignons m\u00fcssen ordnungsgem\u00e4\u00df angebaut, getrocknet und zubereitet werden. Sie m\u00fcssen zu einem feinen Pulver ohne St\u00fccke gemahlen werden. Da Pilze gerade deshalb so wirksam sind, weil sie die F\u00e4higkeit haben, alles &#8211; Gutes und Schlechtes &#8211; aus der Umwelt aufzunehmen, ist es wichtig, sich f\u00fcr Bio-Pilze zu entscheiden.<\/span><\/p>\n<h2><span style=\"color: #000000\">Verpackung<\/span><\/h2>\n<p><span style=\"color: #000000\">In einem Beutel mit Rei\u00dfverschluss, in dem das Produkt seine ganze Frische und sein Aroma bewahrt. Die Verpackung ist vor Licht und Luft gesch\u00fctzt, da sie aus mehreren Verpackungsschichten besteht, um die Eigenschaften des Inhalts zu erhalten.<\/span><\/p>\n<p><span style=\"color: #000000\">Die Verpackung ist sehr praktisch und recycelbar.<\/span><\/p>\n<h2><span style=\"color: #000000\">Speicherung und Warnungen<\/span><\/h2>\n<p><span style=\"color: #000000\">An einem k\u00fchlen, trockenen Ort aufbewahren. Bewahren Sie das Nahrungserg\u00e4nzungsmittel au\u00dferhalb der Reichweite von Kindern auf!<\/span><\/p>\n<p><span style=\"color: #000000\">Erinnern Sie sich an die Bedeutung einer abwechslungsreichen Ern\u00e4hrung und einer gesunden Lebensweise, ein Nahrungserg\u00e4nzungsmittel ist daher kein Ersatz f\u00fcr eine ausgewogene und abwechslungsreiche Ern\u00e4hrung. Die empfohlene Tagesmenge oder Dosis sollte nicht \u00fcberschritten werden. Schwangeren Frauen und stillenden M\u00fcttern wird immer empfohlen, vor der Anwendung einen Arzt zu konsultieren.<\/span><\/p>\n<p><span style=\"color: #000000\">Von der Anwendung bei Kindern und Personen, die mit gerinnungshemmenden Mitteln behandelt werden, sowie bei Personen, die immununterdr\u00fcckende Medikamente einnehmen, wird abgeraten.<\/span><\/p>\n<h2><span style=\"color: #000000\">Gut zu wissen<\/span><\/h2>\n<p><span style=\"color: #000000\">Das Produkt ist auch f\u00fcr Tiere geeignet. In den meisten F\u00e4llen erweisen sich Heilpilze als \u00e4u\u00dferst wirksam bei der St\u00e4rkung des Immunsystems, der Beseitigung von Allergien und Hauterkrankungen sowie von viralen und bakteriellen Infektionen. Bitte konsultieren Sie vor der Anwendung Ihren Tierarzt, um die Zweckm\u00e4\u00dfigkeit der Anwendung und die empfohlene Tagesmenge zu bestimmen.<\/span><\/p>\n<h2><span style=\"color: #000000\">Herkunft<\/span><\/h2>\n<p><span style=\"color: #000000\">EU<\/span><\/p>\n","protected":false},"excerpt":{"rendered":"<p>Der Cordyceps-Pilz ist in der <strong>Traditionellen Medizin seit Tausenden von Jahren<\/strong> bekannt und wird dank seiner positiven Eigenschaften schon mindestens so lange f\u00fcr medizinische Zwecke verwendet. Der Pilz w\u00e4chst spontan in Hochgebirgsregionen und ist ein Nahrungserg\u00e4nzungsmittel, das f\u00fcr seine <strong>F\u00e4higkeit, den K\u00f6rper zu revitalisieren<\/strong> und <strong>das Immunsystem zu st\u00e4rken<\/strong>, bekannt ist.<\/p>\n<p>\ud83d\udc9a Stimuliert das Immunsystem.<br \/>\n\ud83d\udc9a Verbessert die k\u00f6rperliche Kondition.<br \/>\n\ud83d\udc9a Erh\u00f6ht die Energie des K\u00f6rpers.<br \/>\n\ud83d\udc9a Hat eine Anti-Stress-Wirkung.<br \/>\n\ud83d\udc9a Wirkt sich positiv auf eine Reihe von Gesundheitsproblemen aus.<\/p>\n","protected":false},"featured_media":5867,"comment_status":"open","ping_status":"closed","template":"","meta":{"_acf_changed":false},"product_brand":[],"product_cat":[15,225,224,226,228],"product_tag":[],"class_list":{"0":"post-5866","1":"product","2":"type-product","3":"status-publish","4":"has-post-thumbnail","6":"product_cat-uncategorized","7":"product_cat-alle-produkte","8":"product_cat-angebot","9":"product_cat-bestseller","10":"product_cat-heilpilze","12":"first","13":"instock","14":"sale","15":"taxable","16":"shipping-taxable","17":"purchasable","18":"product-type-simple"},"acf":[],"_links":{"self":[{"href":"https:\/\/fengchashop.com\/de\/wp-json\/wp\/v2\/product\/5866","targetHints":{"allow":["GET"]}}],"collection":[{"href":"https:\/\/fengchashop.com\/de\/wp-json\/wp\/v2\/product"}],"about":[{"href":"https:\/\/fengchashop.com\/de\/wp-json\/wp\/v2\/types\/product"}],"replies":[{"embeddable":true,"href":"https:\/\/fengchashop.com\/de\/wp-json\/wp\/v2\/comments?post=5866"}],"wp:featuredmedia":[{"embeddable":true,"href":"https:\/\/fengchashop.com\/de\/wp-json\/wp\/v2\/media\/5867"}],"wp:attachment":[{"href":"https:\/\/fengchashop.com\/de\/wp-json\/wp\/v2\/media?parent=5866"}],"wp:term":[{"taxonomy":"product_brand","embeddable":true,"href":"https:\/\/fengchashop.com\/de\/wp-json\/wp\/v2\/product_brand?post=5866"},{"taxonomy":"product_cat","embeddable":true,"href":"https:\/\/fengchashop.com\/de\/wp-json\/wp\/v2\/product_cat?post=5866"},{"taxonomy":"product_tag","embeddable":true,"href":"https:\/\/fengchashop.com\/de\/wp-json\/wp\/v2\/product_tag?post=5866"}],"curies":[{"name":"wp","href":"https:\/\/api.w.org\/{rel}","templated":true}]}}