{"id":3995,"date":"2025-03-11T17:45:54","date_gmt":"2025-03-11T16:45:54","guid":{"rendered":"https:\/\/test-fengcha.dweb.si\/?page_id=3995"},"modified":"2025-08-12T17:14:48","modified_gmt":"2025-08-12T15:14:48","slug":"grosshandel","status":"publish","type":"page","link":"https:\/\/fengchashop.com\/de\/grosshandel\/","title":{"rendered":"Gro\u00dfhandel"},"content":{"rendered":"<div class=\"wpb-content-wrapper\"><p>[vc_row][vc_column][vc_row_inner][vc_column_inner][vc_column_text css=&#8220;&#8220;]<\/p>\r\n<h1 class=\"wp-block-heading\">Wir bieten die M\u00f6glichkeit, Qualit\u00e4tsprodukte aus den Kategorien Nahrungserg\u00e4nzungsmittel, Tees, Gew\u00fcrze, Superfoods, Kaffee und Kakao geliefert zu bekommen:<\/h1>\r\n\r\n<p>&nbsp;<\/p>\r\n\r\n<ul class=\"wp-block-list\">\r\n<li>f\u00fcr den Lebensmittelhandel,<\/li>\r\n<li>f\u00fcr Restaurants und Hotels,<\/li>\r\n<li>f\u00fcr Wellness- und Fitnesszentren,<\/li>\r\n<li>f\u00fcr Online-Shops.<\/li>\r\n<\/ul>\r\n\r\n<p>&nbsp;<\/p>\r\n\r\n<p><br \/><strong>F\u00fcr weitere Informationen kontaktieren Sie uns bitte unter\u00a0<a href=\"mailto:info@fengcha.si\">info@fengchashop.com<\/a><\/strong><\/p>\r\n\r\n<p>&nbsp;<\/p>\r\n<p>[\/vc_column_text][\/vc_column_inner][\/vc_row_inner][\/vc_column][\/vc_row]<\/p><\/div>","protected":false},"excerpt":{"rendered":"<p>[vc_row][vc_column][vc_row_inner][vc_column_inner][vc_column_text css=&#8220;&#8220;] Wir bieten die M\u00f6glichkeit, Qualit\u00e4tsprodukte aus den Kategorien Nahrungserg\u00e4nzungsmittel, Tees, Gew\u00fcrze, Superfoods, Kaffee und Kakao geliefert zu bekommen: &nbsp; f\u00fcr den Lebensmittelhandel, f\u00fcr Restaurants und Hotels, f\u00fcr Wellness- und Fitnesszentren, f\u00fcr Online-Shops. &nbsp; F\u00fcr weitere Informationen kontaktieren Sie uns bitte unter\u00a0info@fengchashop.com &nbsp; [\/vc_column_text][\/vc_column_inner][\/vc_row_inner][\/vc_column][\/vc_row]<\/p>\n","protected":false},"author":2,"featured_media":0,"parent":0,"menu_order":0,"comment_status":"closed","ping_status":"closed","template":"page-visual-composer.php","meta":{"_acf_changed":false,"footnotes":""},"class_list":["post-3995","page","type-page","status-publish","hentry"],"acf":[],"_links":{"self":[{"href":"https:\/\/fengchashop.com\/de\/wp-json\/wp\/v2\/pages\/3995","targetHints":{"allow":["GET"]}}],"collection":[{"href":"https:\/\/fengchashop.com\/de\/wp-json\/wp\/v2\/pages"}],"about":[{"href":"https:\/\/fengchashop.com\/de\/wp-json\/wp\/v2\/types\/page"}],"author":[{"embeddable":true,"href":"https:\/\/fengchashop.com\/de\/wp-json\/wp\/v2\/users\/2"}],"replies":[{"embeddable":true,"href":"https:\/\/fengchashop.com\/de\/wp-json\/wp\/v2\/comments?post=3995"}],"version-history":[{"count":6,"href":"https:\/\/fengchashop.com\/de\/wp-json\/wp\/v2\/pages\/3995\/revisions"}],"predecessor-version":[{"id":7052,"href":"https:\/\/fengchashop.com\/de\/wp-json\/wp\/v2\/pages\/3995\/revisions\/7052"}],"wp:attachment":[{"href":"https:\/\/fengchashop.com\/de\/wp-json\/wp\/v2\/media?parent=3995"}],"curies":[{"name":"wp","href":"https:\/\/api.w.org\/{rel}","templated":true}]}}