{"id":8332,"date":"2026-04-15T04:52:11","date_gmt":"2026-04-15T02:52:11","guid":{"rendered":"https:\/\/fengchashop.com\/cz\/product\/kurkumin-c3-kompleks-v-tekocini-150-ml\/"},"modified":"2026-04-24T09:46:27","modified_gmt":"2026-04-24T07:46:27","slug":"kurkumin-c3-komplex-v-tekute-forme","status":"publish","type":"product","link":"https:\/\/fengchashop.com\/cz\/product\/kurkumin-c3-komplex-v-tekute-forme\/","title":{"rendered":"Kurkumin C3 Komplex v tekut\u00e9 form\u011b 150 ml"},"content":{"rendered":"<h2><strong>Kurkumin C3 Komplex v tekut\u00e9 form\u011b<\/strong><\/h2>\n<p><strong>Kurkumin C3 Komplex v tekut\u00e9 form\u011b<\/strong> je modern\u00ed dopln\u011bk stravy ur\u010den\u00fd k podpo\u0159e organismu, ochran\u011b bun\u011bk a celkov\u00e9 vitalit\u011b. Obsahuje vysoce kvalitn\u00ed kurkumin v pokro\u010dil\u00e9 form\u011b, kter\u00e1 umo\u017e\u0148uje dobrou vyu\u017eitelnost a \u00fa\u010dinn\u00e9 p\u016fsoben\u00ed v t\u011ble.<\/p>\n<p>Kurkumin p\u016fsob\u00ed jako antioxidant a pom\u00e1h\u00e1 chr\u00e1nit bu\u0148ky p\u0159ed oxida\u010dn\u00edm stresem, z\u00e1rove\u0148 podporuje imunitn\u00ed syst\u00e9m a celkovou rovnov\u00e1hu v t\u011ble. P\u0159idan\u00fd vitamin C d\u00e1le p\u0159isp\u00edv\u00e1 k fungov\u00e1n\u00ed imunitn\u00edho syst\u00e9mu a zlep\u0161uje vst\u0159eb\u00e1v\u00e1n\u00ed \u017eeleza.<\/p>\n<p>Tekut\u00e1 forma umo\u017e\u0148uje snadn\u00e9 pou\u017eit\u00ed a dobr\u00e9 vst\u0159eb\u00e1v\u00e1n\u00ed, p\u0159\u00edjemn\u00e1 jable\u010dn\u00e1 p\u0159\u00edchu\u0165 pak zaji\u0161\u0165uje p\u0159\u00edjemn\u00e9 ka\u017edodenn\u00ed u\u017e\u00edv\u00e1n\u00ed.<\/p>\n<h2><strong>Jak to funguje?<\/strong><\/h2>\n<p>Kurkumin se pod\u00edl\u00ed na ochran\u011b bun\u011bk p\u0159ed voln\u00fdmi radik\u00e1ly a podporuje p\u0159irozen\u00e9 procesy v t\u011ble. V kombinaci s vitam\u00ednem C p\u0159isp\u00edv\u00e1 k lep\u0161\u00edmu pocitu, podporuje imunitn\u00ed syst\u00e9m a chr\u00e1n\u00ed organismus.<\/p>\n<h2><strong>Co obsahuje?<\/strong><\/h2>\n<p><strong><span class=\"ml-1\"><span style=\"color: #000000\">\ud83d\udc9a <\/span><\/span>Kurkumin C3 Komplex\u00ae<\/strong><\/p>\n<p><strong><span class=\"ml-1\"><span style=\"color: #000000\">\ud83d\udc9a <\/span><\/span>Vitamin C<\/strong><\/p>\n<ul>\n<li>p\u0159isp\u00edv\u00e1 k norm\u00e1ln\u00ed funkci imunitn\u00edho syst\u00e9mu<\/li>\n<li>p\u0159isp\u00edv\u00e1 k ochran\u011b bun\u011bk p\u0159ed oxida\u010dn\u00edm stresem<\/li>\n<li>p\u0159isp\u00edv\u00e1 ke sn\u00ed\u017een\u00ed \u00fanavy a vy\u010derp\u00e1n\u00ed<\/li>\n<li>p\u0159isp\u00edv\u00e1 k norm\u00e1ln\u00edmu metabolismu pro z\u00edsk\u00e1v\u00e1n\u00ed energie<\/li>\n<li>p\u0159isp\u00edv\u00e1 k norm\u00e1ln\u00ed funkci nervov\u00e9ho syst\u00e9mu<\/li>\n<li>p\u0159isp\u00edv\u00e1 k norm\u00e1ln\u00ed psychick\u00e9 funkci<\/li>\n<li>p\u0159isp\u00edv\u00e1 k norm\u00e1ln\u00edmu fungov\u00e1n\u00ed imunitn\u00edho syst\u00e9mu b\u011bhem a po intenzivn\u00ed fyzick\u00e9 z\u00e1t\u011b\u017ei<\/li>\n<li>p\u0159isp\u00edv\u00e1 k norm\u00e1ln\u00ed tvorb\u011b kolagenu pro<\/li>\n<li>p\u0159isp\u00edv\u00e1 k obnov\u011b redukovan\u00e9 formy vitaminu E<\/li>\n<li>zvy\u0161uje vst\u0159eb\u00e1v\u00e1n\u00ed \u017eeleza<\/li>\n<\/ul>\n<p><strong><span class=\"ml-1\"><span style=\"color: #000000\">\ud83d\udc9a <\/span><\/span>Vitamin D3<\/strong><\/p>\n<ul>\n<li>p\u0159isp\u00edv\u00e1 k norm\u00e1ln\u00edmu vst\u0159eb\u00e1v\u00e1n\u00ed\/vyu\u017eit\u00ed v\u00e1pn\u00edku a fosforu<\/li>\n<li>p\u0159isp\u00edv\u00e1 k norm\u00e1ln\u00ed hladin\u011b v\u00e1pn\u00edku v krvi<\/li>\n<li>p\u0159isp\u00edv\u00e1 k udr\u017een\u00ed zdrav\u00fdch kost\u00ed<\/li>\n<li>p\u0159isp\u00edv\u00e1 k udr\u017een\u00ed norm\u00e1ln\u00ed funkce sval\u016f<\/li>\n<li>p\u0159isp\u00edv\u00e1 k udr\u017een\u00ed zdrav\u00fdch zub\u016f<\/li>\n<li>p\u0159isp\u00edv\u00e1 k norm\u00e1ln\u00ed funkci imunitn\u00edho syst\u00e9mu<\/li>\n<li>hraje roli p\u0159i bun\u011b\u010dn\u00e9m d\u011blen\u00ed<\/li>\n<\/ul>\n<h2><strong>Pro\u010d si vybrat tekut\u00fd kurkumin C3 komplex?<\/strong><\/h2>\n<ul>\n<li>pokro\u010dil\u00e1 forma pro dobrou vyu\u017eitelnost<\/li>\n<li>p\u0159isp\u00edv\u00e1 k norm\u00e1ln\u00ed funkci imunitn\u00edho syst\u00e9mu<\/li>\n<li>podpora imunitn\u00edho syst\u00e9mu a ochrana bun\u011bk<\/li>\n<li>obsahuje p\u0159idan\u00fd vitamin C<\/li>\n<li>tekut\u00e1 forma pro snadn\u00e9 pou\u017eit\u00ed<\/li>\n<li>p\u0159\u00edjemn\u00e1 jable\u010dn\u00e1 p\u0159\u00edchu\u0165<\/li>\n<li>vhodn\u00e9 pro vegany<\/li>\n<li>bez lepku, lakt\u00f3zy a GMO<\/li>\n<\/ul>\n<h2 style=\"text-align: justify\"><span style=\"color: #000000\">Skladov\u00e1n\u00ed a upozorn\u011bn\u00ed<\/span><\/h2>\n<p>Skladujte na such\u00e9m a tmav\u00e9m m\u00edst\u011b p\u0159i teplot\u011b do 25 \u00b0C. Po otev\u0159en\u00ed uchov\u00e1vejte v chladni\u010dce.<\/p>\n<p>Nezapom\u00ednejte na d\u016fle\u017eitost pestr\u00e9 stravy a zdrav\u00e9ho \u017eivotn\u00edho stylu. Dopln\u011bk stravy nen\u00ed n\u00e1hradou vyv\u00e1\u017een\u00e9 a pestr\u00e9 stravy. Nedoporu\u010duje se p\u0159ekra\u010dovat doporu\u010den\u00e9 denn\u00ed d\u00e1vky. Uchov\u00e1vejte mimo dosah d\u011bt\u00ed!<\/p>\n<h2><span style=\"color: #000000\">Balen\u00ed<\/span><\/h2>\n<p>Kvalitn\u00ed tmav\u00e1 plastov\u00e1 l\u00e1hev je navr\u017eena pro maxim\u00e1ln\u00ed ochranu tekut\u00fdch vitam\u00edn\u016f a miner\u00e1l\u016f. Chr\u00e1n\u00ed obsah p\u0159ed sv\u011btlem, vzduchem a vn\u011bj\u0161\u00edmi vlivy a pom\u00e1h\u00e1 zachovat \u010derstvost, stabilitu a \u00fa\u010dinnost po celou dobu pou\u017e\u00edv\u00e1n\u00ed.<\/p>\n<p>Obal je velmi praktick\u00fd a lze jej recyklovat.<\/p>\n<h2>P\u016fvod<\/h2>\n<p>EU<\/p>\n","protected":false},"excerpt":{"rendered":"<p><strong>Kurkumin C3 Komplex v tekut\u00e9 form\u011b<\/strong> je modern\u00ed dopln\u011bk stravy s vysoce biologicky dostupnou formou kurkuminu, ur\u010den\u00fd k podpo\u0159e ochrany bun\u011bk, imunitn\u00edho syst\u00e9mu a celkov\u00e9 pohody.<\/p>\n<p><span class=\"ml-1\"><span style=\"color: #000000\">\ud83d\udc9a <\/span><\/span>vysok\u00e1 biologick\u00e1 dostupnost pro \u00fa\u010dinn\u00e9 p\u016fsoben\u00ed<\/p>\n<p><span class=\"ml-1\"><span style=\"color: #000000\">\ud83d\udc9a <\/span><\/span>p\u0159isp\u00edv\u00e1 k norm\u00e1ln\u00edmu fungov\u00e1n\u00ed imunitn\u00edho syst\u00e9mu<\/p>\n<p><span class=\"ml-1\"><span style=\"color: #000000\">\ud83d\udc9a <\/span><\/span>p\u0159isp\u00edv\u00e1 k ochran\u011b bun\u011bk p\u0159ed oxida\u010dn\u00edm stresem<\/p>\n<p><span class=\"ml-1\"><span style=\"color: #000000\">\ud83d\udc9a <\/span><\/span>tekut\u00e1 forma pro snadn\u00e9 pou\u017eit\u00ed a dobr\u00e9 vst\u0159eb\u00e1v\u00e1n\u00ed<\/p>\n<p><span class=\"ml-1\"><span style=\"color: #000000\">\ud83d\udc9a <\/span><\/span>vhodn\u00e9 pro vegany<\/p>\n<p><span class=\"ml-1\"><span style=\"color: #000000\">\ud83d\udc9a <\/span><\/span>bez lepku, lakt\u00f3zy a GMO<\/p>\n","protected":false},"featured_media":8331,"comment_status":"open","ping_status":"closed","template":"","meta":{"_acf_changed":false},"product_brand":[],"product_cat":[15,230,226,236,227],"product_tag":[],"class_list":{"0":"post-8332","1":"product","2":"type-product","3":"status-publish","4":"has-post-thumbnail","6":"product_cat-uncategorized","7":"product_cat-mineraly-a-vitaminy","8":"product_cat-nabidka","9":"product_cat-novy","10":"product_cat-vsechny-produkty","12":"first","13":"instock","14":"sale","15":"taxable","16":"shipping-taxable","17":"purchasable","18":"product-type-simple"},"acf":[],"_links":{"self":[{"href":"https:\/\/fengchashop.com\/cz\/wp-json\/wp\/v2\/product\/8332","targetHints":{"allow":["GET"]}}],"collection":[{"href":"https:\/\/fengchashop.com\/cz\/wp-json\/wp\/v2\/product"}],"about":[{"href":"https:\/\/fengchashop.com\/cz\/wp-json\/wp\/v2\/types\/product"}],"replies":[{"embeddable":true,"href":"https:\/\/fengchashop.com\/cz\/wp-json\/wp\/v2\/comments?post=8332"}],"wp:featuredmedia":[{"embeddable":true,"href":"https:\/\/fengchashop.com\/cz\/wp-json\/wp\/v2\/media\/8331"}],"wp:attachment":[{"href":"https:\/\/fengchashop.com\/cz\/wp-json\/wp\/v2\/media?parent=8332"}],"wp:term":[{"taxonomy":"product_brand","embeddable":true,"href":"https:\/\/fengchashop.com\/cz\/wp-json\/wp\/v2\/product_brand?post=8332"},{"taxonomy":"product_cat","embeddable":true,"href":"https:\/\/fengchashop.com\/cz\/wp-json\/wp\/v2\/product_cat?post=8332"},{"taxonomy":"product_tag","embeddable":true,"href":"https:\/\/fengchashop.com\/cz\/wp-json\/wp\/v2\/product_tag?post=8332"}],"curies":[{"name":"wp","href":"https:\/\/api.w.org\/{rel}","templated":true}]}}