{"id":8330,"date":"2026-04-15T04:37:10","date_gmt":"2026-04-15T02:37:10","guid":{"rendered":"https:\/\/fengchashop.com\/cz\/product\/selen-v-tekocini-150-ml\/"},"modified":"2026-04-25T13:29:12","modified_gmt":"2026-04-25T11:29:12","slug":"selen-v-tekutine","status":"publish","type":"product","link":"https:\/\/fengchashop.com\/cz\/product\/selen-v-tekutine\/","title":{"rendered":"Selen v tekutin\u011b 150 ml"},"content":{"rendered":"<h2><strong>Selen v tekutin\u011b<\/strong><\/h2>\n<p><strong>Tekut\u00fd selen <\/strong>je modern\u00ed dopln\u011bk stravy ur\u010den\u00fd k podpo\u0159e imunitn\u00edho syst\u00e9mu, \u0161t\u00edtn\u00e9 \u017el\u00e1zy a ochrany bun\u011bk. Obsahuje esenci\u00e1ln\u00ed mikroelement selen, kter\u00fd se pod\u00edl\u00ed na d\u016fle\u017eit\u00fdch procesech v t\u011ble \u2013 od fungov\u00e1n\u00ed imunitn\u00edho syst\u00e9mu a\u017e po ochranu p\u0159ed oxida\u010dn\u00edm stresem.<\/p>\n<p>Selen p\u0159isp\u00edv\u00e1 k norm\u00e1ln\u00ed funkci \u0161t\u00edtn\u00e9 \u017el\u00e1zy, udr\u017een\u00ed zdrav\u00fdch vlas\u016f a neht\u016f a ochran\u011b bun\u011bk p\u0159ed voln\u00fdmi radik\u00e1ly.<\/p>\n<p>Tekut\u00e1 forma umo\u017e\u0148uje snadn\u00e9 pou\u017eit\u00ed a dobr\u00e9 vst\u0159eb\u00e1v\u00e1n\u00ed, p\u0159\u00edjemn\u00e1 p\u0159\u00edchu\u0165 manga pak zaji\u0161\u0165uje p\u0159\u00edjemn\u00e9 ka\u017edodenn\u00ed u\u017e\u00edv\u00e1n\u00ed.<\/p>\n<h2><strong>Jak to funguje?<\/strong><\/h2>\n<p>Selen hraje d\u016fle\u017eitou roli v obran\u011b t\u011bla p\u0159ed oxida\u010dn\u00edm stresem a podporuje norm\u00e1ln\u00ed fungov\u00e1n\u00ed imunitn\u00edho syst\u00e9mu. Pod\u00edl\u00ed se tak\u00e9 na \u010dinnosti \u0161t\u00edtn\u00e9 \u017el\u00e1zy, kter\u00e1 reguluje \u0159adu proces\u016f v t\u011ble.<\/p>\n<h2><strong>Co obsahuje?<\/strong><\/h2>\n<p><strong><span class=\"ml-1\"><span style=\"color: #000000\">\ud83d\udc9a <\/span><\/span>Selen<\/strong><\/p>\n<ul>\n<li>p\u0159isp\u00edv\u00e1 k <strong>norm\u00e1ln\u00ed spermatogenezi<\/strong><\/li>\n<li>p\u0159isp\u00edv\u00e1 k <strong>udr\u017een\u00ed zdrav\u00fdch vlas\u016f<\/strong><\/li>\n<li>p\u0159isp\u00edv\u00e1 k <strong>udr\u017een\u00ed zdrav\u00fdch neht\u016f<\/strong><\/li>\n<li>p\u0159isp\u00edv\u00e1 k <strong>norm\u00e1ln\u00ed funkci imunitn\u00edho syst\u00e9mu<\/strong><\/li>\n<li>p\u0159isp\u00edv\u00e1 k <strong>norm\u00e1ln\u00ed funkci \u0161t\u00edtn\u00e9 \u017el\u00e1zy<\/strong><\/li>\n<li>p\u0159isp\u00edv\u00e1 k <strong>ochran\u011b bun\u011bk p\u0159ed oxida\u010dn\u00edm stresem<\/strong><\/li>\n<\/ul>\n<h2><strong>Pro\u010d zvolit tekut\u00fd selen?<\/strong><\/h2>\n<ul>\n<li>p\u0159isp\u00edv\u00e1 k norm\u00e1ln\u00ed funkci imunitn\u00edho syst\u00e9mu a \u0161t\u00edtn\u00e9 \u017el\u00e1zy<\/li>\n<li>p\u0159isp\u00edv\u00e1 k ochran\u011b bun\u011bk p\u0159ed oxida\u010dn\u00edm stresem<\/li>\n<li>p\u0159isp\u00edv\u00e1 k udr\u017een\u00ed zdrav\u00fdch vlas\u016f a neht\u016f<\/li>\n<li>tekut\u00e1 forma pro snadn\u00e9 pou\u017eit\u00ed<\/li>\n<li>p\u0159\u00edjemn\u00e1 p\u0159\u00edchu\u0165 manga<\/li>\n<li>vhodn\u00e9 pro vegany<\/li>\n<li>bez lepku, lakt\u00f3zy a GMO<\/li>\n<\/ul>\n<h2 style=\"text-align: justify\"><span style=\"color: #000000\">Skladov\u00e1n\u00ed a upozorn\u011bn\u00ed<\/span><\/h2>\n<p>Skladujte na such\u00e9m a tmav\u00e9m m\u00edst\u011b p\u0159i teplot\u011b do 25 \u00b0C. Po otev\u0159en\u00ed uchov\u00e1vejte v chladni\u010dce.<\/p>\n<p>Nezapom\u00ednejte na d\u016fle\u017eitost pestr\u00e9 stravy a zdrav\u00e9ho \u017eivotn\u00edho stylu. Dopln\u011bk stravy nen\u00ed n\u00e1hradou vyv\u00e1\u017een\u00e9 a pestr\u00e9 stravy. Nedoporu\u010duje se p\u0159ekra\u010dovat doporu\u010den\u00e9 denn\u00ed d\u00e1vky. Uchov\u00e1vejte mimo dosah d\u011bt\u00ed!<\/p>\n<h2><span style=\"color: #000000\">Balen\u00ed<\/span><\/h2>\n<p>Kvalitn\u00ed tmav\u00e1 plastov\u00e1 l\u00e1hev je navr\u017eena pro maxim\u00e1ln\u00ed ochranu tekut\u00fdch vitam\u00edn\u016f a miner\u00e1l\u016f. Chr\u00e1n\u00ed obsah p\u0159ed sv\u011btlem, vzduchem a vn\u011bj\u0161\u00edmi vlivy a pom\u00e1h\u00e1 zachovat \u010derstvost, stabilitu a \u00fa\u010dinnost po celou dobu pou\u017e\u00edv\u00e1n\u00ed.<\/p>\n<p>Obal je velmi praktick\u00fd a lze jej recyklovat.<\/p>\n<h2>P\u016fvod<\/h2>\n<p>EU<\/p>\n","protected":false},"excerpt":{"rendered":"<p><strong>Tekut\u00fd selen s p\u0159\u00edchut\u00ed manga<\/strong> je dopln\u011bk stravy s vysok\u00fdm obsahem selenu (182 % PDV), kter\u00fd podporuje \u0161t\u00edtnou \u017el\u00e1zu, imunitn\u00ed syst\u00e9m a ochranu bun\u011bk.<\/p>\n<p><span class=\"ml-1\"><span style=\"color: #000000\">\ud83d\udc9a <\/span><\/span>p\u0159isp\u00edv\u00e1 k norm\u00e1ln\u00ed funkci imunitn\u00edho syst\u00e9mu a \u0161t\u00edtn\u00e9 \u017el\u00e1zy<\/p>\n<p><span class=\"ml-1\"><span style=\"color: #000000\">\ud83d\udc9a <\/span><\/span>ochrana bun\u011bk p\u0159ed oxida\u010dn\u00edm stresem<\/p>\n<p><span class=\"ml-1\"><span style=\"color: #000000\">\ud83d\udc9a <\/span><\/span>p\u0159isp\u00edv\u00e1 k udr\u017een\u00ed zdrav\u00fdch vlas\u016f a neht\u016f a k plodnosti<\/p>\n<p><span class=\"ml-1\"><span style=\"color: #000000\">\ud83d\udc9a <\/span><\/span>tekut\u00e1 forma pro snadn\u00e9 u\u017e\u00edv\u00e1n\u00ed a dobr\u00e9 vst\u0159eb\u00e1v\u00e1n\u00ed<\/p>\n<p><span class=\"ml-1\"><span style=\"color: #000000\">\ud83d\udc9a <\/span><\/span>p\u0159\u00edjemn\u00e1 p\u0159\u00edchu\u0165 manga,<\/p>\n<p><span class=\"ml-1\"><span style=\"color: #000000\">\ud83d\udc9a <\/span><\/span>vhodn\u00e9 pro vegany<\/p>\n<p><span class=\"ml-1\"><span style=\"color: #000000\">\ud83d\udc9a <\/span><\/span>bez lepku, lakt\u00f3zy a GMO<\/p>\n","protected":false},"featured_media":8329,"comment_status":"open","ping_status":"closed","template":"","meta":{"_acf_changed":false},"product_brand":[],"product_cat":[15,230,226,236,227],"product_tag":[],"class_list":{"0":"post-8330","1":"product","2":"type-product","3":"status-publish","4":"has-post-thumbnail","6":"product_cat-uncategorized","7":"product_cat-mineraly-a-vitaminy","8":"product_cat-nabidka","9":"product_cat-novy","10":"product_cat-vsechny-produkty","12":"first","13":"instock","14":"sale","15":"taxable","16":"shipping-taxable","17":"purchasable","18":"product-type-simple"},"acf":[],"_links":{"self":[{"href":"https:\/\/fengchashop.com\/cz\/wp-json\/wp\/v2\/product\/8330","targetHints":{"allow":["GET"]}}],"collection":[{"href":"https:\/\/fengchashop.com\/cz\/wp-json\/wp\/v2\/product"}],"about":[{"href":"https:\/\/fengchashop.com\/cz\/wp-json\/wp\/v2\/types\/product"}],"replies":[{"embeddable":true,"href":"https:\/\/fengchashop.com\/cz\/wp-json\/wp\/v2\/comments?post=8330"}],"wp:featuredmedia":[{"embeddable":true,"href":"https:\/\/fengchashop.com\/cz\/wp-json\/wp\/v2\/media\/8329"}],"wp:attachment":[{"href":"https:\/\/fengchashop.com\/cz\/wp-json\/wp\/v2\/media?parent=8330"}],"wp:term":[{"taxonomy":"product_brand","embeddable":true,"href":"https:\/\/fengchashop.com\/cz\/wp-json\/wp\/v2\/product_brand?post=8330"},{"taxonomy":"product_cat","embeddable":true,"href":"https:\/\/fengchashop.com\/cz\/wp-json\/wp\/v2\/product_cat?post=8330"},{"taxonomy":"product_tag","embeddable":true,"href":"https:\/\/fengchashop.com\/cz\/wp-json\/wp\/v2\/product_tag?post=8330"}],"curies":[{"name":"wp","href":"https:\/\/api.w.org\/{rel}","templated":true}]}}