{"id":8328,"date":"2026-04-15T04:27:17","date_gmt":"2026-04-15T02:27:17","guid":{"rendered":"https:\/\/fengchashop.com\/cz\/product\/zelezo-v-tekocini-250-ml\/"},"modified":"2026-04-28T15:38:18","modified_gmt":"2026-04-28T13:38:18","slug":"zelezo-v-tekocini-250-ml","status":"publish","type":"product","link":"https:\/\/fengchashop.com\/cz\/product\/zelezo-v-tekocini-250-ml\/","title":{"rendered":"\u017delezo v tekut\u00e9 form\u011b 250 ml"},"content":{"rendered":"<h2><strong>\u017delezo v tekut\u00e9 form\u011b<\/strong><\/h2>\n<p><strong>Tekut\u00e9 \u017eelezo <\/strong>je modern\u00ed dopln\u011bk stravy ur\u010den\u00fd k podpo\u0159e energie, krve a celkov\u00e9 pohody. Obsahuje \u017eelezo a pe\u010dliv\u011b vybranou kombinaci vitam\u00edn\u016f, kter\u00e9 se pod\u00edlej\u00ed na d\u016fle\u017eit\u00fdch procesech v t\u011ble \u2013 od tvorby \u010derven\u00fdch krvinek a\u017e po uvol\u0148ov\u00e1n\u00ed energie p\u0159i metabolismu.<\/p>\n<p>Pokro\u010dil\u00e1 formule kombinuje \u017eelezo s vitam\u00ednem C a vitam\u00edny skupiny B (B1, B2, B6 a B12), kter\u00e9 p\u0159isp\u00edvaj\u00ed k lep\u0161\u00edmu vyu\u017eit\u00ed \u017eeleza, sni\u017eov\u00e1n\u00ed \u00fanavy a podpo\u0159e imunitn\u00edho syst\u00e9mu.<\/p>\n<p>Tekut\u00e1 forma umo\u017e\u0148uje snadn\u00e9 u\u017e\u00edv\u00e1n\u00ed a dobr\u00e9 vst\u0159eb\u00e1v\u00e1n\u00ed, co\u017e je zvl\u00e1\u0161t\u011b vhodn\u00e9 pro osoby, kter\u00e9 maj\u00ed pot\u00ed\u017ee s polyk\u00e1n\u00edm kapsl\u00ed nebo tablet.<\/p>\n<h2><strong>Jak to funguje?<\/strong><\/h2>\n<p>\u017delezo hraje kl\u00ed\u010dovou roli p\u0159i tvorb\u011b \u010derven\u00fdch krvinek a hemoglobinu, kter\u00e9 umo\u017e\u0148uj\u00ed transport kysl\u00edku v t\u011ble. Spolu s vitam\u00edny p\u0159isp\u00edv\u00e1 k uvol\u0148ov\u00e1n\u00ed energie, sni\u017eov\u00e1n\u00ed \u00fanavy a norm\u00e1ln\u00edmu fungov\u00e1n\u00ed imunitn\u00edho syst\u00e9mu.<\/p>\n<h2><strong>Co obsahuje?<\/strong><\/h2>\n<p><span class=\"ml-1\"><span style=\"color: #000000\">\ud83d\udc9a <\/span><\/span><strong>\u017delezo<\/strong><\/p>\n<ul>\n<li>p\u0159isp\u00edv\u00e1 k tvorb\u011b \u010derven\u00fdch krvinek a hemoglobinu a ke sn\u00ed\u017een\u00ed \u00fanavy<\/li>\n<li>hraje roli v kognitivn\u00edch funkc\u00edch.<\/li>\n<li>p\u0159isp\u00edv\u00e1 k uvol\u0148ov\u00e1n\u00ed energie p\u0159i metabolismu<\/li>\n<li>hraje roli p\u0159i tvorb\u011b \u010derven\u00fdch krvinek a hemoglobinu.<\/li>\n<li>hraje roli p\u0159i p\u0159enosu kysl\u00edku v t\u011ble.<\/li>\n<li>hraje roli p\u0159i fungov\u00e1n\u00ed imunitn\u00edho syst\u00e9mu<\/li>\n<li>p\u0159isp\u00edv\u00e1 ke sn\u00ed\u017een\u00ed \u00fanavy a vy\u010derp\u00e1n\u00ed, hraje roli p\u0159i bun\u011b\u010dn\u00e9m d\u011blen\u00ed<\/li>\n<\/ul>\n<p><span class=\"ml-1\"><span style=\"color: #000000\">\ud83d\udc9a <\/span><\/span><strong>Vitamin C<\/strong> \u2013 zvy\u0161uje vst\u0159eb\u00e1v\u00e1n\u00ed \u017eeleza<\/p>\n<p><span class=\"ml-1\"><span style=\"color: #000000\">\ud83d\udc9a <\/span><\/span><strong>Vitamin B1 (thiamin)<\/strong> \u2013 p\u0159isp\u00edv\u00e1 k norm\u00e1ln\u00edmu metabolismu pro z\u00edsk\u00e1v\u00e1n\u00ed energie<\/p>\n<p><span class=\"ml-1\"><span style=\"color: #000000\">\ud83d\udc9a <\/span><\/span><strong>Vitamin B2 (riboflavin)<\/strong> \u2013 p\u0159isp\u00edv\u00e1 k ochran\u011b bun\u011bk p\u0159ed oxida\u010dn\u00edm stresem<\/p>\n<p><span class=\"ml-1\"><span style=\"color: #000000\">\ud83d\udc9a <\/span><\/span><strong>Vitamin B6<\/strong> \u2013 p\u0159isp\u00edv\u00e1 k tvorb\u011b \u010derven\u00fdch krvinek<\/p>\n<p><span class=\"ml-1\"><span style=\"color: #000000\">\ud83d\udc9a <\/span><\/span><strong>Vitamin B12<\/strong> \u2013 p\u0159isp\u00edv\u00e1 ke sn\u00ed\u017een\u00ed \u00fanavy a k \u010dinnosti nervov\u00e9ho syst\u00e9mu<\/p>\n<h2><strong>Pro\u010d zvolit tekut\u00e9 \u017eelezo?<\/strong><\/h2>\n<ul>\n<li>p\u0159isp\u00edv\u00e1 k norm\u00e1ln\u00edmu fungov\u00e1n\u00ed imunitn\u00edho syst\u00e9mu<\/li>\n<li>kombinace \u017eeleza a vitam\u00edn\u016f pro lep\u0161\u00ed vst\u0159ebatelnost<\/li>\n<li>tekut\u00e1 forma pro snadn\u011bj\u0161\u00ed u\u017e\u00edv\u00e1n\u00ed<\/li>\n<li>p\u0159\u00edjemn\u00e1 jable\u010dn\u00e1 p\u0159\u00edchu\u0165<\/li>\n<li>vhodn\u00e9 pro vegany<\/li>\n<li>bez lepku, lakt\u00f3zy a GMO<\/li>\n<\/ul>\n<h2 style=\"text-align: justify\"><span style=\"color: #000000\">Skladov\u00e1n\u00ed a upozorn\u011bn\u00ed<\/span><\/h2>\n<p>Skladujte na such\u00e9m a tmav\u00e9m m\u00edst\u011b p\u0159i teplot\u011b do 25 \u00b0C. Po otev\u0159en\u00ed uchov\u00e1vejte v chladni\u010dce.<\/p>\n<p>Nezapome\u0148te na d\u016fle\u017eitost pestr\u00e9 stravy a zdrav\u00e9ho \u017eivotn\u00edho stylu. Dopln\u011bk stravy nen\u00ed n\u00e1hradou za vyv\u00e1\u017eenou a pestrou stravu. Nedoporu\u010duje se p\u0159ekra\u010dovat doporu\u010den\u00e9 denn\u00ed d\u00e1vky. Uchov\u00e1vejte mimo dosah d\u011bt\u00ed!<\/p>\n<h2><span style=\"color: #000000\">Balen\u00ed<\/span><\/h2>\n<p>Kvalitn\u00ed tmav\u00e1 plastov\u00e1 l\u00e1hev je navr\u017eena pro maxim\u00e1ln\u00ed ochranu tekut\u00fdch vitam\u00edn\u016f a miner\u00e1l\u016f. Chr\u00e1n\u00ed obsah p\u0159ed sv\u011btlem, vzduchem a vn\u011bj\u0161\u00edmi vlivy a pom\u00e1h\u00e1 zachovat \u010derstvost, stabilitu a \u00fa\u010dinnost po celou dobu pou\u017e\u00edv\u00e1n\u00ed.<\/p>\n<p>Obal je velmi praktick\u00fd a lze jej recyklovat.<\/p>\n<h2>P\u016fvod<\/h2>\n<p>EU<\/p>\n","protected":false},"excerpt":{"rendered":"<p><strong>Tekut\u00e9 \u017eelezo <\/strong>s vitam\u00edny je ur\u010deno k podpo\u0159e tvorby \u010derven\u00fdch krvinek, p\u0159enosu kysl\u00edku v t\u011ble a ke sn\u00ed\u017een\u00ed \u00fanavy a vy\u010derp\u00e1n\u00ed.<\/p>\n<p><span class=\"ml-1\"><span style=\"color: #000000\">\ud83d\udc9a <\/span><\/span>tekut\u00e1 forma pro snadn\u00e9 u\u017e\u00edv\u00e1n\u00ed<\/p>\n<p><span class=\"ml-1\"><span style=\"color: #000000\">\ud83d\udc9a <\/span><\/span>dobr\u00e1 vst\u0159ebatelnost a vyu\u017eit\u00ed \u017eivin<\/p>\n<p><span class=\"ml-1\"><span style=\"color: #000000\">\ud83d\udc9a <\/span><\/span>pom\u00e1h\u00e1 sni\u017eovat \u00fanavu a vy\u010derp\u00e1n\u00ed<\/p>\n<p><span class=\"ml-1\"><span style=\"color: #000000\">\ud83d\udc9a<\/span><\/span>p\u0159isp\u00edv\u00e1 k norm\u00e1ln\u00edmu fungov\u00e1n\u00ed imunitn\u00edho syst\u00e9mu<\/p>\n<p><span class=\"ml-1\"><span style=\"color: #000000\">\ud83d\udc9a<\/span><\/span>kombinace \u017eeleza a vitam\u00edn\u016f pro lep\u0161\u00ed vyu\u017eit\u00ed<\/p>\n<p><span class=\"ml-1\"><span style=\"color: #000000\">\ud83d\udc9a <\/span><\/span>vhodn\u00fd pro vegany<\/p>\n<p><span class=\"ml-1\"><span style=\"color: #000000\">\ud83d\udc9a <\/span><\/span>bez lepku, lakt\u00f3zy a GMO<\/p>\n","protected":false},"featured_media":8327,"comment_status":"open","ping_status":"closed","template":"","meta":{"_acf_changed":false},"product_brand":[],"product_cat":[15,230,226,236,227],"product_tag":[],"class_list":{"0":"post-8328","1":"product","2":"type-product","3":"status-publish","4":"has-post-thumbnail","6":"product_cat-uncategorized","7":"product_cat-mineraly-a-vitaminy","8":"product_cat-nabidka","9":"product_cat-novy","10":"product_cat-vsechny-produkty","12":"first","13":"instock","14":"sale","15":"taxable","16":"shipping-taxable","17":"purchasable","18":"product-type-simple"},"acf":[],"_links":{"self":[{"href":"https:\/\/fengchashop.com\/cz\/wp-json\/wp\/v2\/product\/8328","targetHints":{"allow":["GET"]}}],"collection":[{"href":"https:\/\/fengchashop.com\/cz\/wp-json\/wp\/v2\/product"}],"about":[{"href":"https:\/\/fengchashop.com\/cz\/wp-json\/wp\/v2\/types\/product"}],"replies":[{"embeddable":true,"href":"https:\/\/fengchashop.com\/cz\/wp-json\/wp\/v2\/comments?post=8328"}],"wp:featuredmedia":[{"embeddable":true,"href":"https:\/\/fengchashop.com\/cz\/wp-json\/wp\/v2\/media\/8327"}],"wp:attachment":[{"href":"https:\/\/fengchashop.com\/cz\/wp-json\/wp\/v2\/media?parent=8328"}],"wp:term":[{"taxonomy":"product_brand","embeddable":true,"href":"https:\/\/fengchashop.com\/cz\/wp-json\/wp\/v2\/product_brand?post=8328"},{"taxonomy":"product_cat","embeddable":true,"href":"https:\/\/fengchashop.com\/cz\/wp-json\/wp\/v2\/product_cat?post=8328"},{"taxonomy":"product_tag","embeddable":true,"href":"https:\/\/fengchashop.com\/cz\/wp-json\/wp\/v2\/product_tag?post=8328"}],"curies":[{"name":"wp","href":"https:\/\/api.w.org\/{rel}","templated":true}]}}