{"id":8326,"date":"2026-04-15T04:21:19","date_gmt":"2026-04-15T02:21:19","guid":{"rendered":"https:\/\/fengchashop.com\/cz\/product\/vitamin-b12-v-tekocini-150-ml\/"},"modified":"2026-04-21T07:57:22","modified_gmt":"2026-04-21T05:57:22","slug":"vitamin-b12-v-tekute-forme","status":"publish","type":"product","link":"https:\/\/fengchashop.com\/cz\/product\/vitamin-b12-v-tekute-forme\/","title":{"rendered":"Vitamin B12 v tekut\u00e9 form\u011b 150 ml"},"content":{"rendered":"<h2><strong>Vitamin B12 v tekut\u00e9 form\u011b<\/strong><\/h2>\n<p><strong>Tekut\u00fd vitamin B12 <\/strong>je modern\u00ed dopln\u011bk stravy ur\u010den\u00fd k podpo\u0159e energie, nervov\u00e9ho syst\u00e9mu a celkov\u00e9 pohody. Obsahuje vysok\u00fd obsah vitam\u00ednu B12, kter\u00fd se pod\u00edl\u00ed na d\u016fle\u017eit\u00fdch procesech v t\u011ble \u2013 od tvorby \u010derven\u00fdch krvinek a\u017e po fungov\u00e1n\u00ed nervov\u00e9ho syst\u00e9mu.<\/p>\n<p>Vitamin B12 p\u0159isp\u00edv\u00e1 ke sn\u00ed\u017een\u00ed \u00fanavy a vy\u010derp\u00e1n\u00ed a podporuje norm\u00e1ln\u00ed fungov\u00e1n\u00ed imunitn\u00edho syst\u00e9mu.<\/p>\n<p>Tekut\u00e1 forma umo\u017e\u0148uje snadn\u00e9 u\u017e\u00edv\u00e1n\u00ed a dobr\u00e9 vst\u0159eb\u00e1v\u00e1n\u00ed \u017eivin, co\u017e je obzvl\u00e1\u0161t\u011b vhodn\u00e9 pro osoby, kter\u00e9 maj\u00ed pot\u00ed\u017ee s polyk\u00e1n\u00edm kapsl\u00ed nebo tablet.<\/p>\n<h2><strong>Jak to funguje?<\/strong><\/h2>\n<p>Vitamin B12 hraje kl\u00ed\u010dovou roli p\u0159i uvol\u0148ov\u00e1n\u00ed energie v metabolismu a p\u0159isp\u00edv\u00e1 k norm\u00e1ln\u00edmu fungov\u00e1n\u00ed nervov\u00e9ho syst\u00e9mu. Pom\u00e1h\u00e1 tak\u00e9 p\u0159i tvorb\u011b \u010derven\u00fdch krvinek a m\u016f\u017ee p\u0159isp\u00edvat k v\u011bt\u0161\u00ed vitalit\u011b a sni\u017eov\u00e1n\u00ed \u00fanavy.<\/p>\n<h2><strong>Co obsahuje?<\/strong><\/h2>\n<p><strong><span class=\"ml-1\"><span style=\"color: #000000\">\ud83d\udc9a <\/span><\/span>Vitamin B12 (kyanokobalamin)<\/strong><\/p>\n<ul>\n<li>p\u0159isp\u00edv\u00e1 k norm\u00e1ln\u00edmu metabolismu za \u00fa\u010delem z\u00edsk\u00e1v\u00e1n\u00ed energie<\/li>\n<li>p\u0159isp\u00edv\u00e1 k norm\u00e1ln\u00edmu fungov\u00e1n\u00ed nervov\u00e9ho syst\u00e9mu<\/li>\n<li>p\u0159isp\u00edv\u00e1 k norm\u00e1ln\u00edmu psychick\u00e9mu fungov\u00e1n\u00ed<\/li>\n<li>p\u0159isp\u00edv\u00e1 k norm\u00e1ln\u00ed tvorb\u011b \u010derven\u00fdch krvinek<\/li>\n<li>p\u0159isp\u00edv\u00e1 k norm\u00e1ln\u00edmu fungov\u00e1n\u00ed imunitn\u00edho syst\u00e9mu<\/li>\n<li>p\u0159isp\u00edv\u00e1 ke sn\u00ed\u017een\u00ed \u00fanavy a vy\u010derp\u00e1n\u00ed<\/li>\n<li>hraje roli p\u0159i bun\u011b\u010dn\u00e9m d\u011blen\u00ed<\/li>\n<\/ul>\n<h2><strong>Pro\u010d si vybrat tekut\u00fd komplex vitam\u00edn\u016f B?<\/strong><\/h2>\n<ul>\n<li>tekut\u00e1 forma pro snadn\u00e9 u\u017e\u00edv\u00e1n\u00ed<\/li>\n<li>dobr\u00e1 vst\u0159ebatelnost a vyu\u017eit\u00ed \u017eivin<\/li>\n<li>vhodn\u00fd pro vegany<\/li>\n<li>bez lepku, lakt\u00f3zy a GMO<\/li>\n<li>praktick\u00fd pro ka\u017edodenn\u00ed pou\u017eit\u00ed<\/li>\n<\/ul>\n<h2 style=\"text-align: justify\"><span style=\"color: #000000\">Skladov\u00e1n\u00ed a upozorn\u011bn\u00ed<\/span><\/h2>\n<p>Skladujte na such\u00e9m a tmav\u00e9m m\u00edst\u011b p\u0159i teplot\u011b do 25 \u00b0C. Po otev\u0159en\u00ed uchov\u00e1vejte v chladni\u010dce.<\/p>\n<p>Nezapome\u0148te na d\u016fle\u017eitost pestr\u00e9 stravy a zdrav\u00e9ho \u017eivotn\u00edho stylu. Dopln\u011bk stravy nenahrazuje vyv\u00e1\u017eenou a pestrou stravu. Nedoporu\u010duje se p\u0159ekra\u010dovat doporu\u010den\u00e9 denn\u00ed d\u00e1vky. Uchov\u00e1vejte mimo dosah d\u011bt\u00ed!<\/p>\n<h2><span style=\"color: #000000\">Balen\u00ed<\/span><\/h2>\n<p>Kvalitn\u00ed tmav\u00e1 plastov\u00e1 l\u00e1hev je navr\u017eena pro maxim\u00e1ln\u00ed ochranu tekut\u00fdch vitam\u00edn\u016f a miner\u00e1l\u016f. Chr\u00e1n\u00ed obsah p\u0159ed sv\u011btlem, vzduchem a vn\u011bj\u0161\u00edmi vlivy a pom\u00e1h\u00e1 zachovat \u010derstvost, stabilitu a \u00fa\u010dinnost po celou dobu pou\u017e\u00edv\u00e1n\u00ed.<\/p>\n<p>Obal je velmi praktick\u00fd a lze jej recyklovat.<\/p>\n<h2>P\u016fvod<\/h2>\n<p>EU<\/p>\n","protected":false},"excerpt":{"rendered":"<p><strong>Tekut\u00fd vitam\u00edn B12 <\/strong>je dopln\u011bk stravy ur\u010den\u00fd ke sn\u00ed\u017een\u00ed \u00fanavy, podpo\u0159e imunitn\u00edho syst\u00e9mu a norm\u00e1ln\u00edmu fungov\u00e1n\u00ed nervov\u00e9ho syst\u00e9mu a psychick\u00fdch funkc\u00ed. Jedna l\u00e1hev obsahuje 150 ml tekutiny, co\u017e vysta\u010d\u00ed p\u0159ibli\u017en\u011b na 60 dn\u00ed pravideln\u00e9ho u\u017e\u00edv\u00e1n\u00ed.<\/p>\n<p><span class=\"ml-1\"><span style=\"color: #000000\">\ud83d\udc9a <\/span><\/span>tekut\u00e1 forma pro snadn\u00e9 u\u017e\u00edv\u00e1n\u00ed<br \/>\n<span class=\"ml-1\"><span style=\"color: #000000\">\ud83d\udc9a <\/span><\/span>dobr\u00e1 vst\u0159ebatelnost a vyu\u017eit\u00ed \u017eivin<br \/>\n<span class=\"ml-1\"><span style=\"color: #000000\">\ud83d\udc9a <\/span><\/span>p\u0159isp\u00edv\u00e1 k norm\u00e1ln\u00edmu metabolismu pro z\u00edsk\u00e1v\u00e1n\u00ed energie a ke sn\u00ed\u017een\u00ed \u00fanavy<br \/>\n<span class=\"ml-1\"><span style=\"color: #000000\">\ud83d\udc9a <\/span><\/span>vhodn\u00e9 pro vegany<br \/>\n<span class=\"ml-1\"><span style=\"color: #000000\">\ud83d\udc9a <\/span><\/span>bez lepku, lakt\u00f3zy a GMO<br \/>\n<span class=\"ml-1\"><span style=\"color: #000000\">\ud83d\udc9a <\/span><\/span>vhodn\u00fd pro ka\u017edodenn\u00ed pou\u017eit\u00ed<\/p>\n","protected":false},"featured_media":8325,"comment_status":"open","ping_status":"closed","template":"","meta":{"_acf_changed":false},"product_brand":[],"product_cat":[15,230,226,236,227],"product_tag":[],"class_list":{"0":"post-8326","1":"product","2":"type-product","3":"status-publish","4":"has-post-thumbnail","6":"product_cat-uncategorized","7":"product_cat-mineraly-a-vitaminy","8":"product_cat-nabidka","9":"product_cat-novy","10":"product_cat-vsechny-produkty","12":"first","13":"instock","14":"sale","15":"taxable","16":"shipping-taxable","17":"purchasable","18":"product-type-simple"},"acf":[],"_links":{"self":[{"href":"https:\/\/fengchashop.com\/cz\/wp-json\/wp\/v2\/product\/8326","targetHints":{"allow":["GET"]}}],"collection":[{"href":"https:\/\/fengchashop.com\/cz\/wp-json\/wp\/v2\/product"}],"about":[{"href":"https:\/\/fengchashop.com\/cz\/wp-json\/wp\/v2\/types\/product"}],"replies":[{"embeddable":true,"href":"https:\/\/fengchashop.com\/cz\/wp-json\/wp\/v2\/comments?post=8326"}],"wp:featuredmedia":[{"embeddable":true,"href":"https:\/\/fengchashop.com\/cz\/wp-json\/wp\/v2\/media\/8325"}],"wp:attachment":[{"href":"https:\/\/fengchashop.com\/cz\/wp-json\/wp\/v2\/media?parent=8326"}],"wp:term":[{"taxonomy":"product_brand","embeddable":true,"href":"https:\/\/fengchashop.com\/cz\/wp-json\/wp\/v2\/product_brand?post=8326"},{"taxonomy":"product_cat","embeddable":true,"href":"https:\/\/fengchashop.com\/cz\/wp-json\/wp\/v2\/product_cat?post=8326"},{"taxonomy":"product_tag","embeddable":true,"href":"https:\/\/fengchashop.com\/cz\/wp-json\/wp\/v2\/product_tag?post=8326"}],"curies":[{"name":"wp","href":"https:\/\/api.w.org\/{rel}","templated":true}]}}