{"id":8321,"date":"2026-04-14T17:30:09","date_gmt":"2026-04-14T15:30:09","guid":{"rendered":"https:\/\/fengchashop.com\/cz\/product\/b-kompleks-v-tekocini-250-ml\/"},"modified":"2026-04-25T07:15:36","modified_gmt":"2026-04-25T05:15:36","slug":"komplex-vitaminu-b-v-tekute-forme","status":"publish","type":"product","link":"https:\/\/fengchashop.com\/cz\/product\/komplex-vitaminu-b-v-tekute-forme\/","title":{"rendered":"Komplex vitam\u00edn\u016f B v tekut\u00e9 form\u011b 250 ml"},"content":{"rendered":"<h2>Komplex vitam\u00edn\u016f B v tekut\u00e9 form\u011b<\/h2>\n<p><strong>Tekut\u00fd komplex vitam\u00edn\u016f B <\/strong>je modern\u00ed dopln\u011bk stravy ur\u010den\u00fd k podpo\u0159e ka\u017edodenn\u00edho fungov\u00e1n\u00ed organismu a dobr\u00e9ho pocitu. Obsahuje pe\u010dliv\u011b vybranou kombinaci vitam\u00edn\u016f skupiny B, kter\u00e9 se pod\u00edlej\u00ed na mnoha kl\u00ed\u010dov\u00fdch procesech \u2013 od uvol\u0148ov\u00e1n\u00ed energie p\u0159i metabolismu a\u017e po fungov\u00e1n\u00ed nervov\u00e9ho syst\u00e9mu.<\/p>\n<p>Pokro\u010dil\u00e1 formule kombinuje vitam\u00edny B1, B2, B3, B5, B6, B7, B9 a B12, kter\u00e9 spole\u010dn\u011b p\u0159isp\u00edvaj\u00ed ke sn\u00ed\u017een\u00ed \u00fanavy, podporuj\u00ed psychick\u00e9 funkce a hraj\u00ed d\u016fle\u017eitou roli v norm\u00e1ln\u00ed funkci imunitn\u00edho syst\u00e9mu.<\/p>\n<p>Tekut\u00e1 forma umo\u017e\u0148uje snadn\u00e9 u\u017e\u00edv\u00e1n\u00ed a dobr\u00e9 vyu\u017eit\u00ed \u017eivin, co\u017e je zvl\u00e1\u0161t\u011b vhodn\u00e9 pro osoby, kter\u00e9 maj\u00ed pot\u00ed\u017ee s polyk\u00e1n\u00edm kapsl\u00ed nebo tablet.<\/p>\n<h2><strong>Jak to funguje?<\/strong><\/h2>\n<p>Vitam\u00edny skupiny B hraj\u00ed kl\u00ed\u010dovou roli p\u0159i p\u0159em\u011bn\u011b potravy na energii a p\u0159isp\u00edvaj\u00ed k celkov\u00e9 rovnov\u00e1ze v t\u011ble. Pravideln\u00fd p\u0159\u00edjem m\u016f\u017ee pomoci p\u0159i udr\u017eov\u00e1n\u00ed vitality, sni\u017eov\u00e1n\u00ed \u00fanavy a podpo\u0159e nervov\u00e9ho syst\u00e9mu.<\/p>\n<h2><strong>Co obsahuje?<\/strong><\/h2>\n<p><strong><span class=\"ml-1\"><span style=\"color: #000000\">\ud83d\udc9a <\/span><\/span>Vitamin B1 (thiamin)<\/strong> \u2013 p\u0159isp\u00edv\u00e1 k norm\u00e1ln\u00edmu metabolismu pro z\u00edsk\u00e1v\u00e1n\u00ed energie<\/p>\n<p><strong><span class=\"ml-1\"><span style=\"color: #000000\">\ud83d\udc9a <\/span><\/span>Vitamin B2 (riboflavin)<\/strong> \u2013 p\u0159isp\u00edv\u00e1 k ochran\u011b bun\u011bk p\u0159ed oxida\u010dn\u00edm stresem a k udr\u017een\u00ed zdrav\u00e9 poko\u017eky<\/p>\n<p><strong><span class=\"ml-1\"><span style=\"color: #000000\">\ud83d\udc9a <\/span><\/span>Vitamin B3 (niacin)<\/strong> \u2013 p\u0159isp\u00edv\u00e1 k norm\u00e1ln\u00ed \u010dinnosti nervov\u00e9ho syst\u00e9mu a ke sni\u017eov\u00e1n\u00ed \u00fanavy<\/p>\n<p><strong><span class=\"ml-1\"><span style=\"color: #000000\">\ud83d\udc9a <\/span><\/span>Vitamin B5 (kyselina pantotenov\u00e1)<\/strong> \u2013 p\u0159isp\u00edv\u00e1 k norm\u00e1ln\u00ed du\u0161evn\u00ed v\u00fdkonnosti<\/p>\n<p><strong><span class=\"ml-1\"><span style=\"color: #000000\">\ud83d\udc9a <\/span><\/span>Vitamin B6<\/strong> \u2013 p\u0159isp\u00edv\u00e1 k regulaci hormon\u00e1ln\u00ed \u010dinnosti a k fungov\u00e1n\u00ed imunitn\u00edho syst\u00e9mu<\/p>\n<p><strong><span class=\"ml-1\"><span style=\"color: #000000\">\ud83d\udc9a <\/span><\/span>Vitamin B7 (biotin)<\/strong> \u2013 p\u0159isp\u00edv\u00e1 k udr\u017een\u00ed zdrav\u00fdch vlas\u016f, poko\u017eky a metabolismu makro\u017eivin<\/p>\n<p><strong><span class=\"ml-1\"><span style=\"color: #000000\">\ud83d\udc9a <\/span><\/span>Vitamin B9 (fol\u00e1t)<\/strong> \u2013 p\u0159isp\u00edv\u00e1 k tvorb\u011b krve a bun\u011b\u010dn\u00e9mu d\u011blen\u00ed<\/p>\n<p><strong><span class=\"ml-1\"><span style=\"color: #000000\">\ud83d\udc9a <\/span><\/span>Vitamin B12<\/strong> \u2013 p\u0159isp\u00edv\u00e1 ke sn\u00ed\u017een\u00ed \u00fanavy a k norm\u00e1ln\u00ed funkci nervov\u00e9ho syst\u00e9mu<\/p>\n<h2><strong>Pro\u010d si vybrat tekut\u00fd komplex vitam\u00edn\u016f B?<\/strong><\/h2>\n<ul>\n<li>tekut\u00e1 forma pro snadn\u00e9 u\u017e\u00edv\u00e1n\u00ed<\/li>\n<li>dobr\u00e1 vst\u0159ebatelnost a vyu\u017eit\u00ed \u017eivin<\/li>\n<li>vhodn\u00fd pro vegany<\/li>\n<li>bez lepku, lakt\u00f3zy a GMO<\/li>\n<li>praktick\u00fd pro ka\u017edodenn\u00ed pou\u017eit\u00ed<\/li>\n<\/ul>\n<h2 style=\"text-align: justify\"><span style=\"color: #000000\">Skladov\u00e1n\u00ed a upozorn\u011bn\u00ed<\/span><\/h2>\n<p>Skladujte na such\u00e9m a tmav\u00e9m m\u00edst\u011b p\u0159i teplot\u011b do 25 \u00b0C. Po otev\u0159en\u00ed uchov\u00e1vejte v chladni\u010dce.<\/p>\n<p>Nezapome\u0148te na d\u016fle\u017eitost pestr\u00e9 stravy a zdrav\u00e9ho \u017eivotn\u00edho stylu. Dopln\u011bk stravy nen\u00ed n\u00e1hradou vyv\u00e1\u017een\u00e9 a pestr\u00e9 stravy. Nedoporu\u010duje se p\u0159ekra\u010dovat doporu\u010den\u00e9 denn\u00ed d\u00e1vky. Uchov\u00e1vejte mimo dosah d\u011bt\u00ed!<\/p>\n<h2><span style=\"color: #000000\">Balen\u00ed<\/span><\/h2>\n<p>Kvalitn\u00ed tmav\u00e1 plastov\u00e1 l\u00e1hev je navr\u017eena pro maxim\u00e1ln\u00ed ochranu tekut\u00fdch vitam\u00edn\u016f a miner\u00e1l\u016f. Chr\u00e1n\u00ed obsah p\u0159ed sv\u011btlem, vzduchem a vn\u011bj\u0161\u00edmi vlivy a pom\u00e1h\u00e1 zachovat \u010derstvost, stabilitu a \u00fa\u010dinnost po celou dobu pou\u017e\u00edv\u00e1n\u00ed.<\/p>\n<p>Obal je velmi praktick\u00fd a lze jej recyklovat.<\/p>\n<h2>P\u016fvod<\/h2>\n<p>EU<\/p>\n","protected":false},"excerpt":{"rendered":"<p><strong>B komplex 250 ml<\/strong> je tekut\u00fd dopln\u011bk stravy s vitam\u00edny skupiny B, kter\u00e9 p\u0159isp\u00edvaj\u00ed k uvol\u0148ov\u00e1n\u00ed energie p\u0159i metabolismu, podporuj\u00ed \u010dinnost nervov\u00e9ho syst\u00e9mu a pom\u00e1haj\u00ed sni\u017eovat \u00fanavu.<\/p>\n<p>Tekut\u00e1 forma umo\u017e\u0148uje dobr\u00e9 vst\u0159eb\u00e1v\u00e1n\u00ed a snadn\u00e9 pou\u017eit\u00ed. Jedna lahvi\u010dka vysta\u010d\u00ed p\u0159ibli\u017en\u011b na 62 dn\u00ed pravideln\u00e9ho u\u017e\u00edv\u00e1n\u00ed.<\/p>\n<p><span class=\"ml-1\"><span style=\"color: #000000\">\ud83d\udc9a <\/span>Obsahuje cel\u00e9 spektrum vitam\u00edn\u016f skupiny B pro optim\u00e1ln\u00ed fungov\u00e1n\u00ed organismu.<\/span><\/p>\n<p><span class=\"ml-1\"><span style=\"color: #000000\">\ud83d\udc9a <\/span><\/span>P\u0159isp\u00edv\u00e1 k norm\u00e1ln\u00edmu metabolismu pro z\u00edsk\u00e1v\u00e1n\u00ed energie<\/p>\n<p><span class=\"ml-1\"><span style=\"color: #000000\">\ud83d\udc9a<\/span><\/span> P\u0159isp\u00edv\u00e1 ke zdrav\u00ed poko\u017eky, vlas\u016f a neht\u016f<\/p>\n<p><span class=\"ml-1\"><span style=\"color: #000000\">\ud83d\udc9a<\/span><\/span>P\u0159isp\u00edv\u00e1 k fungov\u00e1n\u00ed nervov\u00e9ho syst\u00e9mu a ke sni\u017eov\u00e1n\u00ed \u00fanavy<\/p>\n<p><span class=\"ml-1\"><span style=\"color: #000000\">\ud83d\udc9a<\/span><\/span> Tekut\u00e1 forma pro snadn\u011bj\u0161\u00ed u\u017e\u00edv\u00e1n\u00ed<\/p>\n<p><span class=\"ml-1\"><span style=\"color: #000000\">\ud83d\udc9a<\/span><\/span> Vhodn\u00e9 pro vegany<\/p>\n<p><span class=\"ml-1\"><span style=\"color: #000000\">\ud83d\udc9a <\/span><\/span>Bez lepku, lakt\u00f3zy a GMO<\/p>\n","protected":false},"featured_media":8320,"comment_status":"open","ping_status":"closed","template":"","meta":{"_acf_changed":false},"product_brand":[],"product_cat":[15,230,236,227],"product_tag":[],"class_list":{"0":"post-8321","1":"product","2":"type-product","3":"status-publish","4":"has-post-thumbnail","6":"product_cat-uncategorized","7":"product_cat-mineraly-a-vitaminy","8":"product_cat-novy","9":"product_cat-vsechny-produkty","11":"first","12":"instock","13":"sale","14":"taxable","15":"shipping-taxable","16":"purchasable","17":"product-type-simple"},"acf":[],"_links":{"self":[{"href":"https:\/\/fengchashop.com\/cz\/wp-json\/wp\/v2\/product\/8321","targetHints":{"allow":["GET"]}}],"collection":[{"href":"https:\/\/fengchashop.com\/cz\/wp-json\/wp\/v2\/product"}],"about":[{"href":"https:\/\/fengchashop.com\/cz\/wp-json\/wp\/v2\/types\/product"}],"replies":[{"embeddable":true,"href":"https:\/\/fengchashop.com\/cz\/wp-json\/wp\/v2\/comments?post=8321"}],"wp:featuredmedia":[{"embeddable":true,"href":"https:\/\/fengchashop.com\/cz\/wp-json\/wp\/v2\/media\/8320"}],"wp:attachment":[{"href":"https:\/\/fengchashop.com\/cz\/wp-json\/wp\/v2\/media?parent=8321"}],"wp:term":[{"taxonomy":"product_brand","embeddable":true,"href":"https:\/\/fengchashop.com\/cz\/wp-json\/wp\/v2\/product_brand?post=8321"},{"taxonomy":"product_cat","embeddable":true,"href":"https:\/\/fengchashop.com\/cz\/wp-json\/wp\/v2\/product_cat?post=8321"},{"taxonomy":"product_tag","embeddable":true,"href":"https:\/\/fengchashop.com\/cz\/wp-json\/wp\/v2\/product_tag?post=8321"}],"curies":[{"name":"wp","href":"https:\/\/api.w.org\/{rel}","templated":true}]}}