{"id":7916,"date":"2026-02-02T22:59:32","date_gmt":"2026-02-02T21:59:32","guid":{"rendered":"https:\/\/fengchashop.com\/cz\/?post_type=product&#038;p=7916"},"modified":"2026-05-16T13:53:36","modified_gmt":"2026-05-16T11:53:36","slug":"zapper-vicefrekvencni-rucni-zarizeni","status":"publish","type":"product","link":"https:\/\/fengchashop.com\/cz\/product\/zapper-vicefrekvencni-rucni-zarizeni\/","title":{"rendered":"ZAPPER \u2013 v\u00edcefrekven\u010dn\u00ed ru\u010dn\u00ed za\u0159\u00edzen\u00ed"},"content":{"rendered":"<h2><span style=\"color: #000000;\">N\u00e1zev<\/span><\/h2>\n<p style=\"text-align: justify;\"><span style=\"color: #000000;\">ZAPPER \u2013 multifrekven\u010dn\u00ed ru\u010dn\u00ed za\u0159\u00edzen\u00ed podle konceptu dr. Huldy Clark<\/span><\/p>\n<h2><span style=\"color: #000000;\">Popis produktu<\/span><\/h2>\n<p><span style=\"color: #000000;\">Zapper je multifrekven\u010dn\u00ed ru\u010dn\u00ed elektronick\u00e9 za\u0159\u00edzen\u00ed navr\u017een\u00e9 podle konceptu dr. Huldy Clark, ur\u010den\u00e9 pro snadn\u00e9 a spolehliv\u00e9 dom\u00e1c\u00ed pou\u017eit\u00ed. Funguje vys\u00edl\u00e1n\u00edm pulzuj\u00edc\u00edho elektrick\u00e9ho sign\u00e1lu a automaticky vyu\u017e\u00edv\u00e1 <strong>26 frekvenc\u00ed v rozsahu p\u0159ibli\u017en\u011b od 10 do 41 kHz<\/strong>, kter\u00e9 se b\u011bhem provozu st\u0159\u00eddaj\u00ed.<\/span><\/p>\n<p><span style=\"color: #000000;\">Ovl\u00e1d\u00e1 se jedn\u00edm tla\u010d\u00edtkem a pracuje v <strong>automatick\u00e9m 7minutov\u00e9m cyklu<\/strong> s automatick\u00fdm vypnut\u00edm. Sv\u011bteln\u00e9 a zvukov\u00e9 sign\u00e1ly umo\u017e\u0148uj\u00ed kontrolu spr\u00e1vn\u00e9 funkce. Je vybaven <strong>odn\u00edmateln\u00fdmi ru\u010dn\u00edmi elektrodami z le\u0161t\u011bn\u00e9 mosazi<\/strong> a umo\u017e\u0148uje nastaven\u00ed v\u00fdstupn\u00edho nap\u011bt\u00ed.<\/span><\/p>\n<p><span style=\"color: #000000;\">Za\u0159\u00edzen\u00ed funguje na standardn\u00ed 9 V baterii (sou\u010d\u00e1st balen\u00ed), je kompaktn\u00ed, p\u0159enosn\u00e9 a vhodn\u00e9 pro pou\u017eit\u00ed doma i na cest\u00e1ch. Je vyrobeno v souladu se <strong>standardy GMP a ISO<\/strong> a m\u00e1 <strong>5letou z\u00e1ruku<\/strong>.<\/span><\/p>\n<p data-start=\"4352\" data-end=\"4564\"><strong>Zapper vys\u00edl\u00e1 jemn\u00e9 elektrick\u00e9 impulzy, kter\u00e9:<\/strong><br data-start=\"4398\" data-end=\"4401\" \/>\ud83d\udc9a pom\u00e1haj\u00ed sni\u017eovat p\u0159\u00edtomnost parazit\u016f, bakteri\u00ed a vir\u016f<br data-start=\"4458\" data-end=\"4461\" \/>\ud83d\udc9a podporuj\u00ed p\u0159irozen\u00e9 detoxika\u010dn\u00ed procesy t\u011bla<br data-start=\"4508\" data-end=\"4511\" \/>\ud83d\udc9a p\u0159isp\u00edvaj\u00ed k lep\u0161\u00ed celkov\u00e9 pohod\u011b a v\u00edce energii<\/p>\n<p data-start=\"4566\" data-end=\"4660\">Je zalo\u017een na pou\u017eit\u00ed specifick\u00fdch elektrick\u00fdch frekvenc\u00ed p\u016fsob\u00edc\u00edch na mikroorganismy v t\u011ble.<\/p>\n<h2><span style=\"color: #000000;\">Hlavn\u00ed v\u00fdhody<\/span><\/h2>\n<ul>\n<li><span style=\"color: #000000;\">Multifrekven\u010dn\u00ed provoz s <strong>26 automatick\u00fdmi frekvencemi<\/strong><\/span><\/li>\n<li><span style=\"color: #000000;\">Automatick\u00fd <strong>7minutov\u00fd program<\/strong> pro snadn\u00e9 a bezpe\u010dn\u00e9 pou\u017eit\u00ed<\/span><\/li>\n<li><span style=\"color: #000000;\">Nastaviteln\u00e9 v\u00fdstupn\u00ed nap\u011bt\u00ed (p\u0159ibli\u017en\u011b od 2 % do 100 %)<\/span><\/li>\n<li><span style=\"color: #000000;\">Vizu\u00e1ln\u00ed a zvukov\u00e1 kontrola provozu<\/span><\/li>\n<li><span style=\"color: #000000;\">Automatick\u00e9 vypnut\u00ed a ochrana proti zkratu<\/span><\/li>\n<li><span style=\"color: #000000;\">Odn\u00edmateln\u00e9 ru\u010dn\u00ed elektrody z le\u0161t\u011bn\u00e9 mosazi<\/span><\/li>\n<li><span style=\"color: #000000;\">Kompaktn\u00ed, p\u0159enosn\u00fd a snadno pou\u017eiteln\u00fd<\/span><\/li>\n<li><span style=\"color: #000000;\">Provoz na standardn\u00ed 9 V baterii<\/span><\/li>\n<li><span style=\"color: #000000;\">Vysok\u00e1 kvalita zpracov\u00e1n\u00ed, testovan\u00fd provoz<\/span><\/li>\n<li><span style=\"color: #000000;\">5let\u00e1 z\u00e1ruka<\/span><\/li>\n<\/ul>\n<h2><span style=\"color: #000000;\">Vzhled a funk\u010dnost<\/span><\/h2>\n<p><span style=\"color: #000000;\">Zapper je navr\u017een minimalisticky a funk\u010dn\u011b. Kryt je vyroben z odoln\u00e9ho syntetick\u00e9ho plastu, kter\u00fd chr\u00e1n\u00ed elektroniku a zaji\u0161\u0165uje dlouhou \u017eivotnost za\u0159\u00edzen\u00ed. Kompaktn\u00ed velikost umo\u017e\u0148uje snadn\u00e9 skladov\u00e1n\u00ed a p\u0159en\u00e1\u0161en\u00ed.<\/span><\/p>\n<p><span style=\"color: #000000;\">Ru\u010dn\u00ed elektrody z le\u0161t\u011bn\u00e9 mosazi jsou ergonomicky tvarovan\u00e9 a p\u0159\u00edjemn\u00e9 na dotek. D\u00edky p\u0159irozen\u00fdm vlastnostem materi\u00e1lu maj\u00ed tak\u00e9 antibakteri\u00e1ln\u00ed vlastnosti. Elektrody jsou odn\u00edmateln\u00e9 a lze je podle pot\u0159eby \u010distit nebo vym\u011bnit.<\/span><\/p>\n<p><span style=\"color: #000000;\">Za\u0159\u00edzen\u00ed se automaticky zapne pouze tehdy, kdy\u017e u\u017eivatel spr\u00e1vn\u011b dr\u017e\u00ed ob\u011b elektrody, co\u017e zvy\u0161uje bezpe\u010dnost pou\u017e\u00edv\u00e1n\u00ed. V p\u0159\u00edpad\u011b \u0161patn\u00e9ho kontaktu, such\u00e9 poko\u017eky nebo po\u0161kozen\u00e9ho kabelu se za\u0159\u00edzen\u00ed nespust\u00ed a upozorn\u00ed u\u017eivatele sign\u00e1lem.<\/span><\/p>\n<h2><span style=\"color: #000000;\">D\u016fle\u017eit\u00e9 upozorn\u011bn\u00ed<\/span><\/h2>\n<p><span style=\"color: #000000;\">Zapper nen\u00ed zdravotnick\u00fd prost\u0159edek a nen\u00ed ur\u010den k diagnostice, l\u00e9\u010db\u011b ani prevenci onemocn\u011bn\u00ed. Pou\u017e\u00edv\u00e1n\u00ed je na vlastn\u00ed odpov\u011bdnost. T\u011bhotn\u00e9 \u017eeny a osoby s kardiostimul\u00e1torem nebo podobn\u00fdmi za\u0159\u00edzen\u00edmi nesm\u00ed zapper pou\u017e\u00edvat.<\/span><\/p>\n","protected":false},"excerpt":{"rendered":"<p>Zapper je ur\u010den k <strong>jednoduch\u00e9mu a pravideln\u00e9mu dom\u00e1c\u00edmu pou\u017e\u00edv\u00e1n\u00ed multifrekven\u010dn\u00edho elektronick\u00e9ho za\u0159\u00edzen\u00ed podle konceptu dr. Huldy Clark<\/strong>.<\/p>\n<p>\ud83d\udc9a Multifrekven\u010dn\u00ed provoz s <strong>26 automatick\u00fdmi frekvencemi<\/strong><br \/>\n\ud83d\udc9a Automatick\u00fd <strong>7minutov\u00fd program<\/strong> pro snadn\u00e9 a bezpe\u010dn\u00e9 pou\u017eit\u00ed<br \/>\n\ud83d\udc9a Nastaviteln\u00e9 v\u00fdstupn\u00ed nap\u011bt\u00ed (p\u0159ibli\u017en\u011b od 2 % do 100 %)<br \/>\n\ud83d\udc9a Vizu\u00e1ln\u00ed a zvukov\u00e1 kontrola provozu<br \/>\n\ud83d\udc9a Automatick\u00e9 vypnut\u00ed a ochrana proti zkratu<br \/>\n\ud83d\udc9a Odn\u00edmateln\u00e9 ru\u010dn\u00ed elektrody z le\u0161t\u011bn\u00e9 mosazi<br \/>\n\ud83d\udc9a Kompaktn\u00ed, p\u0159enosn\u00fd a snadno pou\u017eiteln\u00fd<br \/>\n\ud83d\udc9a Provoz na standardn\u00ed 9 V baterii<br \/>\n\ud83d\udc9a Vysok\u00e1 kvalita zpracov\u00e1n\u00ed, testovan\u00fd provoz<\/p>\n","protected":false},"featured_media":7919,"comment_status":"open","ping_status":"closed","template":"","meta":{"_acf_changed":false},"product_brand":[],"product_cat":[226,236,208,227],"product_tag":[],"class_list":{"0":"post-7916","1":"product","2":"type-product","3":"status-publish","4":"has-post-thumbnail","6":"product_cat-nabidka","7":"product_cat-novy","8":"product_cat-ostatni","9":"product_cat-vsechny-produkty","11":"first","12":"instock","13":"taxable","14":"shipping-taxable","15":"purchasable","16":"product-type-simple"},"acf":[],"_links":{"self":[{"href":"https:\/\/fengchashop.com\/cz\/wp-json\/wp\/v2\/product\/7916","targetHints":{"allow":["GET"]}}],"collection":[{"href":"https:\/\/fengchashop.com\/cz\/wp-json\/wp\/v2\/product"}],"about":[{"href":"https:\/\/fengchashop.com\/cz\/wp-json\/wp\/v2\/types\/product"}],"replies":[{"embeddable":true,"href":"https:\/\/fengchashop.com\/cz\/wp-json\/wp\/v2\/comments?post=7916"}],"wp:featuredmedia":[{"embeddable":true,"href":"https:\/\/fengchashop.com\/cz\/wp-json\/wp\/v2\/media\/7919"}],"wp:attachment":[{"href":"https:\/\/fengchashop.com\/cz\/wp-json\/wp\/v2\/media?parent=7916"}],"wp:term":[{"taxonomy":"product_brand","embeddable":true,"href":"https:\/\/fengchashop.com\/cz\/wp-json\/wp\/v2\/product_brand?post=7916"},{"taxonomy":"product_cat","embeddable":true,"href":"https:\/\/fengchashop.com\/cz\/wp-json\/wp\/v2\/product_cat?post=7916"},{"taxonomy":"product_tag","embeddable":true,"href":"https:\/\/fengchashop.com\/cz\/wp-json\/wp\/v2\/product_tag?post=7916"}],"curies":[{"name":"wp","href":"https:\/\/api.w.org\/{rel}","templated":true}]}}