{"id":7316,"date":"2025-12-09T08:31:26","date_gmt":"2025-12-09T07:31:26","guid":{"rendered":"https:\/\/fengchashop.com\/cz\/?post_type=product&#038;p=7316"},"modified":"2026-05-06T03:57:46","modified_gmt":"2026-05-06T01:57:46","slug":"gaba-v-kapslich","status":"publish","type":"product","link":"https:\/\/fengchashop.com\/cz\/product\/gaba-v-kapslich\/","title":{"rendered":"GABA v kapsl\u00edch 120 kapsl\u00ed"},"content":{"rendered":"<div class=\"wpb-content-wrapper\"><p>[vc_row][vc_column][vc_column_text css=&#8220;&#8220;]<\/p>\n<h2><span style=\"color: #000000;\"><strong>GABA (kyselina gama-aminom\u00e1seln\u00e1) v kapsl\u00edch<\/strong><\/span><\/h2>\n<p><span style=\"color: #000000;\"><strong>GABA (\u03b3-aminobutyric acid \/ kyselina gama-aminom\u00e1seln\u00e1) je neurotransmiter,<\/strong> tedy chemick\u00e1 l\u00e1tka, kter\u00e1 umo\u017e\u0148uje komunikaci mezi nervov\u00fdmi bu\u0148kami (neurony) v mozku.<\/span><br \/>\n<span style=\"color: #000000;\">Je hlavn\u00edm <strong>inhibi\u010dn\u00edm (tlumiv\u00fdm)<\/strong> neurotransmiterem v centr\u00e1ln\u00edm nervov\u00e9m syst\u00e9mu \u2014 co\u017e znamen\u00e1, \u017ee <strong>uklid\u0148uje \u010dinnost mozku a sni\u017euje nervovou aktivitu<\/strong>.<\/span><\/p>\n<h2><span style=\"color: #000000;\"><strong>Jak p\u016fsob\u00ed?<\/strong><\/span><\/h2>\n<ul>\n<li><span style=\"color: #000000;\">Kdy\u017e se GABA v\u00e1\u017ee na sv\u00e9 receptory (GABA-A a GABA-B), sni\u017euje elektrickou aktivitu neuron\u016f.<\/span><\/li>\n<li><span style=\"color: #000000;\">P\u016fsob\u00ed jako \u201ebrzda\u201c v nervov\u00e9m syst\u00e9mu.<\/span><\/li>\n<li><span style=\"color: #000000;\">V\u00fdsledkem je, \u017ee t\u011blo i mysl se uvoln\u00ed, sni\u017euje se \u00fazkost, nap\u011bt\u00ed a nervozita.<\/span><\/li>\n<\/ul>\n<h2><span style=\"color: #000000;\"><strong>\u00da\u010dinky GABA<\/strong><\/span><\/h2>\n<p><span style=\"color: #000000;\"><strong>\ud83d\udc9a Uklid\u0148uj\u00edc\u00ed a uvol\u0148uj\u00edc\u00ed \u00fa\u010dinek<\/strong><\/span><\/p>\n<ul>\n<li><span style=\"color: #000000;\">Sni\u017euje stres, pocit nap\u011bt\u00ed a \u00fazkost.<\/span><\/li>\n<li><span style=\"color: #000000;\">M\u016f\u017ee pomoci s us\u00edn\u00e1n\u00edm.<\/span><\/li>\n<\/ul>\n<p><span style=\"color: #000000;\"><strong>\ud83d\udc9a Zlep\u0161en\u00ed sp\u00e1nku<\/strong><\/span><\/p>\n<ul>\n<li><span style=\"color: #000000;\">D\u00edky sv\u00e9mu \u00fa\u010dinku na sn\u00ed\u017een\u00ed mozkov\u00e9 aktivity pom\u00e1h\u00e1 p\u0159i nespavosti nebo probl\u00e9mech s us\u00edn\u00e1n\u00edm.<\/span><\/li>\n<\/ul>\n<p><span style=\"color: #000000;\"><strong>\ud83d\udc9a Regulace n\u00e1lady<\/strong><\/span><\/p>\n<ul>\n<li><span style=\"color: #000000;\">Nedostatek GABA je spojen s \u00fazkost\u00ed, depres\u00ed a panick\u00fdmi z\u00e1chvaty.<\/span><\/li>\n<li><span style=\"color: #000000;\">N\u011bkter\u00e9 l\u00e9ky proti \u00fazkosti (nap\u0159. benzodiazepiny) p\u016fsob\u00ed tak, \u017ee posiluj\u00ed \u00fa\u010dinek GABA.<\/span><\/li>\n<li><span style=\"color: #000000;\">Sni\u017euje stres.<\/span><\/li>\n<\/ul>\n<p><span style=\"color: #000000;\"><strong>\ud83d\udc9a Sn\u00ed\u017een\u00ed svalov\u00e9ho nap\u011bt\u00ed<\/strong><\/span><\/p>\n<ul>\n<li><span style=\"color: #000000;\">GABA se pod\u00edl\u00ed na uvoln\u011bn\u00ed sval\u016f.<\/span><\/li>\n<li><span style=\"color: #000000;\">N\u011bkte\u0159\u00ed sportovci ji pou\u017e\u00edvaj\u00ed pro regeneraci po z\u00e1t\u011b\u017ei.<\/span><\/li>\n<\/ul>\n<h2><span style=\"color: #000000;\"><strong>Skladov\u00e1n\u00ed a upozorn\u011bn\u00ed<\/strong><\/span><\/h2>\n<p><span style=\"color: #000000;\">Uchov\u00e1vejte na such\u00e9m m\u00edst\u011b p\u0159i teplot\u011b do 25 \u00b0C, chr\u00e1n\u011bn\u00e9 p\u0159ed vlhkost\u00ed a sv\u011btlem. Dbejte, aby byla s\u00e1\u010dek nebo krabi\u010dka dob\u0159e uzav\u0159en\u00e1.<\/span><\/p>\n<p><span style=\"color: #000000;\">Uchov\u00e1vejte mimo dosah mal\u00fdch d\u011bt\u00ed. V\u00fdrobek je ur\u010den pouze dosp\u011bl\u00fdm. Pokud m\u00e1te jak\u00fdkoli zdravotn\u00ed probl\u00e9m, u\u017e\u00edv\u00e1te l\u00e9ky, jste t\u011bhotn\u00e1, koj\u00edte nebo pl\u00e1nujete t\u011bhotenstv\u00ed, p\u0159ed pou\u017eit\u00edm se pora\u010fte s l\u00e9ka\u0159em.<\/span><br \/>\n<span style=\"color: #000000;\">Pou\u017eit\u00ed se nedoporu\u010duje osob\u00e1m mlad\u0161\u00edm 18 let. Nep\u0159ekra\u010dujte doporu\u010denou denn\u00ed d\u00e1vku. V\u00fd\u017eivov\u00e9 dopl\u0148ky nemohou nahradit vyv\u00e1\u017eenou a pestrou stravu. Pro udr\u017een\u00ed dobr\u00e9ho zdrav\u00ed je d\u016fle\u017eit\u00e1 vyv\u00e1\u017een\u00e1 a pestr\u00e1 strava a zdrav\u00fd \u017eivotn\u00ed styl.<\/span><\/p>\n<h2><span style=\"color: #000000;\"><strong>Balen\u00ed<\/strong><\/span><\/h2>\n<p><span style=\"color: #000000;\">Vzduchot\u011bsn\u00fd s\u00e1\u010dek se zipem nebo krabi\u010dka, kter\u00e1 uchov\u00e1v\u00e1 \u010derstvost a aroma produktu. Obal chr\u00e1n\u00ed p\u0159ed sv\u011btlem a vzduchem a je tvo\u0159en v\u00edce ochrann\u00fdmi vrstvami, kter\u00e9 zachov\u00e1vaj\u00ed vlastnosti produktu.<\/span><\/p>\n<p><span style=\"color: #000000;\">Obal je velmi praktick\u00fd a recyklovateln\u00fd.<\/span><\/p>\n<h2><span style=\"color: #000000;\"><strong>P\u016fvod<\/strong><\/span><\/h2>\n<p><span style=\"color: #000000;\">Mimo EU<\/span>[\/vc_column_text][\/vc_column][\/vc_row]<\/p>\n<\/div>","protected":false},"excerpt":{"rendered":"<p data-start=\"0\" data-end=\"195\"><strong data-start=\"0\" data-end=\"36\">GABA (kyselina gama-aminom\u00e1seln\u00e1)<\/strong> je hlavn\u00ed inhibi\u010dn\u00ed neurotransmiter v mozku, kter\u00fd zklid\u0148uje nervov\u00fd syst\u00e9m a podporuje relaxaci. Pom\u00e1h\u00e1 udr\u017eovat rovnov\u00e1hu mezi klidem a nap\u011bt\u00edm.<\/p>\n<p data-start=\"199\" data-end=\"237\">\ud83d\udc9a Sni\u017euje stres, \u00fazkost a nap\u011bt\u00ed<\/p>\n<p data-start=\"240\" data-end=\"267\">\ud83d\udc9a Podporuje kvalitn\u00ed sp\u00e1nek<\/p>\n<p data-start=\"270\" data-end=\"319\">\ud83d\udc9a P\u0159isp\u00edv\u00e1 k uvoln\u011bn\u00ed sval\u016f a lep\u0161\u00ed pohod\u011b<\/p>\n<p data-start=\"322\" data-end=\"372\" data-is-last-node=\"\">\ud83d\udc9a Pom\u00e1h\u00e1 regulovat n\u00e1ladu a nervovou aktivitu<\/p>\n","protected":false},"featured_media":7317,"comment_status":"open","ping_status":"closed","template":"","meta":{"_acf_changed":false},"product_brand":[],"product_cat":[15,230,226,227],"product_tag":[],"class_list":{"0":"post-7316","1":"product","2":"type-product","3":"status-publish","4":"has-post-thumbnail","6":"product_cat-uncategorized","7":"product_cat-mineraly-a-vitaminy","8":"product_cat-nabidka","9":"product_cat-vsechny-produkty","11":"first","12":"instock","13":"sale","14":"taxable","15":"shipping-taxable","16":"purchasable","17":"product-type-simple"},"acf":[],"_links":{"self":[{"href":"https:\/\/fengchashop.com\/cz\/wp-json\/wp\/v2\/product\/7316","targetHints":{"allow":["GET"]}}],"collection":[{"href":"https:\/\/fengchashop.com\/cz\/wp-json\/wp\/v2\/product"}],"about":[{"href":"https:\/\/fengchashop.com\/cz\/wp-json\/wp\/v2\/types\/product"}],"replies":[{"embeddable":true,"href":"https:\/\/fengchashop.com\/cz\/wp-json\/wp\/v2\/comments?post=7316"}],"wp:featuredmedia":[{"embeddable":true,"href":"https:\/\/fengchashop.com\/cz\/wp-json\/wp\/v2\/media\/7317"}],"wp:attachment":[{"href":"https:\/\/fengchashop.com\/cz\/wp-json\/wp\/v2\/media?parent=7316"}],"wp:term":[{"taxonomy":"product_brand","embeddable":true,"href":"https:\/\/fengchashop.com\/cz\/wp-json\/wp\/v2\/product_brand?post=7316"},{"taxonomy":"product_cat","embeddable":true,"href":"https:\/\/fengchashop.com\/cz\/wp-json\/wp\/v2\/product_cat?post=7316"},{"taxonomy":"product_tag","embeddable":true,"href":"https:\/\/fengchashop.com\/cz\/wp-json\/wp\/v2\/product_tag?post=7316"}],"curies":[{"name":"wp","href":"https:\/\/api.w.org\/{rel}","templated":true}]}}