{"id":7230,"date":"2025-10-07T12:29:01","date_gmt":"2025-10-07T10:29:01","guid":{"rendered":"https:\/\/fengchashop.com\/cz\/?post_type=product&#038;p=7230"},"modified":"2026-05-06T10:27:07","modified_gmt":"2026-05-06T08:27:07","slug":"bachovy-kapky-smutek","status":"publish","type":"product","link":"https:\/\/fengchashop.com\/cz\/product\/bachovy-kapky-smutek\/","title":{"rendered":"Bachovy kapky Smutek"},"content":{"rendered":"<div class=\"wpb-content-wrapper\"><p>[vc_row][vc_column][vc_column_text css=&#8220;&#8220;]<\/p>\n<h2 style=\"text-align: justify;\"><span style=\"color: #000000;\">Bachovy k\u00fary proti smutku<\/span><\/h2>\n<p><strong>Smutek<\/strong> je p\u0159irozen\u00e1 emoce, kter\u00e1 se m\u016f\u017ee objevit <strong>v p\u0159\u00edpad\u011b ztr\u00e1ty, zklam\u00e1n\u00ed, osam\u011blosti nebo prost\u011b pocitu pr\u00e1zdnoty<\/strong>. A\u010dkoli je sou\u010d\u00e1st\u00ed \u017eivota, dlouhodob\u00fd nebo nadm\u011brn\u00fd smutek m\u016f\u017ee ovlivnit na\u0161e du\u0161evn\u00ed i fyzick\u00e9 zdrav\u00ed. Lid\u00e9 jej \u010dasto pro\u017e\u00edvaj\u00ed jako <strong>pocit t\u00edhy v srdci, apatii, nedostatek energie nebo pokles motivace.<\/strong> Proto je obzvl\u00e1\u0161t\u011b d\u016fle\u017eit\u00e9 nau\u010dit se s n\u00edm vypo\u0159\u00e1dat a naj\u00edt zp\u016fsoby, jak dos\u00e1hnout vnit\u0159n\u00ed rovnov\u00e1hy. Bachovy k\u00fary n\u00e1m s t\u00edm mohou pomoci, proto\u017ee <strong>nab\u00edzej\u00ed jemnou podporu p\u0159i emocion\u00e1ln\u00edch v\u00fdzv\u00e1ch a vedou n\u00e1s k v\u011bt\u0161\u00edmu klidu a vitalit\u011b<\/strong>.<\/p>\n<p>Prvn\u00ed v\u00fdsledky m\u016f\u017eete vid\u011bt po n\u011bkolika dnech nebo t\u00fddnech, proto\u017ee to z\u00e1le\u017e\u00ed na ka\u017ed\u00e9m jednotlivci. P\u0159ipraven\u00e1 sm\u011bs vydr\u017e\u00ed 30 dn\u00ed a kapky si m\u016f\u017eete snadno aplikovat p\u0159\u00edmo do \u00fast nebo je nakapat do sklenice vody.<\/p>\n<p><strong>Nej\u010dast\u011bj\u0161\u00ed p\u0159\u00ed\u010diny smutku jsou:<\/strong><\/p>\n<ul>\n<li>ztr\u00e1ta milovan\u00e9 osoby nebo rozpad vztahu,<\/li>\n<li>pocit osam\u011blosti nebo nepochopen\u00ed,<\/li>\n<li>nespln\u011bn\u00e1 o\u010dek\u00e1v\u00e1n\u00ed,<\/li>\n<li>\u017eivotn\u00ed zm\u011bny (st\u011bhov\u00e1n\u00ed, zm\u011bna zam\u011bstn\u00e1n\u00ed atd.),<\/li>\n<li>dlouhodob\u00fd stres a vy\u010derp\u00e1n\u00ed.<\/li>\n<\/ul>\n<p><strong>Terapie Bachov\u00fdmi kapkami na smutek v\u00e1m pom\u016f\u017ee:<\/strong><\/p>\n<ul>\n<li>sn\u00e1ze zpracov\u00e1v\u00e1 emocion\u00e1ln\u00ed ztr\u00e1ty,<\/li>\n<li>obnovit pocit vnit\u0159n\u00ed s\u00edly,<\/li>\n<li>sn\u00ed\u017eit pocit t\u00edhy a letargie,<\/li>\n<li>otev\u0159en\u00fd prostor pro novou nad\u011bji a radost,<\/li>\n<li>znovu c\u00edtit rovnov\u00e1hu a vit\u00e1ln\u00ed energii.<\/li>\n<\/ul>\n<h2 style=\"text-align: justify;\"><span style=\"color: #000000;\">\u00da\u010dinek Bachov\u00fdch kapek<\/span><\/h2>\n<p>Bachovy kapky podporuj\u00ed<strong>emocion\u00e1ln\u00ed rovnov\u00e1hu a mohou b\u00fdt n\u00e1pomocn\u00e9 p\u0159i \u0159e\u0161en\u00ed smutku, kter\u00fd \u010dasto ovliv\u0148uje energii, motivaci a celkovou pohodu<\/strong>. Bachovy kapky n\u00e1m tak\u00e9 pom\u00e1haj\u00ed v r\u016fzn\u00fdch kriz\u00edch a obt\u00ed\u017en\u00fdch \u017eivotn\u00edch situac\u00edch, zkou\u0161k\u00e1ch. Pom\u00e1haj\u00ed n\u00e1m uklidnit se a zachovat si klidnou hlavu, proto\u017ee ovliv\u0148uj\u00ed n\u00e1\u0161 emo\u010dn\u00ed stav a pom\u00e1haj\u00ed jej harmonizovat. Pomoc\u00ed Bachov\u00fdch kapek <strong>p\u0159eb\u00edr\u00e1me kontrolu nad sv\u00fdmi emocemi<\/strong>, jen tak vytv\u00e1\u0159\u00edme harmonii a nach\u00e1z\u00edme tak sv\u016fj vnit\u0159n\u00ed klid.<\/p>\n<p style=\"text-align: justify;\"><span style=\"color: #000000;\">Bachovy terapie podporuje sebeuzdravov\u00e1n\u00ed a duchovn\u00ed relaxaci. Podle teorie Dr. Bacha spo\u010d\u00edv\u00e1 p\u0159\u00ed\u010dina nemoci v disharmonick\u00e9m stavu nebo nedostatku harmonie mezi t\u011blem a du\u0161\u00ed. Pomoc\u00ed kv\u011btov\u00fdch esenc\u00ed se sna\u017e\u00edme vyl\u00e9\u010dit nemoc t\u00edm, \u017ee vyu\u017e\u00edv\u00e1me <b>pozitivn\u00edch vlastnost\u00ed kv\u011btin<\/b>, a to t\u00edm, \u017ee n\u00e1m pom\u00e1haj\u00ed obnovit rovnov\u00e1hu v n\u00e1s sam\u00fdch.<\/span><\/p>\n<p><span style=\"color: #000000;\">Bachova terapie podporuje samol\u00e9\u010dbu a duchovn\u00ed uvoln\u011bn\u00ed. Podle teorie doktora Bacha spo\u010d\u00edv\u00e1 p\u0159\u00ed\u010dina nemoci v neharmonick\u00e9m stavu nebo v nedostatku harmonie mezi t\u011blem a du\u0161\u00ed. Pomoc\u00ed kv\u011btov\u00fdch esenc\u00ed se sna\u017e\u00edme l\u00e9\u010dit nemoci t\u00edm, \u017ee vyu\u017e\u00edv\u00e1me <strong>pozitivn\u00ed vlastnosti kv\u011btin<\/strong>, kter\u00e9 n\u00e1m pom\u00e1haj\u00ed obnovit rovnov\u00e1hu v na\u0161em nitru.<\/span><\/p>\n<p><span style=\"color: #000000;\">Bachovy kapky jsou p\u0159ipraveny podle metody Dr. Bacha a pou\u017e\u00edvaj\u00ed pouze\u00a0<strong>origin\u00e1ln\u00ed Bachovy esence<\/strong>.<\/span><\/p>\n<p><span style=\"color: #000000;\">Bachovy kapky se odeb\u00edraj\u00ed z lahvi\u010dky s p\u0159ilo\u017eenou pipetou, co\u017e velmi usnad\u0148uje d\u00e1vkov\u00e1n\u00ed. U\u017e\u00edvejte 4 kapky 4kr\u00e1t denn\u011b, rozlo\u017een\u00e9 b\u011bhem dne. Lahvi\u010dka, kterou obdr\u017e\u00edte, vysta\u010d\u00ed na 1 m\u011bs\u00edc l\u00e9\u010dby.<\/span><\/p>\n<p><span style=\"color: #000000;\">Ka\u017ed\u00e1 l\u00e1hev vybran\u00e9 sm\u011bsi se\u00a0<strong>p\u0159ipravuje ru\u010dn\u011b a v re\u00e1ln\u00e9m \u010dase<\/strong>. Aby sm\u011bs vydr\u017eela d\u00e9le \u010derstv\u00e1, pou\u017e\u00edv\u00e1me trochu alkoholu (ko\u0148aku). Sm\u011bs m\u00e1 trvanlivost 1 m\u011bs\u00edc od data n\u00e1kupu.<\/span><\/p>\n<p><span style=\"color: #000000;\">Bachovy kapky\u00a0<strong>nemaj\u00ed \u017e\u00e1dn\u00e9 vedlej\u0161\u00ed \u00fa\u010dinky<\/strong>, nelze se jimi p\u0159ed\u00e1vkovat a nejsou n\u00e1vykov\u00e9. Jsou vhodn\u00e9 pro v\u0161echny \u2013 t\u011bhotn\u00e9 \u017eeny, koj\u00edc\u00ed matky, star\u0161\u00ed osoby, d\u011bti i zv\u00ed\u0159ata.<\/span><\/p>\n<p><span style=\"color: #000000;\">Neinteraguj\u00ed s jin\u00fdmi l\u00e9ky.<\/span><\/p>\n<h2><span style=\"color: #000000;\">Skladov\u00e1n\u00ed<\/span><\/h2>\n<p><span style=\"color: #000000;\">Skladujte na such\u00e9m a tmav\u00e9m m\u00edst\u011b p\u0159i teplot\u011b do +25 \u00b0C.<\/span><\/p>\n<h2><span style=\"color: #000000;\">Mno\u017estv\u00ed<\/span><\/h2>\n<p><span style=\"color: #000000;\">30 ml (vysta\u010d\u00ed na 30 dn\u00ed pravideln\u00e9ho pou\u017e\u00edv\u00e1n\u00ed)<\/span>[\/vc_column_text][\/vc_column][\/vc_row]<\/p>\n<\/div>","protected":false},"excerpt":{"rendered":"<p>Bachovy kapky jsou \u00fa\u010dinn\u00e9 p\u0159i r\u016fzn\u00fdch citov\u00fdch pot\u00ed\u017e\u00edch. Pom\u00e1haj\u00ed v r\u016fzn\u00fdch kriz\u00edch a obt\u00ed\u017en\u00fdch \u017eivotn\u00edch situac\u00edch. Pom\u00e1haj\u00ed uklidnit se a zachovat si chladnou hlavu. P\u016fsob\u00ed na n\u00e1\u0161 emocion\u00e1ln\u00ed stav a pom\u00e1haj\u00ed ho harmonizovat.<\/p>\n<p>\ud83d\udc9a Kapky jsou baleny ru\u010dn\u011b v den odesl\u00e1n\u00ed.<br \/>\n\ud83d\udc9a Jsou vhodn\u00e9 pro v\u0161echny osoby (t\u011bhotn\u00e9 \u017eeny, star\u0161\u00ed osoby, d\u011bti,\u2026) a zv\u00ed\u0159ata.<br \/>\n\ud83d\udc9a Nemaj\u00ed \u017e\u00e1dn\u00e9 vedlej\u0161\u00ed \u00fa\u010dinky, nejsou n\u00e1vykov\u00e9 a nelze se jimi p\u0159ed\u00e1vkovat.<br \/>\n\ud83d\udc9a Prvn\u00ed v\u00fdsledky m\u016f\u017eete zaznamenat po n\u011bkolika dnech nebo t\u00fddnech, z\u00e1le\u017e\u00ed na ka\u017ed\u00e9m jednotlivci.<br \/>\n\ud83d\udc9a Neinteraguj\u00ed s jin\u00fdmi l\u00e9ky.<\/p>\n","protected":false},"featured_media":6701,"comment_status":"open","ping_status":"closed","template":"","meta":{"_acf_changed":false},"product_brand":[],"product_cat":[15,241,226,227],"product_tag":[],"class_list":{"0":"post-7230","1":"product","2":"type-product","3":"status-publish","4":"has-post-thumbnail","6":"product_cat-uncategorized","7":"product_cat-bachovy-kapky","8":"product_cat-nabidka","9":"product_cat-vsechny-produkty","11":"first","12":"instock","13":"sale","14":"taxable","15":"shipping-taxable","16":"purchasable","17":"product-type-simple"},"acf":[],"_links":{"self":[{"href":"https:\/\/fengchashop.com\/cz\/wp-json\/wp\/v2\/product\/7230","targetHints":{"allow":["GET"]}}],"collection":[{"href":"https:\/\/fengchashop.com\/cz\/wp-json\/wp\/v2\/product"}],"about":[{"href":"https:\/\/fengchashop.com\/cz\/wp-json\/wp\/v2\/types\/product"}],"replies":[{"embeddable":true,"href":"https:\/\/fengchashop.com\/cz\/wp-json\/wp\/v2\/comments?post=7230"}],"wp:featuredmedia":[{"embeddable":true,"href":"https:\/\/fengchashop.com\/cz\/wp-json\/wp\/v2\/media\/6701"}],"wp:attachment":[{"href":"https:\/\/fengchashop.com\/cz\/wp-json\/wp\/v2\/media?parent=7230"}],"wp:term":[{"taxonomy":"product_brand","embeddable":true,"href":"https:\/\/fengchashop.com\/cz\/wp-json\/wp\/v2\/product_brand?post=7230"},{"taxonomy":"product_cat","embeddable":true,"href":"https:\/\/fengchashop.com\/cz\/wp-json\/wp\/v2\/product_cat?post=7230"},{"taxonomy":"product_tag","embeddable":true,"href":"https:\/\/fengchashop.com\/cz\/wp-json\/wp\/v2\/product_tag?post=7230"}],"curies":[{"name":"wp","href":"https:\/\/api.w.org\/{rel}","templated":true}]}}