{"id":6892,"date":"2025-06-09T10:03:02","date_gmt":"2025-06-09T08:03:02","guid":{"rendered":"https:\/\/fengchashop.com\/cz\/?post_type=product&#038;p=6892"},"modified":"2026-05-05T10:33:22","modified_gmt":"2026-05-05T08:33:22","slug":"kudzu-prasek","status":"publish","type":"product","link":"https:\/\/fengchashop.com\/cz\/product\/kudzu-prasek\/","title":{"rendered":"Kudzu pr\u00e1\u0161ek 250 g"},"content":{"rendered":"<h2><strong>Co je kudzu?<\/strong><\/h2>\n<p><strong>Kudzu<\/strong> (vyslovuje se: <em>k\u00fadzu<\/em>) je rychle rostouc\u00ed pop\u00ednav\u00e1 rostlina p\u016fvodem z v\u00fdchodn\u00ed Asie \u2013 zejm\u00e9na z \u010c\u00edny, Japonska a Koreje. Naz\u00fdv\u00e1 se tak\u00e9 japonsk\u00fd divok\u00fd jam nebo ko\u0159en kudzu. P\u016fvodn\u011b se pou\u017e\u00edval jako krmivo, zelen\u00e9 hnojen\u00ed a ochrana proti erozi p\u016fdy. V 19. stolet\u00ed byla rostlina introdukov\u00e1na tak\u00e9 do Spojen\u00fdch st\u00e1t\u016f, kde se uk\u00e1zala jako invazn\u00ed druh, proto\u017ee dok\u00e1\u017ee rychle zar\u016fstat cel\u00fdmi oblastmi, v\u010detn\u011b les\u016f, farem a silnic.<\/p>\n<p>Kudzu pat\u0159\u00ed do \u010deledi bobovit\u00fdch (Fabaceae) a je p\u0159\u00edbuzn\u00fd bobovit\u00fdch. M\u00e1 velk\u00e9, troj\u010detn\u00e9 (trojlalo\u010dn\u00e9) listy, fialov\u00e9 kv\u011bty a siln\u00e9 ko\u0159eny, kter\u00e9 <strong>obsahuj\u00ed mnoho \u017eivin a l\u00e9\u010div\u00fdch vlastnost\u00ed<\/strong>.<\/p>\n<p>Kudzu je mimo\u0159\u00e1dn\u011b zaj\u00edmav\u00e1 rostlina s dlouhou histori\u00ed pou\u017e\u00edv\u00e1n\u00ed <strong>v tradi\u010dn\u00ed medic\u00edn\u011b<\/strong>. V pr\u00e1\u0161kov\u00e9 form\u011b je vhodn\u00fd jako dopln\u011bk stravy, zejm\u00e9na <strong>pro podporu jater, krevn\u00edho ob\u011bhu a hormon\u00e1ln\u00ed rovnov\u00e1hy<\/strong>.<\/p>\n<h2><strong>L\u00e9\u010div\u00e9 \u00fa\u010dinky<\/strong><\/h2>\n<p>Kudzu se v tradi\u010dn\u00ed \u010d\u00ednsk\u00e9 medic\u00edn\u011b pou\u017e\u00edv\u00e1 po stalet\u00ed. Ko\u0159en obsahuje <strong>isoflavony<\/strong>, zejm\u00e9na <strong>daidzein<\/strong>, <strong>daidzin<\/strong> a <strong>puerarin<\/strong>, kter\u00e9 maj\u00ed d\u016fle\u017eit\u00e9 farmakologick\u00e9 vlastnosti.<\/p>\n<p><strong>Hlavn\u00ed \u00fa\u010dinky:<\/strong><\/p>\n<p><strong>\ud83d\udc9a Detoxikace jater:<\/strong> pou\u017e\u00edv\u00e1 se p\u0159i probl\u00e9mech s alkoholem &#8211; \u0159\u00edk\u00e1 se, \u017ee pom\u00e1h\u00e1 sni\u017eovat chu\u0165 na alkohol a podporuje j\u00e1tra.<\/p>\n<p><strong>\ud83d\udc9a \u00daleva od migr\u00e9ny a bolest\u00ed hlavy<\/strong><\/p>\n<p><strong>\ud83d\udc9a Sni\u017euje krevn\u00ed tlak a zlep\u0161uje krevn\u00ed ob\u011bh<\/strong><\/p>\n<p><strong>\ud83d\udc9a Zm\u00edr\u0148uje p\u0159\u00edznaky menopauzy:<\/strong> funguje podobn\u011b jako fytoestrogeny.<\/p>\n<p><strong>\ud83d\udc9a Protiz\u00e1n\u011btliv\u00fd \u00fa\u010dinek:<\/strong> pom\u00e1h\u00e1 p\u0159i z\u00e1n\u011btech a bolestech sval\u016f.<\/p>\n<p><strong>\ud83d\udc9a Pomoc p\u0159i cukrovce 2. typu:<\/strong> n\u011bkter\u00e9 v\u00fdzkumy ukazuj\u00ed, \u017ee zlep\u0161uje citlivost na inzul\u00edn.<\/p>\n<p><strong>\ud83d\udc9a Antioxida\u010dn\u00ed \u00fa\u010dinek:<\/strong> p\u016fsob\u00ed jako lapa\u010d voln\u00fdch radik\u00e1l\u016f.<\/p>\n<p><strong>\ud83d\udc9a Zm\u00edr\u0148uje za\u017e\u00edvac\u00ed pot\u00ed\u017ee:<\/strong> pou\u017e\u00edv\u00e1 se p\u0159i pr\u016fjmu, k\u0159e\u010d\u00edch, podr\u00e1\u017ed\u011bn\u00ed \u017ealudku, m\u00e1 uklid\u0148uj\u00edc\u00ed \u00fa\u010dinek na gastrointestin\u00e1ln\u00ed trakt a st\u0159eva.<\/p>\n<p><strong>\ud83d\udc9a Neuroprotektivn\u00ed \u00fa\u010dinek:<\/strong> chr\u00e1n\u00ed nervov\u00e9 bu\u0148ky p\u0159ed oxida\u010dn\u00edm stresem, pom\u00e1h\u00e1 p\u0159i z\u00e1vrat\u00edch, vertigu a tinnitu.<\/p>\n<p><strong>\ud83d\udc9a Antimikrobi\u00e1ln\u00ed a antivirov\u00fd \u00fa\u010dinek: <\/strong> m\u00e1 antibakteri\u00e1ln\u00ed vlastnosti, inhibi\u010dn\u00ed \u00fa\u010dinek na viry ch\u0159ipky.<\/p>\n<h2><strong>Skladov\u00e1n\u00ed a upozorn\u011bn\u00ed<\/strong><\/h2>\n<p>Skladujte na such\u00e9m a chladn\u00e9m m\u00edst\u011b p\u0159i teplot\u011b do 25 \u00b0C. Uchov\u00e1vejte dopln\u011bk stravy mimo dosah d\u011bt\u00ed!<\/p>\n<p>Nezapome\u0148te na d\u016fle\u017eitost pestr\u00e9 stravy a zdrav\u00e9ho \u017eivotn\u00edho stylu, proto dopln\u011bk stravy nenahrazuje vyv\u00e1\u017eenou a pestrou stravu. Doporu\u010den\u00e9 denn\u00ed mno\u017estv\u00ed ani d\u00e1vka by se nem\u011bly p\u0159ekra\u010dovat.<\/p>\n<p>Nedoporu\u010dujeme jeho u\u017e\u00edv\u00e1n\u00ed t\u011bhotn\u00fdm a koj\u00edc\u00edm matk\u00e1m a d\u011btem. Pokud m\u00e1te jak\u00e9koli zdravotn\u00ed probl\u00e9my, doporu\u010duje se poradit se s l\u00e9ka\u0159em. Vzhledem k obsahu fytoestrogen\u016f nen\u00ed vhodn\u00fd pro osoby s onemocn\u011bn\u00edmi citliv\u00fdmi na estrogen (nap\u0159. rakovina prsu). M\u016f\u017ee ovlivnit krevn\u00ed tlak, cukrovku nebo u\u017e\u00edv\u00e1n\u00ed hormon\u00e1ln\u00edch l\u00e9k\u016f.<\/p>\n<h2><strong>Obal<\/strong><\/h2>\n<p>Vzdu\u0161n\u011b uzav\u00edrateln\u00fd s\u00e1\u010dek na zip, kde si produkt zachov\u00e1v\u00e1 ve\u0161kerou svou \u010derstvost a aroma. Obal chr\u00e1n\u00ed p\u0159ed sv\u011btlem a vzduchem, proto\u017ee se skl\u00e1d\u00e1 z n\u011bkolika ochrann\u00fdch vrstev, kter\u00e9 zachov\u00e1vaj\u00ed vlastnosti obsahu.<\/p>\n<p>Obal je velmi praktick\u00fd a umo\u017e\u0148uje recyklaci.<\/p>\n<h2><strong>P\u016fvod<\/strong><\/h2>\n<p>Japonsko<\/p>\n","protected":false},"excerpt":{"rendered":"<p>Kudzu se v tradi\u010dn\u00ed \u010d\u00ednsk\u00e9 medic\u00edn\u011b pou\u017e\u00edv\u00e1 po stalet\u00ed. Je to mimo\u0159\u00e1dn\u011b zaj\u00edmav\u00e1 rostlina s dlouhou histori\u00ed pou\u017eit\u00ed v tradi\u010dn\u00ed medic\u00edn\u011b. Ve form\u011b pr\u00e1\u0161ku je vhodn\u00e1 pro dopln\u011bn\u00ed v\u00fd\u017eivy, zejm\u00e9na pro:<\/p>\n<p><span style=\"color: #000000\">\ud83d\udc9a <\/span><strong>podporu jater,<\/strong><\/p>\n<p><strong><span style=\"color: #000000\">\ud83d\udc9a <\/span>krevn\u00ed ob\u011bh a<\/strong><\/p>\n<p><strong><span style=\"color: #000000\">\ud83d\udc9a <\/span>hormon\u00e1ln\u00ed rovnov\u00e1hu<\/strong>.<\/p>\n","protected":false},"featured_media":6893,"comment_status":"open","ping_status":"closed","template":"","meta":{"_acf_changed":false},"product_brand":[],"product_cat":[15,226,195,227],"product_tag":[],"class_list":{"0":"post-6892","1":"product","2":"type-product","3":"status-publish","4":"has-post-thumbnail","6":"product_cat-uncategorized","7":"product_cat-nabidka","8":"product_cat-superpotraviny","9":"product_cat-vsechny-produkty","11":"first","12":"instock","13":"sale","14":"taxable","15":"shipping-taxable","16":"purchasable","17":"product-type-simple"},"acf":[],"_links":{"self":[{"href":"https:\/\/fengchashop.com\/cz\/wp-json\/wp\/v2\/product\/6892","targetHints":{"allow":["GET"]}}],"collection":[{"href":"https:\/\/fengchashop.com\/cz\/wp-json\/wp\/v2\/product"}],"about":[{"href":"https:\/\/fengchashop.com\/cz\/wp-json\/wp\/v2\/types\/product"}],"replies":[{"embeddable":true,"href":"https:\/\/fengchashop.com\/cz\/wp-json\/wp\/v2\/comments?post=6892"}],"wp:featuredmedia":[{"embeddable":true,"href":"https:\/\/fengchashop.com\/cz\/wp-json\/wp\/v2\/media\/6893"}],"wp:attachment":[{"href":"https:\/\/fengchashop.com\/cz\/wp-json\/wp\/v2\/media?parent=6892"}],"wp:term":[{"taxonomy":"product_brand","embeddable":true,"href":"https:\/\/fengchashop.com\/cz\/wp-json\/wp\/v2\/product_brand?post=6892"},{"taxonomy":"product_cat","embeddable":true,"href":"https:\/\/fengchashop.com\/cz\/wp-json\/wp\/v2\/product_cat?post=6892"},{"taxonomy":"product_tag","embeddable":true,"href":"https:\/\/fengchashop.com\/cz\/wp-json\/wp\/v2\/product_tag?post=6892"}],"curies":[{"name":"wp","href":"https:\/\/api.w.org\/{rel}","templated":true}]}}