{"id":6828,"date":"2025-02-25T09:41:56","date_gmt":"2025-02-25T08:41:56","guid":{"rendered":"https:\/\/fengchashop.com\/cz\/product\/cistus-creticus-caj-bio-100-g\/"},"modified":"2026-04-17T03:46:49","modified_gmt":"2026-04-17T01:46:49","slug":"caj-cistus-creticus-cistrose-bio","status":"publish","type":"product","link":"https:\/\/fengchashop.com\/cz\/product\/caj-cistus-creticus-cistrose-bio\/","title":{"rendered":"\u010caj Cistus creticus (Cistrose) BIO 100 g"},"content":{"rendered":"<h2><strong>Cistus creticus (Zistrose) BIO<\/strong><\/h2>\n<p><strong>Cistus creticus neboli zistrose<\/strong> je aromatick\u00e1 ke\u0159ovit\u00e1 rostlina, kter\u00e1 poch\u00e1z\u00ed p\u0159ev\u00e1\u017en\u011b ze St\u0159edomo\u0159\u00ed &#8211; zejm\u00e9na z \u0159eck\u00e9ho ostrova Kr\u00e9ta, kde se j\u00ed da\u0159\u00ed v such\u00e9m, skalnat\u00e9m prost\u0159ed\u00ed. Listy rostliny jsou pokryty lepkav\u00fdmi prysky\u0159icemi (labdanum), kter\u00e9 maj\u00ed vysok\u00fd obsah polyfenol\u016f &#8211; p\u0159\u00edrodn\u00edch antioxidant\u016f.<\/p>\n<p>Pou\u017e\u00edv\u00e1 se jako \u010daj. Cistus creticus je zn\u00e1m\u00fd <strong>jako p\u0159\u00edrodn\u00ed bylina na podporu imunitn\u00edho syst\u00e9mu<\/strong>.<\/p>\n<h2><strong>\u010caj z Cistus creticus je cen\u011bn pro n\u00e1sleduj\u00edc\u00ed vlastnosti:<\/strong><\/h2>\n<p><strong>\ud83d\udc9a Siln\u00fd antioxidant<\/strong>: Bohat\u00fd zdroj polyfenol\u016f, kter\u00e9 pom\u00e1haj\u00ed chr\u00e1nit bu\u0148ky p\u0159ed voln\u00fdmi radik\u00e1ly.<\/p>\n<p><strong>\ud83d\udc9a Podpora imunitn\u00edho syst\u00e9mu<\/strong>: P\u0159irozen\u011b posiluje odolnost t\u011bla, zejm\u00e9na v obdob\u00ed nachlazen\u00ed a ch\u0159ipek.<\/p>\n<p><strong>\ud83d\udc9a Antibakteri\u00e1ln\u00ed a antivirov\u00fd \u00fa\u010dinek<\/strong>: Tradi\u010dn\u011b se pou\u017e\u00edv\u00e1 k ochran\u011b p\u0159ed infekcemi.<\/p>\n<p><strong>\ud83d\udc9a Protiz\u00e1n\u011btliv\u00fd \u00fa\u010dinek<\/strong>: Pom\u00e1h\u00e1 zm\u00edrnit z\u00e1n\u011bty v t\u011ble.<\/p>\n<p><strong>\ud83d\udc9a Vliv na tr\u00e1ven\u00ed<\/strong>: Pom\u00e1h\u00e1 zm\u00edrnit probl\u00e9my, jako je nad\u00fdm\u00e1n\u00ed a \u017ealude\u010dn\u00ed nevolnost.<\/p>\n<p><strong>\ud83d\udc9a Pou\u017eit\u00ed na k\u016f\u017ei<\/strong>: Pou\u017e\u00edv\u00e1 se tak\u00e9 ve form\u011b obklad\u016f nebo koupel\u00ed p\u0159i ko\u017en\u00edch probl\u00e9mech (nap\u0159. akn\u00e9, ekz\u00e9m).<\/p>\n<h2><strong>Skladov\u00e1n\u00ed a upozorn\u011bn\u00ed<\/strong><\/h2>\n<p>Skladujte na such\u00e9m, tmav\u00e9m a chladn\u00e9m m\u00edst\u011b. Su\u0161en\u00e9 listy by m\u011bly b\u00fdt skladov\u00e1ny ve vzduchot\u011bsn\u00e9m s\u00e1\u010dku nebo n\u00e1dob\u011b a\u017e do pou\u017eit\u00ed. Takto si zachovaj\u00ed svou s\u00edlu a aroma a\u017e 1 rok. Neskladujte v bl\u00edzkosti siln\u00fdch pach\u016f (nap\u0159. ko\u0159en\u00ed), proto\u017ee bylina m\u016f\u017ee absorbovat ciz\u00ed pachy. Po otev\u0159en\u00ed v\u017edy obal pevn\u011b uzav\u0159ete.<\/p>\n<p>Obecn\u011b bezpe\u010dn\u00e9 pou\u017eit\u00ed, a to i p\u0159i dlouhodob\u00e9m u\u017e\u00edv\u00e1n\u00ed. Ve vz\u00e1cn\u00fdch p\u0159\u00edpadech m\u016f\u017ee zp\u016fsobit m\u00edrnou z\u00e1cpu nebo podr\u00e1\u017ed\u011bn\u00ed \u017ealudku. T\u011bhotn\u00e9 a koj\u00edc\u00ed matky by se m\u011bly p\u0159ed pou\u017eit\u00edm poradit s l\u00e9ka\u0159em.<\/p>\n<p>Nezapome\u0148te na d\u016fle\u017eitost pestr\u00e9 stravy a zdrav\u00e9ho \u017eivotn\u00edho stylu, proto dopln\u011bk stravy nenahrazuje vyv\u00e1\u017eenou a pestrou stravu. Doporu\u010den\u00e9 denn\u00ed mno\u017estv\u00ed ani d\u00e1vka by se nem\u011bly p\u0159ekra\u010dovat.<\/p>\n<h2>Obal<\/h2>\n<p>Vzdu\u0161n\u011b uzav\u00edrateln\u00fd s\u00e1\u010dek na zip, kde si produkt zachov\u00e1v\u00e1 ve\u0161kerou svou \u010derstvost a aroma. Obal chr\u00e1n\u00ed p\u0159ed sv\u011btlem a vzduchem, proto\u017ee se skl\u00e1d\u00e1 z n\u011bkolika ochrann\u00fdch vrstev, kter\u00e9 zachov\u00e1vaj\u00ed vlastnosti obsahu.<\/p>\n<p>Obal je velmi praktick\u00fd a umo\u017e\u0148uje recyklaci.<\/p>\n<h2>P\u016fvod<\/h2>\n<p>\u0158ecko<\/p>\n","protected":false},"excerpt":{"rendered":"<p><strong>Cistus creticus<\/strong> je zn\u00e1m\u00e1 jako p\u0159\u00edrodn\u00ed bylina<strong>na podporu imunitn\u00edho syst\u00e9mu<\/strong> a m\u00e1 siln\u00e9 <strong>antivirov\u00e9, antibakteri\u00e1ln\u00ed a antioxida\u010dn\u00ed \u00fa\u010dinky.<\/strong> Krom\u011b toho m\u00e1 dal\u0161\u00ed pozitivn\u00ed vlastnosti:<\/p>\n<p data-start=\"173\" data-end=\"215\">\ud83d\udc9a Zm\u00edr\u0148uje z\u00e1n\u011bty (protiz\u00e1n\u011btliv\u00fd \u00fa\u010dinek)<\/p>\n<p data-start=\"219\" data-end=\"258\">\ud83d\udc9a Podporuje tr\u00e1ven\u00ed a detoxikaci<\/p>\n<p data-start=\"262\" data-end=\"313\">\ud83d\udc9a Pom\u00e1h\u00e1 p\u0159i ko\u017en\u00edch probl\u00e9mech (nap\u0159. akn\u00e9, ekz\u00e9m)<\/p>\n<p data-start=\"317\" data-end=\"350\">\ud83d\udc9a Sni\u017euje riziko respira\u010dn\u00edch infekc\u00ed<\/p>\n","protected":false},"featured_media":6829,"comment_status":"open","ping_status":"closed","template":"","meta":{"_acf_changed":false},"product_brand":[],"product_cat":[15,239,205],"product_tag":[],"class_list":{"0":"post-6828","1":"product","2":"type-product","3":"status-publish","4":"has-post-thumbnail","6":"product_cat-uncategorized","7":"product_cat-caj","8":"product_cat-caj-jidlo-koreni","10":"first","11":"instock","12":"sale","13":"taxable","14":"shipping-taxable","15":"purchasable","16":"product-type-simple"},"acf":[],"_links":{"self":[{"href":"https:\/\/fengchashop.com\/cz\/wp-json\/wp\/v2\/product\/6828","targetHints":{"allow":["GET"]}}],"collection":[{"href":"https:\/\/fengchashop.com\/cz\/wp-json\/wp\/v2\/product"}],"about":[{"href":"https:\/\/fengchashop.com\/cz\/wp-json\/wp\/v2\/types\/product"}],"replies":[{"embeddable":true,"href":"https:\/\/fengchashop.com\/cz\/wp-json\/wp\/v2\/comments?post=6828"}],"wp:featuredmedia":[{"embeddable":true,"href":"https:\/\/fengchashop.com\/cz\/wp-json\/wp\/v2\/media\/6829"}],"wp:attachment":[{"href":"https:\/\/fengchashop.com\/cz\/wp-json\/wp\/v2\/media?parent=6828"}],"wp:term":[{"taxonomy":"product_brand","embeddable":true,"href":"https:\/\/fengchashop.com\/cz\/wp-json\/wp\/v2\/product_brand?post=6828"},{"taxonomy":"product_cat","embeddable":true,"href":"https:\/\/fengchashop.com\/cz\/wp-json\/wp\/v2\/product_cat?post=6828"},{"taxonomy":"product_tag","embeddable":true,"href":"https:\/\/fengchashop.com\/cz\/wp-json\/wp\/v2\/product_tag?post=6828"}],"curies":[{"name":"wp","href":"https:\/\/api.w.org\/{rel}","templated":true}]}}