{"id":6826,"date":"2025-06-09T09:58:05","date_gmt":"2025-06-09T07:58:05","guid":{"rendered":"https:\/\/fengchashop.com\/cz\/product\/caj-chanca-piedra-100-g\/"},"modified":"2026-04-30T20:23:37","modified_gmt":"2026-04-30T18:23:37","slug":"caj-chanca-piedra","status":"publish","type":"product","link":"https:\/\/fengchashop.com\/cz\/product\/caj-chanca-piedra\/","title":{"rendered":"\u010caj Chanca Piedra 100 g"},"content":{"rendered":"<h2><span style=\"color: #000000\">\u010caj Chanca Piedra<\/span><\/h2>\n<p><span style=\"color: #000000\">Chanca Piedra (Phyllanthus niruri) je tropick\u00e1 rostlina poch\u00e1zej\u00edc\u00ed z Amazonie a dal\u0161\u00edch \u010d\u00e1st\u00ed Ji\u017en\u00ed Ameriky, Indie a jihov\u00fdchodn\u00ed Asie. N\u00e1zev doslova znamen\u00e1 \u201el\u00e1ma\u010d kamen\u016f\u201c \u2013 poch\u00e1z\u00ed ze \u0161pan\u011blsk\u00e9ho term\u00ednu odkazuj\u00edc\u00edho na jeho tradi\u010dn\u00ed pou\u017eit\u00ed p\u0159i \u201el\u00e1m\u00e1n\u00ed ledvinov\u00fdch a \u017elu\u010dov\u00fdch kamen\u016f\u201c. Chanca Piedra poch\u00e1z\u00ed z <strong>kontrolovan\u00e9 organick\u00e9 produkce<\/strong> v <strong>lesn\u00edch zahrad\u00e1ch<\/strong>\u00a0(Chakra) a p\u011bstuj\u00ed ji domorod\u00ed Kichwaov\u00e9 v zahrad\u00e1ch amazonsk\u00e9ho de\u0161tn\u00e9ho pralesa v Ekv\u00e1doru.<\/span><\/p>\n<h2><span style=\"color: #000000\"><strong>Hlavn\u00ed aktivn\u00ed slo\u017eky<\/strong><\/span><\/h2>\n<p><span style=\"color: #000000\">Rostlina obsahuje \u0159adu <strong>bioaktivn\u00edch slou\u010denin<\/strong>, z nich\u017e nejd\u016fle\u017eit\u011bj\u0161\u00ed jsou:<\/span><\/p>\n<ul>\n<li><span style=\"color: #000000\"><strong>Lignany:<\/strong> fylantin, hypofylantin<\/span><\/li>\n<li><span style=\"color: #000000\"><strong>Flavonoidy:<\/strong> kvercetin, kyselina rutinov\u00e1<\/span><\/li>\n<li><span style=\"color: #000000\"><strong>Triterpeny<\/strong><\/span><\/li>\n<li><span style=\"color: #000000\"><strong>Trininy<\/strong><\/span><\/li>\n<li><span style=\"color: #000000\"><strong>Alkaloidy<\/strong><\/span><\/li>\n<li><span style=\"color: #000000\"><strong>Polyfenoly<\/strong><\/span><\/li>\n<\/ul>\n<p><span style=\"color: #000000\">Tyto slou\u010deniny maj\u00ed protiz\u00e1n\u011btliv\u00e9, antimikrobi\u00e1ln\u00ed, antioxida\u010dn\u00ed, diuretick\u00e9 a hepatoprotektivn\u00ed \u00fa\u010dinky.<\/span><\/p>\n<h2><span style=\"color: #000000\"><strong>\u00da\u010dinky a p\u0159\u00ednosy Chanca Piedry<\/strong><\/span><\/h2>\n<p><span style=\"color: #000000\"><strong>\ud83d\udc9a Rozpou\u0161t\u011bn\u00ed a prevence ledvinov\u00fdch kamen\u016f:<\/strong>\u00a0Je zn\u00e1m\u00fd svou schopnost\u00ed pom\u00e1hat rozkl\u00e1dat st\u00e1vaj\u00edc\u00ed **ledvinov\u00e9 a \u017elu\u010dov\u00e9 kameny** a sni\u017eovat riziko jejich op\u011btovn\u00e9 tvorby.<\/span><\/p>\n<p><span style=\"color: #000000\"><strong>\ud83d\udc9a Podpora jater:<\/strong> P\u016fsob\u00ed jako <strong>hepatoprotektivn\u00ed l\u00e1tka<\/strong>\u00a0(chr\u00e1n\u00ed j\u00e1tra), zejm\u00e9na v p\u0159\u00edpadech probl\u00e9m\u016f zp\u016fsoben\u00fdch toxiny, alkoholem nebo infekcemi (nap\u0159. hepatitida B).<\/span><\/p>\n<p><span style=\"color: #000000\"><strong>\ud83d\udc9a Protiz\u00e1n\u011btliv\u00e1 a antioxida\u010dn\u00ed aktivita:<\/strong> Obsahuje bioaktivn\u00ed l\u00e1tky, kter\u00e9 pom\u00e1haj\u00ed <strong>sni\u017eovat z\u00e1n\u011bty<\/strong> a <strong>chr\u00e1nit bu\u0148ky p\u0159ed oxida\u010dn\u00edm stresem<\/strong>.<\/span><\/p>\n<p><span style=\"color: #000000\"><strong>\ud83d\udc9a Mo\u010dopudn\u00fd \u00fa\u010dinek<\/strong>: Stimuluje <strong>vylu\u010dov\u00e1n\u00ed mo\u010di<\/strong>, co\u017e m\u016f\u017ee pomoci pro\u010distit mo\u010dov\u00e9 cesty a p\u0159edch\u00e1zet infekc\u00edm nebo zadr\u017eov\u00e1n\u00ed tekutin.<\/span><\/p>\n<p><span style=\"color: #000000\"><strong>\ud83d\udc9a Antivirov\u00e1 aktivita:<\/strong> N\u011bkter\u00e9 studie prok\u00e1zaly \u00fa\u010dinky proti <strong>hepatitid\u011b B<\/strong>\u00a0a dal\u0161\u00edm vir\u016fm, a\u010dkoli to dosud nebylo klinicky potvrzeno.<\/span><\/p>\n<p><span style=\"color: #000000\"><strong>\ud83d\udc9a Sn\u00ed\u017een\u00ed hladiny cukru v krvi:<\/strong> Tradi\u010dn\u011b se tak\u00e9 pou\u017e\u00edv\u00e1 k <strong>podpo\u0159e regulace hladiny cukru v krvi<\/strong>.<\/span><\/p>\n<h2><span style=\"color: #000000\"><strong>Skladov\u00e1n\u00ed a varov\u00e1n\u00ed<\/strong><\/span><\/h2>\n<p><span style=\"color: #000000\">Skladujte na such\u00e9m a chladn\u00e9m m\u00edst\u011b p\u0159i teplot\u011b do 25 \u00b0C. Uchov\u00e1vejte dopln\u011bk stravy mimo dosah d\u011bt\u00ed!<\/span><\/p>\n<p><span style=\"color: #000000\">Nedoporu\u010duje se pro t\u011bhotn\u00e9 nebo koj\u00edc\u00ed matky. M\u016f\u017ee ovlivnit krevn\u00ed tlak nebo hladinu cukru v krvi \u2013 opatrnost u lid\u00ed s kardiovaskul\u00e1rn\u00edm onemocn\u011bn\u00edm nebo cukrovkou. M\u016f\u017ee tak\u00e9 ovlivnit \u00fa\u010dinek n\u011bkter\u00fdch l\u00e9k\u016f, zejm\u00e9na diuretik nebo l\u00e9k\u016f na j\u00e1tra.<\/span><\/p>\n<p><span style=\"color: #000000\">Doporu\u010den\u00e9 u\u017e\u00edv\u00e1n\u00ed: kr\u00e1tk\u00e1 doba (nap\u0159. 2\u20134 t\u00fddny), pot\u00e9 p\u0159est\u00e1vka.<\/span><\/p>\n<p><span style=\"color: #000000\">Nezapom\u00ednejte na d\u016fle\u017eitost pestr\u00e9 stravy a zdrav\u00e9ho \u017eivotn\u00edho stylu, proto dopln\u011bk stravy nenahrazuje vyv\u00e1\u017eenou a pestrou stravu. Doporu\u010den\u00e9 denn\u00ed mno\u017estv\u00ed nebo d\u00e1vkov\u00e1n\u00ed by nem\u011blo b\u00fdt p\u0159ekro\u010deno.<\/span><\/p>\n<p>&nbsp;<\/p>\n<h2><span style=\"color: #000000\">Obal<\/span><\/h2>\n<p><span style=\"color: #000000\">Vzduchot\u011bsn\u00fd s\u00e1\u010dek se zipem, kde si produkt zachov\u00e1v\u00e1 ve\u0161kerou svou \u010derstvost a aroma. Obal chr\u00e1n\u00ed p\u0159ed sv\u011btlem a vzduchem, proto\u017ee se skl\u00e1d\u00e1 z n\u011bkolika ochrann\u00fdch vrstev, kter\u00e9 zachov\u00e1vaj\u00ed vlastnosti obsahu.<\/span><\/p>\n<p><span style=\"color: #000000\">Obal je velmi praktick\u00fd a recyklovateln\u00fd.<\/span><\/p>\n<h2><span style=\"color: #000000\">P\u016fvod<\/span><\/h2>\n<p><span style=\"color: #000000\">Ekv\u00e1dor<\/span><\/p>\n","protected":false},"excerpt":{"rendered":"<p>\u010caj Chanca Piedra je obl\u00edben\u00fd pro svou p\u0159\u00edrodn\u00ed podporu p\u0159i ledvinov\u00fdch kamenech, detoxikaci t\u011bla a ochranu jater. Mezi nejd\u016fle\u017eit\u011bj\u0161\u00ed aktivn\u00ed slo\u017eky pat\u0159\u00ed <strong data-start=\"156\" data-end=\"169\">fylantin<\/strong> a <strong data-start=\"173\" data-end=\"186\">kvercetin<\/strong>, kter\u00e9 maj\u00ed protiz\u00e1n\u011btliv\u00e9 a antivirov\u00e9 \u00fa\u010dinky.<\/p>\n<p>\u010caj je obl\u00edben\u00fd pro sv\u00e9 \u00fa\u010dinky na:<\/p>\n<p><strong data-start=\"70\" data-end=\"103\">\ud83d\udc9a rozpou\u0161t\u011bn\u00ed ledvinov\u00fdch kamen\u016f<\/strong> a<\/p>\n<p><strong data-start=\"107\" data-end=\"125\">\ud83d\udc9a \u010di\u0161t\u011bn\u00ed jater.<\/strong><\/p>\n","protected":false},"featured_media":6827,"comment_status":"open","ping_status":"closed","template":"","meta":{"_acf_changed":false},"product_brand":[],"product_cat":[15,239,205,226,227],"product_tag":[],"class_list":{"0":"post-6826","1":"product","2":"type-product","3":"status-publish","4":"has-post-thumbnail","6":"product_cat-uncategorized","7":"product_cat-caj","8":"product_cat-caj-jidlo-koreni","9":"product_cat-nabidka","10":"product_cat-vsechny-produkty","12":"first","13":"instock","14":"sale","15":"taxable","16":"shipping-taxable","17":"purchasable","18":"product-type-simple"},"acf":[],"_links":{"self":[{"href":"https:\/\/fengchashop.com\/cz\/wp-json\/wp\/v2\/product\/6826","targetHints":{"allow":["GET"]}}],"collection":[{"href":"https:\/\/fengchashop.com\/cz\/wp-json\/wp\/v2\/product"}],"about":[{"href":"https:\/\/fengchashop.com\/cz\/wp-json\/wp\/v2\/types\/product"}],"replies":[{"embeddable":true,"href":"https:\/\/fengchashop.com\/cz\/wp-json\/wp\/v2\/comments?post=6826"}],"wp:featuredmedia":[{"embeddable":true,"href":"https:\/\/fengchashop.com\/cz\/wp-json\/wp\/v2\/media\/6827"}],"wp:attachment":[{"href":"https:\/\/fengchashop.com\/cz\/wp-json\/wp\/v2\/media?parent=6826"}],"wp:term":[{"taxonomy":"product_brand","embeddable":true,"href":"https:\/\/fengchashop.com\/cz\/wp-json\/wp\/v2\/product_brand?post=6826"},{"taxonomy":"product_cat","embeddable":true,"href":"https:\/\/fengchashop.com\/cz\/wp-json\/wp\/v2\/product_cat?post=6826"},{"taxonomy":"product_tag","embeddable":true,"href":"https:\/\/fengchashop.com\/cz\/wp-json\/wp\/v2\/product_tag?post=6826"}],"curies":[{"name":"wp","href":"https:\/\/api.w.org\/{rel}","templated":true}]}}