{"id":6824,"date":"2025-05-30T11:35:46","date_gmt":"2025-05-30T09:35:46","guid":{"rendered":"https:\/\/fengchashop.com\/cz\/product\/mini-vaha-200-g-001-g\/"},"modified":"2026-01-06T11:38:38","modified_gmt":"2026-01-06T10:38:38","slug":"mini-vaha","status":"publish","type":"product","link":"https:\/\/fengchashop.com\/cz\/product\/mini-vaha\/","title":{"rendered":"Mini v\u00e1ha 200 g \/ 0,01 g)"},"content":{"rendered":"<h2><span style=\"color: #000000;\">Jm\u00e9no<\/span><\/h2>\n<p><span style=\"color: #000000;\">Mini v\u00e1ha 200 g \/ 0,01 g<\/span><\/p>\n<h2><span style=\"color: #000000;\">Popis<\/span><\/h2>\n<p><span style=\"color: #000000;\"><strong>Digit\u00e1ln\u00ed mini v\u00e1ha<\/strong> je skv\u011bl\u00e9 za\u0159\u00edzen\u00ed pro m\u011b\u0159en\u00ed superpotravin a dopl\u0148k\u016f stravy, <em>jak\u00e9 m\u00e1me v na\u0161\u00ed nab\u00eddce<\/em>.<\/span><\/p>\n<p><span style=\"color: #000000;\">Jedn\u00e1 se o p\u0159esn\u00e9 a technologicky vysp\u011bl\u00e9 za\u0159\u00edzen\u00ed ur\u010den\u00e9 pro lidi, kte\u0159\u00ed cht\u011bj\u00ed p\u0159esn\u011b m\u011b\u0159it men\u0161\u00ed mno\u017estv\u00ed \u017eivin. Takov\u00e1 v\u00e1ha umo\u017e\u0148uje u\u017eivatel\u016fm p\u0159esn\u011b v\u00e1\u017eit dopl\u0148ky stravy, jako jsou pr\u00e1\u0161ky, sem\u00ednka, tablety, kapsle nebo tekutiny, a superpotraviny, jako jsou chia sem\u00ednka, spirulina, maca atd.<\/span><\/p>\n<h2><span style=\"color: #000000;\"><strong>Kl\u00ed\u010dov\u00e9 vlastnosti digit\u00e1ln\u00ed v\u00e1hy<\/strong><\/span><\/h2>\n<p><span style=\"color: #000000;\"><strong>\ud83d\udc9a Vysok\u00e1 p\u0159esnost:<\/strong> V\u00e1ha je navr\u017eena s extr\u00e9mn\u00ed p\u0159esnost\u00ed, a\u017e do 0,01 g, co\u017e je velmi d\u016fle\u017eit\u00e9 p\u0159i m\u011b\u0159en\u00ed mal\u00e9ho mno\u017estv\u00ed superpotravin a dopl\u0148k\u016f stravy, kde se p\u0159ed\u00e1vkov\u00e1n\u00ed nedoporu\u010duje.<\/span><\/p>\n<p><span style=\"color: #000000;\"><strong>\ud83d\udc9a Rozsah m\u011b\u0159en\u00ed:<\/strong> V\u00e1ha m\u00e1 kapacitu m\u011b\u0159it mal\u00e1 a st\u0159edn\u00ed mno\u017estv\u00ed (maxim\u00e1ln\u011b do 500 g), co\u017e v\u00e1m umo\u017e\u0148uje v\u00e1\u017eit mal\u00e9 porce superpotravin a dopl\u0148k\u016f stravy.<\/span><\/p>\n<p><span style=\"color: #000000;\"><strong>\ud83d\udc9a V\u00edce jednotek m\u011b\u0159en\u00ed:<\/strong> U\u017eivatel\u00e9 v\u00e1hy mohou p\u0159ep\u00ednat mezi r\u016fzn\u00fdmi jednotkami m\u011b\u0159en\u00ed, co\u017e umo\u017e\u0148uje snadn\u00e9 p\u0159izp\u016fsoben\u00ed v z\u00e1vislosti na typu m\u011b\u0159en\u00fdch l\u00e1tek.<\/span><\/p>\n<p><span style=\"color: #000000;\"><strong>\ud83d\udc9a Funkce t\u00e1rov\u00e1n\u00ed:<\/strong> Funkce t\u00e1rov\u00e1n\u00ed umo\u017e\u0148uje v\u00e1ze zohlednit hmotnost n\u00e1doby nebo obalu, co\u017e umo\u017e\u0148uje p\u0159esn\u00e9 m\u011b\u0159en\u00ed pouze obsahu bez dal\u0161\u00edho z\u00e1va\u017e\u00ed.<\/span><\/p>\n<p><span style=\"color: #000000;\"><strong>\ud83d\udc9a Snadn\u00e9 pou\u017eit\u00ed:<\/strong> V\u00e1ha je vybavena LCD displejem, kter\u00fd jasn\u011b a \u010diteln\u011b zobrazuje hmotnost. Jednoduch\u00e9 ovl\u00e1d\u00e1n\u00ed tla\u010d\u00edtky umo\u017e\u0148uje rychl\u00e9 v\u00e1\u017een\u00ed, p\u0159ep\u00edn\u00e1n\u00ed m\u011brn\u00fdch jednotek a pou\u017e\u00edv\u00e1n\u00ed t\u00e1ry.<\/span><\/p>\n<p><span style=\"color: #000000;\"><strong>\ud83d\udc9a Kompaktn\u00ed a p\u0159enosn\u00e1:<\/strong> Mini digit\u00e1ln\u00ed v\u00e1ha na dopl\u0148ky stravy a superpotraviny je mal\u00e1 a lehk\u00e1, co\u017e znamen\u00e1, \u017ee ji lze snadno p\u0159en\u00e1\u0161et a pou\u017e\u00edvat na r\u016fzn\u00fdch m\u00edstech.<\/span><\/p>\n<p><span style=\"color: #000000;\"><strong>\ud83d\udc9a Pokro\u010dil\u00e9 funkce:<\/strong> Na\u0161e v\u00e1ha m\u00e1 dal\u0161\u00ed funkce, jako je automatick\u00e9 vypnut\u00ed pro \u00fasporu energie a indik\u00e1tor slab\u00e9 baterie.<\/span><\/p>\n<p><span style=\"color: #000000;\"><strong>\ud83d\udc9a Hygienick\u00e9 materi\u00e1ly:<\/strong> Povrch v\u00e1hy je vyroben z nerezov\u00e9 oceli, co\u017e je d\u016fle\u017eit\u00e9 p\u0159i pou\u017eit\u00ed pro potraviny a dopl\u0148ky stravy.<\/span><\/p>\n<p><span style=\"color: #000000;\"><span style=\"font-size: 12px;\"><br \/>\n<\/span>Tyto mini digit\u00e1ln\u00ed v\u00e1hy jsou ide\u00e1ln\u00ed <strong>pro sportovce, nutri\u010dn\u00ed poradce, osoby se speci\u00e1ln\u00edmi dietami a kohokoli, kdo chce p\u0159esn\u011b kontrolovat mno\u017estv\u00ed konzumovan\u00fdch superpotravin nebo dopl\u0148k\u016f stravy<\/strong>, aby si zajistil optim\u00e1ln\u00ed v\u00fdsledky pro sv\u00e9 zdrav\u00ed.<\/span><\/p>\n<h2><span style=\"color: #000000;\">Technick\u00e9 podrobnosti<\/span><\/h2>\n<ul>\n<li><span style=\"color: #000000;\">Nosnost: 200 g<\/span><\/li>\n<li><span style=\"color: #000000;\">P\u0159esnost m\u011b\u0159en\u00ed: 0,01 g<\/span><\/li>\n<li><span style=\"color: #000000;\">Voliteln\u00e9 jednotky (g\/ml\/oz)<\/span><\/li>\n<li><span style=\"color: #000000;\">Automatick\u00e9 vypnut\u00ed<\/span><\/li>\n<li><span style=\"color: #000000;\">\u010cist\u00fd LCD displej<\/span><\/li>\n<\/ul>\n<p><span style=\"color: #000000;\"><strong>P\u0159\u00edslu\u0161enstv\u00ed:<\/strong> Baterie AAA 1,5 V jsou sou\u010d\u00e1st\u00ed balen\u00ed.<\/span><\/p>\n","protected":false},"excerpt":{"rendered":"<p align=\"JUSTIFY\"><span class=\"jCAhz ChMk0b\"><span class=\"ryNqvb\">Digit\u00e1ln\u00ed mini v\u00e1ha je vynikaj\u00edc\u00edm za\u0159\u00edzen\u00edm pro m\u011b\u0159en\u00ed superpotravin a dopl\u0148k\u016f stravy, jako jsou ty, kter\u00e9 nab\u00edz\u00edme. <\/span><\/span><span class=\"jCAhz ChMk0b\"><span class=\"ryNqvb\">Jedn\u00e1 se o p\u0159esn\u00e9 a technologicky vysp\u011bl\u00e9 za\u0159\u00edzen\u00ed.<\/span><\/span> <span class=\"jCAhz ChMk0b\"><span class=\"ryNqvb\">Takov\u00e1 v\u00e1ha umo\u017e\u0148uje u\u017eivatel\u016fm p\u0159esn\u011b v\u00e1\u017eit dopl\u0148ky stravy, jako jsou pr\u00e1\u0161ky, semena, tablety, kapsle nebo tekutiny. <\/span><\/span><\/p>\n<p align=\"JUSTIFY\"><span class=\"jCAhz ChMk0b\"><span class=\"ryNqvb\">\ud83d\udc9a V\u00fdjime\u010dn\u00e1 p\u0159esnost a\u017e 0,01 g. <\/span><\/span><\/p>\n<p align=\"JUSTIFY\"><span class=\"jCAhz ChMk0b\"><span class=\"ryNqvb\">\ud83d\udc9a Mo\u017enost odm\u011b\u0159it mal\u00e9 a st\u0159edn\u00ed mno\u017estv\u00ed (a\u017e 500 g). <\/span><\/span><\/p>\n<p align=\"JUSTIFY\"><span class=\"jCAhz\"><span class=\"ryNqvb\">\ud83d\udc9a Mo\u017enost p\u0159ep\u00edn\u00e1n\u00ed mezi r\u016fzn\u00fdmi m\u011brn\u00fdmi jednotkami. <\/span><\/span><\/p>\n<p align=\"JUSTIFY\"><span class=\"jCAhz ChMk0b\"><span class=\"ryNqvb\">\ud83d\udc9a Funkce t\u00e1rov\u00e1n\u00ed. <\/span><\/span><\/p>\n<p align=\"JUSTIFY\"><span class=\"jCAhz ChMk0b\"><span class=\"ryNqvb\">\ud83d\udc9a Snadn\u00e9 pou\u017eit\u00ed s \u200b\u200bLCD displejem, kter\u00fd zobrazuje jasn\u011b a \u010diteln\u011b hmotnost.<\/span><\/span><\/p>\n<p align=\"JUSTIFY\"><span class=\"jCAhz ChMk0b\"><span class=\"ryNqvb\">\ud83d\udc9a Je mal\u00fd a lehk\u00fd, snadno p\u0159enosn\u00fd. <\/span><\/span><\/p>\n<p align=\"JUSTIFY\"><span class=\"jCAhz ChMk0b\"><span class=\"ryNqvb\">\ud83d\udc9a Dal\u0161\u00ed funkce, nap\u0159\u00edklad automatick\u00e9 vypnut\u00ed pro \u00fasporu energie a zobrazen\u00ed vybit\u00e9 baterie.<\/span><\/span><\/p>\n","protected":false},"featured_media":6799,"comment_status":"open","ping_status":"closed","template":"","meta":{"_acf_changed":false},"product_brand":[],"product_cat":[226,208,227],"product_tag":[],"class_list":{"0":"post-6824","1":"product","2":"type-product","3":"status-publish","4":"has-post-thumbnail","6":"product_cat-nabidka","7":"product_cat-ostatni","8":"product_cat-vsechny-produkty","10":"first","11":"outofstock","12":"taxable","13":"shipping-taxable","14":"purchasable","15":"product-type-simple"},"acf":[],"_links":{"self":[{"href":"https:\/\/fengchashop.com\/cz\/wp-json\/wp\/v2\/product\/6824","targetHints":{"allow":["GET"]}}],"collection":[{"href":"https:\/\/fengchashop.com\/cz\/wp-json\/wp\/v2\/product"}],"about":[{"href":"https:\/\/fengchashop.com\/cz\/wp-json\/wp\/v2\/types\/product"}],"replies":[{"embeddable":true,"href":"https:\/\/fengchashop.com\/cz\/wp-json\/wp\/v2\/comments?post=6824"}],"wp:featuredmedia":[{"embeddable":true,"href":"https:\/\/fengchashop.com\/cz\/wp-json\/wp\/v2\/media\/6799"}],"wp:attachment":[{"href":"https:\/\/fengchashop.com\/cz\/wp-json\/wp\/v2\/media?parent=6824"}],"wp:term":[{"taxonomy":"product_brand","embeddable":true,"href":"https:\/\/fengchashop.com\/cz\/wp-json\/wp\/v2\/product_brand?post=6824"},{"taxonomy":"product_cat","embeddable":true,"href":"https:\/\/fengchashop.com\/cz\/wp-json\/wp\/v2\/product_cat?post=6824"},{"taxonomy":"product_tag","embeddable":true,"href":"https:\/\/fengchashop.com\/cz\/wp-json\/wp\/v2\/product_tag?post=6824"}],"curies":[{"name":"wp","href":"https:\/\/api.w.org\/{rel}","templated":true}]}}