{"id":6815,"date":"2024-11-04T15:10:46","date_gmt":"2024-11-04T14:10:46","guid":{"rendered":"https:\/\/fengchashop.com\/cz\/product\/tremella-fuciformis-bio-v-prasku-125-g\/"},"modified":"2026-05-05T17:07:57","modified_gmt":"2026-05-05T15:07:57","slug":"tremella-fuciformis-bio-v-prasku","status":"publish","type":"product","link":"https:\/\/fengchashop.com\/cz\/product\/tremella-fuciformis-bio-v-prasku\/","title":{"rendered":"Tremella Fuciformis BIO v pr\u00e1\u0161ku 125 g"},"content":{"rendered":"<h2 style=\"text-align: justify\"><span style=\"color: #000000\">Co je BIO pr\u00e1\u0161ek Tremella fuciformis?<\/span><\/h2>\n<p style=\"text-align: justify\"><span style=\"color: #000000\"><b>Tremella Fuciformis<\/b>, zn\u00e1m\u00e1 tak\u00e9 jako <i>b\u00edl\u00e1 tremella <\/i>nebo <i>sn\u011b\u017en\u00e1 houba<\/i>, je houba, kter\u00e1 je po stalet\u00ed pova\u017eov\u00e1na za jednu z nejcenn\u011bj\u0161\u00edch l\u00e9\u010div\u00fdch hub v tradi\u010dn\u00ed \u010d\u00ednsk\u00e9 medic\u00edn\u011b. V modern\u00ed dob\u011b si z\u00edskal oblibu jako dopln\u011bk stravy, zejm\u00e9na v pr\u00e1\u0161kov\u00e9 form\u011b, pro mnoho p\u0159\u00edzniv\u00fdch \u00fa\u010dink\u016f na zdrav\u00ed a kr\u00e1su.<\/span><\/p>\n<h2 style=\"text-align: justify\"><span style=\"color: #000000\">Pro\u010d je Tremella fuciformis tak zvl\u00e1\u0161tn\u00ed a tak odli\u0161n\u00e1?<\/span><\/h2>\n<p class=\"Standard\" style=\"text-align: justify\"><span style=\"color: #000000\">Tremella fuciformis se vyzna\u010duje jedine\u010dnou gelovitou strukturou a pr\u016fhlednou barvou, d\u00edky \u010demu\u017e je vizu\u00e1ln\u011b atraktivn\u00ed . Pou\u017e\u00edv\u00e1 se v asijsk\u00e9 kuchyni a tradi\u010dn\u00ed medic\u00edn\u011b, proto\u017ee se o n\u011bm \u0159\u00edk\u00e1, \u017ee m\u00e1 l\u00e9\u010div\u00e9 vlastnosti, jako je pos\u00edlen\u00ed imunitn\u00edho syst\u00e9mu a zlep\u0161en\u00ed zdrav\u00ed poko\u017eky. Nav\u00edc je bohat\u00fd na \u017eiviny, hydratuje poko\u017eku a hraje d\u016fle\u017eitou ekologickou roli jako p\u0159irozen\u00fd rozklada\u010d.<\/span><\/p>\n<h2 style=\"text-align: justify\"><span style=\"color: #000000\">Tremella fuciformis m\u00e1 n\u011bkolik potenci\u00e1ln\u00edch \u00fa\u010dink\u016f<\/span><\/h2>\n<p><span style=\"color: #000000\">\ud83d\udc9a stimulace<strong> imunitn\u00edho syst\u00e9mu<\/strong>,<\/span><\/p>\n<p><span style=\"color: #000000\">\ud83d\udc9a zlep\u0161en\u00ed <strong>zdrav\u00ed poko\u017eky<\/strong>,<\/span><\/p>\n<p><span style=\"color: #000000\">\ud83d\udc9a hydratuje poko\u017eku,<\/span><\/p>\n<p><span style=\"color: #000000\"><strong>\ud83d\udc9a antioxida\u010dn\u00ed<\/strong> vlastnosti,<\/span><\/p>\n<p><span style=\"color: #000000\">\ud83d\udc9a bojujte <strong>proti st\u00e1rnut\u00ed<\/strong>,<\/span><\/p>\n<p><span style=\"color: #000000\">\ud83d\udc9a pom\u00e1h\u00e1 s<strong> hydratac\u00ed<\/strong>,<\/span><\/p>\n<p><span style=\"color: #000000\">\ud83d\udc9a podporuje<strong> tr\u00e1ven\u00ed<\/strong> (d\u00edky obsahu vl\u00e1kniny),<\/span><\/p>\n<p><span style=\"color: #000000\">\ud83d\udc9a sn\u00ed\u017een\u00ed <strong>z\u00e1n\u011btu<\/strong>,<\/span><\/p>\n<p><span style=\"color: #000000\">\ud83d\udc9a pos\u00edlen\u00ed <strong>zdrav\u00e9ho d\u00fdch\u00e1n\u00ed<\/strong>,<\/span><\/p>\n<p><span style=\"color: #000000\">\ud83d\udc9a potenci\u00e1ln\u00ed zlep\u0161en\u00ed<strong> kognitivn\u00edch funkc\u00ed<\/strong>.<\/span><\/p>\n<p style=\"text-align: justify\">\n<p style=\"text-align: justify\">\n<h2 style=\"text-align: justify\"><span style=\"color: #000000\">\u00dalo\u017ei\u0161t\u011b a upozorn\u011bn\u00ed<\/span><\/h2>\n<p style=\"text-align: justify\"><span style=\"color: #000000\">Skladujte na such\u00e9m a chladn\u00e9m m\u00edst\u011b p\u0159i teplot\u011b do 25 \u00b0C. V\u00fd\u017eivov\u00fd dopln\u011bk by m\u011bl b\u00fdt d\u011btem nep\u0159\u00edstupn\u00fd!<\/span><\/p>\n<p style=\"text-align: justify\"><span style=\"color: #000000\">Nezapome\u0148te na d\u016fle\u017eitost pestr\u00e9 stravy a zdrav\u00e9ho \u017eivotn\u00edho stylu, v\u00fd\u017eivov\u00fd dopln\u011bk proto nenahrazuje vyv\u00e1\u017een\u00e1 a pestr\u00e1 strava. Doporu\u010den\u00e9 denn\u00ed mno\u017estv\u00ed nebo d\u00e1vka nesm\u00ed b\u00fdt p\u0159ekro\u010dena.<\/span><\/p>\n<p style=\"text-align: justify\"><span style=\"color: #000000\">Tremella fuciformis se nedoporu\u010duje lidem s alergiemi na houby, jedinc\u016fm s oslabenou imunitou a osob\u00e1m se z\u00e1va\u017en\u00fdmi zdravotn\u00edmi probl\u00e9my, jako je onemocn\u011bn\u00ed ledvin . T\u011bhotn\u00e9 a koj\u00edc\u00ed matky a osoby u\u017e\u00edvaj\u00edc\u00ed l\u00e9ky by se m\u011bly p\u0159ed pou\u017eit\u00edm poradit se sv\u00fdm l\u00e9ka\u0159em.<\/span><\/p>\n<h2 style=\"text-align: justify\"><span style=\"color: #000000\">Balen\u00ed<\/span><\/h2>\n<p style=\"text-align: justify\"><span style=\"color: #000000\">Vzduchov\u011b neprody\u0161n\u00fd s\u00e1\u010dek se zipem, kde si produkt zachov\u00e1 ve\u0161kerou svou \u010derstvost a aroma. Obal chr\u00e1n\u00ed p\u0159ed sv\u011btlem a vzduchem, proto\u017ee se skl\u00e1d\u00e1 z n\u011bkolika vrstev ochrany, kter\u00e9 zachov\u00e1vaj\u00ed vlastnosti obsahu.<\/span><\/p>\n<p style=\"text-align: justify\"><span style=\"color: #000000\">Obal je velmi praktick\u00fd a umo\u017e\u0148uje recyklaci.<\/span><\/p>\n<h2 style=\"text-align: justify\"><span style=\"color: #000000\">P\u016fvod<\/span><\/h2>\n<p style=\"text-align: justify\"><span style=\"color: #000000\">\u010c\u00edna. M\u00e1me velmi spolehliv\u00e9 dodavatele, kte\u0159\u00ed n\u00e1m ke ka\u017ed\u00e9 \u0161ar\u017ei za\u0161lou podrobn\u00fd chemick\u00fd rozbor potravin. Za v\u00edce ne\u017e deset let jsme u tohoto zbo\u017e\u00ed ani u jin\u00fdch polo\u017eek od stejn\u00e9ho dodavatele nezaznamenali \u017e\u00e1dn\u00e9 sta\u017een\u00ed ani jin\u00e9 probl\u00e9my.<\/span><\/p>\n<p style=\"text-align: justify\"><span style=\"color: #000000\">\u010cl\u00e1nek m\u00e1 100% organick\u00fd certifik\u00e1t.<\/span><\/p>\n","protected":false},"excerpt":{"rendered":"<p>Tremella Fuciformis, zn\u00e1m\u00e1 tak\u00e9 jako <strong>rejsek b\u00edl\u00fd nebo sn\u011b\u017en\u00e1 houba<\/strong>. M\u00e1 l\u00e9\u010div\u00e9 vlastnosti, jako je <strong>pos\u00edlen\u00ed imunitn\u00edho syst\u00e9mu<\/strong> a <strong>zlep\u0161en\u00ed zdrav\u00ed poko\u017eky<\/strong>, a je tak\u00e9 bohat\u00fd na \u017eiviny. Je zn\u00e1m\u00e1 sv\u00fdmi mnoha \u00fa\u010dinky na zdrav\u00ed a kr\u00e1su.<\/p>\n<p>\ud83d\udc9a Stimuluje a posiluje imunitn\u00ed syst\u00e9m.<br \/>\n\ud83d\udc9a Zlep\u0161uje zdrav\u00ed poko\u017eky.<br \/>\n\ud83d\udc9a Vynikaj\u00edc\u00ed zdroj antioxidant\u016f.<br \/>\n\ud83d\udc9aPodporuje tr\u00e1ven\u00ed.<\/p>\n","protected":false},"featured_media":6003,"comment_status":"open","ping_status":"closed","template":"","meta":{"_acf_changed":false},"product_brand":[],"product_cat":[15,229,226,227],"product_tag":[],"class_list":{"0":"post-6815","1":"product","2":"type-product","3":"status-publish","4":"has-post-thumbnail","6":"product_cat-uncategorized","7":"product_cat-lecive-houby","8":"product_cat-nabidka","9":"product_cat-vsechny-produkty","11":"first","12":"instock","13":"sale","14":"taxable","15":"shipping-taxable","16":"purchasable","17":"product-type-simple"},"acf":[],"_links":{"self":[{"href":"https:\/\/fengchashop.com\/cz\/wp-json\/wp\/v2\/product\/6815","targetHints":{"allow":["GET"]}}],"collection":[{"href":"https:\/\/fengchashop.com\/cz\/wp-json\/wp\/v2\/product"}],"about":[{"href":"https:\/\/fengchashop.com\/cz\/wp-json\/wp\/v2\/types\/product"}],"replies":[{"embeddable":true,"href":"https:\/\/fengchashop.com\/cz\/wp-json\/wp\/v2\/comments?post=6815"}],"wp:featuredmedia":[{"embeddable":true,"href":"https:\/\/fengchashop.com\/cz\/wp-json\/wp\/v2\/media\/6003"}],"wp:attachment":[{"href":"https:\/\/fengchashop.com\/cz\/wp-json\/wp\/v2\/media?parent=6815"}],"wp:term":[{"taxonomy":"product_brand","embeddable":true,"href":"https:\/\/fengchashop.com\/cz\/wp-json\/wp\/v2\/product_brand?post=6815"},{"taxonomy":"product_cat","embeddable":true,"href":"https:\/\/fengchashop.com\/cz\/wp-json\/wp\/v2\/product_cat?post=6815"},{"taxonomy":"product_tag","embeddable":true,"href":"https:\/\/fengchashop.com\/cz\/wp-json\/wp\/v2\/product_tag?post=6815"}],"curies":[{"name":"wp","href":"https:\/\/api.w.org\/{rel}","templated":true}]}}