{"id":6797,"date":"2024-09-09T12:21:00","date_gmt":"2024-09-09T10:21:00","guid":{"rendered":"https:\/\/fengchashop.com\/cz\/product\/teplomer-na-potraviny\/"},"modified":"2025-11-01T19:03:26","modified_gmt":"2025-11-01T18:03:26","slug":"teplomer-na-potraviny","status":"publish","type":"product","link":"https:\/\/fengchashop.com\/cz\/product\/teplomer-na-potraviny\/","title":{"rendered":"Teplom\u011br na potraviny"},"content":{"rendered":"<h2 style=\"text-align: justify;\"><span style=\"color: #000000;\">N\u00e1zev<\/span><\/h2>\n<p style=\"text-align: justify;\"><span style=\"color: #000000;\">teplom\u011br na potraviny<\/span><\/p>\n<h2 style=\"text-align: justify;\"><span style=\"color: #000000;\">Popis<\/span><\/h2>\n<p style=\"text-align: justify;\"><span style=\"color: #000000;\">Digit\u00e1ln\u00ed teplom\u011br s tak \u0161irok\u00fdm rozsahem m\u011b\u0159en\u00ed je nepostradateln\u00fdm dopl\u0148kem v ka\u017ed\u00e9 dom\u00e1cnosti. Teplom\u011br m\u00e1 **4 funk\u010dn\u00ed tla\u010d\u00edtka**, kter\u00e1 se velmi snadno pou\u017e\u00edvaj\u00ed. Pomoc\u00ed tla\u010d\u00edtka <strong>\u2460 ZAP\/VYP<\/strong> teplom\u011br zapnete nebo vypnete. Pomoc\u00ed tla\u010d\u00edtka <strong>\u2461 \u00b0C \/\u00b0F<\/strong> nastavte m\u011brnou jednotku. Stisknut\u00edm tla\u010d\u00edtka <strong>\u2462 HOLD<\/strong> se m\u011b\u0159en\u00ed zastav\u00ed, aby se usnadnilo ode\u010d\u00edt\u00e1n\u00ed teploty. Op\u011btovn\u00fdm stisknut\u00edm tla\u010d\u00edtka HOLD je teplom\u011br p\u0159ipraven k dal\u0161\u00edmu m\u011b\u0159en\u00ed. Stisknut\u00edm tla\u010d\u00edtka <strong>\u2463 MAX\/MIN<\/strong> se nejprve zobraz\u00ed nejvy\u0161\u0161\u00ed nam\u011b\u0159en\u00e1 teplota a dal\u0161\u00edm stisknut\u00edm se zobraz\u00ed nejni\u017e\u0161\u00ed nam\u011b\u0159en\u00e1 teplota. Data se sma\u017eou t\u0159et\u00edm stisknut\u00edm tla\u010d\u00edtka MAX\/MIN.<\/span><\/p>\n<p style=\"text-align: justify;\"><span style=\"color: #000000;\">Teplota m\u011b\u0159en\u00e9 l\u00e1tky se zobraz\u00ed<strong>za 4\u20137 sekund<\/strong>.<\/span><\/p>\n<h2 style=\"text-align: justify;\"><span style=\"color: #000000;\">Pou\u017eit\u00ed<\/span><\/h2>\n<p style=\"text-align: justify;\"><span style=\"color: #000000;\">Vhodn\u00e9 pro <strong>p\u0159esn\u00e9 m\u011b\u0159en\u00ed teploty potravin a tekutin v kuchyni a dom\u00e1cnosti<\/strong>.<\/span><\/p>\n<p style=\"text-align: justify;\"><span style=\"color: #000000;\">U\u017eite\u010dn\u00e9 tak\u00e9 pro m\u011b\u0159en\u00ed teploty d\u011btsk\u00e9 v\u00fd\u017eivy p\u0159i zav\u00e1d\u011bn\u00ed j\u00eddla, m\u011b\u0159en\u00ed teploty ml\u00e9ka nebo teploty vody ve van\u011b. Tak\u00e9 p\u0159esn\u011b m\u011b\u0159\u00ed teplotu oleje na sma\u017een\u00ed, masa v troub\u011b nebo na grilu a teplotu \u010dokol\u00e1dy p\u0159i v\u00fdrob\u011b \u010dokol\u00e1dov\u00fdch pochoutek, kde je teplota velmi d\u016fle\u017eit\u00e1. M\u016f\u017eete ho tak\u00e9 pou\u017e\u00edt ke kontrole, zda je v\u00e1\u0161 alkoholick\u00fd n\u00e1poj spr\u00e1vn\u011b vychlazen\u00fd k pit\u00ed.<\/span><\/p>\n<p style=\"text-align: justify;\"><span style=\"color: #000000;\">Po pou\u017eit\u00ed jednodu\u0161e ot\u0159ete v\u00fdrobek vlhk\u00fdm had\u0159\u00edkem.<\/span><\/p>\n<h2 style=\"text-align: justify;\"><span style=\"color: #000000;\">V\u00fdhody<\/span><\/h2>\n<ul style=\"text-align: justify;\">\n<li><span style=\"color: #000000;\">Rychle m\u011b\u0159\u00ed teplotu.<\/span><\/li>\n<li><span style=\"color: #000000;\">M\u00e1 \u0161irok\u00fd rozsah m\u011b\u0159en\u00ed.<\/span><\/li>\n<li><span style=\"color: #000000;\">Automaticky se vypne po 10 minut\u00e1ch nepou\u017e\u00edv\u00e1n\u00ed.<\/span><\/li>\n<li><span style=\"color: #000000;\">Zobrazuje se ve \u00b0C nebo \u00b0F.<\/span><\/li>\n<li><span style=\"color: #000000;\">Je v\u0161estrann\u00fd.<\/span><\/li>\n<li><span style=\"color: #000000;\">Snadn\u00e9 pou\u017eit\u00ed a \u00fadr\u017eba.<\/span><\/li>\n<li><span style=\"color: #000000;\">V praktick\u00e9m balen\u00ed se z\u00e1v\u011bsnou \u0161\u0148\u016frkou.<\/span><\/li>\n<\/ul>\n<h2 style=\"text-align: justify;\"><span style=\"color: #000000;\">Vzhled a rozm\u011bry<\/span><\/h2>\n<p style=\"text-align: justify;\"><span style=\"color: #000000;\">Produkt je vyroben z nerezov\u00e9 oceli (\u0161pi\u010dka nebo teplotn\u00ed sonda) a plastov\u00e9ho pouzdra s LCD obrazovkou. Velikost teplom\u011bru je 22,7 cm a m\u011b\u0159ic\u00ed hroty maj\u00ed 14,8 cm.<\/span><\/p>\n<p style=\"text-align: justify;\"><span style=\"color: #000000;\">Produkt vy\u017eaduje k provozu baterii RL44, kterou lze sehnat t\u00e9m\u011b\u0159 v ka\u017ed\u00e9m l\u00e9pe z\u00e1soben\u00e9m obchod\u011b.<\/span><\/p>\n","protected":false},"excerpt":{"rendered":"<p align=\"JUSTIFY\">Digit\u00e1ln\u00ed teplom\u011br s tak \u0161irok\u00fdm rozsahem m\u011b\u0159en\u00ed je nepostradateln\u00fdm dopl\u0148kem v ka\u017ed\u00e9 dom\u00e1cnosti. Teplom\u011br m\u00e1 **4 funk\u010dn\u00ed tla\u010d\u00edtka**, kter\u00e1 se velmi snadno pou\u017e\u00edvaj\u00ed. Teplota m\u011b\u0159en\u00e9 l\u00e1tky se zobraz\u00ed b\u011bhem 4\u20137 sekund. Je vhodn\u00fd pro **p\u0159esn\u00e9 m\u011b\u0159en\u00ed teploty potravin a tekutin v kuchyni a dom\u00e1cnosti**.<\/p>\n<p align=\"JUSTIFY\"><span class=\"jCAhz ChMk0b\"><span class=\"ryNqvb\">&#x1F49A; <\/span><\/span>Rychl\u00e9 m\u011b\u0159en\u00ed teploty.<\/p>\n<p><span class=\"jCAhz ChMk0b\"><span class=\"ryNqvb\">&#x1F49A; <\/span><\/span>M\u00e1 \u0161irok\u00fd rozsah m\u011b\u0159en\u00ed.<\/p>\n<p><span class=\"jCAhz ChMk0b\"><span class=\"ryNqvb\">&#x1F49A; <\/span><\/span>Automaticky se vypne po 10 minut\u00e1ch nepou\u017e\u00edv\u00e1n\u00ed.<\/p>\n<p><span class=\"jCAhz ChMk0b\"><span class=\"ryNqvb\">&#x1F49A; <\/span><\/span>Zobrazuje se ve \u00b0C nebo \u00b0F.<\/p>\n<p><span class=\"jCAhz ChMk0b\"><span class=\"ryNqvb\">&#x1F49A; <\/span><\/span>Je v\u0161estrann\u00fd.<\/p>\n<p><span class=\"jCAhz ChMk0b\"><span class=\"ryNqvb\">&#x1F49A;<\/span><\/span>Snadn\u00e9 pou\u017eit\u00ed a \u00fadr\u017eba.<\/p>\n<p><span class=\"jCAhz ChMk0b\"><span class=\"ryNqvb\">&#x1F49A; <\/span><\/span>V praktick\u00e9m balen\u00ed se z\u00e1v\u011bsnou \u0161\u0148\u016frkou.<\/p>\n","protected":false},"featured_media":6798,"comment_status":"open","ping_status":"open","template":"","meta":{"_acf_changed":false},"product_brand":[],"product_cat":[226,208,227],"product_tag":[],"class_list":{"0":"post-6797","1":"product","2":"type-product","3":"status-publish","4":"has-post-thumbnail","6":"product_cat-nabidka","7":"product_cat-ostatni","8":"product_cat-vsechny-produkty","10":"first","11":"outofstock","12":"sale","13":"taxable","14":"shipping-taxable","15":"purchasable","16":"product-type-simple"},"acf":[],"_links":{"self":[{"href":"https:\/\/fengchashop.com\/cz\/wp-json\/wp\/v2\/product\/6797","targetHints":{"allow":["GET"]}}],"collection":[{"href":"https:\/\/fengchashop.com\/cz\/wp-json\/wp\/v2\/product"}],"about":[{"href":"https:\/\/fengchashop.com\/cz\/wp-json\/wp\/v2\/types\/product"}],"replies":[{"embeddable":true,"href":"https:\/\/fengchashop.com\/cz\/wp-json\/wp\/v2\/comments?post=6797"}],"wp:featuredmedia":[{"embeddable":true,"href":"https:\/\/fengchashop.com\/cz\/wp-json\/wp\/v2\/media\/6798"}],"wp:attachment":[{"href":"https:\/\/fengchashop.com\/cz\/wp-json\/wp\/v2\/media?parent=6797"}],"wp:term":[{"taxonomy":"product_brand","embeddable":true,"href":"https:\/\/fengchashop.com\/cz\/wp-json\/wp\/v2\/product_brand?post=6797"},{"taxonomy":"product_cat","embeddable":true,"href":"https:\/\/fengchashop.com\/cz\/wp-json\/wp\/v2\/product_cat?post=6797"},{"taxonomy":"product_tag","embeddable":true,"href":"https:\/\/fengchashop.com\/cz\/wp-json\/wp\/v2\/product_tag?post=6797"}],"curies":[{"name":"wp","href":"https:\/\/api.w.org\/{rel}","templated":true}]}}