{"id":6782,"date":"2022-10-01T10:40:23","date_gmt":"2022-10-01T08:40:23","guid":{"rendered":"https:\/\/fengchashop.com\/cz\/product\/rakytnikovy-prasek-bio-250g\/"},"modified":"2026-04-29T02:56:03","modified_gmt":"2026-04-29T00:56:03","slug":"rakytnikovy-prasek-bio","status":"publish","type":"product","link":"https:\/\/fengchashop.com\/cz\/product\/rakytnikovy-prasek-bio\/","title":{"rendered":"Rakytn\u00edkov\u00fd pr\u00e1\u0161ek BIO 250g"},"content":{"rendered":"<h2><span style=\"color: #000000\">Rakytn\u00edkov\u00fd pr\u00e1\u0161ek BIO<\/span><\/h2>\n<p><span style=\"color: #000000\">Rakytn\u00edk \u0159e\u0161etl\u00e1kov\u00fd, neboli tzv. ps\u00ed trn, je opadav\u00fd ke\u0159 s trny, kter\u00fd roste po cel\u00e9m sv\u011bt\u011b, ale p\u0159edev\u0161\u00edm v oblasti st\u0159edn\u00ed a z\u00e1padn\u00ed Asie (\u010c\u00edna, Sibi\u0159, Indie&#8230;) a v okol\u00ed severn\u00ed a st\u0159edn\u00ed Evropy (Finsko, Anglie, N\u011bmecko, Polsko, &#8230;). Je to rostlina, kter\u00e1 nevy\u017eaduje zvl\u00e1\u0161tn\u00ed podm\u00ednky pro r\u016fst, da\u0159\u00ed se j\u00ed jak ve vysokohorsk\u00fdch oblastech, tak u mo\u0159e.<\/span><\/p>\n<p><span style=\"color: #000000\">Tvar a vzhled list\u016f rakytn\u00edku p\u0159ipom\u00ednaj\u00ed olivov\u00e9 listy. Plody dozr\u00e1vaj\u00ed na ke\u0159i a jsou \u017elutooran\u017eov\u00e9 barvy. Sb\u011br ovoce pop\u0159 Bobule rakytn\u00edku jsou nejp\u0159\u00edzniv\u011bj\u0161\u00ed na za\u010d\u00e1tku podzimn\u00edch m\u011bs\u00edc\u016f. Plody je nutn\u00e9 z v\u011btve opatrn\u011b odstranit, proto\u017ee plody rakytn\u00edku jsou velmi d\u016fle\u017eit\u00e9, proto\u017ee obsahuj\u00ed l\u00e9\u010divou \u0161\u0165\u00e1vu s velk\u00fdm mno\u017estv\u00edm vitam\u00ednu C. Jeho chu\u0165 je \u0161\u0165avnat\u00e1 a lehce nakysl\u00e1. Cel\u00e1 rostlina m\u00e1 pozitivn\u00ed vlastnosti pro zdrav\u00ed a v\u0161eobecn\u00e9 pou\u017eit\u00ed, dokonce i v kosmetice, u\u017eite\u010dn\u00e9 jsou listy, plody, v\u011btve a tak\u00e9 ko\u0159en.<\/span><\/p>\n<p><span style=\"color: #000000\">Historie jeho l\u00e9\u010div\u00fdch \u00fa\u010dink\u016f sah\u00e1 a\u017e do starov\u011bk\u00e9ho \u0158ecka, kde se v\u011btvemi rakytn\u00edku krmili kon\u011b, aby je udr\u017eeli v kondici. Nav\u00edc rakytn\u00edk konzumovali voj\u00e1ci kv\u016fli v\u00fddr\u017ei b\u011bhem bitev. \u201erGyud Bzi\u201c je tibetsk\u00e1 l\u00e9ka\u0159sk\u00e1 kniha napsan\u00e1 v 8. stolet\u00ed, kter\u00e1 obsahuje prvn\u00ed z\u00e1znamy o l\u00e9\u010div\u00fdch \u00fa\u010dinc\u00edch rakytn\u00edku. Pozd\u011bj\u0161\u00ed v\u00fdzkumy proveden\u00e9 v Rusku d\u00e1le potvrdily jeho l\u00e9\u010div\u00e9 \u00fa\u010dinky.<\/span><\/p>\n<h2><span style=\"color: #000000\">Jak\u00e9 kl\u00ed\u010dov\u00e9 vlastnosti n\u00e1m rakytn\u00edk nab\u00edz\u00ed?<\/span><\/h2>\n<p><span style=\"color: #000000\">Ve\u0161kerou slune\u010dn\u00ed energii ukl\u00e1d\u00e1 rakytn\u00edk do sv\u00fdch plod\u016f, kter\u00e9 obsahuj\u00ed nespo\u010det bioaktivn\u00edch l\u00e1tek, jako jsou esenci\u00e1ln\u00ed mastn\u00e9 kyseliny, vitam\u00edny, karotenoidy, fytosteroly, flavonoidy a tokotrienoly.<\/span><\/p>\n<p><span style=\"color: #000000\">Mezi esenci\u00e1ln\u00edmi mastn\u00fdmi kyselinami je nejlep\u0161\u00ed zdroj v rostlin\u00e1ch, a to omega-7 (kyselina palmitov\u00e1) mastn\u00e9 kyseliny. Speci\u00e1ln\u00edmi metodami z\u00edsk\u00e1v\u00e1me z plod\u016f rakytn\u00edku i dal\u0161\u00ed pro n\u00e1s velmi d\u016fle\u017eit\u00e9 mastn\u00e9 kyseliny, a to omega-3 (kyselina \u03b1-iinolenov\u00e1), omega-6 (kyselina linolenov\u00e1) a omega-9 (kyselina olejov\u00e1) mastn\u00e9 kyseliny .<\/span><\/p>\n<p><span style=\"color: #000000\">Rakytn\u00edk je obohacen o vitam\u00edny, zejm\u00e9na vitam\u00edn C, jeho\u017e je 10x v\u00edce ne\u017e v citronu. V pl\u00e1\u0161ti plodu se tvo\u0159\u00ed hodn\u011b vitaminu B-12, d\u00e1le se zde nach\u00e1zej\u00ed vitaminy B, B1, B2, B3 a B9. D\u016fle\u017eit\u00e9 jsou tak\u00e9 vitam\u00edny A a E, kter\u00e9 chr\u00e1n\u00ed poko\u017eku p\u0159ed nebezpe\u010dn\u00fdmi voln\u00fdmi radik\u00e1ly. Olej, kter\u00fd se nach\u00e1z\u00ed v ovoci, m\u00e1 tak\u00e9 pozitivn\u00ed \u00fa\u010dinky na na\u0161e zdrav\u00ed, proto\u017ee obsahuje mnoho aminokyselin, miner\u00e1ln\u00edch l\u00e1tek, esenci\u00e1ln\u00edch mastn\u00fdch kyselin a fosterolu.<\/span><\/p>\n<p><span style=\"color: #000000\">Nejd\u016fle\u017eit\u011bj\u0161\u00ed slo\u017ekou rakytn\u00edku je quecertin, co\u017e je flavonoid, p\u0159\u00edrodn\u00ed polyfenolov\u00e1 slou\u010denina nach\u00e1zej\u00edc\u00ed se v ovoci a zelenin\u011b. Je to siln\u00fd antioxidant a m\u00e1 protiz\u00e1n\u011btliv\u00e9 a protin\u00e1dorov\u00e9 \u00fa\u010dinky a zvy\u0161uje s\u00edlu srde\u010dn\u00edho svalu a z\u00e1rove\u0148 zlep\u0161uje pr\u016ftok krve.<\/span><\/p>\n<p><span style=\"color: #000000\">Dal\u0161\u00edmi nem\u00e9n\u011b d\u016fle\u017eit\u00fdmi slo\u017ekami rakytn\u00edku jsou miner\u00e1ln\u00ed l\u00e1tky, fosfor, drasl\u00edk a \u017eelezo, zejm\u00e9na ho\u0159\u010d\u00edk a v\u00e1pn\u00edk.<\/span><\/p>\n<p><span style=\"color: #000000\">N\u00e1\u0161 pr\u00e1\u0161ek z rakytn\u00edku je organicky p\u011bstov\u00e1n a je p\u0159\u00edrodn\u00edm antioxidantem. Je skute\u010dn\u00fdm zdrojem s\u00edly, proto\u017ee posiluje t\u011blo, zejm\u00e9na nervov\u00fd syst\u00e9m.<\/span><\/p>\n<h2><span style=\"color: #000000\">Jak\u00e9 jsou zdravotn\u00ed p\u0159\u00ednosy rakytn\u00edku?<\/span><\/h2>\n<p><span style=\"color: #000000\">V\u00fdta\u017eky z plod\u016f rakytn\u00edku d\u00edky vysok\u00e9mu obsahu antioxidant\u016f napom\u00e1haj\u00ed posilov\u00e1n\u00ed imunitn\u00edho syst\u00e9mu, l\u00e9\u010db\u011b krv\u00e1cen\u00ed d\u00e1sn\u00ed, obnov\u011b po\u0161kozen\u00fdch bun\u011bk, pom\u00e1haj\u00ed p\u0159i l\u00e9\u010db\u011b ko\u017en\u00edch onemocn\u011bn\u00ed, chr\u00e1n\u00ed poko\u017eku p\u0159ed pop\u00e1leninami a ekz\u00e9my a p\u0159ed UV z\u00e1\u0159en\u00edm a pom\u00e1haj\u00ed p\u0159i poran\u011bn\u00ed,&#8230;<\/span><\/p>\n<p><span style=\"color: #000000\">Omega-7 mastn\u00e1 kyselina je nesm\u00edrn\u011b d\u016fle\u017eit\u00e1 pro regeneraci tk\u00e1n\u00ed, jako jsou sliznice a k\u016f\u017ee, proto\u017ee poko\u017eku hydratuje a zpomaluje st\u00e1rnut\u00ed. Omega-7 tak\u00e9 chr\u00e1n\u00ed st\u0159eva a \u017ealudek p\u0159ed po\u0161kozen\u00edm sliznice, jako je z\u00e1n\u011bt \u017ealudku, kolitida a v\u0159edy, a tak\u00e9 pom\u00e1h\u00e1 zvlh\u010dovat suchou sliznici pochvy.<\/span><\/p>\n<p><span style=\"color: #000000\">\u00da\u010dinky, kter\u00e9 maj\u00ed pozitivn\u00ed vliv na na\u0161e zdrav\u00ed a t\u011blo:<\/span><\/p>\n<p><span style=\"color: #000000\">\ud83d\udc9a je siln\u00fd antioxidant,<\/span><br \/>\n<span style=\"color: #000000\">\ud83d\udc9a posiluje imunitn\u00ed syst\u00e9m,<\/span><br \/>\n<span style=\"color: #000000\">\ud83d\udc9a m\u00e1 protiz\u00e1n\u011btliv\u00fd \u00fa\u010dinek,<\/span><br \/>\n<span style=\"color: #000000\">\ud83d\udc9areguluje krevn\u00ed tlak, cholesterol a cukr v krvi,<\/span><br \/>\n<span style=\"color: #000000\">\ud83d\udc9a l\u00e9\u010d\u00ed ko\u017en\u00ed onemocn\u011bn\u00ed (z\u00e1n\u011bty, pop\u00e1leniny, ekz\u00e9my, lup\u00e9nka, dermatitida&#8230;),<\/span><br \/>\n<span style=\"color: #000000\">\ud83d\udc9a hoj\u00ed po\u0161kozen\u00ed k\u016f\u017ee (hoj\u00ed r\u00e1ny a sni\u017euje bolest),<\/span><br \/>\n<span style=\"color: #000000\">\ud83d\udc9a m\u00e1 omlazuj\u00edc\u00ed \u00fa\u010dinek,<\/span><br \/>\n<span style=\"color: #000000\">\ud83d\udc9a obnovuje po\u0161kozen\u00e9 bu\u0148ky,<\/span><br \/>\n<span style=\"color: #000000\">\ud83d\udc9a pom\u00e1h\u00e1 na otoky nohou,<\/span><br \/>\n<span style=\"color: #000000\">\ud83d\udc9a chr\u00e1n\u00ed j\u00e1tra a tr\u00e1vic\u00ed syst\u00e9m,<\/span><br \/>\n<span style=\"color: #000000\">\ud83d\udc9a m\u00e1 funkci udr\u017eovat zdrav\u00e9 srdce a c\u00e9vn\u00ed syst\u00e9m,<\/span><br \/>\n<span style=\"color: #000000\">\ud83d\udc9a chr\u00e1n\u00ed p\u0159ed krv\u00e1cen\u00edm d\u00e1sn\u00ed,<\/span><br \/>\n<span style=\"color: #000000\">\ud83d\udc9a pom\u00e1h\u00e1 p\u0159i ch\u0159ipce, z\u00e1palu plic, z\u00e1\u0161krtu,&#8230;<\/span><br \/>\n<span style=\"color: #000000\">\ud83d\udc9a chr\u00e1n\u00ed such\u00e9 a podr\u00e1\u017ed\u011bn\u00e9 o\u010di,<\/span><br \/>\n<span style=\"color: #000000\">\ud83d\udc9a zm\u00edr\u0148uje p\u0159\u00edznaky chronick\u00e9 \u00fanavy,<\/span><br \/>\n<span style=\"color: #000000\">\ud83d\udc9a zlep\u0161uje sexualitu,<\/span><br \/>\n<span style=\"color: #000000\">\ud83d\udc9a zm\u00edr\u0148uje p\u0159\u00edznaky menopauzy,<\/span><br \/>\n<span style=\"color: #000000\">\ud83d\udc9a odstra\u0148uje stres a \u00fazkost,<\/span><br \/>\n<span style=\"color: #000000\">\ud83d\udc9a m\u00e1 protin\u00e1dorov\u00fd \u00fa\u010dinek.<\/span><\/p>\n<h2><span style=\"color: #000000\">Balen\u00ed<\/span><\/h2>\n<p><span style=\"color: #000000\">Nepropustn\u00fd s\u00e1\u010dek se zipem, ve kter\u00e9m si v\u00fdrobek zachov\u00e1v\u00e1 svou \u010derstvost a v\u016fni. Obal chr\u00e1n\u00ed p\u0159ed sv\u011btlem a vzduchem, proto\u017ee se skl\u00e1d\u00e1 z n\u011bkolika ochrann\u00fdch vrstev, kter\u00e9 zachov\u00e1vaj\u00ed vlastnosti obsahu.<\/span><\/p>\n<p><span style=\"color: #000000\">Obal je velmi praktick\u00fd a recyklovateln\u00fd.<\/span><\/p>\n<h2><span style=\"color: #000000\">Skladov\u00e1n\u00ed a upozorn\u011bn\u00ed<\/span><\/h2>\n<p><span style=\"color: #000000\">Skladujte na chladn\u00e9m a such\u00e9m m\u00edst\u011b. Dopln\u011bk stravy uchov\u00e1vejte mimo dosah d\u011bt\u00ed!<\/span><\/p>\n<p><span style=\"color: #000000\">Nezapom\u00ednejte na d\u016fle\u017eitost pestr\u00e9 stravy a zdrav\u00e9ho \u017eivotn\u00edho stylu, dopln\u011bk v\u00fd\u017eivy tedy nenahrazuje vyv\u00e1\u017eenou a pestrou stravu. Doporu\u010den\u00e9 denn\u00ed mno\u017estv\u00ed nebo d\u00e1vka se nesm\u00ed p\u0159ekro\u010dit.<\/span><\/p>\n<p><span style=\"color: #000000\">Rakytn\u00edkov\u00fd sirup a \u0161\u0165\u00e1va mohou p\u016fsobit jako stimulant, proto nedoporu\u010dujeme jeho u\u017e\u00edv\u00e1n\u00ed ve\u010der.<\/span><\/p>\n<p><span style=\"color: #000000\">Doporu\u010den\u00fd p\u0159\u00edjem b\u011bhem prvn\u00edch m\u011bs\u00edc\u016f t\u011bhotenstv\u00ed by m\u011bl b\u00fdt mal\u00fd.<\/span><\/p>\n<p><span style=\"color: #000000\">D\u016fle\u017eit\u00e9 je neu\u017e\u00edvat rakytn\u00edk sou\u010dasn\u011b s l\u00e9ky proti sr\u00e1\u017een\u00ed krve.<\/span><\/p>\n<h2><span style=\"color: #000000\">P\u016fvod<\/span><\/h2>\n<p><span class=\"jCAhz ChMk0b\"><span class=\"ryNqvb\">\u010c\u00edna.<\/span><\/span> <span class=\"jCAhz ChMk0b\"><span class=\"ryNqvb\">M\u00e1me velmi spolehliv\u00e9 dodavatele, kte\u0159\u00ed n\u00e1m ke ka\u017ed\u00e9 \u0161ar\u017ei za\u0161lou podrobn\u00fd chemick\u00fd rozbor potravin.<\/span><\/span> <span class=\"jCAhz ChMk0b\"><span class=\"ryNqvb\">Za v\u00edce ne\u017e deset let jsme u tohoto zbo\u017e\u00ed ani u jin\u00fdch polo\u017eek od stejn\u00e9ho dodavatele nezaznamenali \u017e\u00e1dn\u00e9 sta\u017een\u00ed ani jin\u00e9 probl\u00e9my.<\/span><\/span><\/p>\n","protected":false},"excerpt":{"rendered":"<p>Rakytn\u00edk, nebo tak\u00e9 tzv. ps\u00ed trn, je opadav\u00fd ke\u0159 s trny. Plody rakytn\u00edku jsou velmi d\u016fle\u017eit\u00e9, proto\u017ee obsahuj\u00ed l\u00e9\u010divou \u0161\u0165\u00e1vu s velk\u00fdm mno\u017estv\u00edm vitam\u00ednu C. Jeho chu\u0165 je \u0161\u0165avnat\u00e1 a lehce nakysl\u00e1. Ve\u0161kerou slune\u010dn\u00ed energii ukl\u00e1d\u00e1 rakytn\u00edk do sv\u00fdch plod\u016f, kter\u00e9 obsahuj\u00ed nespo\u010det bioaktivn\u00edch l\u00e1tek, jako jsou esenci\u00e1ln\u00ed mastn\u00e9 kyseliny, vitam\u00edny, karotenoidy, fytosteroly, flavonoidy a tokotrienoly. Omega-7 mastn\u00e1 kyselina je nesm\u00edrn\u011b d\u016fle\u017eit\u00e1 pro regeneraci tk\u00e1n\u00ed, jako jsou sliznice a k\u016f\u017ee, proto\u017ee poko\u017eku hydratuje a zpomaluje st\u00e1rnut\u00ed. Olej, kter\u00fd se nach\u00e1z\u00ed v ovoci, m\u00e1 tak\u00e9 pozitivn\u00ed \u00fa\u010dinky na na\u0161e zdrav\u00ed, proto\u017ee obsahuje mnoho aminokyselin, miner\u00e1ln\u00edch l\u00e1tek, esenci\u00e1ln\u00edch mastn\u00fdch kyselin a fosterolu.<\/p>\n<p>\ud83d\udc9a M\u00e1 vysok\u00e9 protiz\u00e1n\u011btliv\u00e9, protin\u00e1dorov\u00e9 a antioxida\u010dn\u00ed vlastnosti.<br \/>\n\ud83d\udc9aSni\u017euje hladinu cukru a cholesterolu v krvi a reguluje krevn\u00ed tlak.<br \/>\n\ud83d\udc9a Zvy\u0161uje s\u00edlu srde\u010dn\u00edho svalu a z\u00e1rove\u0148 zlep\u0161uje pr\u016ftok krve.<br \/>\n\ud83d\udc9a Chr\u00e1n\u00ed poko\u017eku p\u0159ed nebezpe\u010dn\u00fdmi voln\u00fdmi radik\u00e1ly (l\u00e9\u010d\u00ed ko\u017en\u00ed onemocn\u011bn\u00ed a po\u0161kozen\u00ed k\u016f\u017ee.)<br \/>\n\ud83d\udc9a Chr\u00e1n\u00ed p\u0159ed krv\u00e1cen\u00edm d\u00e1sn\u00ed.<\/p>\n","protected":false},"featured_media":6783,"comment_status":"open","ping_status":"closed","template":"","meta":{"_acf_changed":false},"product_brand":[],"product_cat":[15,226,195,227],"product_tag":[],"class_list":{"0":"post-6782","1":"product","2":"type-product","3":"status-publish","4":"has-post-thumbnail","6":"product_cat-uncategorized","7":"product_cat-nabidka","8":"product_cat-superpotraviny","9":"product_cat-vsechny-produkty","11":"first","12":"instock","13":"sale","14":"taxable","15":"shipping-taxable","16":"purchasable","17":"product-type-simple"},"acf":[],"_links":{"self":[{"href":"https:\/\/fengchashop.com\/cz\/wp-json\/wp\/v2\/product\/6782","targetHints":{"allow":["GET"]}}],"collection":[{"href":"https:\/\/fengchashop.com\/cz\/wp-json\/wp\/v2\/product"}],"about":[{"href":"https:\/\/fengchashop.com\/cz\/wp-json\/wp\/v2\/types\/product"}],"replies":[{"embeddable":true,"href":"https:\/\/fengchashop.com\/cz\/wp-json\/wp\/v2\/comments?post=6782"}],"wp:featuredmedia":[{"embeddable":true,"href":"https:\/\/fengchashop.com\/cz\/wp-json\/wp\/v2\/media\/6783"}],"wp:attachment":[{"href":"https:\/\/fengchashop.com\/cz\/wp-json\/wp\/v2\/media?parent=6782"}],"wp:term":[{"taxonomy":"product_brand","embeddable":true,"href":"https:\/\/fengchashop.com\/cz\/wp-json\/wp\/v2\/product_brand?post=6782"},{"taxonomy":"product_cat","embeddable":true,"href":"https:\/\/fengchashop.com\/cz\/wp-json\/wp\/v2\/product_cat?post=6782"},{"taxonomy":"product_tag","embeddable":true,"href":"https:\/\/fengchashop.com\/cz\/wp-json\/wp\/v2\/product_tag?post=6782"}],"curies":[{"name":"wp","href":"https:\/\/api.w.org\/{rel}","templated":true}]}}