{"id":6777,"date":"2025-05-30T11:35:21","date_gmt":"2025-05-30T09:35:21","guid":{"rendered":"https:\/\/fengchashop.com\/cz\/product\/kokosove-chipsy-bio-250-g\/"},"modified":"2025-07-01T12:49:05","modified_gmt":"2025-07-01T10:49:05","slug":"kokosove-chipsy-bio","status":"publish","type":"product","link":"https:\/\/fengchashop.com\/cz\/product\/kokosove-chipsy-bio\/","title":{"rendered":"Kokosov\u00e9 chipsy BIO 250 g"},"content":{"rendered":"<h2 style=\"text-align: justify;\"><span style=\"color: #000000;\">Kokosov\u00e9 chipsy BIO<\/span><\/h2>\n<p><span style=\"color: #000000;\">Lahodn\u00e1 superpotravina jm\u00e9nem kokos (Cocos nucifera) v\u00e1s udr\u017e\u00ed \u0161\u0165astn\u00e9 a zdrav\u00e9. Obsahuje b\u00edlkoviny, zdrav\u00e9 tuky, vitam\u00edny, miner\u00e1ly a dal\u0161\u00ed prvky, kter\u00e9 jsou dobr\u00e9 pro va\u0161e celkov\u00e9 zdrav\u00ed. Kokos m\u00e1 nav\u00edc antivirov\u00e9 a antibakteri\u00e1ln\u00ed vlastnosti, kter\u00e9 posiluj\u00ed imunitn\u00ed syst\u00e9m a p\u0159edch\u00e1zej\u00ed r\u016fzn\u00fdm onemocn\u011bn\u00edm.<\/span><\/p>\n<p><span style=\"color: #000000;\">Obsah miner\u00e1ln\u00edch l\u00e1tek v surov\u00e9m kokosu je velmi vysok\u00fd. Je bohat\u00fd na drasl\u00edk, ho\u0159\u010d\u00edk, zinek a \u017eelezo. D\u00e1le obsahuje vitam\u00edny B1, B2, B3 a B6.<\/span><\/p>\n<p><span style=\"color: #000000;\">P\u0159edpokl\u00e1d\u00e1 se, \u017ee kokosov\u00fd o\u0159ech poch\u00e1zel z ostrova v jihoz\u00e1padn\u00edm Tichomo\u0159\u00ed, odkud poch\u00e1z\u00ed \u00faslov\u00ed: \u201eTen, kdo zasad\u00ed kokosovou palmu, zasad\u00ed j\u00eddlo a pit\u00ed a vytvo\u0159\u00ed m\u00edsto pro sebe a d\u011bdictv\u00ed pro sv\u00e9 potomky\u201c.<\/span><\/p>\n<p><span style=\"color: #000000;\">Na Filip\u00edn\u00e1ch je kokosov\u00e1 palma zn\u00e1m\u00e1 jako \u201estrom \u017eivota\u201c, v Mezopot\u00e1mii jako \u201estrom tis\u00edce pou\u017eit\u00ed\u201c a v Indii jako \u201estrom, kter\u00fd poskytuje v\u0161e, co k \u017eivotu pot\u0159ebujeme\u201c.<\/span><\/p>\n<p><span style=\"color: #000000;\">Kokosov\u00e9 lup\u00ednky jsou skv\u011blou n\u00e1hradou v\u0161ech b\u011b\u017en\u011b pou\u017e\u00edvan\u00fdch, ale nezdrav\u00fdch bramborov\u00fdch lup\u00ednk\u016f. Ur\u010dit\u011b v\u00e1m pom\u016f\u017ee uspokojit va\u0161i n\u00e1hlou touhu po ide\u00e1ln\u00ed sm\u011bsi v\u00fd\u017eivy a chuti. Tuto k\u0159upavou pochoutku si m\u016f\u017eete dop\u0159\u00e1t bez v\u00fd\u010ditek sv\u011bdom\u00ed.<\/span><\/p>\n<p><span style=\"color: #000000;\">Kokosov\u00e9 lup\u00ednky jsou skv\u011blou rovnov\u00e1hou slan\u00e9ho a sladk\u00e9ho. Jsou vyrobeny z kr\u00e9mov\u00e9ho kokosov\u00e9ho masa s odstran\u011bnou vlhkost\u00ed a p\u0159irozen\u011b vysu\u0161en\u00e9.<\/span><\/p>\n<h2><span style=\"color: #000000;\">\u00da\u010dinky kokosov\u00fdch <\/span><span style=\"color: #000000;\">chipsy<\/span><\/h2>\n<p><span style=\"color: #000000;\">Mnoho studi\u00ed dokazuje, \u017ee antivirov\u00e9, antibakteri\u00e1ln\u00ed, protiz\u00e1n\u011btliv\u00e9 a antioxida\u010dn\u00ed vlastnosti kokosu mohou pomoci p\u0159edch\u00e1zet mnoha nemocem. Kokosov\u00e9 chipsy jsou nejen mimo\u0159\u00e1dn\u011b chutn\u00e9, ale tak\u00e9 skv\u011bl\u00e9 pro regulaci cholesterolu, cukru v krvi a krevn\u00edho tlaku. Tato vysoce kalorick\u00e1 sva\u010dina zvy\u0161uje metabolismus a hladinu energie v t\u011ble.<\/span><\/p>\n<p><span style=\"color: #000000;\">Kokosov\u00e9 o\u0159echy jsou bohat\u00e9 na miner\u00e1ly, lipidy, vitam\u00edn B a dal\u0161\u00ed \u017eiviny. Kyselina laurov\u00e1, chlorid, \u017eelezo a kl\u00ed\u010dov\u00e9 elektrolyty, jako je drasl\u00edk, ho\u0159\u010d\u00edk a v\u00e1pn\u00edk, jsou n\u011bkter\u00e9 ze z\u00e1kladn\u00edch miner\u00e1l\u016f, kter\u00e9 se nach\u00e1zej\u00ed v kokosov\u00fdch lup\u00ednc\u00edch. Dobr\u00e1 rovnov\u00e1ha elektrolyt\u016f je z\u00e1sadn\u00ed, proto\u017ee podporuje celkov\u00e9 zdrav\u00ed.<\/span><\/p>\n<h2><span style=\"color: #000000;\">Skladov\u00e1n\u00ed a varov\u00e1n\u00ed<\/span><\/h2>\n<p><span style=\"color: #000000;\">N\u011bkte\u0159\u00ed lid\u00e9 mohou b\u00fdt alergi\u010dt\u00ed na kokosov\u00e9 o\u0159echy, i kdy\u017e je to vz\u00e1cn\u00e9. V p\u0159\u00edpad\u011b, \u017ee m\u00e1te p\u0159\u00edznaky alergie v\u010detn\u011b sv\u011bd\u011bn\u00ed k\u016f\u017ee, sev\u0159en\u00ed krku, k\u00fdch\u00e1n\u00ed, s\u00edp\u00e1n\u00ed, \u017ealude\u010dn\u00edch pot\u00ed\u017e\u00ed atd., m\u011bli byste ze sv\u00e9ho j\u00eddeln\u00ed\u010dku vylou\u010dit v\u0161echny kokosov\u00e9 produkty.<\/span><\/p>\n<p><span style=\"color: #000000;\">Nezapom\u00ednejte na d\u016fle\u017eitost pestr\u00e9 stravy a zdrav\u00e9ho \u017eivotn\u00edho stylu, dopln\u011bk v\u00fd\u017eivy tedy nenahrazuje vyv\u00e1\u017eenou a pestrou stravu. Doporu\u010den\u00e9 denn\u00ed mno\u017estv\u00ed nebo d\u00e1vka se nesm\u00ed p\u0159ekro\u010dit.<\/span><\/p>\n<h2><span style=\"color: #000000;\">Balen\u00ed<\/span><\/h2>\n<p><span style=\"color: #000000;\">Nepropustn\u00fd s\u00e1\u010dek se zipem, ve kter\u00e9m si v\u00fdrobek zachov\u00e1v\u00e1 svou \u010derstvost a v\u016fni. Obal chr\u00e1n\u00ed p\u0159ed sv\u011btlem a vzduchem, proto\u017ee se skl\u00e1d\u00e1 z n\u011bkolika ochrann\u00fdch vrstev, kter\u00e9 zachov\u00e1vaj\u00ed vlastnosti obsahu.<\/span><\/p>\n<p><span style=\"color: #000000;\">Obal je velmi praktick\u00fd a recyklovateln\u00fd<\/span><\/p>\n<h2><span style=\"color: #000000;\">P\u016fvod<\/span><\/h2>\n<p style=\"text-align: justify;\"><span style=\"color: #000000;\">Sr\u00ed Lanka<\/span><\/p>\n","protected":false},"excerpt":{"rendered":"<p>Lahodn\u00e1 superpotravina zvan\u00e1 kokos (Cocos nucifera) zajist\u00ed spokojenost a zdrav\u00ed. P\u0159edpokl\u00e1d\u00e1 se, \u017ee kokosov\u00fd o\u0159ech poch\u00e1zel z ostrova v jihoz\u00e1padn\u00edm Pacifiku, odkud poch\u00e1z\u00ed \u00faslov\u00ed: \u201eTen, kdo zasad\u00ed kokosovou palmu, zasad\u00ed j\u00eddlo a pit\u00ed a vytvo\u0159\u00ed m\u00edsto pro sebe a d\u011bdictv\u00ed pro sv\u00e9 potomky\u201c.<\/p>\n<p>\ud83d\udc9a Lahodn\u00e1 superpotravina zaji\u0161\u0165uje spokojenost a zdrav\u00ed.<br \/>\n\ud83d\udc9a Z ekologick\u00e9 produkce.<br \/>\n\ud83d\udc9a Je to \u00fa\u017easn\u00e1 rovnov\u00e1ha slan\u00e9 a sladk\u00e9 chuti.<br \/>\n\ud83d\udc9a Zvy\u0161uje metabolismus a hladinu energie v t\u011ble.<\/p>\n","protected":false},"featured_media":6778,"comment_status":"open","ping_status":"closed","template":"","meta":{"_acf_changed":false},"product_brand":[],"product_cat":[15,205,226,227],"product_tag":[],"class_list":{"0":"post-6777","1":"product","2":"type-product","3":"status-publish","4":"has-post-thumbnail","6":"product_cat-uncategorized","7":"product_cat-caj-jidlo-koreni","8":"product_cat-nabidka","9":"product_cat-vsechny-produkty","11":"first","12":"outofstock","13":"taxable","14":"shipping-taxable","15":"purchasable","16":"product-type-simple"},"acf":[],"_links":{"self":[{"href":"https:\/\/fengchashop.com\/cz\/wp-json\/wp\/v2\/product\/6777","targetHints":{"allow":["GET"]}}],"collection":[{"href":"https:\/\/fengchashop.com\/cz\/wp-json\/wp\/v2\/product"}],"about":[{"href":"https:\/\/fengchashop.com\/cz\/wp-json\/wp\/v2\/types\/product"}],"replies":[{"embeddable":true,"href":"https:\/\/fengchashop.com\/cz\/wp-json\/wp\/v2\/comments?post=6777"}],"wp:featuredmedia":[{"embeddable":true,"href":"https:\/\/fengchashop.com\/cz\/wp-json\/wp\/v2\/media\/6778"}],"wp:attachment":[{"href":"https:\/\/fengchashop.com\/cz\/wp-json\/wp\/v2\/media?parent=6777"}],"wp:term":[{"taxonomy":"product_brand","embeddable":true,"href":"https:\/\/fengchashop.com\/cz\/wp-json\/wp\/v2\/product_brand?post=6777"},{"taxonomy":"product_cat","embeddable":true,"href":"https:\/\/fengchashop.com\/cz\/wp-json\/wp\/v2\/product_cat?post=6777"},{"taxonomy":"product_tag","embeddable":true,"href":"https:\/\/fengchashop.com\/cz\/wp-json\/wp\/v2\/product_tag?post=6777"}],"curies":[{"name":"wp","href":"https:\/\/api.w.org\/{rel}","templated":true}]}}