{"id":6775,"date":"2023-12-14T18:38:09","date_gmt":"2023-12-14T17:38:09","guid":{"rendered":"https:\/\/fengchashop.com\/cz\/product\/sango-koralovy-prasek-250-g\/"},"modified":"2026-05-04T11:01:27","modified_gmt":"2026-05-04T09:01:27","slug":"sango-koralovy-prasek","status":"publish","type":"product","link":"https:\/\/fengchashop.com\/cz\/product\/sango-koralovy-prasek\/","title":{"rendered":"Sango Kor\u00e1lov\u00fd pr\u00e1\u0161ek  250 g"},"content":{"rendered":"<h2><span style=\"color: #000000\">Sango Kor\u00e1lov\u00fd pr\u00e1\u0161ek<\/span><\/h2>\n<p><span style=\"color: #000000\">Mo\u0159sk\u00fd kor\u00e1l Sango poch\u00e1z\u00ed z milion let star\u00e9ho kor\u00e1lov\u00e9ho \u00fatesu u pob\u0159e\u017e\u00ed ostrova Okinawa v Japonsku. I samotn\u00fd ostrov Okinawa vznikl na kor\u00e1lov\u00e9 sk\u00e1le \u2013 d\u00edky tomu de\u0161\u0165ov\u00e1 voda prosakuje de\u0161\u0165ov\u00fdmi sr\u00e1\u017ekami a je obohacena o nespo\u010det miner\u00e1l\u016f a stopov\u00fdch prvk\u016f nalezen\u00fdch ve fosiln\u00edch kor\u00e1lech. Obyvatel\u00e9 Okinawy, kter\u00fdm je \u010dasto p\u0159ipisov\u00e1n v\u011bk nad sto let, tak dost\u00e1vaj\u00ed mimo\u0159\u00e1dn\u011b bohatou a jedine\u010dnou vodu plnou miner\u00e1l\u016f.<\/span><\/p>\n<h2><span style=\"color: #000000\">Pro\u010d je kor\u00e1lov\u00fd pr\u00e1\u0161ek Sango tak speci\u00e1ln\u00ed a tak odli\u0161n\u00fd?<\/span><\/h2>\n<p><span style=\"color: #000000\">Sango Coral Powder je p\u0159irozen\u00fdm zdrojem v\u00e1pn\u00edku a dal\u0161\u00edch miner\u00e1l\u016f, o kter\u00fdch se p\u0159edpokl\u00e1d\u00e1, \u017ee jsou zdrav\u00ed prosp\u011b\u0161n\u00e9. Kor\u00e1lov\u00fd prach obsahuje p\u0159edev\u0161\u00edm v\u00e1pn\u00edk a ho\u0159\u010d\u00edk, v pom\u011bru 2:1, co\u017e m\u00e1 b\u00fdt pro lidsk\u00fd organismus ide\u00e1ln\u00ed, s vysokou biologickou dostupnost\u00ed. Krom\u011b toho m\u016f\u017ee obsahovat i dal\u0161\u00ed stopov\u00e9 miner\u00e1ly.<\/span><\/p>\n<h2><span style=\"color: #000000\">\u00da\u010dinky, kter\u00e9 maj\u00ed pozitivn\u00ed vliv na na\u0161e zdrav\u00ed a t\u011blo<\/span><\/h2>\n<p><span style=\"color: #000000\">Kor\u00e1lov\u00fd pr\u00e1\u0161ek Sango m\u00e1 mnoho potenci\u00e1ln\u00edch zdravotn\u00edch v\u00fdhod a \u00fa\u010dink\u016f. N\u011bkter\u00e9 z hlavn\u00edch v\u00fdhod a \u00fa\u010dink\u016f jsou:<\/span><\/p>\n<p><span style=\"color: #000000\">\ud83d\udc9a podporuje imunitn\u00ed syst\u00e9m,<\/span><br \/>\n<span style=\"color: #000000\">\ud83d\udc9a podporuje zdrav\u00ed kost\u00ed, zub\u016f a sval\u016f,<\/span><br \/>\n<span style=\"color: #000000\">\ud83d\udc9a pom\u00e1h\u00e1 p\u0159edch\u00e1zet onemocn\u011bn\u00edm kost\u00ed, jako je osteopor\u00f3za,<\/span><br \/>\n<span style=\"color: #000000\">\ud83d\udc9a pom\u00e1h\u00e1 regulovat pH v t\u011ble a sni\u017euje kyselost,<\/span><br \/>\n<span style=\"color: #000000\">\ud83d\udc9a m\u016f\u017ee prosp\u00edvat zdrav\u00ed srdce a funkci sval\u016f,<\/span><br \/>\n<span style=\"color: #000000\">\ud83d\udc9a pom\u00e1haj\u00ed p\u0159i tr\u00e1ven\u00ed a vst\u0159eb\u00e1v\u00e1n\u00ed \u017eivin.<\/span><\/p>\n<h2><span style=\"color: #000000\">Balen\u00ed<\/span><\/h2>\n<p><span style=\"color: #000000\">Neprody\u0161n\u00fd uzav\u00edrateln\u00fd s\u00e1\u010dek, ve kter\u00e9m si v\u00fdrobek zachov\u00e1v\u00e1 ve\u0161kerou \u010derstvost a v\u016fni. Obal chr\u00e1n\u00ed p\u0159ed sv\u011btlem a vzduchem, proto\u017ee se skl\u00e1d\u00e1 z n\u011bkolika ochrann\u00fdch vrstev, kter\u00e9 zachov\u00e1vaj\u00ed vlastnosti obsahu.<\/span><br \/>\n<span style=\"color: #000000\">Obal je velmi praktick\u00fd a recyklovateln\u00fd.<\/span><\/p>\n<h2><span style=\"color: #000000\">Skladov\u00e1n\u00ed a varov\u00e1n\u00ed<\/span><\/h2>\n<p><span style=\"color: #000000\">Skladujte na chladn\u00e9m a such\u00e9m m\u00edst\u011b p\u0159i teplot\u011b do 25 \u00b0C. Dopln\u011bk stravy uchov\u00e1vejte mimo dosah d\u011bt\u00ed!<\/span><br \/>\n<span style=\"color: #000000\">Pokud sou\u010dasn\u011b u\u017e\u00edv\u00e1te antibiotika, l\u00e9ky na osteopor\u00f3zu nebo vysok\u00fd krevn\u00ed tlak, pora\u010fte se se sv\u00fdm l\u00e9ka\u0159em, proto\u017ee ho\u0159\u010d\u00edk m\u016f\u017ee ovlivnit jejich \u00fa\u010dinek.<\/span><br \/>\n<span style=\"color: #000000\">Nezapom\u00ednejte na d\u016fle\u017eitost pestr\u00e9 stravy a zdrav\u00e9ho \u017eivotn\u00edho stylu, dopln\u011bk stravy nen\u00ed n\u00e1hradou vyv\u00e1\u017een\u00e9 a pestr\u00e9 stravy. Doporu\u010den\u00e9 denn\u00ed mno\u017estv\u00ed nebo d\u00e1vka by nem\u011bly b\u00fdt p\u0159ekro\u010deny. T\u011bhotn\u00fdm a koj\u00edc\u00edm \u017een\u00e1m se v\u017edy doporu\u010duje, aby se p\u0159ed pou\u017eit\u00edm p\u0159\u00edpravku poradily s l\u00e9ka\u0159em. Nevhodn\u00e9 pro d\u011bti.<\/span><\/p>\n<h2><span style=\"color: #000000\">P\u016fvod<\/span><\/h2>\n<p><span style=\"color: #000000\">Japonsko<\/span><\/p>\n","protected":false},"excerpt":{"rendered":"<p>Kor\u00e1lov\u00fd pr\u00e1\u0161ek Sango m\u00e1 mnoho potenci\u00e1ln\u00edch zdravotn\u00edch v\u00fdhod a \u00fa\u010dink\u016f. N\u011bkter\u00e9 z hlavn\u00edch v\u00fdhod a \u00fa\u010dink\u016f jsou:<\/p>\n<p>\ud83d\udc9a podporuje imunitn\u00ed syst\u00e9m,<br \/>\n\ud83d\udc9a podporuje zdrav\u00ed kost\u00ed, zub\u016f a sval\u016f,<br \/>\n\ud83d\udc9a pom\u00e1h\u00e1 p\u0159edch\u00e1zet onemocn\u011bn\u00edm kost\u00ed, jako je osteopor\u00f3za,<br \/>\n\ud83d\udc9a pom\u00e1h\u00e1 regulovat pH v t\u011ble a sni\u017euje kyselost.<\/p>\n<p>&nbsp;<\/p>\n","protected":false},"featured_media":6776,"comment_status":"open","ping_status":"closed","template":"","meta":{"_acf_changed":false},"product_brand":[],"product_cat":[15,230,226,195,227],"product_tag":[],"class_list":{"0":"post-6775","1":"product","2":"type-product","3":"status-publish","4":"has-post-thumbnail","6":"product_cat-uncategorized","7":"product_cat-mineraly-a-vitaminy","8":"product_cat-nabidka","9":"product_cat-superpotraviny","10":"product_cat-vsechny-produkty","12":"first","13":"instock","14":"sale","15":"taxable","16":"shipping-taxable","17":"purchasable","18":"product-type-simple"},"acf":[],"_links":{"self":[{"href":"https:\/\/fengchashop.com\/cz\/wp-json\/wp\/v2\/product\/6775","targetHints":{"allow":["GET"]}}],"collection":[{"href":"https:\/\/fengchashop.com\/cz\/wp-json\/wp\/v2\/product"}],"about":[{"href":"https:\/\/fengchashop.com\/cz\/wp-json\/wp\/v2\/types\/product"}],"replies":[{"embeddable":true,"href":"https:\/\/fengchashop.com\/cz\/wp-json\/wp\/v2\/comments?post=6775"}],"wp:featuredmedia":[{"embeddable":true,"href":"https:\/\/fengchashop.com\/cz\/wp-json\/wp\/v2\/media\/6776"}],"wp:attachment":[{"href":"https:\/\/fengchashop.com\/cz\/wp-json\/wp\/v2\/media?parent=6775"}],"wp:term":[{"taxonomy":"product_brand","embeddable":true,"href":"https:\/\/fengchashop.com\/cz\/wp-json\/wp\/v2\/product_brand?post=6775"},{"taxonomy":"product_cat","embeddable":true,"href":"https:\/\/fengchashop.com\/cz\/wp-json\/wp\/v2\/product_cat?post=6775"},{"taxonomy":"product_tag","embeddable":true,"href":"https:\/\/fengchashop.com\/cz\/wp-json\/wp\/v2\/product_tag?post=6775"}],"curies":[{"name":"wp","href":"https:\/\/api.w.org\/{rel}","templated":true}]}}