{"id":6773,"date":"2023-08-29T08:53:40","date_gmt":"2023-08-29T06:53:40","guid":{"rendered":"https:\/\/fengchashop.com\/cz\/product\/lopuch-prasek-bio-250g\/"},"modified":"2026-05-06T12:44:39","modified_gmt":"2026-05-06T10:44:39","slug":"lopuch-prasek-bio","status":"publish","type":"product","link":"https:\/\/fengchashop.com\/cz\/product\/lopuch-prasek-bio\/","title":{"rendered":"Lopuch pr\u00e1\u0161ek BIO 250g"},"content":{"rendered":"<h2><span style=\"color: #000000\">Lopuch pr\u00e1\u0161ek BIO<\/span><\/h2>\n<p><span style=\"color: #000000\">Lopuchov\u00fd pr\u00e1\u0161ek se z\u00edsk\u00e1v\u00e1 z ko\u0159ene lopuchu (Arctium lappa), byliny poch\u00e1zej\u00edc\u00ed z Evropy a Asie, ale vyskytuje se i v jin\u00fdch \u010d\u00e1stech sv\u011bta. Tato rostlina je zn\u00e1m\u00e1 sv\u00fdmi velk\u00fdmi srd\u010dit\u00fdmi listy, r\u016f\u017eovofialov\u00fdm kv\u011btenstv\u00edm a velk\u00fdmi v\u00fdrazn\u00fdmi plody, kter\u00e9 p\u0159il\u00e9haj\u00ed k chlupat\u00fdm pochv\u00e1m. Lopuch m\u00e1 dlouhou historii pou\u017e\u00edv\u00e1n\u00ed v tradi\u010dn\u00ed bylinn\u00e9 medic\u00edn\u011b a je zn\u00e1m\u00fd sv\u00fdmi mnoha zdravotn\u00edmi p\u0159\u00ednosy. Ko\u0159en lopuchu je bohat\u00fd na r\u016fzn\u00e9 \u017eiviny a bioaktivn\u00ed slou\u010deniny, kter\u00e9 p\u0159isp\u00edvaj\u00ed k jeho \u00fa\u010dink\u016fm.<\/span><\/p>\n<p><span style=\"color: #000000\">L\u00e9\u010debn\u011b byly pou\u017eity r\u016fzn\u00e9 \u010d\u00e1sti rostliny, v\u010detn\u011b ko\u0159en\u016f, list\u016f, kv\u011bt\u016f a semen. Lopuch se pou\u017e\u00edval i p\u0159i va\u0159en\u00ed, kde se mlad\u00e9 listy a stonky \u010dasto pou\u017e\u00edvaly k p\u0159\u00edprav\u011b pokrm\u016f, jako jsou pol\u00e9vky a sal\u00e1ty.<\/span><\/p>\n<h2><span style=\"color: #000000\">Pro\u010d je lopuch tak v\u00fdjime\u010dn\u00fd a tak odli\u0161n\u00fd?<\/span><\/h2>\n<p><span style=\"color: #000000\">Lopuch se dnes pou\u017e\u00edv\u00e1 tak\u00e9 jako p\u0159\u00edsada do dopl\u0148k\u016f v\u00fd\u017eivy, proto\u017ee m\u00e1 mnoho potenci\u00e1ln\u00edch zdravotn\u00edch p\u0159\u00ednos\u016f. Pou\u017e\u00edv\u00e1 se pro podporu zdrav\u00ed poko\u017eky, tr\u00e1vic\u00edho syst\u00e9mu, ledvin, imunitn\u00edho syst\u00e9mu a dal\u0161\u00edch t\u011blesn\u00fdch funkc\u00ed.<\/span><\/p>\n<p><span style=\"color: #000000\">Ko\u0159en lopuchu je bohat\u00fdm zdrojem mnoha \u017eivin, v\u010detn\u011b vitam\u00edn\u016f (B komplex a E), miner\u00e1l\u016f (drasl\u00edk, fosfor, ho\u0159\u010d\u00edk, kobalt, chrom, zinek, sod\u00edk, k\u0159em\u00edk a \u017eelezo) a dal\u0161\u00edch slou\u010denin, kter\u00e9 mohou prosp\u00edvat zdrav\u00ed.<\/span><\/p>\n<p><span style=\"color: #000000\">Extrakt z ko\u0159ene lopuchu m\u00e1 mnoho farmakologick\u00fdch vlastnost\u00ed, mezi nimi\u017e jsou zd\u016frazn\u011bny antibakteri\u00e1ln\u00ed, antivirov\u00e9 a antioxida\u010dn\u00ed l\u00e1tky. Hraje tak\u00e9 kl\u00ed\u010dovou roli v regulaci metabolismu lipid\u016f a regulaci poruch metabolismu gluk\u00f3zy. Nav\u00edc mu byly p\u0159isuzov\u00e1ny protin\u00e1dorov\u00e9, antimutagenn\u00ed a imunomodula\u010dn\u00ed vlastnosti a tak\u00e9 schopnost sni\u017eovat z\u00e1n\u011bt. V cel\u00e9m rozsahu p\u0159in\u00e1\u0161\u00ed i proj\u00edmav\u00e9 \u00fa\u010dinky pro zlep\u0161en\u00ed tr\u00e1vic\u00edho procesu.<\/span><\/p>\n<p><span style=\"color: #000000\">Extrakt z ko\u0159ene lopuchu obsahuje r\u016fzn\u00e9 esenci\u00e1ln\u00ed aminokyseliny ve zv\u00fd\u0161en\u00fdch koncentrac\u00edch, zejm\u00e9na ty, kter\u00e9 maj\u00ed v\u00fdrazn\u00e9 farmakologick\u00e9 \u00fa\u010dinky.<\/span><\/p>\n<h2><span style=\"color: #000000\">\u00da\u010dinky, kter\u00e9 maj\u00ed pozitivn\u00ed vliv na na\u0161e zdrav\u00ed a t\u011blo<\/span><\/h2>\n<p><span style=\"color: #000000\">Lopuch m\u00e1 mnoho potenci\u00e1ln\u00edch zdravotn\u00edch v\u00fdhod a \u00fa\u010dink\u016f. N\u011bkter\u00e9 z hlavn\u00edch v\u00fdhod a \u00fa\u010dink\u016f jsou:<\/span><\/p>\n<p><span style=\"color: #000000\">\ud83d\udc9a m\u00e1 protiz\u00e1n\u011btliv\u00e9 vlastnosti,<\/span><br \/>\n<span style=\"color: #000000\">\ud83d\udc9a zlep\u0161uje ko\u017en\u00ed stavy p\u0159i r\u016fzn\u00fdch probl\u00e9mech (akn\u00e9, ekz\u00e9my, lup\u00e9nka a dermatitida)<\/span><br \/>\n<span style=\"color: #000000\">\ud83d\udc9a zm\u00edr\u0148uje sv\u011bd\u011bn\u00ed a podr\u00e1\u017ed\u011bn\u00ed poko\u017eky,<\/span><br \/>\n<span style=\"color: #000000\">\ud83d\udc9a pom\u00e1h\u00e1 p\u0159i detoxikaci a pro\u010di\u0161t\u011bn\u00ed,<\/span><br \/>\n<span style=\"color: #000000\">\ud83d\udc9a podporuje funkci jater a ledvin p\u0159i odstra\u0148ov\u00e1n\u00ed toxin\u016f z t\u011bla,<\/span><br \/>\n<span style=\"color: #000000\">\ud83d\udc9a stimuluje vylu\u010dov\u00e1n\u00ed odpadn\u00edch l\u00e1tek k\u016f\u017e\u00ed a mo\u010dov\u00fdm syst\u00e9mem,<\/span><br \/>\n<span style=\"color: #000000\">\ud83d\udc9a p\u0159isp\u00edv\u00e1 k lep\u0161\u00edmu tr\u00e1ven\u00ed a zdrav\u00e9mu tr\u00e1vic\u00edmu syst\u00e9mu,<\/span><br \/>\n<span style=\"color: #000000\">\ud83d\udc9a p\u0159isp\u00edv\u00e1 k lep\u0161\u00edmu fungov\u00e1n\u00ed imunitn\u00edho syst\u00e9mu,<\/span><br \/>\n<span style=\"color: #000000\">\ud83d\udc9a pom\u00e1h\u00e1 posilovat p\u0159irozenou odolnost organismu proti infekc\u00edm a nemocem,<\/span><br \/>\n<span style=\"color: #000000\">\ud83d\udc9a je siln\u00fd antioxidant, kter\u00fd odstra\u0148uje voln\u00e9 radik\u00e1ly,<\/span><br \/>\n<span style=\"color: #000000\">\ud83d\udc9a m\u00e1 protin\u00e1dorov\u00fd \u00fa\u010dinek,<\/span><br \/>\n<span style=\"color: #000000\">\ud83d\udc9a podporuje zdrav\u00ed vlas\u016f, poko\u017eky hlavy a neht\u016f,<\/span><br \/>\n<span style=\"color: #000000\">\ud83d\udc9a pom\u00e1h\u00e1 regulovat hladinu cukru v krvi,<\/span><br \/>\n<span style=\"color: #000000\">\ud83d\udc9a pom\u00e1h\u00e1 zm\u00edr\u0148ovat z\u00e1n\u011bty v kloubech a zm\u00edr\u0148ovat p\u0159\u00edznaky revmatick\u00fdch onemocn\u011bn\u00ed,<\/span><br \/>\n<span style=\"color: #000000\">\ud83d\udc9a zabra\u0148uje arterioskler\u00f3ze, hypertenzi a mozkov\u00e9 tromb\u00f3ze,<\/span><br \/>\n<span style=\"color: #000000\">\ud83d\udc9a odstra\u0148uje \u00fanavu a stimuluje metabolismus,<\/span><br \/>\n<span style=\"color: #000000\">\ud83d\udc9a zlep\u0161uje pam\u011b\u0165.<\/span><\/p>\n<h2><span style=\"color: #000000\">Balen\u00ed<\/span><\/h2>\n<p><span style=\"color: #000000\">Nepropustn\u00fd s\u00e1\u010dek se zipem, ve kter\u00e9m si v\u00fdrobek zachov\u00e1v\u00e1 svou \u010derstvost a v\u016fni. Obal chr\u00e1n\u00ed p\u0159ed sv\u011btlem a vzduchem, proto\u017ee se skl\u00e1d\u00e1 z n\u011bkolika ochrann\u00fdch vrstev, kter\u00e9 zachov\u00e1vaj\u00ed vlastnosti obsahu.<\/span><\/p>\n<p><span style=\"color: #000000\">Obal je velmi praktick\u00fd a recyklovateln\u00fd.<\/span><\/p>\n<h2><span style=\"color: #000000\">Skladov\u00e1n\u00ed a upozorn\u011bn\u00ed<\/span><\/h2>\n<p><span style=\"color: #000000\">Skladujte na chladn\u00e9m a such\u00e9m m\u00edst\u011b. Dopln\u011bk stravy uchov\u00e1vejte mimo dosah d\u011bt\u00ed!<\/span><\/p>\n<p><span style=\"color: #000000\">Nezapom\u00ednejte na d\u016fle\u017eitost pestr\u00e9 stravy a zdrav\u00e9ho \u017eivotn\u00edho stylu, dopln\u011bk v\u00fd\u017eivy tedy nenahrazuje vyv\u00e1\u017eenou a pestrou stravu. Doporu\u010den\u00e9 denn\u00ed mno\u017estv\u00ed nebo d\u00e1vka se nesm\u00ed p\u0159ekro\u010dit.<\/span><\/p>\n<p><span style=\"color: #000000\">Nedoporu\u010duje se u\u017e\u00edvat t\u011bhotn\u00fdm a koj\u00edc\u00edm matk\u00e1m a d\u011btem. Konzumace se nedoporu\u010duje osob\u00e1m p\u0159ecitliv\u011bl\u00fdm na rostliny z \u010deledi hv\u011bzdnicovit\u00fdch a lidem, kte\u0159\u00ed u\u017e\u00edvaj\u00ed l\u00e9ky na \u0159ed\u011bn\u00ed krve nebo maj\u00ed probl\u00e9my se \u017elu\u010d\u00ed. V p\u0159\u00edpad\u011b jak\u00fdchkoli zdravotn\u00edch probl\u00e9m\u016f se doporu\u010duje konzultovat v\u00edce informac\u00ed se sv\u00fdm l\u00e9ka\u0159em.<\/span><\/p>\n<h2><span style=\"color: #000000\">P\u016fvod<\/span><\/h2>\n<p><span style=\"color: #000000\">\u010c\u00edna. M\u00e1me velmi spolehliv\u00e9 dodavatele, kte\u0159\u00ed n\u00e1m ke ka\u017ed\u00e9 \u0161ar\u017ei za\u0161lou podrobn\u00fd chemick\u00fd rozbor potravin. Za v\u00edce ne\u017e deset let jsme u tohoto zbo\u017e\u00ed ani u jin\u00fdch polo\u017eek od stejn\u00e9ho dodavatele nezaznamenali \u017e\u00e1dn\u00e9 sta\u017een\u00ed ani jin\u00e9 probl\u00e9my.<\/span><\/p>\n<p><span style=\"color: #000000\">V\u00fdrobek m\u00e1 100% bio certifik\u00e1t.<\/span><\/p>\n","protected":false},"excerpt":{"rendered":"<p>Lopuchov\u00fd pr\u00e1\u0161ek se z\u00edsk\u00e1v\u00e1 z ko\u0159ene lopuchu (Arctium lappa), byliny poch\u00e1zej\u00edc\u00ed z Evropy a Asie, ale vyskytuje se i v jin\u00fdch \u010d\u00e1stech sv\u011bta. Lopuch m\u00e1 dlouhou historii pou\u017e\u00edv\u00e1n\u00ed v tradi\u010dn\u00ed bylinn\u00e9 medic\u00edn\u011b a je zn\u00e1m\u00fd sv\u00fdmi mnoha zdravotn\u00edmi p\u0159\u00ednosy. Ko\u0159en lopuchu je bohat\u00fd na r\u016fzn\u00e9 \u017eiviny a bioaktivn\u00ed slou\u010deniny, kter\u00e9 p\u0159isp\u00edvaj\u00ed k jeho \u00fa\u010dink\u016fm.<\/p>\n<p>\ud83d\udc9a Pom\u00e1h\u00e1 zm\u00edr\u0148ovat z\u00e1n\u011bty v kloubech a zm\u00edr\u0148ovat p\u0159\u00edznaky revmatick\u00fdch onemocn\u011bn\u00ed.<br \/>\n\ud83d\udc9a Podporuje funkci jater a ledvin p\u0159i odstra\u0148ov\u00e1n\u00ed toxin\u016f z t\u011bla.<br \/>\n\ud83d\udc9a P\u0159edch\u00e1z\u00ed arterioskler\u00f3ze, hypertenzi a mozkov\u00e9 tromb\u00f3ze.<br \/>\n\ud83d\udc9a P\u016fsob\u00ed protin\u00e1dorov\u011b.<\/p>\n","protected":false},"featured_media":6774,"comment_status":"open","ping_status":"closed","template":"","meta":{"_acf_changed":false},"product_brand":[],"product_cat":[15,226,195,227],"product_tag":[],"class_list":{"0":"post-6773","1":"product","2":"type-product","3":"status-publish","4":"has-post-thumbnail","6":"product_cat-uncategorized","7":"product_cat-nabidka","8":"product_cat-superpotraviny","9":"product_cat-vsechny-produkty","11":"first","12":"instock","13":"sale","14":"taxable","15":"shipping-taxable","16":"purchasable","17":"product-type-simple"},"acf":[],"_links":{"self":[{"href":"https:\/\/fengchashop.com\/cz\/wp-json\/wp\/v2\/product\/6773","targetHints":{"allow":["GET"]}}],"collection":[{"href":"https:\/\/fengchashop.com\/cz\/wp-json\/wp\/v2\/product"}],"about":[{"href":"https:\/\/fengchashop.com\/cz\/wp-json\/wp\/v2\/types\/product"}],"replies":[{"embeddable":true,"href":"https:\/\/fengchashop.com\/cz\/wp-json\/wp\/v2\/comments?post=6773"}],"wp:featuredmedia":[{"embeddable":true,"href":"https:\/\/fengchashop.com\/cz\/wp-json\/wp\/v2\/media\/6774"}],"wp:attachment":[{"href":"https:\/\/fengchashop.com\/cz\/wp-json\/wp\/v2\/media?parent=6773"}],"wp:term":[{"taxonomy":"product_brand","embeddable":true,"href":"https:\/\/fengchashop.com\/cz\/wp-json\/wp\/v2\/product_brand?post=6773"},{"taxonomy":"product_cat","embeddable":true,"href":"https:\/\/fengchashop.com\/cz\/wp-json\/wp\/v2\/product_cat?post=6773"},{"taxonomy":"product_tag","embeddable":true,"href":"https:\/\/fengchashop.com\/cz\/wp-json\/wp\/v2\/product_tag?post=6773"}],"curies":[{"name":"wp","href":"https:\/\/api.w.org\/{rel}","templated":true}]}}