{"id":6768,"date":"2023-08-29T09:31:01","date_gmt":"2023-08-29T07:31:01","guid":{"rendered":"https:\/\/fengchashop.com\/cz\/product\/pampeliska-prasek-bio-250g\/"},"modified":"2026-05-04T22:11:58","modified_gmt":"2026-05-04T20:11:58","slug":"pampeliska-prasek-bio","status":"publish","type":"product","link":"https:\/\/fengchashop.com\/cz\/product\/pampeliska-prasek-bio\/","title":{"rendered":"Pampeli\u0161ka pr\u00e1\u0161ek BIO 250g"},"content":{"rendered":"<h2><span style=\"color: #000000\">Pampeli\u0161ka BIO<\/span><\/h2>\n<p><span style=\"color: #000000\">Pampeli\u0161ka l\u00e9ka\u0159sk\u00e1 (Taraxacum officinale), zn\u00e1m\u00e1 tak\u00e9 jako pampeli\u0161ka nebo pampeli\u0161ka, je vytrval\u00e1 rostlina z \u010deledi hv\u011bzdnicovit\u00fdch (Asteraceae). Rostlina je roz\u0161\u00ed\u0159ena po cel\u00e9m sv\u011bt\u011b a b\u011b\u017en\u011b se vyskytuje na louk\u00e1ch, zahrad\u00e1ch, silnic\u00edch a dal\u0161\u00edch otev\u0159en\u00fdch ploch\u00e1ch. Krom\u011b dekorativn\u00ed hodnoty m\u00e1 tak\u00e9 historickou a sou\u010dasnou u\u017eitnou hodnotu v tradi\u010dn\u00ed a p\u0159\u00edrodn\u00ed medic\u00edn\u011b, kde byly zkoum\u00e1ny jej\u00ed potenci\u00e1ln\u00ed zdravotn\u00ed \u00fa\u010dinky.<\/span><\/p>\n<h2><span style=\"color: #000000\">Pro\u010d je pampeli\u0161ka tak v\u00fdjime\u010dn\u00e1 a tak odli\u0161n\u00e1?<\/span><\/h2>\n<p><span style=\"color: #000000\">Pr\u00e1\u0161ek z ko\u0159ene pampeli\u0161ky je dopln\u011bk stravy z\u00edskan\u00fd z ko\u0159en\u016f t\u00e9to rostliny. Pr\u00e1\u0161ek z ko\u0159ene pampeli\u0161ky je cen\u011bn\u00fd pro sv\u00e9 mnoh\u00e9 potenci\u00e1ln\u00ed zdravotn\u00ed p\u0159\u00ednosy. Pampeli\u0161ka byla pou\u017e\u00edv\u00e1na v tradi\u010dn\u00edch l\u00e9ka\u0159sk\u00fdch syst\u00e9mech po cel\u00e9m sv\u011bt\u011b pro r\u016fzn\u00e9 \u00fa\u010dely, v\u010detn\u011b \u00fa\u010dink\u016f jako tonikum, diuretikum a \u010disti\u010d krve.<\/span><\/p>\n<p><span style=\"color: #000000\">Ko\u0159en pampeli\u0161ky je bohat\u00fdm zdrojem mnoha \u017eivin, v\u010detn\u011b vitam\u00edn\u016f (A, C a K), miner\u00e1l\u016f (drasl\u00edk, v\u00e1pn\u00edk, \u017eelezo, ho\u0159\u010d\u00edk a fosfor) a dal\u0161\u00edch slou\u010denin, kter\u00e9 mohou prosp\u00edvat zdrav\u00ed.<\/span><\/p>\n<p><span style=\"color: #000000\">Pampeli\u0161ky obsahuj\u00ed antioxidanty, kter\u00e9 chr\u00e1n\u00ed bu\u0148ky p\u0159ed po\u0161kozen\u00edm voln\u00fdmi radik\u00e1ly. Antioxidanty mohou p\u0159isp\u00edvat k celkov\u00e9mu zdrav\u00ed a hraj\u00ed roli p\u0159i sni\u017eov\u00e1n\u00ed rizika chronick\u00fdch onemocn\u011bn\u00ed. Flavonoidy jsou antioxidanty, kter\u00e9 zahrnuj\u00ed slou\u010deniny, jako je kvercetin a luteolin, kter\u00e9 mohou pomoci chr\u00e1nit bu\u0148ky p\u0159ed oxida\u010dn\u00edm stresem.<\/span><\/p>\n<p><span style=\"color: #000000\">Ko\u0159en pampeli\u0161ky obsahuje tak\u00e9 vl\u00e1kninu, z n\u00ed\u017e nejd\u016fle\u017eit\u011bj\u0161\u00ed je inulin, proto\u017ee pom\u00e1h\u00e1 regulovat hladinu cukru v krvi a tr\u00e1ven\u00ed.<\/span><br \/>\n<span style=\"color: #000000\">Dal\u0161\u00edmi d\u016fle\u017eit\u00fdmi slou\u010deninami nach\u00e1zej\u00edc\u00edmi se v ko\u0159eni pampeli\u0161ky jsou bitterin, kter\u00fd stimuluje chu\u0165 k j\u00eddlu a tr\u00e1vic\u00ed proces, a fytochemik\u00e1lie, kter\u00e9 maj\u00ed r\u016fzn\u00e9 zdravotn\u00ed p\u0159\u00ednosy.<\/span><\/p>\n<h2><span style=\"color: #000000\">\u00da\u010dinky, kter\u00e9 maj\u00ed pozitivn\u00ed vliv na na\u0161e zdrav\u00ed a t\u011blo<\/span><\/h2>\n<p><span style=\"color: #000000\">Pampeli\u0161ka m\u00e1 mnoho potenci\u00e1ln\u00edch zdravotn\u00edch v\u00fdhod a \u00fa\u010dink\u016f. N\u011bkter\u00e9 z hlavn\u00edch v\u00fdhod a \u00fa\u010dink\u016f jsou:<\/span><\/p>\n<p><span style=\"color: #000000\">\ud83d\udc9a je siln\u00fd antioxidant, kter\u00fd odstra\u0148uje voln\u00e9 radik\u00e1ly,<\/span><br \/>\n<span style=\"color: #000000\">\ud83d\udc9am\u00e1 mo\u010dopudn\u00fd \u00fa\u010dinek,<\/span><br \/>\n<span style=\"color: #000000\">\ud83d\udc9a pom\u00e1h\u00e1 p\u0159i detoxikaci a pro\u010di\u0161t\u011bn\u00ed,<\/span><br \/>\n<span style=\"color: #000000\">\ud83d\udc9a p\u0159isp\u00edv\u00e1 k lep\u0161\u00edmu tr\u00e1ven\u00ed a zdrav\u00e9mu tr\u00e1vic\u00edmu syst\u00e9mu,<\/span><br \/>\n<span style=\"color: #000000\">\ud83d\udc9a p\u0159isp\u00edv\u00e1 k lep\u0161\u00edmu fungov\u00e1n\u00ed imunitn\u00edho syst\u00e9mu,<\/span><br \/>\n<span style=\"color: #000000\">\ud83d\udc9a pom\u00e1h\u00e1 posilovat p\u0159irozenou odolnost organismu proti infekc\u00edm a nemocem,<\/span><br \/>\n<span style=\"color: #000000\">\ud83d\udc9a m\u00e1 protiz\u00e1n\u011btliv\u00e9 vlastnosti,<\/span><br \/>\n<span style=\"color: #000000\">\ud83d\udc9a zlep\u0161uje stav poko\u017eky p\u0159i r\u016fzn\u00fdch probl\u00e9mech,<\/span><br \/>\n<span style=\"color: #000000\">\ud83d\udc9a podporuje funkci jater,<\/span><br \/>\n<span style=\"color: #000000\">\ud83d\udc9a pom\u00e1h\u00e1 regulovat hladinu cukru v krvi,<\/span><br \/>\n<span style=\"color: #000000\">\ud83d\udc9a p\u0159isp\u00edv\u00e1 ke zlep\u0161en\u00ed zdrav\u00ed kost\u00ed.<\/span><\/p>\n<h2><span style=\"color: #000000\">Balen\u00ed<\/span><\/h2>\n<p><span style=\"color: #000000\">Nepropustn\u00fd s\u00e1\u010dek se zipem, ve kter\u00e9m si v\u00fdrobek zachov\u00e1v\u00e1 svou \u010derstvost a v\u016fni. Obal chr\u00e1n\u00ed p\u0159ed sv\u011btlem a vzduchem, proto\u017ee se skl\u00e1d\u00e1 z n\u011bkolika ochrann\u00fdch vrstev, kter\u00e9 zachov\u00e1vaj\u00ed vlastnosti obsahu.<\/span><\/p>\n<p><span style=\"color: #000000\">Obal je velmi praktick\u00fd a recyklovateln\u00fd.<\/span><\/p>\n<h2><span style=\"color: #000000\">Skladov\u00e1n\u00ed a upozorn\u011bn\u00ed<\/span><\/h2>\n<p><span style=\"color: #000000\">Skladujte na chladn\u00e9m a such\u00e9m m\u00edst\u011b. Dopln\u011bk stravy uchov\u00e1vejte mimo dosah d\u011bt\u00ed!<\/span><\/p>\n<p><span style=\"color: #000000\">Nezapom\u00ednejte na d\u016fle\u017eitost pestr\u00e9 stravy a zdrav\u00e9ho \u017eivotn\u00edho stylu, dopln\u011bk v\u00fd\u017eivy tedy nenahrazuje vyv\u00e1\u017eenou a pestrou stravu. Doporu\u010den\u00e9 denn\u00ed mno\u017estv\u00ed nebo d\u00e1vka se nesm\u00ed p\u0159ekro\u010dit.<\/span><\/p>\n<p><span style=\"color: #000000\">Nedoporu\u010duje se u\u017e\u00edvat t\u011bhotn\u00fdm a koj\u00edc\u00edm matk\u00e1m a d\u011btem. Konzumace se nedoporu\u010duje osob\u00e1m p\u0159ecitliv\u011bl\u00fdm na rostliny z \u010deledi hv\u011bzdnicovit\u00fdch a lidem, kte\u0159\u00ed u\u017e\u00edvaj\u00ed l\u00e9ky na \u0159ed\u011bn\u00ed krve nebo maj\u00ed probl\u00e9my se \u017elu\u010d\u00ed. V p\u0159\u00edpad\u011b jak\u00fdchkoli zdravotn\u00edch probl\u00e9m\u016f se doporu\u010duje konzultovat v\u00edce informac\u00ed se sv\u00fdm l\u00e9ka\u0159em.<\/span><\/p>\n<h2><span style=\"color: #000000\">P\u016fvod<\/span><\/h2>\n<p><span style=\"color: #000000\">\u010c\u00edna. M\u00e1me velmi spolehliv\u00e9 dodavatele, kte\u0159\u00ed n\u00e1m ke ka\u017ed\u00e9 \u0161ar\u017ei za\u0161lou podrobn\u00fd chemick\u00fd rozbor potravin. Za v\u00edce ne\u017e deset let jsme u tohoto zbo\u017e\u00ed ani u jin\u00fdch polo\u017eek od stejn\u00e9ho dodavatele nezaznamenali \u017e\u00e1dn\u00e9 sta\u017een\u00ed ani jin\u00e9 probl\u00e9my.<\/span><\/p>\n<p><span style=\"color: #000000\">V\u00fdrobek m\u00e1 100% bio certifik\u00e1t.<\/span><\/p>\n","protected":false},"excerpt":{"rendered":"<p>Pampeli\u0161ka l\u00e9ka\u0159sk\u00e1 (Taraxacum officinale), zn\u00e1m\u00e1 tak\u00e9 jako pampeli\u0161ka nebo Velikonoce, je vytrval\u00e1 rostlina z \u010deledi hv\u011bzdnicovit\u00fdch. Rostlina je roz\u0161\u00ed\u0159ena po cel\u00e9m sv\u011bt\u011b a b\u011b\u017en\u011b se vyskytuje na louk\u00e1ch, zahrad\u00e1ch, silnic\u00edch a dal\u0161\u00edch otev\u0159en\u00fdch ploch\u00e1ch. Krom\u011b dekorativn\u00ed hodnoty m\u00e1 tak\u00e9 historickou a sou\u010dasnou u\u017eitnou hodnotu v tradi\u010dn\u00ed a p\u0159\u00edrodn\u00ed medic\u00edn\u011b, kde byly zkoum\u00e1ny jej\u00ed potenci\u00e1ln\u00ed zdravotn\u00ed \u00fa\u010dinky.<\/p>\n<p>\ud83d\udc9a Pom\u00e1h\u00e1 posilovat p\u0159irozenou odolnost t\u011bla proti infekc\u00edm a nemocem.<br \/>\n\ud83d\udc9a P\u0159isp\u00edv\u00e1 k lep\u0161\u00edmu tr\u00e1ven\u00ed a zdrav\u00e9mu tr\u00e1vic\u00edmu syst\u00e9mu.<br \/>\n\ud83d\udc9a Pom\u00e1h\u00e1 regulovat hladinu cukru v krvi.<br \/>\n\ud83d\udc9a Je to siln\u00fd antioxidant, kter\u00fd odstra\u0148uje voln\u00e9 radik\u00e1ly.<\/p>\n","protected":false},"featured_media":6769,"comment_status":"open","ping_status":"closed","template":"","meta":{"_acf_changed":false},"product_brand":[],"product_cat":[15,226,195,227],"product_tag":[],"class_list":{"0":"post-6768","1":"product","2":"type-product","3":"status-publish","4":"has-post-thumbnail","6":"product_cat-uncategorized","7":"product_cat-nabidka","8":"product_cat-superpotraviny","9":"product_cat-vsechny-produkty","11":"first","12":"instock","13":"sale","14":"taxable","15":"shipping-taxable","16":"purchasable","17":"product-type-simple"},"acf":[],"_links":{"self":[{"href":"https:\/\/fengchashop.com\/cz\/wp-json\/wp\/v2\/product\/6768","targetHints":{"allow":["GET"]}}],"collection":[{"href":"https:\/\/fengchashop.com\/cz\/wp-json\/wp\/v2\/product"}],"about":[{"href":"https:\/\/fengchashop.com\/cz\/wp-json\/wp\/v2\/types\/product"}],"replies":[{"embeddable":true,"href":"https:\/\/fengchashop.com\/cz\/wp-json\/wp\/v2\/comments?post=6768"}],"wp:featuredmedia":[{"embeddable":true,"href":"https:\/\/fengchashop.com\/cz\/wp-json\/wp\/v2\/media\/6769"}],"wp:attachment":[{"href":"https:\/\/fengchashop.com\/cz\/wp-json\/wp\/v2\/media?parent=6768"}],"wp:term":[{"taxonomy":"product_brand","embeddable":true,"href":"https:\/\/fengchashop.com\/cz\/wp-json\/wp\/v2\/product_brand?post=6768"},{"taxonomy":"product_cat","embeddable":true,"href":"https:\/\/fengchashop.com\/cz\/wp-json\/wp\/v2\/product_cat?post=6768"},{"taxonomy":"product_tag","embeddable":true,"href":"https:\/\/fengchashop.com\/cz\/wp-json\/wp\/v2\/product_tag?post=6768"}],"curies":[{"name":"wp","href":"https:\/\/api.w.org\/{rel}","templated":true}]}}