{"id":6765,"date":"2023-12-07T18:37:57","date_gmt":"2023-12-07T17:37:57","guid":{"rendered":"https:\/\/fengchashop.com\/cz\/product\/nac-n-acetylcystein-v-kapslich-120-kapsli\/"},"modified":"2026-04-29T01:40:41","modified_gmt":"2026-04-28T23:40:41","slug":"nac-n-acetylcystein-v-kapslich","status":"publish","type":"product","link":"https:\/\/fengchashop.com\/cz\/product\/nac-n-acetylcystein-v-kapslich\/","title":{"rendered":"NAC (N-acetylcystein) v kapsl\u00edch 120 kapsl\u00ed"},"content":{"rendered":"<h2><span style=\"color: #000000\">NAC (N-acetylcysteine)\u00a0<\/span><\/h2>\n<p><span style=\"color: #000000\">N-acetylcystein (N-acetylcystein nebo NAC) je dopln\u011bk stravy na b\u00e1zi aminokyseliny cysteinu. Cystein je d\u016fle\u017eit\u00fdm stavebn\u00edm kamenem b\u00edlkovin a m\u00e1 v t\u011ble mnoho d\u016fle\u017eit\u00fdch rol\u00ed. NAC m\u00e1 jedine\u010dn\u00e9 vlastnosti, d\u00edky kter\u00fdm je popul\u00e1rn\u00ed jako dopln\u011bk a je tak\u00e9 \u0161iroce pou\u017e\u00edv\u00e1n v l\u00e9ka\u0159stv\u00ed. Jde o l\u00e1tku, kter\u00e1 v t\u011ble p\u016fsob\u00ed jako prekurzor antioxida\u010dn\u00edho enzymu glutathionu.<\/span><\/p>\n<h2><span style=\"color: #000000\">\u010c\u00edm je NAC tak v\u00fdjime\u010dn\u00fd a odli\u0161n\u00fd?<\/span><\/h2>\n<p><span style=\"color: #000000\">N-acetylcystein se norm\u00e1ln\u011b vyr\u00e1b\u00ed z aminokyseliny L-cystein, kter\u00e1 se nach\u00e1z\u00ed v mnoha b\u00edlkovinn\u00fdch potravin\u00e1ch, jako je dr\u016fbe\u017e, ryby, vejce a ml\u00e9\u010dn\u00e9 v\u00fdrobky. Cystein je esenci\u00e1ln\u00ed aminokyselina, co\u017e znamen\u00e1, \u017ee jej t\u011blo pot\u0159ebuje k norm\u00e1ln\u00edmu fungov\u00e1n\u00ed, ale lze jej z\u00edskat tak\u00e9 z jin\u00fdch aminokyselin, jako je methionin.<\/span><\/p>\n<p><span style=\"color: #000000\">Cystein je kl\u00ed\u010dovou slo\u017ekou, kterou na\u0161e t\u011blo pot\u0159ebuje, proto\u017ee hraje d\u016fle\u017eitou roli v n\u011bkolika kl\u00ed\u010dov\u00fdch procesech. Jednou z jeho \u00fast\u0159edn\u00edch rol\u00ed je pod\u00edlet se na obnov\u011b glutathionu, kter\u00fd je nejsiln\u011bj\u0161\u00edm antioxidantem v na\u0161em t\u011ble. Glutathion je nezbytn\u00fd pro ochranu bun\u011bk t\u011bla p\u0159ed po\u0161kozen\u00edm voln\u00fdmi radik\u00e1ly a pro udr\u017een\u00ed cel\u00e9ho syst\u00e9mu obrann\u00fdch mechanism\u016f.<\/span><\/p>\n<h2><span style=\"color: #000000\">\u00da\u010dinky, kter\u00e9 maj\u00ed pozitivn\u00ed vliv na na\u0161e zdrav\u00ed a t\u011blo<\/span><\/h2>\n<p><span style=\"color: #000000\">NAC m\u00e1 mnoho potenci\u00e1ln\u00edch zdravotn\u00edch p\u0159\u00ednos\u016f a \u00fa\u010dink\u016f. N\u011bkter\u00e9 z hlavn\u00edch v\u00fdhod a \u00fa\u010dink\u016f jsou:<\/span><\/p>\n<p><span style=\"color: #000000\">\ud83d\udc9a je siln\u00fd antioxidant, kter\u00fd odstra\u0148uje voln\u00e9 radik\u00e1ly,<\/span><br \/>\n<span style=\"color: #000000\">\ud83d\udc9a p\u0159\u00edzniv\u011b p\u016fsob\u00ed na imunitn\u00ed syst\u00e9m a podporuje zdrav\u00ed imunitn\u00edho syst\u00e9mu,<\/span><br \/>\n<span style=\"color: #000000\">\ud83d\udc9a sni\u017euje v\u00fdskyt a z\u00e1va\u017enost p\u0159\u00edznak\u016f ch\u0159ipky a nachlazen\u00ed a zkracuje dobu trv\u00e1n\u00ed onemocn\u011bn\u00ed,<\/span><br \/>\n<span style=\"color: #000000\">\ud83d\udc9a tak\u00e9 se pou\u017e\u00edv\u00e1 k \u0159ed\u011bn\u00ed hust\u00e9ho hlenu a zm\u00edrn\u011bn\u00ed d\u00fdchac\u00edch probl\u00e9m\u016f u pacient\u016f s respira\u010dn\u00edmi onemocn\u011bn\u00edmi, jako je chronick\u00e1 obstruk\u010dn\u00ed plicn\u00ed nemoc (CHOPN) a cystick\u00e1 fibr\u00f3za,<\/span><br \/>\n<span style=\"color: #000000\">\ud83d\udc9a k l\u00e9\u010db\u011b otravy paracetamolem,<\/span><br \/>\n<span style=\"color: #000000\">\ud83d\udc9a ovliv\u0148uje du\u0161evn\u00ed zdrav\u00ed, u\u017eite\u010dn\u00e9 p\u0159i l\u00e9\u010db\u011b poruch, jako je obsedantn\u011b-kompulzivn\u00ed porucha (OCD) a deprese,<\/span><br \/>\n<span style=\"color: #000000\">\ud83d\udc9a sni\u017euje p\u0159\u00edznaky n\u011bkter\u00fdch neurologick\u00fdch poruch, jako je schizofrenie a poruchy n\u00e1lady,<\/span><br \/>\n<span style=\"color: #000000\">\ud83d\udc9a pom\u00e1h\u00e1 p\u0159i l\u00e9\u010db\u011b z\u00e1vislost\u00ed, jako je alkoholismus, kou\u0159en\u00ed a drogov\u00e1 z\u00e1vislost,<\/span><br \/>\n<span style=\"color: #000000\">\ud83d\udc9a m\u00e1 p\u0159\u00edzniv\u00e9 \u00fa\u010dinky p\u0159i n\u011bkter\u00fdch onemocn\u011bn\u00edch jater, jako je jatern\u00ed fibr\u00f3za,<\/span><br \/>\n<span style=\"color: #000000\">\ud83d\udc9a pom\u00e1h\u00e1 p\u0159i detoxikaci a pro\u010di\u0161t\u011bn\u00ed.<\/span><\/p>\n<h2><span style=\"color: #000000\">Balen\u00ed<\/span><\/h2>\n<p><span style=\"color: #000000\">Neprody\u0161n\u00fd uzav\u00edrateln\u00fd s\u00e1\u010dek, ve kter\u00e9m si v\u00fdrobek zachov\u00e1v\u00e1 ve\u0161kerou \u010derstvost a v\u016fni. Obal chr\u00e1n\u00ed p\u0159ed sv\u011btlem a vzduchem, proto\u017ee se skl\u00e1d\u00e1 z n\u011bkolika ochrann\u00fdch vrstev, kter\u00e9 zachov\u00e1vaj\u00ed vlastnosti obsahu.<\/span><br \/>\n<span style=\"color: #000000\">Obal je velmi praktick\u00fd a recyklovateln\u00fd.<\/span><\/p>\n<h2><span style=\"color: #000000\">Skladov\u00e1n\u00ed a varov\u00e1n\u00ed<\/span><\/h2>\n<p><span style=\"color: #000000\">Skladujte na chladn\u00e9m a such\u00e9m m\u00edst\u011b p\u0159i teplot\u011b do 25 \u00b0C. Dopln\u011bk stravy uchov\u00e1vejte mimo dosah d\u011bt\u00ed!<\/span><\/p>\n<p><span style=\"color: #000000\">Nezapom\u00ednejte na d\u016fle\u017eitost pestr\u00e9 stravy a zdrav\u00e9ho \u017eivotn\u00edho stylu, dopln\u011bk v\u00fd\u017eivy tedy nenahrazuje vyv\u00e1\u017eenou a pestrou stravu. Doporu\u010den\u00e9 denn\u00ed mno\u017estv\u00ed nebo d\u00e1vka se nesm\u00ed p\u0159ekro\u010dit. Nedoporu\u010duje se u\u017e\u00edvat t\u011bhotn\u00fdm a koj\u00edc\u00edm matk\u00e1m a d\u011btem. V p\u0159\u00edpad\u011b jak\u00fdchkoli zdravotn\u00edch probl\u00e9m\u016f se doporu\u010duje konzultovat v\u00edce informac\u00ed se sv\u00fdm l\u00e9ka\u0159em. Nen\u00ed vhodn\u00e9 pro d\u011bti.<\/span><\/p>\n","protected":false},"excerpt":{"rendered":"<p>N-acetylcystein (N-acetylcystein nebo NAC) je dopln\u011bk stravy na b\u00e1zi aminokyseliny cysteinu. Cystein je d\u016fle\u017eit\u00fdm stavebn\u00edm kamenem b\u00edlkovin a m\u00e1 v t\u011ble mnoho d\u016fle\u017eit\u00fdch rol\u00ed. NAC m\u00e1 jedine\u010dn\u00e9 vlastnosti, d\u00edky kter\u00fdm je popul\u00e1rn\u00ed jako dopln\u011bk a je tak\u00e9 \u0161iroce pou\u017e\u00edv\u00e1n v l\u00e9ka\u0159stv\u00ed.<\/p>\n<p>\ud83d\udc9a Pozitivn\u011b p\u016fsob\u00ed na imunitn\u00ed syst\u00e9m.<br \/>\n\ud83d\udc9a Sni\u017euje v\u00fdskyt a z\u00e1va\u017enost p\u0159\u00edznak\u016f ch\u0159ipky a nachlazen\u00ed.<br \/>\n\ud83d\udc9a Sni\u017euje p\u0159\u00edznaky n\u011bkter\u00fdch neurologick\u00fdch poruch.<br \/>\n\ud83d\udc9a Pom\u00e1h\u00e1 p\u0159i l\u00e9\u010db\u011b z\u00e1vislost\u00ed.<br \/>\n\ud83d\udc9a Pom\u00e1h\u00e1 p\u0159i detoxikaci a pro\u010di\u0161t\u011bn\u00ed.<\/p>\n","protected":false},"featured_media":6766,"comment_status":"open","ping_status":"closed","template":"","meta":{"_acf_changed":false},"product_brand":[],"product_cat":[15,230,226,228,227],"product_tag":[],"class_list":{"0":"post-6765","1":"product","2":"type-product","3":"status-publish","4":"has-post-thumbnail","6":"product_cat-uncategorized","7":"product_cat-mineraly-a-vitaminy","8":"product_cat-nabidka","9":"product_cat-nejprodavanejsi","10":"product_cat-vsechny-produkty","12":"first","13":"instock","14":"sale","15":"taxable","16":"shipping-taxable","17":"purchasable","18":"product-type-simple"},"acf":[],"_links":{"self":[{"href":"https:\/\/fengchashop.com\/cz\/wp-json\/wp\/v2\/product\/6765","targetHints":{"allow":["GET"]}}],"collection":[{"href":"https:\/\/fengchashop.com\/cz\/wp-json\/wp\/v2\/product"}],"about":[{"href":"https:\/\/fengchashop.com\/cz\/wp-json\/wp\/v2\/types\/product"}],"replies":[{"embeddable":true,"href":"https:\/\/fengchashop.com\/cz\/wp-json\/wp\/v2\/comments?post=6765"}],"wp:featuredmedia":[{"embeddable":true,"href":"https:\/\/fengchashop.com\/cz\/wp-json\/wp\/v2\/media\/6766"}],"wp:attachment":[{"href":"https:\/\/fengchashop.com\/cz\/wp-json\/wp\/v2\/media?parent=6765"}],"wp:term":[{"taxonomy":"product_brand","embeddable":true,"href":"https:\/\/fengchashop.com\/cz\/wp-json\/wp\/v2\/product_brand?post=6765"},{"taxonomy":"product_cat","embeddable":true,"href":"https:\/\/fengchashop.com\/cz\/wp-json\/wp\/v2\/product_cat?post=6765"},{"taxonomy":"product_tag","embeddable":true,"href":"https:\/\/fengchashop.com\/cz\/wp-json\/wp\/v2\/product_tag?post=6765"}],"curies":[{"name":"wp","href":"https:\/\/api.w.org\/{rel}","templated":true}]}}