{"id":6763,"date":"2023-12-09T10:38:00","date_gmt":"2023-12-09T09:38:00","guid":{"rendered":"https:\/\/fengchashop.com\/cz\/product\/guarana-bio-prasek-125g\/"},"modified":"2025-07-01T11:11:37","modified_gmt":"2025-07-01T09:11:37","slug":"guarana-bio-prasek","status":"publish","type":"product","link":"https:\/\/fengchashop.com\/cz\/product\/guarana-bio-prasek\/","title":{"rendered":"Guarana pr\u00e1\u0161ek BIO 125g"},"content":{"rendered":"<h2><span style=\"color: #000000;\">Guarana pr\u00e1\u0161ek BIO<\/span><\/h2>\n<p><span style=\"color: #000000;\">V Braz\u00edlii m\u00e1 velk\u00fd v\u00fdznam guarana, kter\u00e1 je pova\u017eov\u00e1na za elix\u00edr \u017eivota, m\u00edstn\u00ed si ji spojuj\u00ed se silou, odolnost\u00ed a dlouhou \u017eivotnost\u00ed a \u017een\u00e1m pom\u00e1h\u00e1 k hebk\u00e9 poko\u017ece bez celulitidy a vr\u00e1sek.<\/span><\/p>\n<p><span style=\"color: #000000;\">Guarana je velmi bohat\u00e1 na \u017eiviny. Siln\u00e9 antioxidanty pop\u0159 antiaging \u010dinidla jsou fytochemik\u00e1lie, kter\u00e9 pom\u00e1haj\u00ed zpomalit, p\u0159edch\u00e1zet nebo dokonce zastavit mnoho nemoc\u00ed. V guaran\u011b najdeme slo\u017eku, kter\u00e1 je n\u00e1pomocn\u00e1 p\u0159i spalov\u00e1n\u00ed tuk\u016f a v n\u011bkter\u00fdch p\u0159\u00edpravc\u00edch i na hubnut\u00ed a proti celulitid\u011b, touto slo\u017ekou je theobromin.<\/span><\/p>\n<p><span style=\"color: #000000;\">Guaranin je slo\u017eka, kter\u00e1 je ekvivalentn\u00ed kofeinu, rozd\u00edl mezi nimi je pouze ten, \u017ee nen\u00ed rozpustn\u00fd ve vod\u011b a do krevn\u00edho ob\u011bhu se uvol\u0148uje velmi pomalu, \u00fa\u010dinek trv\u00e1 cca 6 hodin, co\u017e poskytuje p\u0159\u00edjemn\u011bj\u0161\u00ed pocit a trval\u00fd efekt jako stimulant. Guaranin sni\u017euje chu\u0165 k j\u00eddlu a fyzickou i psychickou \u00fanavu, p\u016fsob\u00ed povzbudiv\u011b na n\u00e1\u0161 centr\u00e1ln\u00ed nervov\u00fd syst\u00e9m a na rozd\u00edl od kofeinu nem\u00e1 \u017e\u00e1dn\u00e9 vedlej\u0161\u00ed \u00fa\u010dinky.<\/span><\/p>\n<p><span style=\"color: #000000;\">Guarana by se m\u011bla konzumovat ve velmi mal\u00fdch d\u00e1vk\u00e1ch, proto\u017ee obsahuje dvakr\u00e1t v\u00edce kofeinu ne\u017e samotn\u00e1 k\u00e1va, co\u017e znamen\u00e1, \u017ee je tak\u00e9 v\u00fdbornou n\u00e1hradou k\u00e1vy.<\/span><\/p>\n<p><span style=\"color: #000000;\">Guarana je tak\u00e9 diuretikum, kter\u00e9 pom\u00e1h\u00e1 p\u0159i r\u016fzn\u00fdch infekc\u00edch mo\u010dov\u00fdch cest, bolestiv\u00e9 menstruaci a bolestech hlavy. P\u0159\u00edzniv\u011b p\u016fsob\u00ed na tlust\u00e9 st\u0159evo, pom\u00e1h\u00e1 sni\u017eovat patologick\u00e9 a chronick\u00e9 projevy z\u00e1n\u011btliv\u00fdch onemocn\u011bn\u00ed st\u0159ev.<\/span><\/p>\n<p><span style=\"color: #000000;\">Guarana (Paullinia cupana) je obl\u00edben\u00e1 p\u016fvodn\u00ed rostlina, kter\u00e9 se da\u0159\u00ed pouze v oblastech amazonsk\u00e9ho de\u0161tn\u00e9ho pralesa, v Braz\u00edlii a Venezuele. Jde o plaziv\u00fd st\u00e1lezelen\u00fd ke\u0159, kter\u00fd je obl\u00edben\u00fd p\u0159edev\u0161\u00edm pro sv\u00e9 \u010dervenohn\u011bd\u00e9 plody, kter\u00e9 tvarem i barvou p\u0159ipom\u00ednaj\u00ed k\u00e1vov\u00e1 zrna a uvnit\u0159 obsahuj\u00ed \u010dern\u00e1 semena obklopen\u00e1 b\u00edl\u00fdm pl\u00e1\u0161t\u011bm.<\/span><\/p>\n<h2><span style=\"color: #000000;\">Jak\u00e9 jsou kl\u00ed\u010dov\u00e9 vlastnosti, kter\u00e9 n\u00e1m guarana nab\u00edz\u00ed?<\/span><\/h2>\n<p><span style=\"color: #000000;\">\ud83d\udc9a sni\u017euje nap\u011bt\u00ed a \u00fanavu<\/span><br \/>\n<span style=\"color: #000000;\">\ud83d\udc9a zvy\u0161uje ob\u011bh<\/span><br \/>\n<span style=\"color: #000000;\">\ud83d\udc9a zvy\u0161uje energii<\/span><br \/>\n<span style=\"color: #000000;\">\ud83d\udc9a zrychluje metabolismus<\/span><br \/>\n<span style=\"color: #000000;\">\ud83d\udc9a podporuje hubnut\u00ed a pom\u00e1h\u00e1 kontrolovat t\u011blesnou hmotnost<\/span><br \/>\n<span style=\"color: #000000;\">\ud83d\udc9a zvy\u0161uje koncentraci<\/span><br \/>\n<span style=\"color: #000000;\">\ud83d\udc9a zm\u00edr\u0148uje migr\u00e9ny a bolesti hlavy<\/span><br \/>\n<span style=\"color: #000000;\">\ud83d\udc9a zvy\u0161uje libido<\/span><br \/>\n<span style=\"color: #000000;\">\ud83d\udc9a zvy\u0161uje n\u00edzk\u00fd tlak<\/span><br \/>\n<span style=\"color: #000000;\">\ud83d\udc9a pom\u00e1h\u00e1 \u010distit st\u0159eva<\/span><br \/>\n<span style=\"color: #000000;\">\ud83d\udc9a chr\u00e1n\u00ed t\u011blo p\u0159ed mnoha nemocemi<\/span><br \/>\n<span style=\"color: #000000;\">\ud83d\udc9a povzbuzuje t\u011blo.<\/span><\/p>\n<h2><span style=\"color: #000000;\">Balen\u00ed<\/span><\/h2>\n<p><span style=\"color: #000000;\">Nepropustn\u00fd s\u00e1\u010dek se zipem, ve kter\u00e9m si v\u00fdrobek zachov\u00e1v\u00e1 svou \u010derstvost a v\u016fni. Obal chr\u00e1n\u00ed p\u0159ed sv\u011btlem a vzduchem, proto\u017ee se skl\u00e1d\u00e1 z n\u011bkolika ochrann\u00fdch vrstev, kter\u00e9 zachov\u00e1vaj\u00ed vlastnosti obsahu.<\/span><\/p>\n<p><span style=\"color: #000000;\">Obal je velmi praktick\u00fd a recyklovateln\u00fd.<\/span><\/p>\n<h2><span style=\"color: #000000;\">Skladov\u00e1n\u00ed a upozorn\u011bn\u00ed<\/span><\/h2>\n<p><span style=\"color: #000000;\">Skladujte na chladn\u00e9m a such\u00e9m m\u00edst\u011b. Dopln\u011bk stravy uchov\u00e1vejte mimo dosah d\u011bt\u00ed!<\/span><\/p>\n<p><span style=\"color: #000000;\">Pamatujte na pestrou stravu a zdrav\u00fd \u017eivotn\u00ed styl &#8211; dopln\u011bk stravy nem\u016f\u017ee nahradit vyv\u00e1\u017eenou a pestrou stravu. Nep\u0159ekra\u010dujte doporu\u010denou denn\u00ed d\u00e1vku. T\u011bhotn\u00e9 \u017eeny a koj\u00edc\u00ed matky se nedoporu\u010duje pou\u017e\u00edvat. Nekonzumaci guarany nedoporu\u010dujeme ani lidem s vysok\u00fdm krevn\u00edm tlakem a srde\u010dn\u00edmi chorobami. V p\u0159\u00edpad\u011b jak\u00fdchkoli zdravotn\u00edch probl\u00e9m\u016f se doporu\u010duje konzultovat v\u00edce informac\u00ed se sv\u00fdm l\u00e9ka\u0159em.<\/span><\/p>\n<h2><span style=\"color: #000000;\">P\u016fvod<\/span><\/h2>\n<p><span style=\"color: #000000;\">Braz\u00edlie<\/span><\/p>\n","protected":false},"excerpt":{"rendered":"<p>V Braz\u00edlii m\u00e1 velk\u00fd v\u00fdznam guarana, kter\u00e1 je pova\u017eov\u00e1na za elix\u00edr \u017eivota, m\u00edstn\u00ed si ji spojuj\u00ed se silou, odolnost\u00ed a dlouhou \u017eivotnost\u00ed a \u017een\u00e1m pom\u00e1h\u00e1 k hebk\u00e9 poko\u017ece bez celulitidy a vr\u00e1sek. Siln\u00e9 antioxidanty pop\u0159 L\u00e1tky proti st\u00e1rnut\u00ed jsou fytochemik\u00e1lie, kter\u00e9 pom\u00e1haj\u00ed zpomalit, p\u0159edch\u00e1zet nebo dokonce zastavit mnoho nemoc\u00ed. Guarana obsahuje slo\u017eku napom\u00e1haj\u00edc\u00ed spalov\u00e1n\u00ed tuk\u016f a v n\u011bkter\u00fdch p\u0159\u00edpravc\u00edch i na hubnut\u00ed a proti celulitid\u011b, touto slo\u017ekou je theobromin.<\/p>\n<p>\ud83d\udc9a Podporuje hubnut\u00ed a pom\u00e1h\u00e1 kontrolovat t\u011blesnou hmotnost.<br \/>\n\ud83d\udc9a Zm\u00edr\u0148uje migr\u00e9ny a bolesti hlavy.<br \/>\n\ud83d\udc9a Sni\u017euje nap\u011bt\u00ed a \u00fanavu.<br \/>\n\ud83d\udc9a Zvy\u0161uje n\u00edzk\u00fd krevn\u00ed tlak.<\/p>\n","protected":false},"featured_media":6764,"comment_status":"open","ping_status":"closed","template":"","meta":{"_acf_changed":false},"product_brand":[],"product_cat":[15,226,195,227],"product_tag":[],"class_list":{"0":"post-6763","1":"product","2":"type-product","3":"status-publish","4":"has-post-thumbnail","6":"product_cat-uncategorized","7":"product_cat-nabidka","8":"product_cat-superpotraviny","9":"product_cat-vsechny-produkty","11":"first","12":"outofstock","13":"sale","14":"taxable","15":"shipping-taxable","16":"purchasable","17":"product-type-simple"},"acf":[],"_links":{"self":[{"href":"https:\/\/fengchashop.com\/cz\/wp-json\/wp\/v2\/product\/6763","targetHints":{"allow":["GET"]}}],"collection":[{"href":"https:\/\/fengchashop.com\/cz\/wp-json\/wp\/v2\/product"}],"about":[{"href":"https:\/\/fengchashop.com\/cz\/wp-json\/wp\/v2\/types\/product"}],"replies":[{"embeddable":true,"href":"https:\/\/fengchashop.com\/cz\/wp-json\/wp\/v2\/comments?post=6763"}],"wp:featuredmedia":[{"embeddable":true,"href":"https:\/\/fengchashop.com\/cz\/wp-json\/wp\/v2\/media\/6764"}],"wp:attachment":[{"href":"https:\/\/fengchashop.com\/cz\/wp-json\/wp\/v2\/media?parent=6763"}],"wp:term":[{"taxonomy":"product_brand","embeddable":true,"href":"https:\/\/fengchashop.com\/cz\/wp-json\/wp\/v2\/product_brand?post=6763"},{"taxonomy":"product_cat","embeddable":true,"href":"https:\/\/fengchashop.com\/cz\/wp-json\/wp\/v2\/product_cat?post=6763"},{"taxonomy":"product_tag","embeddable":true,"href":"https:\/\/fengchashop.com\/cz\/wp-json\/wp\/v2\/product_tag?post=6763"}],"curies":[{"name":"wp","href":"https:\/\/api.w.org\/{rel}","templated":true}]}}