{"id":6761,"date":"2023-06-13T08:47:12","date_gmt":"2023-06-13T06:47:12","guid":{"rendered":"https:\/\/fengchashop.com\/cz\/product\/jiaogulan-zensen-petilisty-gynostemma-prasek-250g\/"},"modified":"2026-05-06T12:09:56","modified_gmt":"2026-05-06T10:09:56","slug":"jiaogulan-zensen-petilisty-gynostemma-prasek","status":"publish","type":"product","link":"https:\/\/fengchashop.com\/cz\/product\/jiaogulan-zensen-petilisty-gynostemma-prasek\/","title":{"rendered":"Jiaogulan &#8211; \u017den\u0161en p\u011btilist\u00fd (Gynostemma) pr\u00e1\u0161ek 250g"},"content":{"rendered":"<h2><span style=\"color: #000000\">Jiaogulan &#8211; \u017den\u0161en p\u011btilist\u00fd (Gynostemma)<\/span><\/h2>\n<p><span style=\"color: #000000\">Jiaogulan, tak\u00e9 zn\u00e1m\u00fd jako Gynostemma nebo Jiao Gu Lan, je rostlina poch\u00e1zej\u00edc\u00ed z \u010c\u00edny, Barmy, severn\u00edho Thajska, Koreje a Japonska. Pro sv\u00e9 l\u00e9\u010div\u00e9 vlastnosti se pou\u017e\u00edv\u00e1 v tradi\u010dn\u00ed \u010d\u00ednsk\u00e9 medic\u00edn\u011b ji\u017e po stalet\u00ed. \u0158\u00edk\u00e1 se mu tak\u00e9 \u201erostlina nesmrtelnosti\u201c, nebo\u0165 obsahuje mnoho \u00fa\u010dinn\u00fdch l\u00e1tek d\u016fle\u017eit\u00fdch pro dlouh\u00fd \u017eivot.<\/span><\/p>\n<p><span style=\"color: #000000\">Jiaogulan Gynostemma je v\u011bdecky prozkouman\u00e1 bylina, kter\u00e9 se p\u0159ipisuje mnoho pozitivn\u00edch \u00fa\u010dink\u016f. P\u016fsob\u00ed p\u0159edev\u0161\u00edm proti z\u00e1n\u011bt\u016fm, detoxikuje a p\u016fsob\u00ed proti st\u00e1rnut\u00ed. Krom\u011b toho je jiaogulan tak\u00e9 siln\u00fdm antioxidantem. Vzhledem k tomu, \u017ee \u017een\u0161en zvy\u0161uje energii, uv\u00e1d\u00ed t\u011blo do rovnov\u00e1hy a zlep\u0161uje celkovou pohodu. Podle tradi\u010dn\u00ed \u010d\u00ednsk\u00e9 medic\u00edny p\u0159\u00edzniv\u011b p\u016fsob\u00ed p\u0159i chronick\u00e9m \u00fanavov\u00e9m syndromu a bu\u0161en\u00ed srdce (bu\u0161en\u00ed na hrudi). \u010casto se v\u0161ak pou\u017e\u00edv\u00e1 u zdravotn\u00edch stav\u016f, kter\u00e9 zahrnuj\u00ed prevenci a \u00falevu od cukrovky a vysok\u00e9ho cholesterolu, stejn\u011b jako p\u0159edch\u00e1zen\u00ed \u00fa\u010dink\u016fm stresu, kter\u00e9 vedou k \u00fazkosti. P\u0159i pravideln\u00e9m u\u017e\u00edv\u00e1n\u00ed m\u016f\u017eete pln\u011b vyu\u017e\u00edt jeho \u00fa\u010dink\u016f, p\u0159i\u010dem\u017e st\u0159\u00eddmost p\u0159in\u00e1\u0161\u00ed i bezpe\u010dnou konzumaci bez vedlej\u0161\u00edch a ne\u017e\u00e1douc\u00edch \u00fa\u010dink\u016f.<\/span><\/p>\n<p><span style=\"color: #000000\">Pom\u00e1h\u00e1 na\u0161emu t\u011blu vyrovnat se.<\/span><\/p>\n<p><span style=\"color: #000000\">Jiaogulan je tak\u00e9 adapotogenn\u00ed. Adaptogenn\u00ed rostliny pom\u00e1haj\u00ed t\u011blu adaptovat se na r\u016fzn\u00e9 negativn\u00ed faktory prost\u0159ed\u00ed. Maj\u00ed schopnost regulovat a ovl\u00e1dat \u017el\u00e1zov\u00fd a hormon\u00e1ln\u00ed syst\u00e9m, nervov\u00fd a kardiovaskul\u00e1rn\u00ed syst\u00e9m a svaly.<\/span><\/p>\n<p><span style=\"color: #000000\">Adaptogeny pe\u010duj\u00ed o zdrav\u00ed \u017eivotn\u011b d\u016fle\u017eit\u00fdch org\u00e1n\u016f a pom\u00e1haj\u00ed regulovat hladinu cukru v krvi, zlep\u0161uj\u00ed \u010dinnost jater, tr\u00e1vic\u00edho traktu a k\u016f\u017ee. Posiluj\u00ed a posiluj\u00ed t\u011blo. Stimuluj\u00ed tak\u00e9 \u010dinnost nadledvin a pom\u00e1haj\u00ed tak t\u011blu efektivn\u011b zvl\u00e1dat stres, kter\u00fd je d\u016fsledkem fyzick\u00fdch faktor\u016f (infekce, zran\u011bn\u00ed, nedostatek sp\u00e1nku) nebo psychick\u00fdch faktor\u016f (\u00fazkost).<\/span><\/p>\n<h2><span style=\"color: #000000\">Kl\u00ed\u010dov\u00e9 vlastnosti, kter\u00e9 n\u00e1m Jiaogulan Gynostemma nab\u00edz\u00ed<\/span><\/h2>\n<p><span style=\"color: #000000\">V tradi\u010dn\u00ed \u010d\u00ednsk\u00e9 medic\u00edn\u011b se jiaogulan pou\u017e\u00edv\u00e1 pro r\u016fzn\u00e9 \u00fa\u010dely, jmenovit\u011b:<\/span><\/p>\n<p><span style=\"color: #000000\">\ud83d\udc9a pos\u00edlen\u00ed imunitn\u00edho syst\u00e9mu,<\/span><br \/>\n<span style=\"color: #000000\">\ud83d\udc9aregulace krevn\u00edho tlaku a cukru v krvi,<\/span><br \/>\n<span style=\"color: #000000\">\ud83d\udc9aregulace hladiny cholesterolu,<\/span><br \/>\n<span style=\"color: #000000\">\ud83d\udc9a sni\u017euje z\u00e1n\u011bt,<\/span><br \/>\n<span style=\"color: #000000\">\ud83d\udc9a zabra\u0148uje \u00fazkosti,<\/span><br \/>\n<span style=\"color: #000000\">\ud83d\udc9a zlep\u0161en\u00ed tr\u00e1ven\u00ed a<\/span><br \/>\n<span style=\"color: #000000\">\ud83d\udc9a podpora zdrav\u00ed srdce.<\/span><\/p>\n<p><span style=\"color: #000000\">Jiaogulan obsahuje mnoho bioaktivn\u00edch slou\u010denin, jako jsou glykosidy, flavonoidy, polysacharidy, vitam\u00edny a miner\u00e1ly, kter\u00e9 p\u0159isp\u00edvaj\u00ed k jeho l\u00e9\u010div\u00fdm \u00fa\u010dink\u016fm.<\/span><\/p>\n<h2><span style=\"color: #000000\">Chu\u0165 a v\u016fn\u011b<\/span><\/h2>\n<p><span style=\"color: #000000\">N\u00e1\u0161 jiaogulan se sb\u00edr\u00e1 z divok\u00fdch stanovi\u0161\u0165 nedot\u010den\u00e9 p\u0159\u00edrody. M\u00e1 zaj\u00edmavou sladkou chu\u0165, velmi podobnou \u017een\u0161enu. Jiaogulan je rozhodn\u011b chutnou, ale p\u0159edev\u0161\u00edm zdravou volbou pro milovn\u00edky bylinn\u00fdch \u010daj\u016f.<\/span><\/p>\n<h2><span style=\"color: #000000\">Balen\u00ed<\/span><\/h2>\n<p><span style=\"color: #000000\">Nepropustn\u00fd s\u00e1\u010dek se zipem, ve kter\u00e9m si v\u00fdrobek zachov\u00e1v\u00e1 svou \u010derstvost a v\u016fni. Obal chr\u00e1n\u00ed p\u0159ed sv\u011btlem a vzduchem, proto\u017ee se skl\u00e1d\u00e1 z n\u011bkolika ochrann\u00fdch vrstev, kter\u00e9 zachov\u00e1vaj\u00ed vlastnosti obsahu.<\/span><\/p>\n<p><span style=\"color: #000000\">Obal je velmi praktick\u00fd a recyklovateln\u00fd.<\/span><\/p>\n<h2><span style=\"color: #000000\">Skladov\u00e1n\u00ed a upozorn\u011bn\u00ed<\/span><\/h2>\n<p><span style=\"color: #000000\">Skladujte v suchu a chladu p\u0159i teplot\u011b do 25 \u00b0C. V\u00fd\u017eivov\u00fd dopln\u011bk by m\u011bl b\u00fdt mimo dosah d\u011bt\u00ed!<\/span><\/p>\n<p><span style=\"color: #000000\">Nezapom\u00ednejte na d\u016fle\u017eitost pestr\u00e9 stravy a zdrav\u00e9ho \u017eivotn\u00edho stylu, dopln\u011bk v\u00fd\u017eivy tedy nenahrazuje vyv\u00e1\u017eenou a pestrou stravu. Doporu\u010den\u00e9 denn\u00ed mno\u017estv\u00ed nebo d\u00e1vka se nesm\u00ed p\u0159ekro\u010dit.<\/span><\/p>\n<h2><span style=\"color: #000000\">P\u016fvod<\/span><\/h2>\n<p>\u010c\u00edna. M\u00e1me velmi spolehliv\u00e9 dodavatele, kte\u0159\u00ed n\u00e1m ke ka\u017ed\u00e9 \u0161ar\u017ei za\u0161lou podrobn\u00fd chemick\u00fd rozbor potravin. Za v\u00edce ne\u017e deset let jsme u tohoto zbo\u017e\u00ed ani u jin\u00fdch polo\u017eek od stejn\u00e9ho dodavatele nezaznamenali \u017e\u00e1dn\u00e9 sta\u017een\u00ed ani jin\u00e9 probl\u00e9my.<\/p>\n","protected":false},"excerpt":{"rendered":"<p>Jiaogulan, tak\u00e9 zn\u00e1m\u00fd jako Gynostemma nebo Jiao Gu Lan, je rostlina poch\u00e1zej\u00edc\u00ed z \u010c\u00edny, Barmy, severn\u00edho Thajska, Koreje a Japonska. Pro sv\u00e9 l\u00e9\u010div\u00e9 vlastnosti se pou\u017e\u00edv\u00e1 v tradi\u010dn\u00ed \u010d\u00ednsk\u00e9 medic\u00edn\u011b ji\u017e po stalet\u00ed. \u0158\u00edk\u00e1 se mu tak\u00e9 \u201erostlina nesmrtelnosti\u201c, nebo\u0165 obsahuje mnoho \u00fa\u010dinn\u00fdch l\u00e1tek d\u016fle\u017eit\u00fdch pro dlouh\u00fd \u017eivot.<\/p>\n<p>\ud83d\udc9aUpravuje hladinu cholesterolu.<br \/>\n\ud83d\udc9a P\u0159edch\u00e1z\u00ed \u00fazkosti.<br \/>\n\ud83d\udc9a Sni\u017euje z\u00e1n\u011bt.<br \/>\n\ud83d\udc9a Posiluje imunitn\u00ed syst\u00e9m.<br \/>\n\ud83d\udc9a Uv\u00e1d\u00ed t\u011blo do rovnov\u00e1hy a zlep\u0161uje celkovou pohodu.<\/p>\n","protected":false},"featured_media":6762,"comment_status":"open","ping_status":"closed","template":"","meta":{"_acf_changed":false},"product_brand":[],"product_cat":[15,226,195,227],"product_tag":[],"class_list":{"0":"post-6761","1":"product","2":"type-product","3":"status-publish","4":"has-post-thumbnail","6":"product_cat-uncategorized","7":"product_cat-nabidka","8":"product_cat-superpotraviny","9":"product_cat-vsechny-produkty","11":"first","12":"instock","13":"sale","14":"taxable","15":"shipping-taxable","16":"purchasable","17":"product-type-simple"},"acf":[],"_links":{"self":[{"href":"https:\/\/fengchashop.com\/cz\/wp-json\/wp\/v2\/product\/6761","targetHints":{"allow":["GET"]}}],"collection":[{"href":"https:\/\/fengchashop.com\/cz\/wp-json\/wp\/v2\/product"}],"about":[{"href":"https:\/\/fengchashop.com\/cz\/wp-json\/wp\/v2\/types\/product"}],"replies":[{"embeddable":true,"href":"https:\/\/fengchashop.com\/cz\/wp-json\/wp\/v2\/comments?post=6761"}],"wp:featuredmedia":[{"embeddable":true,"href":"https:\/\/fengchashop.com\/cz\/wp-json\/wp\/v2\/media\/6762"}],"wp:attachment":[{"href":"https:\/\/fengchashop.com\/cz\/wp-json\/wp\/v2\/media?parent=6761"}],"wp:term":[{"taxonomy":"product_brand","embeddable":true,"href":"https:\/\/fengchashop.com\/cz\/wp-json\/wp\/v2\/product_brand?post=6761"},{"taxonomy":"product_cat","embeddable":true,"href":"https:\/\/fengchashop.com\/cz\/wp-json\/wp\/v2\/product_cat?post=6761"},{"taxonomy":"product_tag","embeddable":true,"href":"https:\/\/fengchashop.com\/cz\/wp-json\/wp\/v2\/product_tag?post=6761"}],"curies":[{"name":"wp","href":"https:\/\/api.w.org\/{rel}","templated":true}]}}