{"id":6757,"date":"2023-02-06T09:06:00","date_gmt":"2023-02-06T08:06:00","guid":{"rendered":"https:\/\/fengchashop.com\/cz\/product\/rhodiola-bio-prasek-125g\/"},"modified":"2026-02-22T21:12:07","modified_gmt":"2026-02-22T20:12:07","slug":"rhodiola-bio-prasek","status":"publish","type":"product","link":"https:\/\/fengchashop.com\/cz\/product\/rhodiola-bio-prasek\/","title":{"rendered":"Rhodiola pr\u00e1\u0161ek BIO 125g"},"content":{"rendered":"<h2>Rhodiola BIO<\/h2>\n<p>Rhodiola, v Orientu zn\u00e1m\u00e1 tak\u00e9 jako vysok\u00fd \u017een\u0161en, m\u00e1 zvl\u00e1\u0161tn\u00ed v\u00fdznam mezi Tibe\u0165any, kte\u0159\u00ed ji uct\u00edvaj\u00ed jako posv\u00e1tnou bylinu. Tato rostlina, v\u011bdecky zn\u00e1m\u00e1 jako Rhodiola rosea, roste v extr\u00e9mn\u00edch klimatick\u00fdch podm\u00ednk\u00e1ch chladn\u00fdch oblast\u00ed (vysok\u00e9 nadmo\u0159sk\u00e9 v\u00fd\u0161ky, siln\u00fd v\u00edtr a n\u00edzk\u00e9 teploty), jako je Arktida, Skandin\u00e1vie, Sibi\u0159 a horsk\u00e9 oblasti Evropy a Asie.<\/p>\n<p>Je to vytrval\u00e1 rostlina, kter\u00e1 pat\u0159\u00ed do \u010deledi prvosienkov\u00fdch. Je to vysokohorsk\u00e1 rostlina, kter\u00e1 obvykle dosahuje v\u00fd\u0161ky 12 a\u017e 30 cm a m\u00e1 du\u017enat\u00e9 listy. Je zn\u00e1m\u00e1 sv\u00fdmi jasn\u011b \u017elut\u00fdmi kv\u011bty, kter\u00e9 kvetou v letn\u00edch m\u011bs\u00edc\u00edch. Tato trvalka m\u00e1 siln\u00fd oddenek, kter\u00fd je jednou z d\u016fle\u017eit\u00fdch \u010d\u00e1st\u00ed rostliny. Kdy\u017e je ko\u0159en \u0159ez\u00e1n nebo po\u0161kozen, vyd\u00e1v\u00e1 p\u0159\u00edjemnou v\u016fni p\u0159ipom\u00ednaj\u00edc\u00ed r\u016f\u017ee. Pr\u00e1v\u011b kv\u016fli t\u00e9to v\u016fni dostala rostlina sv\u016fj n\u00e1zev Rhodiola, proto\u017ee \u201erhodon\u201c znamen\u00e1 v \u0159e\u010dtin\u011b r\u016f\u017ee.<\/p>\n<h2>Pro\u010d je rhodiola tak zvl\u00e1\u0161tn\u00ed a tak odli\u0161n\u00e1?<\/h2>\n<p>Vysok\u00fd \u017een\u0161en neboli posv\u00e1tn\u00e1 rhodiola se dodnes pou\u017e\u00edv\u00e1 v tradi\u010dn\u00edch l\u00e9\u010div\u00fdch p\u0159\u00edpravc\u00edch a \u010daj\u00edch v Tibetu. Tibet\u0161t\u00ed l\u00e9\u010ditel\u00e9 v\u011b\u0159\u00ed, \u017ee Rhodiola m\u00e1 blahod\u00e1rn\u00e9 \u00fa\u010dinky na energii, vitalitu, zklidn\u011bn\u00ed mysli a pos\u00edlen\u00ed t\u011bla i ducha.<\/p>\n<p>Je uzn\u00e1vanou rostlinou v r\u016fzn\u00fdch \u010d\u00e1stech sv\u011bta a pou\u017e\u00edv\u00e1 se v mnoha modern\u00edch v\u00fd\u017eivov\u00fdch dopl\u0148c\u00edch a bylinn\u00fdch p\u0159\u00edpravc\u00edch. Jeho p\u0159\u00ednos pro zdrav\u00ed a pohodu tak\u00e9 p\u0159it\u00e1hl pozornost jin\u00fdch kultur a v\u011bdc\u016f po cel\u00e9m sv\u011bt\u011b.<\/p>\n<h2>Jak\u00e9 jsou d\u016fle\u017eit\u00e9 \u00fa\u010dinn\u00e9 l\u00e1tky Rhodioly?<\/h2>\n<p>Rhodiola obsahuje n\u011bkolik d\u016fle\u017eit\u00fdch \u017eivin a bioaktivn\u00edch slou\u010denin, kter\u00e9 p\u0159isp\u00edvaj\u00ed k jej\u00edm \u00fa\u010dink\u016fm na zdrav\u00ed a pohodu.<\/p>\n<p>Rhodiola obsahuje speci\u00e1ln\u00ed slou\u010deniny zvan\u00e9 adaptogeny, jako je rosavin a salidrosid. Adaptogeny jsou zn\u00e1m\u00e9 svou schopnost\u00ed zvy\u0161ovat odolnost v\u016f\u010di stresu a regulovat fungov\u00e1n\u00ed organismu v r\u016fzn\u00fdch stresov\u00fdch situac\u00edch.<\/p>\n<p>Rhodiola tak\u00e9 obsahuje r\u016fzn\u00e9 fenolick\u00e9 slou\u010deniny, jako jsou flavonoidy a fenylpropanoidy. Tyto slou\u010deniny jsou siln\u00e9 antioxidanty, kter\u00e9 pom\u00e1haj\u00ed chr\u00e1nit bu\u0148ky p\u0159ed \u0161kodliv\u00fdmi \u00fa\u010dinky voln\u00fdch radik\u00e1l\u016f a oxida\u010dn\u00edho stresu. Proanthokyanidiny jsou tak\u00e9 velmi d\u016fle\u017eit\u00e9 slou\u010deniny, kter\u00e9 maj\u00ed mnoho zdravotn\u00edch v\u00fdhod. Tyto slou\u010deniny maj\u00ed siln\u00e9 protiz\u00e1n\u011btliv\u00e9, antioxida\u010dn\u00ed a imunomodula\u010dn\u00ed vlastnosti.<\/p>\n<p>Jednou z kl\u00ed\u010dov\u00fdch \u00fa\u010dinn\u00fdch l\u00e1tek rhodioly je rosavin. Tato slou\u010denina je spojena se sv\u00fdmi adaptogenn\u00edmi \u00fa\u010dinky a m\u016f\u017ee p\u0159isp\u011bt ke zlep\u0161en\u00ed vytrvalosti, sn\u00ed\u017een\u00ed \u00fanavy a regulaci hladiny stresov\u00e9ho hormonu.<\/p>\n<p>Rhodiola tak\u00e9 obsahuje fenyletylamin, co\u017e je neurotransmiter v t\u011ble. Tato slou\u010denina m\u016f\u017ee zv\u00fd\u0161it hladinu endorfin\u016f, hormon\u016f \u0161t\u011bst\u00ed, a zlep\u0161it n\u00e1ladu a celkovou pohodu.<\/p>\n<p>Mezi hlavn\u00ed \u00fa\u010dinky rhodioly pat\u0159\u00ed:<\/p>\n<p>\ud83d\udc9a zv\u00fd\u0161en\u00ed energie a vytrvalosti,<br \/>\n\ud83d\udc9a p\u0159isp\u00edv\u00e1 ke zlep\u0161en\u00ed fyzick\u00e9 v\u00fdkonnosti a sn\u00ed\u017een\u00ed pocitu \u00fanavy,<br \/>\n\ud83d\udc9a sn\u00ed\u017een\u00ed p\u0159\u00edznak\u016f stresu a zlep\u0161en\u00ed n\u00e1lady,<br \/>\n\ud83d\udc9a sn\u00ed\u017een\u00ed p\u0159\u00edznak\u016f \u00fazkosti,<br \/>\n\ud83d\udc9a pom\u00e1h\u00e1 regulovat hladinu stresov\u00fdch hormon\u016f (kortizolu),<br \/>\n\ud83d\udc9a zlep\u0161en\u00ed kognitivn\u00edch funkc\u00ed (jako je pam\u011b\u0165, koncentrace a ment\u00e1ln\u00ed kapacita)<br \/>\n\ud83d\udc9a zv\u00fd\u0161en\u00ed efektivity pr\u00e1ce,<br \/>\n\ud83d\udc9a pom\u00e1h\u00e1 p\u0159i depres\u00edch,<br \/>\n\ud83d\udc9a zlep\u0161en\u00ed celkov\u00e9 n\u00e1lady,<br \/>\n\ud83d\udc9a podpora imunitn\u00edho syst\u00e9mu,<br \/>\n\ud83d\udc9a pom\u00e1h\u00e1 posilovat odolnost organismu v\u016f\u010di nemocem a infekc\u00edm.<\/p>\n<h2><span style=\"color: #000000;\">Balen\u00ed<\/span><\/h2>\n<p><span style=\"color: #000000;\">Nepropustn\u00fd s\u00e1\u010dek se zipem, ve kter\u00e9m si v\u00fdrobek zachov\u00e1v\u00e1 svou \u010derstvost a v\u016fni. Obal chr\u00e1n\u00ed p\u0159ed sv\u011btlem a vzduchem, proto\u017ee se skl\u00e1d\u00e1 z n\u011bkolika ochrann\u00fdch vrstev, kter\u00e9 zachov\u00e1vaj\u00ed vlastnosti obsahu.<\/span><\/p>\n<p><span style=\"color: #000000;\">Obal je velmi praktick\u00fd a recyklovateln\u00fd.<\/span><\/p>\n<h2><span style=\"color: #000000;\">Skladov\u00e1n\u00ed a upozorn\u011bn\u00ed<\/span><\/h2>\n<p><span style=\"color: #000000;\">Skladujte na chladn\u00e9m a such\u00e9m m\u00edst\u011b. Dopln\u011bk stravy uchov\u00e1vejte mimo dosah d\u011bt\u00ed!<\/span><\/p>\n<p><span style=\"color: #000000;\">Pamatujte na pestrou stravu a zdrav\u00fd \u017eivotn\u00ed styl &#8211; dopln\u011bk stravy nem\u016f\u017ee nahradit vyv\u00e1\u017eenou a pestrou stravu. Nep\u0159ekra\u010dujte doporu\u010denou denn\u00ed d\u00e1vku. T\u011bhotn\u00e9 \u017eeny a koj\u00edc\u00ed matky se nedoporu\u010duje pou\u017e\u00edvat. Konzumace rhodioly se nedoporu\u010duje lidem s maniodepres\u00ed nebo bipol\u00e1rn\u00ed poruchou. V p\u0159\u00edpad\u011b jak\u00fdchkoli zdravotn\u00edch probl\u00e9m\u016f se doporu\u010duje konzultovat v\u00edce informac\u00ed se sv\u00fdm l\u00e9ka\u0159em.<\/span><\/p>\n<h2><span style=\"color: #000000;\">P\u016fvod<\/span><\/h2>\n<p><span style=\"color: #000000;\">\u010c\u00edna.<\/span><\/p>\n<p><span style=\"color: #000000;\">M\u00e1me velmi spolehliv\u00e9 dodavatele, kte\u0159\u00ed n\u00e1m pro ka\u017edou \u0161ar\u017ei zas\u00edlaj\u00ed podrobn\u00fd chemick\u00fd rozbor v\u00fdrobku. Za v\u00edce ne\u017e 10 let jsme s t\u00edmto v\u00fdrobkem ani s \u017e\u00e1dn\u00fdm jin\u00fdm v\u00fdrobkem od stejn\u00e9ho dodavatele nem\u011bli nikdy \u017e\u00e1dn\u00fd probl\u00e9m. <\/span><\/p>\n<p><span style=\"color: #000000;\">Polo\u017eka je 100% certifikovan\u00e1 jako ekologick\u00e1.<\/span><\/p>\n","protected":false},"excerpt":{"rendered":"<p>Rhodiola, v Orientu zn\u00e1m\u00e1 tak\u00e9 jako vysok\u00fd \u017een\u0161en, m\u00e1 zvl\u00e1\u0161tn\u00ed v\u00fdznam mezi Tibe\u0165any, kte\u0159\u00ed ji uct\u00edvaj\u00ed jako posv\u00e1tnou bylinu. Tato rostlina, v\u011bdecky zn\u00e1m\u00e1 jako <strong>Rhodiola rosea<\/strong>, roste v extr\u00e9mn\u00edch klimatick\u00fdch podm\u00ednk\u00e1ch chladn\u00fdch oblast\u00ed (vysok\u00e9 nadmo\u0159sk\u00e9 v\u00fd\u0161ky, siln\u00fd v\u00edtr a n\u00edzk\u00e9 teploty), jako je Arktida, Skandin\u00e1vie, Sibi\u0159 a horsk\u00e9 oblasti Evropy a Asie. Vysok\u00fd \u017een\u0161en neboli posv\u00e1tn\u00e1 rhodiola se dodnes pou\u017e\u00edv\u00e1 v tradi\u010dn\u00edch l\u00e9\u010div\u00fdch p\u0159\u00edpravc\u00edch a \u010daj\u00edch v Tibetu. Tibet\u0161t\u00ed l\u00e9\u010ditel\u00e9 v\u011b\u0159\u00ed, \u017ee <strong>Rhodiola m\u00e1 blahod\u00e1rn\u00e9 \u00fa\u010dinky na energii, vitalitu, zklidn\u011bn\u00ed mysli a pos\u00edlen\u00ed t\u011bla i ducha<\/strong>.<\/p>\n<p>\ud83d\udc9a <strong>Obsahuje slou\u010deniny<\/strong>, kter\u00e9 maj\u00ed siln\u00e9 protiz\u00e1n\u011btliv\u00e9, antioxida\u010dn\u00ed a imunomodula\u010dn\u00ed vlastnosti.<br \/>\n\ud83d\udc9a Slo\u017een\u00ed rosavinu p\u0159isp\u00edv\u00e1 ke zlep\u0161en\u00ed <strong>vytrvalosti, sn\u00ed\u017een\u00ed \u00fanavy a regulaci hladiny stresov\u00fdch hormon\u016f<\/strong>.<br \/>\n\ud83d\udc9a Zlep\u0161uje celkovou <strong>pohodu<\/strong>.<br \/>\n\ud83d\udc9a Posiluje odolnost organismu v\u016f\u010di <strong>nemocem<\/strong> a <strong>infekc\u00edm<\/strong>.<br \/>\n\ud83d\udc9a Sni\u017euje p\u0159\u00edznaky <strong>\u00fazkosti<\/strong>.<\/p>\n","protected":false},"featured_media":6758,"comment_status":"open","ping_status":"closed","template":"","meta":{"_acf_changed":false},"product_brand":[],"product_cat":[15,226,195,227],"product_tag":[],"class_list":{"0":"post-6757","1":"product","2":"type-product","3":"status-publish","4":"has-post-thumbnail","6":"product_cat-uncategorized","7":"product_cat-nabidka","8":"product_cat-superpotraviny","9":"product_cat-vsechny-produkty","11":"first","12":"outofstock","13":"sale","14":"taxable","15":"shipping-taxable","16":"purchasable","17":"product-type-simple"},"acf":[],"_links":{"self":[{"href":"https:\/\/fengchashop.com\/cz\/wp-json\/wp\/v2\/product\/6757","targetHints":{"allow":["GET"]}}],"collection":[{"href":"https:\/\/fengchashop.com\/cz\/wp-json\/wp\/v2\/product"}],"about":[{"href":"https:\/\/fengchashop.com\/cz\/wp-json\/wp\/v2\/types\/product"}],"replies":[{"embeddable":true,"href":"https:\/\/fengchashop.com\/cz\/wp-json\/wp\/v2\/comments?post=6757"}],"wp:featuredmedia":[{"embeddable":true,"href":"https:\/\/fengchashop.com\/cz\/wp-json\/wp\/v2\/media\/6758"}],"wp:attachment":[{"href":"https:\/\/fengchashop.com\/cz\/wp-json\/wp\/v2\/media?parent=6757"}],"wp:term":[{"taxonomy":"product_brand","embeddable":true,"href":"https:\/\/fengchashop.com\/cz\/wp-json\/wp\/v2\/product_brand?post=6757"},{"taxonomy":"product_cat","embeddable":true,"href":"https:\/\/fengchashop.com\/cz\/wp-json\/wp\/v2\/product_cat?post=6757"},{"taxonomy":"product_tag","embeddable":true,"href":"https:\/\/fengchashop.com\/cz\/wp-json\/wp\/v2\/product_tag?post=6757"}],"curies":[{"name":"wp","href":"https:\/\/api.w.org\/{rel}","templated":true}]}}