{"id":6755,"date":"2023-05-26T08:11:18","date_gmt":"2023-05-26T06:11:18","guid":{"rendered":"https:\/\/fengchashop.com\/cz\/product\/muira-puama-prasek-250g\/"},"modified":"2026-05-02T07:59:30","modified_gmt":"2026-05-02T05:59:30","slug":"muira-puama-prasek","status":"publish","type":"product","link":"https:\/\/fengchashop.com\/cz\/product\/muira-puama-prasek\/","title":{"rendered":"Muira Puama pr\u00e1\u0161ek 250g"},"content":{"rendered":"<h2><span style=\"color: #000000\">Muira Puama<\/span><\/h2>\n<p><span style=\"color: #000000\">Muira Puama, zn\u00e1m\u00e1 tak\u00e9 jako \u201es\u00edla d\u0159eva\u201c, je druh rostliny poch\u00e1zej\u00edc\u00ed z amazonsk\u00e9ho de\u0161tn\u00e9ho pralesa v Braz\u00edlii. Botanick\u00fd n\u00e1zev rostliny je Ptychopetalum olacoides. Listy a k\u016fra rostliny se pou\u017e\u00edvaj\u00ed k p\u0159\u00edprav\u011b l\u00e9\u010div\u00fdch p\u0159\u00edpravk\u016f, kter\u00e9 se u\u017e\u00edvaj\u00ed peror\u00e1ln\u011b ve form\u011b \u010daj\u016f, tinktur nebo dopl\u0148k\u016f stravy. Muira Puama se ji\u017e dlouho pou\u017e\u00edv\u00e1 v tradi\u010dn\u00ed medic\u00edn\u011b k r\u016fzn\u00fdm \u00fa\u010del\u016fm, zejm\u00e9na ke zlep\u0161en\u00ed sexu\u00e1ln\u00edch funkc\u00ed a sexu\u00e1ln\u00ed v\u00fdkonnosti.<\/span><\/p>\n<h2><span style=\"color: #000000\">\u010c\u00edm je Muira Puama tak v\u00fdjime\u010dn\u00e1 a odli\u0161n\u00e1?<\/span><\/h2>\n<p><span style=\"color: #000000\">Muira Puama obsahuje n\u011bkolik d\u016fle\u017eit\u00fdch \u017eivin, kter\u00e9 mohou p\u0159isp\u011bt k jeho \u00fa\u010dink\u016fm na zdrav\u00ed a pohodu.<\/span><\/p>\n<p><span style=\"color: #000000\">V Muira Puama je mnoho alkaloidn\u00edch slou\u010denin, v\u010detn\u011b koncentrac\u00ed jako je muirapuamin, muirapuamin-D, hirsutin a acacetin. Tyto slou\u010deniny mohou m\u00edt r\u016fzn\u00e9 biologick\u00e9 \u00fa\u010dinky a jsou d\u016fle\u017eit\u00e9 pro jeho zdravotn\u00ed vlastnosti.<\/span><\/p>\n<p><span style=\"color: #000000\">Muira Puama tak\u00e9 obsahuje steroly, jako je beta-sitosterol a stigmasterol. Tyto steroly jsou rostlinn\u00e9 steroly zn\u00e1m\u00e9 pro sv\u00e9 p\u0159\u00edzniv\u00e9 \u00fa\u010dinky na zdrav\u00ed srdce, cholesterol a imunitn\u00ed syst\u00e9m.<\/span><\/p>\n<p><span style=\"color: #000000\">Flavonoidy jsou skupinou rostlinn\u00fdch slou\u010denin, kter\u00e9 p\u016fsob\u00ed jako antioxidanty a maj\u00ed protiz\u00e1n\u011btliv\u00e9 vlastnosti. Muira Puama obsahuje r\u016fzn\u00e9 flavonoidy, kter\u00e9 mohou pomoci chr\u00e1nit bu\u0148ky p\u0159ed oxida\u010dn\u00edm stresem. Muira Puama tak\u00e9 obsahuje mal\u00e9 mno\u017estv\u00ed esenci\u00e1ln\u00edch olej\u016f, kter\u00e9 dod\u00e1vaj\u00ed rostlin\u011b jej\u00ed charakteristickou v\u016fni. Tyto oleje mohou p\u0159isp\u00edvat k jeho aromatick\u00fdm vlastnostem.<\/span><\/p>\n<p><span style=\"color: #000000\">Je d\u016fle\u017eit\u00e9 si uv\u011bdomit, \u017ee p\u0159esn\u00e9 slo\u017een\u00ed \u017eivin v Muira Puama z\u00e1vis\u00ed na typu rostliny, podm\u00ednk\u00e1ch p\u011bstov\u00e1n\u00ed a zp\u016fsobu extrakce.<\/span><\/p>\n<h2><span style=\"color: #000000\">\u00da\u010dinky, kter\u00e9 maj\u00ed pozitivn\u00ed vliv na na\u0161e zdrav\u00ed a t\u011blo<\/span><\/h2>\n<p><span style=\"color: #000000\">Muira Puama je zn\u00e1m\u00e1 sv\u00fdmi potenci\u00e1ln\u00edmi \u00fa\u010dinky na zdrav\u00ed a pohodu:<\/span><br \/>\n<span style=\"color: #000000\">\ud83d\udc9a p\u016fsob\u00ed jako p\u0159\u00edrodn\u00ed afrodiziakum,<\/span><br \/>\n<span style=\"color: #000000\">\ud83d\udc9a se pou\u017e\u00edv\u00e1 ke zlep\u0161en\u00ed sexu\u00e1ln\u00ed touhy, zv\u00fd\u0161en\u00ed libida a zlep\u0161en\u00ed sexu\u00e1ln\u00edch funkc\u00ed u mu\u017e\u016f i \u017een,<\/span><br \/>\n<span style=\"color: #000000\">\ud83d\udc9a se pou\u017e\u00edv\u00e1 ke zlep\u0161en\u00ed energie, vytrvalosti a celkov\u00e9ho pocitu,<\/span><br \/>\n<span style=\"color: #000000\">\ud83d\udc9a pom\u00e1h\u00e1 sni\u017eovat \u00fanavu a zlep\u0161uje pohodu,<\/span><br \/>\n<span style=\"color: #000000\">\ud83d\udc9a pom\u00e1h\u00e1 sni\u017eovat stres a zlep\u0161uje n\u00e1ladu,<\/span><br \/>\n<span style=\"color: #000000\">\ud83d\udc9a m\u00e1 zklid\u0148uj\u00edc\u00ed vlastnosti,<\/span><br \/>\n<span style=\"color: #000000\">\ud83d\udc9a pom\u00e1h\u00e1 p\u0159i zvl\u00e1d\u00e1n\u00ed \u00fazkosti,<\/span><br \/>\n<span style=\"color: #000000\">\ud83d\udc9a zlep\u0161uje kognitivn\u00ed funkce, jako je koncentrace, pam\u011b\u0165 a my\u0161len\u00ed,<\/span><br \/>\n<span style=\"color: #000000\">\ud83d\udc9a m\u016f\u017ee pomoci s kardiovaskul\u00e1rn\u00edm zdrav\u00edm,<\/span><br \/>\n<span style=\"color: #000000\">\ud83d\udc9a pom\u00e1h\u00e1 sni\u017eovat krevn\u00ed tlak a zlep\u0161uje krevn\u00ed ob\u011bh.<\/span><\/p>\n<h2><span style=\"color: #000000\">Balen\u00ed<\/span><\/h2>\n<p><span style=\"color: #000000\">Nepropustn\u00fd s\u00e1\u010dek se zipem, ve kter\u00e9m si v\u00fdrobek zachov\u00e1v\u00e1 svou \u010derstvost a v\u016fni. Obal chr\u00e1n\u00ed p\u0159ed sv\u011btlem a vzduchem, proto\u017ee se skl\u00e1d\u00e1 z n\u011bkolika ochrann\u00fdch vrstev, kter\u00e9 zachov\u00e1vaj\u00ed vlastnosti obsahu.<\/span><\/p>\n<p><span style=\"color: #000000\">Obal je velmi praktick\u00fd a recyklovateln\u00fd.<\/span><\/p>\n<h2><span style=\"color: #000000\">Skladov\u00e1n\u00ed a upozorn\u011bn\u00ed<\/span><\/h2>\n<p><span style=\"color: #000000\">Skladujte na chladn\u00e9m a such\u00e9m m\u00edst\u011b. Dopln\u011bk stravy uchov\u00e1vejte mimo dosah d\u011bt\u00ed!<\/span><\/p>\n<p><span style=\"color: #000000\">Pamatujte na pestrou stravu a zdrav\u00fd \u017eivotn\u00ed styl &#8211; dopln\u011bk stravy nem\u016f\u017ee nahradit vyv\u00e1\u017eenou a pestrou stravu. Nep\u0159ekra\u010dujte doporu\u010denou denn\u00ed d\u00e1vku. T\u011bhotn\u00e9 \u017eeny a koj\u00edc\u00ed matky se nedoporu\u010duje pou\u017e\u00edvat. Konzumace Muira Puama se nedoporu\u010duje lidem s hormon\u00e1ln\u00edmi a krevn\u00edmi poruchami, kte\u0159\u00ed z\u00e1rove\u0148 u\u017e\u00edvaj\u00ed hormon\u00e1ln\u00ed terapii nebo l\u00e9ky na krevn\u00ed tlak. V p\u0159\u00edpad\u011b jak\u00fdchkoli zdravotn\u00edch probl\u00e9m\u016f se doporu\u010duje konzultovat v\u00edce informac\u00ed se sv\u00fdm l\u00e9ka\u0159em.<\/span><\/p>\n<h2><span style=\"color: #000000\">P\u016fvod<\/span><\/h2>\n<p><span style=\"color: #000000\">Braz\u00edlie<\/span><\/p>\n","protected":false},"excerpt":{"rendered":"<p>Muira Puama, je druh rostliny poch\u00e1zej\u00edc\u00ed z amazonsk\u00e9ho de\u0161tn\u00e9ho pralesa v Braz\u00edlii. Botanick\u00fd n\u00e1zev rostliny je Ptychopetalum olacoides. Listy a k\u016fra rostliny se pou\u017e\u00edvaj\u00ed k p\u0159\u00edprav\u011b l\u00e9\u010div\u00fdch p\u0159\u00edpravk\u016f, kter\u00e9 se u\u017e\u00edvaj\u00ed peror\u00e1ln\u011b ve form\u011b \u010daj\u016f, tinktur nebo dopl\u0148k\u016f stravy. Muira Puama se ji\u017e dlouho pou\u017e\u00edv\u00e1 v tradi\u010dn\u00ed medic\u00edn\u011b k r\u016fzn\u00fdm \u00fa\u010del\u016fm, zejm\u00e9na ke zlep\u0161en\u00ed sexu\u00e1ln\u00edch funkc\u00ed a sexu\u00e1ln\u00edch pro\u017eitk\u016f.<\/p>\n<p>\ud83d\udc9a M\u016f\u017ee pomoci s <strong>kardiovaskul\u00e1rn\u00edm<\/strong> zdrav\u00edm.<br \/>\n\ud83d\udc9a Pom\u00e1h\u00e1 sni\u017eovat <strong>\u00fanavu<\/strong> a zlep\u0161ovat <strong>pohodu<\/strong>.<br \/>\n\ud83d\udc9a Funguje jako <strong>p\u0159\u00edrodn\u00ed afrodiziakum<\/strong>.<br \/>\n\ud83d\udc9a Pou\u017e\u00edv\u00e1 se ke zlep\u0161en\u00ed sexu\u00e1ln\u00ed touhy, <strong>zv\u00fd\u0161en\u00ed libida<\/strong> a zlep\u0161en\u00ed sexu\u00e1ln\u00edch funkc\u00ed <strong>u mu\u017e\u016f i \u017een<\/strong>.<\/p>\n","protected":false},"featured_media":6756,"comment_status":"open","ping_status":"closed","template":"","meta":{"_acf_changed":false},"product_brand":[],"product_cat":[15,226,195,227],"product_tag":[],"class_list":{"0":"post-6755","1":"product","2":"type-product","3":"status-publish","4":"has-post-thumbnail","6":"product_cat-uncategorized","7":"product_cat-nabidka","8":"product_cat-superpotraviny","9":"product_cat-vsechny-produkty","11":"first","12":"instock","13":"sale","14":"taxable","15":"shipping-taxable","16":"purchasable","17":"product-type-simple"},"acf":[],"_links":{"self":[{"href":"https:\/\/fengchashop.com\/cz\/wp-json\/wp\/v2\/product\/6755","targetHints":{"allow":["GET"]}}],"collection":[{"href":"https:\/\/fengchashop.com\/cz\/wp-json\/wp\/v2\/product"}],"about":[{"href":"https:\/\/fengchashop.com\/cz\/wp-json\/wp\/v2\/types\/product"}],"replies":[{"embeddable":true,"href":"https:\/\/fengchashop.com\/cz\/wp-json\/wp\/v2\/comments?post=6755"}],"wp:featuredmedia":[{"embeddable":true,"href":"https:\/\/fengchashop.com\/cz\/wp-json\/wp\/v2\/media\/6756"}],"wp:attachment":[{"href":"https:\/\/fengchashop.com\/cz\/wp-json\/wp\/v2\/media?parent=6755"}],"wp:term":[{"taxonomy":"product_brand","embeddable":true,"href":"https:\/\/fengchashop.com\/cz\/wp-json\/wp\/v2\/product_brand?post=6755"},{"taxonomy":"product_cat","embeddable":true,"href":"https:\/\/fengchashop.com\/cz\/wp-json\/wp\/v2\/product_cat?post=6755"},{"taxonomy":"product_tag","embeddable":true,"href":"https:\/\/fengchashop.com\/cz\/wp-json\/wp\/v2\/product_tag?post=6755"}],"curies":[{"name":"wp","href":"https:\/\/api.w.org\/{rel}","templated":true}]}}