{"id":6753,"date":"2023-05-26T08:42:08","date_gmt":"2023-05-26T06:42:08","guid":{"rendered":"https:\/\/fengchashop.com\/cz\/product\/suma-root-brazilsky-zensen-prasek-250g\/"},"modified":"2026-04-16T02:49:48","modified_gmt":"2026-04-16T00:49:48","slug":"suma-root-brazilsky-zensen-prasek","status":"publish","type":"product","link":"https:\/\/fengchashop.com\/cz\/product\/suma-root-brazilsky-zensen-prasek\/","title":{"rendered":"Suma root (brazilsk\u00fd \u017een\u0161en) pr\u00e1\u0161ek 250g"},"content":{"rendered":"<h2><span style=\"color: #000000\">Suma root <\/span><\/h2>\n<p><span style=\"color: #000000\">Ko\u0159en Suma je rostlina v\u011bdecky zn\u00e1m\u00e1 jako Pfaffia paniculata, kter\u00e1 poch\u00e1z\u00ed z Ji\u017en\u00ed Ameriky, p\u0159edev\u0161\u00edm z amazonsk\u00e9ho de\u0161tn\u00e9ho pralesa. Zn\u00e1m\u00fd je tak\u00e9 pod n\u00e1zvy \u201ebrazilsk\u00fd \u017een\u0161en\u201c nebo \u201ePara Todo\u201c, co\u017e v p\u0159ekladu znamen\u00e1 \u201epro ka\u017ed\u00e9ho\u201c. Ko\u0159en Suma je vytrval\u00e1 rostlina, kter\u00e1 m\u00e1 velk\u00e9 ko\u0159eny a tradi\u010dn\u011b se pou\u017e\u00edv\u00e1 v bylinn\u00e9 medic\u00edn\u011b.<\/span><\/p>\n<p><span style=\"color: #000000\">Ko\u0159en Suma obsahuje mnoho biologicky aktivn\u00edch slou\u010denin, jako jsou ekdysteroidy, polysacharidy, fytosteroly, glykosidy a mnoho dal\u0161\u00edch fytochemik\u00e1li\u00ed. Sv\u00fdm slo\u017een\u00edm je pova\u017eov\u00e1na za adaptogenn\u00ed rostlinu, co\u017e znamen\u00e1, \u017ee pom\u00e1h\u00e1 t\u011blu vyrovnat se se stresem a obnovit rovnov\u00e1hu.<\/span><\/p>\n<h2><span style=\"color: #000000\">Jak\u00e9 jsou d\u016fle\u017eit\u00e9 \u00fa\u010dinn\u00e9 l\u00e1tky ko\u0159ene Suma?<\/span><\/h2>\n<p><span style=\"color: #000000\">Ko\u0159en Suma obsahuje mnoho d\u016fle\u017eit\u00fdch \u017eivin a bioaktivn\u00edch slou\u010denin, kter\u00e9 mohou prosp\u00edvat zdrav\u00ed.<\/span><\/p>\n<p><span style=\"color: #000000\">Ekdysteroidy jsou slou\u010deniny, kter\u00e9 maj\u00ed podobnou strukturu jako p\u0159\u00edrodn\u00ed ekdysteroidn\u00ed hormon nach\u00e1zej\u00edc\u00ed se u n\u011bkter\u00fdch druh\u016f hmyzu. Ekdysteroid\u016fm v ko\u0159eni Suma se p\u0159ipisuje mnoho p\u0159\u00edzniv\u00fdch \u00fa\u010dink\u016f na t\u011blo, v\u010detn\u011b zv\u00fd\u0161en\u00ed vytrvalosti, zlep\u0161en\u00ed svalov\u00e9ho tonusu a podpory regenerace po cvi\u010den\u00ed.<\/span><\/p>\n<p><span style=\"color: #000000\">Ko\u0159en Suma obsahuje polysacharidy, co\u017e jsou komplexn\u00ed sacharidy. Polysacharidy mohou podporovat imunitn\u00ed syst\u00e9m, podporovat zdrav\u00ed tr\u00e1ven\u00ed a p\u0159isp\u00edvat k celkov\u00e9mu zdrav\u00ed t\u011bla.<\/span><\/p>\n<p><span style=\"color: #000000\">Ko\u0159en Suma obsahuje fytosteroly, kter\u00e9 mohou pomoci regulovat hladinu cholesterolu v t\u011ble a podporovat zdrav\u00ed srdce.<\/span><\/p>\n<p><span style=\"color: #000000\">Ko\u0159en Suma tak\u00e9 obsahuje glykosidy, co\u017e jsou slou\u010deniny slo\u017een\u00e9 z cukru a dal\u0161\u00ed molekul\u00e1rn\u00ed \u010d\u00e1sti. N\u011bkter\u00e9 glykosidy v ko\u0159eni Suma mohou m\u00edt p\u0159\u00edzniv\u00e9 zdravotn\u00ed \u00fa\u010dinky, jako je podpora zdrav\u00e9ho krevn\u00edho ob\u011bhu.<\/span><\/p>\n<p><span style=\"color: #000000\">Krom\u011b t\u011bchto \u017eivin a slou\u010denin obsahuje ko\u0159en Suma tak\u00e9 miner\u00e1ly, vitam\u00edny a antioxidanty, kter\u00e9 mohou podporovat celkov\u00e9 zdrav\u00ed a pohodu.<\/span><\/p>\n<h2><span style=\"color: #000000\">\u00da\u010dinky, kter\u00e9 maj\u00ed pozitivn\u00ed vliv na na\u0161e zdrav\u00ed a t\u011blo<\/span><\/h2>\n<p><span style=\"color: #000000\">Ko\u0159en Suma je \u0161iroce pou\u017e\u00edv\u00e1n jako dopln\u011bk stravy pro sv\u00e9 potenci\u00e1ln\u00ed zdravotn\u00ed p\u0159\u00ednosy, jako je zv\u00fd\u0161en\u00ed energie, zlep\u0161en\u00ed v\u00fddr\u017ee, pos\u00edlen\u00ed imunitn\u00edho syst\u00e9mu, regulace hormon\u016f, podpora sexu\u00e1ln\u00edho zdrav\u00ed a zlep\u0161en\u00ed celkov\u00e9 pohody.<\/span><\/p>\n<p><span style=\"color: #000000\">Mezi \u00fa\u010dinky ko\u0159ene Suma pat\u0159\u00ed:<\/span><\/p>\n<p><span style=\"color: #000000\">\ud83d\udc9a zv\u00fd\u0161en\u00ed energie a sn\u00ed\u017een\u00ed \u00fanavy a zlep\u0161en\u00ed vytrvalosti,<\/span><br \/>\n<span style=\"color: #000000\">\ud83d\udc9a pom\u00e1h\u00e1 t\u011blu vyrovnat se se stresem a obnovit rovnov\u00e1hu,<\/span><br \/>\n<span style=\"color: #000000\">\ud83d\udc9a m\u00e1 zklid\u0148uj\u00edc\u00ed vlastnosti,<\/span><br \/>\n<span style=\"color: #000000\">\ud83d\udc9a podporuje funkci imunitn\u00edho syst\u00e9mu,<\/span><br \/>\n<span style=\"color: #000000\">\ud83d\udc9a p\u0159isp\u00edv\u00e1 k lep\u0161\u00ed obranyschopnosti organismu,<\/span><br \/>\n<span style=\"color: #000000\">\ud83d\udc9a pro podporu sexu\u00e1ln\u00edho zdrav\u00ed a libida,<\/span><br \/>\n<span style=\"color: #000000\">\ud83d\udc9a ke zlep\u0161en\u00ed celkov\u00e9 pohody, koncentrace a vitality.<\/span><\/p>\n<h2><span style=\"color: #000000\">Balen\u00ed<\/span><\/h2>\n<p><span style=\"color: #000000\">Nepropustn\u00fd s\u00e1\u010dek se zipem, ve kter\u00e9m si v\u00fdrobek zachov\u00e1v\u00e1 svou \u010derstvost a v\u016fni. Obal chr\u00e1n\u00ed p\u0159ed sv\u011btlem a vzduchem, proto\u017ee se skl\u00e1d\u00e1 z n\u011bkolika ochrann\u00fdch vrstev, kter\u00e9 zachov\u00e1vaj\u00ed vlastnosti obsahu.<\/span><\/p>\n<p><span style=\"color: #000000\">Obal je velmi praktick\u00fd a recyklovateln\u00fd.<\/span><\/p>\n<h2><span style=\"color: #000000\">Skladov\u00e1n\u00ed a upozorn\u011bn\u00ed<\/span><\/h2>\n<p><span style=\"color: #000000\">Skladujte na chladn\u00e9m a such\u00e9m m\u00edst\u011b. Dopln\u011bk stravy uchov\u00e1vejte mimo dosah d\u011bt\u00ed!<\/span><\/p>\n<p><span style=\"color: #000000\">Pamatujte na pestrou stravu a zdrav\u00fd \u017eivotn\u00ed styl &#8211; dopln\u011bk stravy nem\u016f\u017ee nahradit vyv\u00e1\u017eenou a pestrou stravu. Nep\u0159ekra\u010dujte doporu\u010denou denn\u00ed d\u00e1vku. T\u011bhotn\u00e9 \u017eeny a koj\u00edc\u00ed matky se nedoporu\u010duje pou\u017e\u00edvat. Konzumace ko\u0159ene Suma se nedoporu\u010duje lidem se specifick\u00fdmi zdravotn\u00edmi stavy, jako je hormon\u00e1ln\u011b z\u00e1visl\u00e1 rakovina, autoimunitn\u00ed onemocn\u011bn\u00ed, epilepsie, krv\u00e1cen\u00ed nebo jak\u00fdkoli jin\u00fd v\u00e1\u017en\u00fd zdravotn\u00ed stav. Tak\u00e9, pokud jste alergi\u010dt\u00ed na jin\u00e9 rostliny nebo m\u00e1te zn\u00e1mou p\u0159ecitliv\u011blost, vyhn\u011bte se pou\u017e\u00edv\u00e1n\u00ed ko\u0159ene suma. V p\u0159\u00edpad\u011b jak\u00fdchkoli zdravotn\u00edch probl\u00e9m\u016f se doporu\u010duje konzultovat v\u00edce informac\u00ed se sv\u00fdm l\u00e9ka\u0159em.<\/span><\/p>\n<h2><span style=\"color: #000000\">P\u016fvod<\/span><\/h2>\n<p><span style=\"color: #000000\">Braz\u00edlie<\/span><\/p>\n","protected":false},"excerpt":{"rendered":"<p>Ko\u0159en Suma je rostlina v\u011bdecky zn\u00e1m\u00e1 jako Pfaffia paniculata, kter\u00e1 poch\u00e1z\u00ed z Ji\u017en\u00ed Ameriky, p\u0159edev\u0161\u00edm z amazonsk\u00e9ho de\u0161tn\u00e9ho pralesa. Zn\u00e1m\u00fd je tak\u00e9 pod n\u00e1zvy \u201ebrazilsk\u00fd \u017een\u0161en\u201c nebo \u201ePara Todo\u201c, co\u017e v p\u0159ekladu znamen\u00e1 \u201epro ka\u017ed\u00e9ho\u201c. Je to vytrval\u00e1 rostlina, kter\u00e1 m\u00e1 velk\u00e9 ko\u0159eny a tradi\u010dn\u011b se pou\u017e\u00edv\u00e1 v bylin\u00e1\u0159stv\u00ed. \u010casto se pou\u017e\u00edv\u00e1 jako dopln\u011bk stravy pro sv\u00e9 potenci\u00e1ln\u00ed zdravotn\u00ed p\u0159\u00ednosy, jako je zv\u00fd\u0161en\u00ed energie, zlep\u0161en\u00ed v\u00fddr\u017ee, pos\u00edlen\u00ed imunitn\u00edho syst\u00e9mu, regulace hormon\u016f, podpora sexu\u00e1ln\u00edho zdrav\u00ed a zlep\u0161en\u00ed celkov\u00e9 pohody.<\/p>\n<p>\ud83d\udc9a Pro zlep\u0161en\u00ed celkov\u00e9 pohody, <strong>koncentrace<\/strong> a <strong>vitality<\/strong>.<br \/>\n\ud83d\udc9a Pom\u00e1h\u00e1 t\u011blu vyrovnat se se <strong>stresem<\/strong> a obnovuje rovnov\u00e1hu.<br \/>\n\ud83d\udc9a Pro podporu sexu\u00e1ln\u00edho zdrav\u00ed a <strong>libida<\/strong>.<br \/>\n\ud83d\udc9a Zvy\u0161uje <strong>energii<\/strong> a <strong>sni\u017euje \u00fanavu<\/strong> a <strong>zlep\u0161uje vytrvalost<\/strong>.<\/p>\n","protected":false},"featured_media":6754,"comment_status":"open","ping_status":"closed","template":"","meta":{"_acf_changed":false},"product_brand":[],"product_cat":[15,226,195,227],"product_tag":[],"class_list":{"0":"post-6753","1":"product","2":"type-product","3":"status-publish","4":"has-post-thumbnail","6":"product_cat-uncategorized","7":"product_cat-nabidka","8":"product_cat-superpotraviny","9":"product_cat-vsechny-produkty","11":"first","12":"instock","13":"sale","14":"taxable","15":"shipping-taxable","16":"purchasable","17":"product-type-simple"},"acf":[],"_links":{"self":[{"href":"https:\/\/fengchashop.com\/cz\/wp-json\/wp\/v2\/product\/6753","targetHints":{"allow":["GET"]}}],"collection":[{"href":"https:\/\/fengchashop.com\/cz\/wp-json\/wp\/v2\/product"}],"about":[{"href":"https:\/\/fengchashop.com\/cz\/wp-json\/wp\/v2\/types\/product"}],"replies":[{"embeddable":true,"href":"https:\/\/fengchashop.com\/cz\/wp-json\/wp\/v2\/comments?post=6753"}],"wp:featuredmedia":[{"embeddable":true,"href":"https:\/\/fengchashop.com\/cz\/wp-json\/wp\/v2\/media\/6754"}],"wp:attachment":[{"href":"https:\/\/fengchashop.com\/cz\/wp-json\/wp\/v2\/media?parent=6753"}],"wp:term":[{"taxonomy":"product_brand","embeddable":true,"href":"https:\/\/fengchashop.com\/cz\/wp-json\/wp\/v2\/product_brand?post=6753"},{"taxonomy":"product_cat","embeddable":true,"href":"https:\/\/fengchashop.com\/cz\/wp-json\/wp\/v2\/product_cat?post=6753"},{"taxonomy":"product_tag","embeddable":true,"href":"https:\/\/fengchashop.com\/cz\/wp-json\/wp\/v2\/product_tag?post=6753"}],"curies":[{"name":"wp","href":"https:\/\/api.w.org\/{rel}","templated":true}]}}