{"id":6749,"date":"2023-02-01T18:28:33","date_gmt":"2023-02-01T17:28:33","guid":{"rendered":"https:\/\/fengchashop.com\/cz\/product\/sipkovy-prasek-bio-250-g\/"},"modified":"2026-04-30T15:22:04","modified_gmt":"2026-04-30T13:22:04","slug":"sipkovy-prasek-bio","status":"publish","type":"product","link":"https:\/\/fengchashop.com\/cz\/product\/sipkovy-prasek-bio\/","title":{"rendered":"\u0160\u00edpkov\u00fd pr\u00e1\u0161ek BIO 250 g"},"content":{"rendered":"<h2><span style=\"color: #000000\">\u0160\u00edpkov\u00fd pr\u00e1\u0161ek BIO<\/span><\/h2>\n<p><span style=\"color: #000000\">Ji\u017e Sumerov\u00e9 ve sv\u00fdch z\u00e1znamech uv\u00e1d\u011bli \u0161\u00edpek nebo tzv. divokou r\u016f\u017ei (v\u011bdeck\u00fd n\u00e1zev Rosa canina), je zde zn\u00e1m\u00e1 tak\u00e9 pod n\u00e1zvem babji zob, ps\u00ed r\u016f\u017ee nebo divok\u00e1 r\u016f\u017ee. Za\u010dali jej pou\u017e\u00edvat kolem roku 3000 p\u0159ed na\u0161\u00edm letopo\u010dtem. \u0160\u00edpek je bujn\u011b rostouc\u00ed ke\u0159, kter\u00fd m\u016f\u017ee dor\u016fst a\u017e 3 metr\u016f na v\u00fd\u0161ku, s r\u016f\u017eov\u00fdmi hv\u011bzdicovit\u00fdmi kv\u011bty. Plody, kter\u00e9 se pou\u017e\u00edvaj\u00ed k l\u00e9\u010debn\u00fdm \u00fa\u010del\u016fm, jsou \u010derven\u00e9 barvy, s tvrd\u0161\u00ed slupkou a naz\u00fdvaj\u00ed se \u0161\u00edpkov\u00e9 bobule.<\/span><\/p>\n<p><span style=\"color: #000000\">\u0160\u00edpkov\u00fd pr\u00e1\u0161ek se z\u00edsk\u00e1v\u00e1 ze su\u0161en\u00fdch plod\u016f (plod\u016f \u0161\u00edpku), kter\u00e9 se sb\u00edraj\u00ed v \u0159\u00edjnu a listopadu. Nejd\u016fle\u017eit\u011bj\u0161\u00ed slo\u017eky \u0161\u00edpku jsou zachov\u00e1ny, tak\u017ee se plody su\u0161\u00ed pomalu a p\u0159i teplot\u011b do 40\u02daC. Po dokon\u010den\u00ed procesu su\u0161en\u00ed se su\u0161en\u00e9 \u0161\u00edpky melou na jemn\u00fd pr\u00e1\u0161ek.<\/span><\/p>\n<h2><span style=\"color: #000000\">Kl\u00ed\u010dov\u00e9 vlastnosti \u0161\u00edpk\u016f<\/span><\/h2>\n<p><span style=\"color: #000000\">\u0160\u00edpek je zn\u00e1m ji\u017e velmi dlouho a stejn\u011b tak i jeho vyu\u017eit\u00ed v p\u0159\u00edrodn\u00ed medic\u00edn\u011b. \u0160\u00edpek m\u00e1 60x v\u00edce vitaminu C ne\u017e citrusov\u00e9 plody, proto\u017ee pat\u0159\u00ed mezi ovoce s nejvy\u0161\u0161\u00edm obsahem vitaminu C (kyseliny askorbov\u00e9).<\/span><\/p>\n<p><span style=\"color: #000000\">\u0160\u00edpky obsahuj\u00ed krom\u011b vitam\u00ednu C tak\u00e9 hodn\u011b vl\u00e1kniny (balastn\u00edch l\u00e1tek). Je obohacen o bioflavonoidy, kter\u00e9 maj\u00ed za \u00fakol napom\u00e1hat vst\u0159eb\u00e1v\u00e1n\u00ed kyseliny askorbov\u00e9. Bioflavonoidy pom\u00e1haj\u00ed pe\u010dovat o po\u0161kozenou poko\u017eku.<\/span><\/p>\n<h2><span style=\"color: #000000\">\u00da\u010dinky \u0161\u00edpk\u016f<\/span><\/h2>\n<p><span style=\"color: #000000\">\u00da\u010dinky, kter\u00e9 maj\u00ed pozitivn\u00ed vliv na na\u0161e zdrav\u00ed a t\u011blo:<\/span><\/p>\n<p><span style=\"color: #000000\">\ud83d\udc9a siln\u00fd antioxidant,<\/span><br \/>\n<span style=\"color: #000000\">\ud83d\udc9a posiluje imunitn\u00ed syst\u00e9m,<\/span><br \/>\n<span style=\"color: #000000\">\ud83d\udc9a zlep\u0161uje odolnost,<\/span><br \/>\n<span style=\"color: #000000\">\ud83d\udc9a pom\u00e1h\u00e1 p\u0159i nachlazen\u00ed a ch\u0159ipce,<\/span><br \/>\n<span style=\"color: #000000\">\ud83d\udc9a pom\u00e1h\u00e1 posilovat p\u0159irozenou obranyschopnost organismu proti oxidativn\u00edmu po\u0161kozen\u00ed,<\/span><br \/>\n<span style=\"color: #000000\">\ud83d\udc9a p\u016fsob\u00ed jako m\u00edrn\u00e9 proj\u00edmadlo,<\/span><br \/>\n<span style=\"color: #000000\">\ud83d\udc9a zlep\u0161uje tr\u00e1ven\u00ed,<\/span><br \/>\n<span style=\"color: #000000\">\ud83d\udc9a m\u00e1 protiz\u00e1n\u011btliv\u00fd \u00fa\u010dinek,<\/span><br \/>\n<span style=\"color: #000000\">\ud83d\udc9a p\u0159\u00edzniv\u011b p\u016fsob\u00ed p\u0159i bolestech kloub\u016f,<\/span><br \/>\n<span style=\"color: #000000\">\ud83d\udc9a pom\u00e1h\u00e1 na po\u0161kozenou poko\u017eku,<\/span><br \/>\n<span style=\"color: #000000\">\ud83d\udc9a \u010dist\u00ed a hydratuje poko\u017eku,<\/span><br \/>\n<span style=\"color: #000000\">\ud83d\udc9a zm\u00edr\u0148uje probl\u00e9my s akn\u00f3zn\u00ed plet\u00ed.<\/span><\/p>\n<h2><span style=\"color: #000000\">Balen\u00ed<\/span><\/h2>\n<p><span style=\"color: #000000\">Nepropustn\u00fd s\u00e1\u010dek se zipem, ve kter\u00e9m si v\u00fdrobek zachov\u00e1v\u00e1 svou \u010derstvost a v\u016fni. Obal chr\u00e1n\u00ed p\u0159ed sv\u011btlem a vzduchem, proto\u017ee se skl\u00e1d\u00e1 z n\u011bkolika ochrann\u00fdch vrstev, kter\u00e9 zachov\u00e1vaj\u00ed vlastnosti obsahu.<\/span><\/p>\n<p><span style=\"color: #000000\">Obal je velmi praktick\u00fd a recyklovateln\u00fd.<\/span><\/p>\n<h2><span style=\"color: #000000\">Skladov\u00e1n\u00ed a upozorn\u011bn\u00ed<\/span><\/h2>\n<p><span style=\"color: #000000\">Skladujte na chladn\u00e9m a such\u00e9m m\u00edst\u011b. Dopln\u011bk stravy uchov\u00e1vejte mimo dosah d\u011bt\u00ed!<\/span><\/p>\n<p><span style=\"color: #000000\">Pamatujte na pestrou stravu a zdrav\u00fd \u017eivotn\u00ed styl &#8211; dopln\u011bk stravy nem\u016f\u017ee nahradit vyv\u00e1\u017eenou a pestrou stravu. Nep\u0159ekra\u010dujte doporu\u010denou denn\u00ed d\u00e1vku. T\u011bhotn\u00fdm a koj\u00edc\u00edm \u017een\u00e1m doporu\u010dujeme, aby se p\u0159ed u\u017e\u00edv\u00e1n\u00edm p\u0159\u00edpravku v\u017edy poradily s l\u00e9ka\u0159em.<\/span><\/p>\n<h2><span style=\"color: #000000\">P\u016fvod<\/span><\/h2>\n<p><span style=\"color: #000000\">Bulharsko<\/span><\/p>\n","protected":false},"excerpt":{"rendered":"<p>\u0160\u00edpek je zn\u00e1m ji\u017e velmi dlouho a stejn\u011b tak i jeho vyu\u017eit\u00ed v p\u0159\u00edrodn\u00ed medic\u00edn\u011b. \u0160\u00edpek m\u00e1 60x v\u00edce vitaminu C ne\u017e citrusov\u00e9 plody, proto\u017ee pat\u0159\u00ed mezi ovoce s nejvy\u0161\u0161\u00edm obsahem vitaminu C (kyseliny askorbov\u00e9). \u0160\u00edpky obsahuj\u00ed krom\u011b vitam\u00ednu C tak\u00e9 hodn\u011b vl\u00e1kniny (balastn\u00edch l\u00e1tek). Je obohacen o bioflavonoidy, kter\u00e9 maj\u00ed za \u00fakol napom\u00e1hat vst\u0159eb\u00e1v\u00e1n\u00ed kyseliny askorbov\u00e9. Bioflavonoidy pom\u00e1haj\u00ed pe\u010dovat o po\u0161kozenou poko\u017eku.<\/p>\n<p>\ud83d\udc9a P\u0159\u00edzniv\u011b p\u016fsob\u00ed p\u0159i bolestech kloub\u016f.<br \/>\n\ud83d\udc9a Pom\u00e1h\u00e1 p\u0159i nachlazen\u00ed a ch\u0159ipce.<br \/>\n\ud83d\udc9a Zm\u00edr\u0148uje probl\u00e9my s akn\u00f3zn\u00ed plet\u00ed.<br \/>\n\ud83d\udc9a Siln\u00fd antioxidant.<\/p>\n","protected":false},"featured_media":6750,"comment_status":"open","ping_status":"closed","template":"","meta":{"_acf_changed":false},"product_brand":[],"product_cat":[15,226,195,227],"product_tag":[],"class_list":{"0":"post-6749","1":"product","2":"type-product","3":"status-publish","4":"has-post-thumbnail","6":"product_cat-uncategorized","7":"product_cat-nabidka","8":"product_cat-superpotraviny","9":"product_cat-vsechny-produkty","11":"first","12":"instock","13":"taxable","14":"shipping-taxable","15":"purchasable","16":"product-type-simple"},"acf":[],"_links":{"self":[{"href":"https:\/\/fengchashop.com\/cz\/wp-json\/wp\/v2\/product\/6749","targetHints":{"allow":["GET"]}}],"collection":[{"href":"https:\/\/fengchashop.com\/cz\/wp-json\/wp\/v2\/product"}],"about":[{"href":"https:\/\/fengchashop.com\/cz\/wp-json\/wp\/v2\/types\/product"}],"replies":[{"embeddable":true,"href":"https:\/\/fengchashop.com\/cz\/wp-json\/wp\/v2\/comments?post=6749"}],"wp:featuredmedia":[{"embeddable":true,"href":"https:\/\/fengchashop.com\/cz\/wp-json\/wp\/v2\/media\/6750"}],"wp:attachment":[{"href":"https:\/\/fengchashop.com\/cz\/wp-json\/wp\/v2\/media?parent=6749"}],"wp:term":[{"taxonomy":"product_brand","embeddable":true,"href":"https:\/\/fengchashop.com\/cz\/wp-json\/wp\/v2\/product_brand?post=6749"},{"taxonomy":"product_cat","embeddable":true,"href":"https:\/\/fengchashop.com\/cz\/wp-json\/wp\/v2\/product_cat?post=6749"},{"taxonomy":"product_tag","embeddable":true,"href":"https:\/\/fengchashop.com\/cz\/wp-json\/wp\/v2\/product_tag?post=6749"}],"curies":[{"name":"wp","href":"https:\/\/api.w.org\/{rel}","templated":true}]}}