{"id":6743,"date":"2023-02-01T18:08:46","date_gmt":"2023-02-01T17:08:46","guid":{"rendered":"https:\/\/fengchashop.com\/cz\/product\/kopriva-prasek-bio-250g\/"},"modified":"2026-05-06T19:44:28","modified_gmt":"2026-05-06T17:44:28","slug":"kopriva-prasek-bio","status":"publish","type":"product","link":"https:\/\/fengchashop.com\/cz\/product\/kopriva-prasek-bio\/","title":{"rendered":"Kop\u0159iva pr\u00e1\u0161ek BIO 250g"},"content":{"rendered":"<h2><span style=\"color: #000000\">Kop\u0159iva BIO<\/span><\/h2>\n<p><span style=\"color: #000000\">Kop\u0159iva dvoudom\u00e1 neboli Urtica dioica je rostlina (bylinn\u00e1 trvalka), kter\u00e1 se vyskytuje po cel\u00e9m sv\u011bt\u011b a je po stalet\u00ed pou\u017e\u00edv\u00e1na v r\u016fzn\u00fdch zem\u00edch a kultur\u00e1ch. P\u0159ed stalet\u00edmi se kop\u0159iva skl\u00edzela pro sv\u00e9 nutri\u010dn\u00ed vlastnosti, konzumovala se jako divok\u00fd dopln\u011bk stravy, aplikovala se lok\u00e1ln\u011b na poko\u017eku a pila jako bylinn\u00fd \u010daj.<\/span><\/p>\n<p><span style=\"color: #000000\">Listy kop\u0159ivy se sb\u00edraj\u00ed na ja\u0159e, kdy\u017e rostlina dozraje, ale je\u0161t\u011b p\u0159edt\u00edm, ne\u017e za\u010dne kv\u00e9st. Nasb\u00edran\u00e9 listy se pomalu su\u0161\u00ed a melou na jemn\u00fd pr\u00e1\u0161ek.<\/span><\/p>\n<h2><span style=\"color: #000000\">Kl\u00ed\u010dov\u00e9 vlastnosti kop\u0159ivy<\/span><\/h2>\n<p><span style=\"color: #000000\">Kop\u0159ivy maj\u00ed vysok\u00fd obsah antioxidant\u016f, b\u00edlkovin a vl\u00e1kniny. Kop\u0159iva je uzn\u00e1v\u00e1na tak\u00e9 jako dopln\u011bk stravy, proto\u017ee je extr\u00e9mn\u011b obohacena o v\u00e1pn\u00edk, \u017eelezo, ho\u0159\u010d\u00edk a drasl\u00edk. D\u00e1le obsahuje vitam\u00edny, A, C, K a hlavn\u011b hodn\u011b vitam\u00ednu B.<\/span><\/p>\n<p><span style=\"color: #000000\">V tradi\u010dn\u00ed medic\u00edn\u011b se u\u017e\u00edv\u00e1n\u00ed kop\u0159ivy doporu\u010duje jako sou\u010d\u00e1st jarn\u00edch k\u00far a diet p\u0159i detoxikaci a pro\u010di\u0161t\u011bn\u00ed, ale i p\u0159i \u00fanav\u011b a vy\u010derp\u00e1n\u00ed.<\/span><\/p>\n<p><span style=\"color: #000000\">Konzumace kop\u0159ivy podporuje zdravou funkci mo\u010dov\u00fdch cest a p\u016fsob\u00ed jako m\u00edrn\u00e9 diuretikum a z\u00e1rove\u0148 podporuje zdrav\u00ed horn\u00edch cest d\u00fdchac\u00edch.<\/span><\/p>\n<h2><span style=\"color: #000000\">\u00da\u010dinky kop\u0159ivy<\/span><\/h2>\n<p><span style=\"color: #000000\">\u00da\u010dinky, kter\u00e9 maj\u00ed pozitivn\u00ed vliv na na\u0161e zdrav\u00ed a t\u011blo:<\/span><\/p>\n<p><span style=\"color: #000000\">\ud83d\udc9a siln\u00fd antioxidant,<\/span><br \/>\n<span style=\"color: #000000\">\ud83d\udc9a m\u00e1 diuretick\u00fd \u00fa\u010dinek,<\/span><br \/>\n<span style=\"color: #000000\">\ud83d\udc9a pom\u00e1h\u00e1 p\u0159i detoxikaci a \u010di\u0161t\u011bn\u00ed,<\/span><br \/>\n<span style=\"color: #000000\">\ud83d\udc9a stimuluje \u010dinnost mo\u010dov\u00e9ho syst\u00e9mu,<\/span><br \/>\n<span style=\"color: #000000\">\ud83d\udc9a pom\u00e1h\u00e1 odv\u00e1d\u011bt vodu,<\/span><br \/>\n<span style=\"color: #000000\">\ud83d\udc9a m\u00e1 protiz\u00e1n\u011btliv\u00fd \u00fa\u010dinek,<\/span><br \/>\n<span style=\"color: #000000\">\ud83d\udc9a pom\u00e1h\u00e1 p\u0159i \u00fanav\u011b a vy\u010derp\u00e1n\u00ed,<\/span><br \/>\n<span style=\"color: #000000\">\ud83d\udc9a p\u0159isp\u00edv\u00e1 ke zdrav\u00ed horn\u00edch cest d\u00fdchac\u00edch,<\/span><br \/>\n<span style=\"color: #000000\">\ud83d\udc9a obsahuje hodn\u011b vl\u00e1kniny,<\/span><br \/>\n<span style=\"color: #000000\">\ud83d\udc9a \u010dist\u00ed a hydratuje poko\u017eku,<\/span><br \/>\n<span style=\"color: #000000\">\ud83d\udc9a zm\u00edr\u0148uje ko\u017en\u00ed probl\u00e9my s ekz\u00e9my.<\/span><\/p>\n<h2><span style=\"color: #000000\">Balen\u00ed<\/span><\/h2>\n<p><span style=\"color: #000000\">Nepropustn\u00fd s\u00e1\u010dek se zipem, ve kter\u00e9m si v\u00fdrobek zachov\u00e1v\u00e1 svou \u010derstvost a v\u016fni. Obal chr\u00e1n\u00ed p\u0159ed sv\u011btlem a vzduchem, proto\u017ee se skl\u00e1d\u00e1 z n\u011bkolika ochrann\u00fdch vrstev, kter\u00e9 zachov\u00e1vaj\u00ed vlastnosti obsahu.<\/span><\/p>\n<p><span style=\"color: #000000\">Obal je velmi praktick\u00fd a recyklovateln\u00fd.<\/span><\/p>\n<h2><span style=\"color: #000000\">Skladov\u00e1n\u00ed a upozorn\u011bn\u00ed<\/span><\/h2>\n<p><span style=\"color: #000000\">Skladujte na chladn\u00e9m a such\u00e9m m\u00edst\u011b. Dopln\u011bk stravy uchov\u00e1vejte mimo dosah d\u011bt\u00ed!<\/span><\/p>\n<p><span style=\"color: #000000\">Pamatujte na pestrou stravu a zdrav\u00fd \u017eivotn\u00ed styl &#8211; dopln\u011bk stravy nem\u016f\u017ee nahradit vyv\u00e1\u017eenou a pestrou stravu. Nep\u0159ekra\u010dujte doporu\u010denou denn\u00ed d\u00e1vku. T\u011bhotn\u00fdm a koj\u00edc\u00edm \u017een\u00e1m doporu\u010dujeme, aby se p\u0159ed u\u017e\u00edv\u00e1n\u00edm p\u0159\u00edpravku v\u017edy poradily s l\u00e9ka\u0159em.<\/span><\/p>\n<h2><span style=\"color: #000000\">P\u016fvod<\/span><\/h2>\n<p><span style=\"color: #000000\">Bulharsko<\/span><\/p>\n","protected":false},"excerpt":{"rendered":"<p>Kop\u0159ivy maj\u00ed vysok\u00fd obsah antioxidant\u016f, b\u00edlkovin a vl\u00e1kniny. Kop\u0159iva je uzn\u00e1v\u00e1na tak\u00e9 jako dopln\u011bk stravy, proto\u017ee je extr\u00e9mn\u011b obohacena o v\u00e1pn\u00edk, \u017eelezo, ho\u0159\u010d\u00edk a drasl\u00edk. D\u00e1le obsahuje vitam\u00edny A, C, K, a hlavn\u011b hodn\u011b vitam\u00ednu B. V tradi\u010dn\u00ed medic\u00edn\u011b se u\u017e\u00edv\u00e1n\u00ed kop\u0159ivy doporu\u010duje jako sou\u010d\u00e1st jarn\u00edch k\u00far a diet p\u0159i detoxikaci a pro\u010di\u0161t\u011bn\u00ed, ale i p\u0159i \u00fanav\u011b a vy\u010derp\u00e1n\u00ed.<\/p>\n<p>\ud83d\udc9a Pom\u00e1h\u00e1 p\u0159i detoxikaci a pro\u010di\u0161t\u011bn\u00ed.<br \/>\n\ud83d\udc9a P\u0159isp\u00edv\u00e1 ke zdrav\u00ed horn\u00edch cest d\u00fdchac\u00edch.<br \/>\n\ud83d\udc9a Pom\u00e1h\u00e1 odv\u00e1d\u011bt vodu.<br \/>\n\ud83d\udc9a Pom\u00e1h\u00e1 p\u0159i \u00fanav\u011b a vy\u010derp\u00e1n\u00ed.<\/p>\n","protected":false},"featured_media":6744,"comment_status":"open","ping_status":"closed","template":"","meta":{"_acf_changed":false},"product_brand":[],"product_cat":[15,226,195,227],"product_tag":[],"class_list":{"0":"post-6743","1":"product","2":"type-product","3":"status-publish","4":"has-post-thumbnail","6":"product_cat-uncategorized","7":"product_cat-nabidka","8":"product_cat-superpotraviny","9":"product_cat-vsechny-produkty","11":"first","12":"instock","13":"taxable","14":"shipping-taxable","15":"purchasable","16":"product-type-simple"},"acf":[],"_links":{"self":[{"href":"https:\/\/fengchashop.com\/cz\/wp-json\/wp\/v2\/product\/6743","targetHints":{"allow":["GET"]}}],"collection":[{"href":"https:\/\/fengchashop.com\/cz\/wp-json\/wp\/v2\/product"}],"about":[{"href":"https:\/\/fengchashop.com\/cz\/wp-json\/wp\/v2\/types\/product"}],"replies":[{"embeddable":true,"href":"https:\/\/fengchashop.com\/cz\/wp-json\/wp\/v2\/comments?post=6743"}],"wp:featuredmedia":[{"embeddable":true,"href":"https:\/\/fengchashop.com\/cz\/wp-json\/wp\/v2\/media\/6744"}],"wp:attachment":[{"href":"https:\/\/fengchashop.com\/cz\/wp-json\/wp\/v2\/media?parent=6743"}],"wp:term":[{"taxonomy":"product_brand","embeddable":true,"href":"https:\/\/fengchashop.com\/cz\/wp-json\/wp\/v2\/product_brand?post=6743"},{"taxonomy":"product_cat","embeddable":true,"href":"https:\/\/fengchashop.com\/cz\/wp-json\/wp\/v2\/product_cat?post=6743"},{"taxonomy":"product_tag","embeddable":true,"href":"https:\/\/fengchashop.com\/cz\/wp-json\/wp\/v2\/product_tag?post=6743"}],"curies":[{"name":"wp","href":"https:\/\/api.w.org\/{rel}","templated":true}]}}