{"id":6741,"date":"2023-04-04T11:24:36","date_gmt":"2023-04-04T09:24:36","guid":{"rendered":"https:\/\/fengchashop.com\/cz\/product\/horny-goat-weed-skornice-velkokveta-bio-v-prasku-250g\/"},"modified":"2026-05-06T13:32:00","modified_gmt":"2026-05-06T11:32:00","slug":"horny-goat-weed-skornice-velkokveta-v-prasku","status":"publish","type":"product","link":"https:\/\/fengchashop.com\/cz\/product\/horny-goat-weed-skornice-velkokveta-v-prasku\/","title":{"rendered":"Horny goat weed (\u0160kornice velkokv\u011bt\u00e1) v pr\u00e1\u0161ku 250g"},"content":{"rendered":"<h2><span style=\"color: #000000;\">Horny goat weed<\/span><\/h2>\n<p><span style=\"color: #000000;\">Epimedium brevicornum Anglicky se t\u00e9to ko\u0161at\u00e9 rostlin\u011b \u0159\u00edk\u00e1 Horny goat weed nebo Horny goat, co\u017e ve slovin\u0161tin\u011b znamen\u00e1 \u201etr\u00e1va nezbytn\u00e9 kozy\u201c. N\u00e1zev odkazuje na zv\u00fd\u0161en\u00ed libida u koz, kter\u00e9 jedly ke\u0159e. Dor\u016fst\u00e1 a\u017e 30 cm a m\u00e1 mnoho kv\u011bt\u016f (fialov\u00e9, r\u016f\u017eov\u00e9, \u017elut\u00e9 a b\u00edl\u00e9), kter\u00e9 jsou seskupeny do hrozn\u016f nebo hrozn\u016f.<\/span><\/p>\n<p><span style=\"color: #000000;\">Horny koz\u00ed plevel roste v m\u00edrn\u00e9m a subtropick\u00e9m klimatu a p\u016fvodn\u011b poch\u00e1z\u00ed z \u010c\u00edny a Koreje. V tradi\u010dn\u00ed \u010d\u00ednsk\u00e9 medic\u00edn\u011b se pou\u017e\u00edv\u00e1 po tis\u00edce let jako tradi\u010dn\u00ed l\u00e9k na mnoho probl\u00e9m\u016f, v\u010detn\u011b dysfunkc\u00ed a menopauzy, a je tak\u00e9 pova\u017eov\u00e1n za afrodiziakum pro mu\u017ee i \u017eeny.<\/span><\/p>\n<h2><span style=\"color: #000000;\">Jak\u00e9 jsou d\u016fle\u017eit\u00e9 \u00fa\u010dinn\u00e9 l\u00e1tky kozl\u00edku rohat\u00e9ho?<\/span><\/h2>\n<p><span style=\"color: #000000;\">Bylo v\u011bdecky prok\u00e1z\u00e1no, \u017ee nadr\u017een\u00e1 koza obsahuje slou\u010deniny, kter\u00e9 maj\u00ed farmakologick\u00e9 vlastnosti, jako je svalov\u00e1 relaxace, zv\u00fd\u0161en\u00ed hladiny testosteronu a pr\u016ftok krve.<\/span><\/p>\n<p><span style=\"color: #000000;\">Koza rohat\u00e1 je rostlina, kter\u00e1 je obohacena o flavonoidy, fenolick\u00e9 slou\u010deniny a dal\u0161\u00ed d\u016fle\u017eit\u00e9 \u017eiviny, kter\u00e9 mohou prosp\u00edvat zdrav\u00ed r\u016fzn\u00fdmi zp\u016fsoby. Proto se koza rohat\u00e1 st\u00e1v\u00e1 st\u00e1le obl\u00edben\u011bj\u0161\u00ed rostlinou, a to jak pro pou\u017eit\u00ed jako dopln\u011bk stravy, tak i jako bylinn\u00fd p\u0159\u00edpravek na r\u016fzn\u00e1 onemocn\u011bn\u00ed a zlep\u0161en\u00ed zdrav\u00ed.<\/span><\/p>\n<p><span style=\"color: #000000;\">Icariin je flavoidn\u00ed slou\u010denina a je hlavn\u00ed aktivn\u00ed slo\u017ekou tr\u00e1vy nadr\u017een\u00e9 kozy. Icariin p\u016fsob\u00ed jako p\u0159irozen\u00fd inhibitor enzymu PDE5, kter\u00fd m\u016f\u017ee zp\u016fsobit erektiln\u00ed dysfunkci. U\u017e\u00edv\u00e1n\u00ed icariinu zlep\u0161uje sexu\u00e1ln\u00ed funkce a l\u00e9\u010dbu erektiln\u00ed dysfunkce. Icariin se v\u0161ak tak\u00e9 \u0161iroce pou\u017e\u00edv\u00e1 ke zlep\u0161en\u00ed sportovn\u00edho v\u00fdkonu, proto\u017ee m\u016f\u017ee zv\u00fd\u0161it hladinu testosteronu a sn\u00ed\u017eit hladinu kortizolu, co\u017e p\u0159isp\u00edv\u00e1 ke zlep\u0161en\u00ed svalov\u00e9 hmoty a s\u00edly. Krom\u011b toho m\u016f\u017ee icariin tak\u00e9 podporovat obnovu hustoty kost\u00ed, co\u017e m\u016f\u017ee sn\u00ed\u017eit riziko osteopor\u00f3zy a zlep\u0161it zdrav\u00ed kost\u00ed.<\/span><\/p>\n<h2><span style=\"color: #000000;\">Kl\u00ed\u010dov\u00e9 vlastnosti, kter\u00e9 n\u00e1m Horny goat nab\u00edz\u00ed?<\/span><\/h2>\n<p><span style=\"color: #000000;\">Jako dopln\u011bk pro r\u016fzn\u00e9 \u00fa\u010dely se st\u00e1le \u010dast\u011bji pou\u017e\u00edv\u00e1 koz\u00ed plevel. V tradi\u010dn\u00ed \u010d\u00ednsk\u00e9 medic\u00edn\u011b se pou\u017e\u00edv\u00e1 jako afrodiziakum, tonikum a antirevmatikum.<\/span><\/p>\n<p><span style=\"color: #000000;\">\u00da\u010dinky, kter\u00e9 maj\u00ed pozitivn\u00ed vliv na na\u0161e zdrav\u00ed a t\u011blo:<\/span><\/p>\n<p><span style=\"color: #000000;\">\ud83d\udc9a zlep\u0161uje funkci pohlavn\u00edch \u017el\u00e1z,<\/span><br \/>\n<span style=\"color: #000000;\">\ud83d\udc9a zlep\u0161uje libido u mu\u017e\u016f a erektiln\u00ed dysfunkci,<\/span><br \/>\n<span style=\"color: #000000;\">\ud83d\udc9a pom\u00e1h\u00e1 p\u0159i l\u00e9\u010db\u011b impotence a mu\u017esk\u00e9 neplodnosti,<\/span><br \/>\n<span style=\"color: #000000;\">\ud83d\udc9a pou\u017e\u00edv\u00e1 se jako tonikum pro reproduk\u010dn\u00ed syst\u00e9m,<\/span><br \/>\n<span style=\"color: #000000;\">\ud83d\udc9a zvy\u0161uje energii a vytrvalost,<\/span><br \/>\n<span style=\"color: #000000;\">\ud83d\udc9a zm\u00edr\u0148uje p\u0159\u00edznaky menopauzy,<\/span><br \/>\n<span style=\"color: #000000;\">\ud83d\udc9a reguluje kardiovaskul\u00e1rn\u00ed syst\u00e9m (pr\u016ftok krve),<\/span><br \/>\n<span style=\"color: #000000;\">\ud83d\udc9a zlep\u0161uje fungov\u00e1n\u00ed imunitn\u00edho syst\u00e9mu,<\/span><br \/>\n<span style=\"color: #000000;\">\ud83d\udc9a zm\u00edr\u0148uje bolesti kloub\u016f a artritidu,<\/span><br \/>\n<span style=\"color: #000000;\">\ud83d\udc9a m\u00e1 antibakteri\u00e1ln\u00ed, antivirov\u00e9 a protiz\u00e1n\u011btliv\u00e9 \u00fa\u010dinky,<\/span><br \/>\n<span style=\"color: #000000;\">\ud83d\udc9a sni\u017euje \u00fazkost a deprese,<\/span><br \/>\n<span style=\"color: #000000;\">\ud83d\udc9a zlep\u0161uje metabolismus t\u011bla a funkci org\u00e1n\u016f.<\/span><\/p>\n<h2><span style=\"color: #000000;\">Balen\u00ed<\/span><\/h2>\n<p><span style=\"color: #000000;\">Nepropustn\u00fd s\u00e1\u010dek se zipem, ve kter\u00e9m si v\u00fdrobek zachov\u00e1v\u00e1 svou \u010derstvost a v\u016fni. Obal chr\u00e1n\u00ed p\u0159ed sv\u011btlem a vzduchem, proto\u017ee se skl\u00e1d\u00e1 z n\u011bkolika ochrann\u00fdch vrstev, kter\u00e9 zachov\u00e1vaj\u00ed vlastnosti obsahu.<\/span><\/p>\n<p><span style=\"color: #000000;\">Obal je velmi praktick\u00fd a recyklovateln\u00fd.<\/span><\/p>\n<h2><span style=\"color: #000000;\">Skladov\u00e1n\u00ed a upozorn\u011bn\u00ed<\/span><\/h2>\n<p><span style=\"color: #000000;\">Skladujte na chladn\u00e9m a such\u00e9m m\u00edst\u011b. Dopln\u011bk stravy uchov\u00e1vejte mimo dosah d\u011bt\u00ed!<\/span><\/p>\n<p><span style=\"color: #000000;\">Pamatujte na pestrou stravu a zdrav\u00fd \u017eivotn\u00ed styl &#8211; dopln\u011bk stravy nem\u016f\u017ee nahradit vyv\u00e1\u017eenou a pestrou stravu. Nep\u0159ekra\u010dujte doporu\u010denou denn\u00ed d\u00e1vku. T\u011bhotn\u00fdm a koj\u00edc\u00edm \u017een\u00e1m doporu\u010dujeme, aby se p\u0159ed u\u017e\u00edv\u00e1n\u00edm p\u0159\u00edpravku v\u017edy poradily s l\u00e9ka\u0159em.<\/span><\/p>\n<h2><span style=\"color: #000000;\">P\u016fvod<\/span><\/h2>\n<p><span style=\"color: #000000;\">\u010c\u00edna <\/span><\/p>\n<p><span style=\"color: #000000;\">M\u00e1me velmi spolehliv\u00e9 dodavatele, kte\u0159\u00ed n\u00e1m pro ka\u017edou \u0161ar\u017ei zas\u00edlaj\u00ed podrobn\u00fd chemick\u00fd rozbor v\u00fdrobku. Za v\u00edce ne\u017e 10 let jsme s t\u00edmto v\u00fdrobkem ani s \u017e\u00e1dn\u00fdm jin\u00fdm v\u00fdrobkem od stejn\u00e9ho dodavatele nem\u011bli nikdy \u017e\u00e1dn\u00fd probl\u00e9m. <\/span><\/p>\n","protected":false},"excerpt":{"rendered":"<p>Horny goat weed, zn\u00e1m\u00fd tak\u00e9 pod v\u011bdeck\u00fdm n\u00e1zvem Epimedium brevicornum. V tradi\u010dn\u00ed \u010d\u00ednsk\u00e9 medic\u00edn\u011b se pou\u017e\u00edv\u00e1 ji\u017e po tis\u00edcilet\u00ed jako tradi\u010dn\u00ed l\u00e9k na \u0159adu probl\u00e9m\u016f, v\u010detn\u011b dysfunkc\u00ed a menopauzy, a je tak\u00e9 pova\u017eov\u00e1n za afrodiziakum pro mu\u017ee i \u017eeny.<\/p>\n<p>\ud83d\udc9a Pou\u017e\u00edv\u00e1 se jako tonikum pro reproduk\u010dn\u00ed syst\u00e9m.<br \/>\n\ud83d\udc9a Zm\u00edr\u0148uje p\u0159\u00edznaky menopauzy.<br \/>\n\ud83d\udc9a Pom\u00e1h\u00e1 p\u0159i l\u00e9\u010db\u011b impotence a mu\u017esk\u00e9 neplodnosti.<br \/>\n\ud83d\udc9a Zlep\u0161uje libido u mu\u017e\u016f a l\u00e9\u010d\u00ed erektiln\u00ed dysfunkci.<\/p>\n","protected":false},"featured_media":8055,"comment_status":"open","ping_status":"closed","template":"","meta":{"_acf_changed":false},"product_brand":[],"product_cat":[15,226,195,227],"product_tag":[],"class_list":{"0":"post-6741","1":"product","2":"type-product","3":"status-publish","4":"has-post-thumbnail","6":"product_cat-uncategorized","7":"product_cat-nabidka","8":"product_cat-superpotraviny","9":"product_cat-vsechny-produkty","11":"first","12":"instock","13":"sale","14":"taxable","15":"shipping-taxable","16":"purchasable","17":"product-type-simple"},"acf":[],"_links":{"self":[{"href":"https:\/\/fengchashop.com\/cz\/wp-json\/wp\/v2\/product\/6741","targetHints":{"allow":["GET"]}}],"collection":[{"href":"https:\/\/fengchashop.com\/cz\/wp-json\/wp\/v2\/product"}],"about":[{"href":"https:\/\/fengchashop.com\/cz\/wp-json\/wp\/v2\/types\/product"}],"replies":[{"embeddable":true,"href":"https:\/\/fengchashop.com\/cz\/wp-json\/wp\/v2\/comments?post=6741"}],"wp:featuredmedia":[{"embeddable":true,"href":"https:\/\/fengchashop.com\/cz\/wp-json\/wp\/v2\/media\/8055"}],"wp:attachment":[{"href":"https:\/\/fengchashop.com\/cz\/wp-json\/wp\/v2\/media?parent=6741"}],"wp:term":[{"taxonomy":"product_brand","embeddable":true,"href":"https:\/\/fengchashop.com\/cz\/wp-json\/wp\/v2\/product_brand?post=6741"},{"taxonomy":"product_cat","embeddable":true,"href":"https:\/\/fengchashop.com\/cz\/wp-json\/wp\/v2\/product_cat?post=6741"},{"taxonomy":"product_tag","embeddable":true,"href":"https:\/\/fengchashop.com\/cz\/wp-json\/wp\/v2\/product_tag?post=6741"}],"curies":[{"name":"wp","href":"https:\/\/api.w.org\/{rel}","templated":true}]}}