{"id":6736,"date":"2025-05-30T11:35:00","date_gmt":"2025-05-30T09:35:00","guid":{"rendered":"https:\/\/fengchashop.com\/cz\/product\/hericium-erinaceus-lvi-hriva-v-kapslich-bio-120-kapsli\/"},"modified":"2025-08-29T07:30:58","modified_gmt":"2025-08-29T05:30:58","slug":"hericium-erinaceus-lvi-hriva-v-kapslich-bio","status":"publish","type":"product","link":"https:\/\/fengchashop.com\/cz\/product\/hericium-erinaceus-lvi-hriva-v-kapslich-bio\/","title":{"rendered":"Hericium erinaceus (lv\u00ed h\u0159\u00edva) v kapsl\u00edch BIO 120 kapsl\u00ed"},"content":{"rendered":"<h2><span style=\"color: #000000;\">Hericium erinaceus (lv\u00ed h\u0159\u00edva)<\/span><\/h2>\n<p><span style=\"color: #000000;\">Hericium erinaceus, neboli <strong>vousatka<\/strong>, je velmi chutn\u00e1 a cen\u011bn\u00e1 jedl\u00e1 a l\u00e9\u010div\u00e1 houba. Roste na d\u0159ev\u011b padl\u00fdch strom\u016f, p\u0159edev\u0161\u00edm na severn\u00ed polokouli (Evropa, v\u00fdchodn\u00ed Asie, Severn\u00ed Amerika). M\u00e1 v\u00fdrazn\u00fd tvar a strukturu, p\u0159ipom\u00ednaj\u00edc\u00ed vousy, v\u010detn\u011b lv\u00ed h\u0159\u00edvy. V tradi\u010dn\u00ed medic\u00edn\u011b je vysoce cen\u011bn\u00e1 pro sv\u00e9 \u00fa\u010dinky a naz\u00fdv\u00e1 se &#8222;<strong>p\u0159\u00edrodn\u00ed potravou pro neurony<\/strong>&#8222;. Je proto vhodn\u00e1 i pro <strong>oslaben\u00fd nervov\u00e9 syst\u00e9m<\/strong>. Pravideln\u00fd p\u0159\u00edjem m\u00e1 p\u0159\u00edzniv\u00fd vliv na nervov\u00fd syst\u00e9m, pom\u00e1h\u00e1 p\u0159edch\u00e1zet demenci a roztrou\u0161en\u00e9 skler\u00f3ze a l\u00e9\u010dit je. Jej\u00ed pozitivn\u00ed vlastnosti se projevuj\u00ed tak\u00e9 v p\u016fsoben\u00ed proti dv\u011bma st\u00e1le \u010dast\u011bj\u0161\u00edm modern\u00edm chorob\u00e1m, depresi a \u00fazkosti.<\/span><br \/>\n<span style=\"color: #000000;\">Lv\u00ed h\u0159\u00edva m\u00e1 v tradi\u010dn\u00ed \u010d\u00ednsk\u00e9 medic\u00edn\u011b <strong>dlouhou tradici<\/strong> a je velmi <strong>cen\u011bnou houbou<\/strong>.<\/span><br \/>\n<span style=\"color: #000000;\">Ve form\u011b pr\u00e1\u0161ku obsahuje Hericium erinaceus mnoho \u017eivin. A v t\u00e9to podob\u011b je na\u0161e t\u011blo m\u016f\u017ee vyu\u017e\u00edt. Jej\u00ed pozitivn\u00ed \u00fa\u010dinky byly rovn\u011b\u017e <strong>v\u011bdecky prok\u00e1z\u00e1ny<\/strong>.<\/span><br \/>\n<span style=\"color: #000000;\">Produkce na\u0161\u00ed Hericum erinaceus je p\u0159\u00edsn\u011b kontrolov\u00e1na, bez pou\u017eit\u00ed chemik\u00e1li\u00ed a pesticid\u016f a 100% ekologick\u00e1. Kvalitu hub pravideln\u011b kontroluj\u00ed nez\u00e1visl\u00e9 laborato\u0159e ve Slovinsku a USA.<\/span><\/p>\n<p><span style=\"color: #000000;\">Houba m\u00e1 mnoho pozitivn\u00edch \u00fa\u010dink\u016f:<\/span><br \/>\n<span style=\"color: #000000;\">\ud83d\udc9a antioxidant,<\/span><br \/>\n<span style=\"color: #000000;\">\ud83d\udc9a pom\u00e1h\u00e1 p\u0159i depresi a \u00fazkosti<\/span><br \/>\n<span style=\"color: #000000;\">\ud83d\udc9a zlep\u0161uje sp\u00e1nek,<\/span><br \/>\n<span style=\"color: #000000;\">\ud83d\udc9a zlep\u0161uje funkci pam\u011bti,<\/span><br \/>\n<span style=\"color: #000000;\">\ud83d\udc9a stimuluje imunitn\u00ed syst\u00e9m,<\/span><br \/>\n<span style=\"color: #000000;\">\ud83d\udc9a m\u00e1 p\u0159\u00edzniv\u00fd vliv na cel\u00fd nervov\u00fd syst\u00e9m a podporuje jeho regeneraci,<\/span><br \/>\n<span style=\"color: #000000;\">\ud83d\udc9a pom\u00e1h\u00e1 a p\u0159edch\u00e1z\u00ed kardiovaskul\u00e1rn\u00edm onemocn\u011bn\u00edm,<\/span><br \/>\n<span style=\"color: #000000;\">\ud83d\udc9a antibakteri\u00e1ln\u00ed.<\/span><\/p>\n<h2><span style=\"color: #000000;\">Co obsahuje a pro koho je ur\u010dena?<\/span><\/h2>\n<p><span style=\"color: #000000;\">Mezi \u00fa\u010dinn\u00e9 slo\u017eky Hericum erinaceus pat\u0159\u00ed <strong>betaglukany<\/strong>, kter\u00e9 jsou typick\u00e9 pro houby. Takzvan\u00fd HEP3 je jedn\u00edm z farmakologicky zaj\u00edmav\u011bj\u0161\u00edch 1-3D-beta glukan\u016f. <strong>Polysacharidy a polypeptidy<\/strong> se tak\u00e9 nach\u00e1zej\u00ed v houb\u00e1ch, stejn\u011b jako<strong> fytosteroly<\/strong> jako je beta sitosterol a ergosterol, esenci\u00e1ln\u00ed miner\u00e1ly a <strong>stopov\u00e9 prvky<\/strong> (Zn, Fe, Se, Ge atd.), <strong>niacin, biotin a vitamin D<\/strong>.<\/span><br \/>\n<span style=\"color: #000000;\">D\u00edky sv\u00e9mu vysoce kvalitn\u00edmu aminokyselinov\u00e9mu slo\u017een\u00ed m\u00e1 lv\u00ed h\u0159\u00edva <strong>nejvy\u0161\u0161\u00ed biologickou hodnotu<\/strong> ve srovn\u00e1n\u00ed s ostatn\u00edmi jedl\u00fdmi houbami (b\u00edl\u00fdmi houbami, hl\u00edvou \u00fast\u0159i\u010dnou a houbami shiitake), a je proto vhodnou <strong>n\u00e1hradou masa<\/strong> ve vegetari\u00e1nsk\u00e9 strav\u011b.<\/span><br \/>\n<span style=\"color: #000000;\">V\u0161echny prvky v houb\u00e1ch jsou p\u0159\u00edtomny ve velk\u00e9m mno\u017estv\u00ed a maj\u00ed velmi pozitivn\u00ed vliv na na\u0161e t\u011blo. U\u017e\u00edv\u00e1n\u00ed t\u00e9to houby se doporu\u010duje zejm\u00e9na t\u011bm, kte\u0159\u00ed pot\u0159ebuj\u00ed podpo\u0159it nervov\u00fd syst\u00e9m a mozkovou \u010dinnost. Podle v\u011bdeck\u00fdch poznatk\u016f je tak\u00e9 v\u00fdborn\u00e1 p\u0159i p\u0159\u00edznac\u00edch deprese a \u00fazkosti. \u010casto se tak\u00e9 pou\u017e\u00edv\u00e1 k pos\u00edlen\u00ed imunitn\u00edho syst\u00e9mu.<\/span><br \/>\n<span style=\"color: #000000;\">A co je nesm\u00edrn\u011b d\u016fle\u017eit\u00e9, Hericium erinaceus je <strong>100% p\u0159\u00edrodn\u00ed produkt<\/strong> kter\u00fd n\u00e1m m\u016f\u017ee pomoci p\u0159irozen\u00fdm zp\u016fsobem. Zlep\u0161uje p\u0159\u00edznaky na\u0161ich onemocn\u011bn\u00ed a m\u00e1 pozitivn\u00ed vliv na na\u0161i celkovou pohodu.<\/span><\/p>\n<h2><span style=\"color: #000000;\">Pro\u010d houby?<\/span><\/h2>\n<p><span style=\"color: #000000;\">Houby jsou velmi zaj\u00edmav\u00e9. Nejsou to ani rostliny, ani \u017eivo\u010dichov\u00e9, ale rozhodn\u011b jsou to <strong>\u00fa\u017easn\u00e9 organismy<\/strong>, kter\u00e9 dok\u00e1zaly p\u0159e\u017e\u00edt t\u00e9m\u011b\u0159 od po\u010d\u00e1tku sv\u011bta. Vyvinuli si specifickou strategii p\u0159e\u017eit\u00ed, kter\u00e1 jim pom\u00e1h\u00e1 dodnes. Tyto v\u00fdhody v\u0161ak mohou lid\u00e9 vyu\u017e\u00edvat i p\u0159i konzumaci medicin\u00e1ln\u00edch hub. P\u0159in\u00e1\u0161ej\u00ed n\u00e1m rovnov\u00e1hu na fyzick\u00e9 \u00farovni a chr\u00e1n\u00ed n\u00e1s p\u0159ed mnoha nemocemi. Mohou b\u00fdt <strong>prevenc\u00ed<\/strong>, ale tak\u00e9<strong> podp\u016frnou l\u00e9\u010dbou<\/strong> vedle konven\u010dn\u00ed nebo jin\u00e9 nekonven\u010dn\u00ed l\u00e9\u010dby mnoha (modern\u00edch) nemoc\u00ed. Tradi\u010dn\u011b se houb\u00e1m p\u0159isuzuj\u00ed \u00fa\u010dinky v p\u0159\u00edpadech rakoviny, autoimunitn\u00edch onemocn\u011bn\u00ed a alergi\u00ed. Jsou tak\u00e9 dobr\u00e9 pro zdravou a silnou imunitn\u00ed reakci. L\u00e9ka\u0159sk\u00e9 v\u00fdzkumy prov\u00e1d\u011bn\u00e9 v posledn\u00edch desetilet\u00edch, kdy se houby dostaly do pop\u0159ed\u00ed z\u00e1jmu z\u00e1padn\u00edho sv\u011bta, v\u0161ak potvrdily mnoh\u00e9 jejich l\u00e9\u010debn\u00e9 \u00fa\u010dinky.<\/span><br \/>\n<span style=\"color: #000000;\">Proto\u017ee n\u011bkter\u00e9 p\u0159\u00edrodn\u00ed \u00fa\u010dinn\u00e9 l\u00e1tky jsou pro n\u00e1s nestraviteln\u00e9 nebo t\u011b\u017eko straviteln\u00e9, je velmi d\u016fle\u017eit\u00e9 konzumovat pouze ty nejlep\u0161\u00ed houbov\u00e9 pr\u00e1\u0161ky. Houby mus\u00ed b\u00fdt spr\u00e1vn\u011b vyp\u011bstov\u00e1ny, usu\u0161eny a p\u0159ipraveny. Mus\u00ed b\u00fdt rozemlety na jemn\u00fd pr\u00e1\u0161ek bez hrudek. Barva pr\u00e1\u0161ku je sv\u011btlej\u0161\u00ed, ale z\u00e1le\u017e\u00ed tak\u00e9 na druhu houby, kterou u\u017e\u00edv\u00e1te.\u00a0Proto\u017ee jsou houby tak \u00fa\u010dinn\u00e9 pr\u00e1v\u011b proto, \u017ee maj\u00ed schopnost absorbovat v\u0161e &#8211; dobr\u00e9 i \u0161patn\u00e9 &#8211; z prost\u0159ed\u00ed, je d\u016fle\u017eit\u00e9 pou\u017e\u00edvat<strong> houby organick\u00e9<\/strong>.<\/span><\/p>\n<h2><span style=\"color: #000000;\">Balen\u00ed<\/span><\/h2>\n<p><span style=\"color: #000000;\">Neprody\u0161n\u00fd uzav\u00edrateln\u00fd s\u00e1\u010dek, ve kter\u00e9m si v\u00fdrobek zachov\u00e1v\u00e1 ve\u0161kerou \u010derstvost a v\u016fni. Obal chr\u00e1n\u00ed p\u0159ed sv\u011btlem a vzduchem, proto\u017ee se skl\u00e1d\u00e1 z n\u011bkolika ochrann\u00fdch vrstev, kter\u00e9 zachov\u00e1vaj\u00ed vlastnosti obsahu.<\/span><br \/>\n<span style=\"color: #000000;\">Obal je velmi praktick\u00fd a recyklovateln\u00fd.<\/span><\/p>\n<h2><span style=\"color: #000000;\">Skladov\u00e1n\u00ed a varov\u00e1n\u00ed<\/span><\/h2>\n<p><span style=\"color: #000000;\">Skladujte na chladn\u00e9m a such\u00e9m m\u00edst\u011b. Dopln\u011bk stravy uchov\u00e1vejte mimo dosah d\u011bt\u00ed!<\/span><br \/>\n<span style=\"color: #000000;\">Nezapom\u00ednejte na d\u016fle\u017eitost pestr\u00e9 stravy a zdrav\u00e9ho \u017eivotn\u00edho stylu, dopln\u011bk stravy nen\u00ed n\u00e1hradou vyv\u00e1\u017een\u00e9 a pestr\u00e9 stravy. Doporu\u010den\u00e9 denn\u00ed mno\u017estv\u00ed nebo d\u00e1vka by nem\u011bly b\u00fdt p\u0159ekro\u010deny. T\u011bhotn\u00fdm a koj\u00edc\u00edm \u017een\u00e1m se v\u017edy doporu\u010duje, aby se p\u0159ed pou\u017eit\u00edm p\u0159\u00edpravku poradily s l\u00e9ka\u0159em.<\/span><\/p>\n<h2><span style=\"color: #000000;\">Dobr\u00e9 rady<\/span><\/h2>\n<p><span style=\"color: #000000;\">V\u00fdrobek je vhodn\u00fd i pro zv\u00ed\u0159ata. L\u00e9\u010div\u00e9 houby jsou ve v\u011bt\u0161in\u011b p\u0159\u00edpad\u016f velmi \u00fa\u010dinn\u00e9 p\u0159i posilov\u00e1n\u00ed imunitn\u00edho syst\u00e9mu, l\u00e9\u010db\u011b alergi\u00ed a ko\u017en\u00edch onemocn\u011bn\u00ed, stejn\u011b jako virov\u00fdch a bakteri\u00e1ln\u00edch infekc\u00ed. P\u0159ed pou\u017eit\u00edm se pora\u010fte se sv\u00fdm veterin\u00e1rn\u00edm l\u00e9ka\u0159em, abyste zjistili vhodnost pod\u00e1v\u00e1n\u00ed a doporu\u010den\u00e9 denn\u00ed mno\u017estv\u00ed.<\/span><\/p>\n<h2><span style=\"color: #000000;\">P\u016fvod<\/span><\/h2>\n<p><span style=\"color: #000000;\">Slovinsko<\/span><\/p>\n","protected":false},"excerpt":{"rendered":"<p align=\"JUSTIFY\"><strong><span lang=\"cs-CZ\">Hericium erinaceus<\/span><\/strong><span lang=\"cs-CZ\">, neboli <\/span><strong><span lang=\"cs-CZ\">vousatka<\/span><\/strong><span lang=\"cs-CZ\">, je velmi chutn\u00e1 a cen\u011bn\u00e1 jedl\u00e1 a l\u00e9\u010div\u00e1 houba. <\/span><span lang=\"cs-CZ\">V tradi\u010dn\u00ed medic\u00edn\u011b je vysoce cen\u011bn\u00e1 pro sv\u00e9 \u00fa\u010dinky a naz\u00fdv\u00e1 se <\/span><strong><span lang=\"cs-CZ\">&#8222;p\u0159\u00edrodn\u00ed potravou pro neurony&#8220;<\/span><\/strong><span lang=\"cs-CZ\">. <\/span><span lang=\"cs-CZ\">Je proto vhodn\u00e1 i pro <\/span><strong><span lang=\"cs-CZ\">oslaben\u00fd nervov\u00e9 syst\u00e9m<\/span><\/strong><span lang=\"cs-CZ\">. <\/span><\/p>\n<p>\ud83d\udc9a Antioxidant.<br \/>\n\ud83d\udc9a Pom\u00e1h\u00e1 p\u0159i depresi a \u00fazkosti.<br \/>\n\ud83d\udc9a Zlep\u0161uje funkci pam\u011bti.<br \/>\n\ud83d\udc9a Stimuluje imunitn\u00ed syst\u00e9m.<br \/>\n\ud83d\udc9a M\u00e1 p\u0159\u00edzniv\u00fd vliv na cel\u00fd nervov\u00fd syst\u00e9m a podporuje jeho regeneraci.<\/p>\n","protected":false},"featured_media":5957,"comment_status":"open","ping_status":"closed","template":"","meta":{"_acf_changed":false},"product_brand":[],"product_cat":[15,229,226,227],"product_tag":[],"class_list":{"0":"post-6736","1":"product","2":"type-product","3":"status-publish","4":"has-post-thumbnail","6":"product_cat-uncategorized","7":"product_cat-lecive-houby","8":"product_cat-nabidka","9":"product_cat-vsechny-produkty","11":"first","12":"outofstock","13":"sale","14":"taxable","15":"shipping-taxable","16":"purchasable","17":"product-type-simple"},"acf":[],"_links":{"self":[{"href":"https:\/\/fengchashop.com\/cz\/wp-json\/wp\/v2\/product\/6736","targetHints":{"allow":["GET"]}}],"collection":[{"href":"https:\/\/fengchashop.com\/cz\/wp-json\/wp\/v2\/product"}],"about":[{"href":"https:\/\/fengchashop.com\/cz\/wp-json\/wp\/v2\/types\/product"}],"replies":[{"embeddable":true,"href":"https:\/\/fengchashop.com\/cz\/wp-json\/wp\/v2\/comments?post=6736"}],"wp:featuredmedia":[{"embeddable":true,"href":"https:\/\/fengchashop.com\/cz\/wp-json\/wp\/v2\/media\/5957"}],"wp:attachment":[{"href":"https:\/\/fengchashop.com\/cz\/wp-json\/wp\/v2\/media?parent=6736"}],"wp:term":[{"taxonomy":"product_brand","embeddable":true,"href":"https:\/\/fengchashop.com\/cz\/wp-json\/wp\/v2\/product_brand?post=6736"},{"taxonomy":"product_cat","embeddable":true,"href":"https:\/\/fengchashop.com\/cz\/wp-json\/wp\/v2\/product_cat?post=6736"},{"taxonomy":"product_tag","embeddable":true,"href":"https:\/\/fengchashop.com\/cz\/wp-json\/wp\/v2\/product_tag?post=6736"}],"curies":[{"name":"wp","href":"https:\/\/api.w.org\/{rel}","templated":true}]}}