{"id":6732,"date":"2022-06-15T09:02:24","date_gmt":"2022-06-15T07:02:24","guid":{"rendered":"https:\/\/fengchashop.com\/cz\/product\/divji-jam-bio-v-prahu-bio-250-g\/"},"modified":"2026-04-28T10:23:49","modified_gmt":"2026-04-28T08:23:49","slug":"divji-jam-bio-v-prahu-bio","status":"publish","type":"product","link":"https:\/\/fengchashop.com\/cz\/product\/divji-jam-bio-v-prahu-bio\/","title":{"rendered":"Divok\u00fd jam pr\u00e1\u0161ek 250 g"},"content":{"rendered":"<h2>Divok\u00fd jam\u00a0pr\u00e1\u0161ek<\/h2>\n<p>Jam divok\u00fd (Dioscorea polystachya) je vysok\u00e1 pop\u00ednav\u00e1 rostlina p\u016fvodem ze St\u0159edn\u00ed Ameriky. M\u00e1 kr\u00e1sn\u00e9 srd\u010dit\u00e9 zelen\u00e9 listy a jeho tajemstv\u00ed spo\u010d\u00edv\u00e1 v podlouhl\u00e9m ko\u0159eni s v\u00fdrazn\u011b b\u00edlou du\u017enatou \u010d\u00e1st\u00ed. N\u011bkdy se mu tak\u00e9 \u0159\u00edk\u00e1 mexick\u00fd divok\u00fd jam nebo dioscorea.<\/p>\n<p>Prokazateln\u011b reguluje hormon\u00e1ln\u00ed nerovnov\u00e1hu progesteronu a estrogenu u mu\u017e\u016f a \u017een. D\u00edky tomu m\u016f\u017ee pomoci i p\u0159i probl\u00e9mech s j\u00e1try, menstrua\u010dn\u00edmi bolestmi, metabolick\u00fdmi probl\u00e9my a probl\u00e9my se \u0161t\u00edtnou \u017el\u00e1zou, cholesterolem a krevn\u00edm cukrem.<\/p>\n<p>Wild yam obsahuje l\u00e1tku podobnou estrogenu (fytoestrogen) zvanou diosgenin. Jde o zcela p\u0159\u00edrodn\u00ed slo\u017eku, kter\u00e1 dok\u00e1\u017ee nahradit nedostatek hormonu v t\u011ble. K nedostatku progesteronu doch\u00e1z\u00ed nej\u010dast\u011bji po 30. roce resp pozd\u011bji v menopauze a m\u016f\u017ee b\u00fdt tak\u00e9 p\u0159\u00ed\u010dinou p\u0159ed\u010dasn\u00e9 menopauzy.<\/p>\n<p>Diosgenin je chemicky velmi podobn\u00fd cholesterolu, progesteronu a hormonu DHEA. V t\u011ble napodobuje \u010dinnost hormonu progesteronu a p\u0159\u00edzniv\u011b ovliv\u0148uje rovnov\u00e1hu hormon\u016f.<\/p>\n<p>Divok\u00fd yam ve form\u011b tablet a kr\u00e9m\u016f je u n\u00e1s popul\u00e1rn\u00ed ji\u017e \u0159adu let. Je to pravideln\u00e1 praxe v bylin\u00e1\u0159stv\u00ed, nebo\u0165 jeho pozitivn\u00ed vliv na rovnov\u00e1hu hormon\u016f je i v\u011bdecky potvrzen.<\/p>\n<h2>Komu to doporu\u010dujeme vz\u00edt<\/h2>\n<p>Dnes se divok\u00fd yam nej\u010dast\u011bji pou\u017e\u00edv\u00e1 na nejr\u016fzn\u011bj\u0161\u00ed z\u00e1n\u011bty, svalov\u00e9 k\u0159e\u010de, podr\u00e1\u017ed\u011bnost a nedostatek energie. \u017deny po n\u00ed nej\u010dast\u011bji sahaj\u00ed p\u0159i probl\u00e9mech s bolestivou menstruac\u00ed a PMS a tak\u00e9 p\u0159i b\u011b\u017en\u00fdch probl\u00e9mech, kter\u00e9 se projevuj\u00ed v p\u0159echodu a menopauze.<\/p>\n<p>V minulosti se pou\u017e\u00edval i k l\u00e9\u010db\u011b za\u017e\u00edvac\u00edch pot\u00ed\u017e\u00ed. Pat\u0159\u00ed mezi n\u011b z\u00e1n\u011bt \u017elu\u010dn\u00edku a syndrom dr\u00e1\u017ediv\u00e9ho tra\u010dn\u00edku. Pomoci by m\u011bl i p\u0159i probl\u00e9mech s mo\u010dov\u00fdmi cestami.<\/p>\n<h2>Jak\u00e9 jsou v\u00fdhody jeho u\u017e\u00edv\u00e1n\u00ed<\/h2>\n<p>Krom\u011b v\u00fd\u0161e uveden\u00e9ho je divok\u00fd jam tak\u00e9:<\/p>\n<p>\ud83d\udc9a Obl\u00edben\u00fd dopln\u011bk stravy pro \u017eeny v menopauze (n\u00e1valy, \u00fanava, \u00fazkost) a pro \u017eeny, kter\u00e9 maj\u00ed probl\u00e9my s PMS (podr\u00e1\u017ed\u011bn\u00ed a siln\u00e9 bolesti).<br \/>\n\ud83d\udc9a Zm\u00edr\u0148uje siln\u00e9 krv\u00e1cen\u00ed b\u011bhem menstrua\u010dn\u00edho cyklu.<br \/>\n\ud83d\udc9a \u010casto se tak\u00e9 pou\u017e\u00edv\u00e1 jako pomoc p\u0159i autoimunitn\u00edch onemocn\u011bn\u00edch.<br \/>\n\ud83d\udc9a N\u00e1sledkem hormon\u00e1ln\u00ed nerovnov\u00e1hy se projevuje i such\u00e1 k\u016f\u017ee a vlasy, l\u00e1mav\u00e9 nehty a celulitida, zvl\u00e1\u0161t\u011b \u017eeny jej berou i s t\u011bmito probl\u00e9my.<br \/>\n\ud83d\udc9a Divok\u00fd yam obsahuje l\u00e1tky podobn\u00e9 hormon\u016fm, kter\u00e9 se v t\u011ble chovaj\u00ed jako progesteron; za\u010d\u00edn\u00e1 drasticky klesat u v\u0161ech \u017een po 30. roce v\u011bku. Za\u010d\u00ednaj\u00ed se objevovat p\u0159\u00edznaky nedostatku \u00a0progesteronu, jako je sn\u00ed\u017een\u00e9 libido, p\u0159ib\u00edr\u00e1n\u00ed na v\u00e1ze a psychick\u00e9 probl\u00e9my v\u010detn\u011b deprese.<br \/>\n\ud83d\udc9a P\u016fsob\u00ed p\u0159\u00edzniv\u011b p\u0159i z\u00e1n\u011btech, artritid\u011b a dal\u0161\u00edch revmatick\u00fdch onemocn\u011bn\u00edch a alergi\u00edch.<\/p>\n<h2>Skladov\u00e1n\u00ed a varov\u00e1n\u00ed<\/h2>\n<p style=\"text-align: justify\">Skladujte na chladn\u00e9m a such\u00e9m m\u00edst\u011b p\u0159i teplot\u011b do 25 \u00b0C. Dopln\u011bk stravy uchov\u00e1vejte mimo dosah d\u011bt\u00ed!<br \/>\nNezapom\u00ednejte na d\u016fle\u017eitost pestr\u00e9 stravy a zdrav\u00e9ho \u017eivotn\u00edho stylu, dopln\u011bk stravy nen\u00ed n\u00e1hradou vyv\u00e1\u017een\u00e9 a pestr\u00e9 stravy. Doporu\u010den\u00e9 denn\u00ed mno\u017estv\u00ed nebo d\u00e1vka by nem\u011bly b\u00fdt p\u0159ekro\u010deny.<\/p>\n<p style=\"text-align: justify\">Divok\u00fd yam nen\u00ed vhodn\u00fd pro t\u011bhotn\u00e9 \u017eeny, koj\u00edc\u00ed matky a d\u011bti. Nedoporu\u010dujeme pou\u017e\u00edvat tak\u00e9 \u017eeny, kter\u00e9 maj\u00ed hormon\u00e1ln\u00ed onemocn\u011bn\u00ed, jako je endometri\u00f3za, rakovina vaje\u010dn\u00edk\u016f, prs\u016f, d\u011blohy atd. Nedoporu\u010duje se ani mu\u017e\u016fm, kte\u0159\u00ed maj\u00ed rakovinu prostaty.<\/p>\n<h2>Balen\u00ed<\/h2>\n<p>Neprody\u0161n\u00fd uzav\u00edrateln\u00fd s\u00e1\u010dek, ve kter\u00e9m si v\u00fdrobek zachov\u00e1v\u00e1 ve\u0161kerou \u010derstvost a v\u016fni. Obal chr\u00e1n\u00ed p\u0159ed sv\u011btlem a vzduchem, proto\u017ee se skl\u00e1d\u00e1 z n\u011bkolika ochrann\u00fdch vrstev, kter\u00e9 zachov\u00e1vaj\u00ed vlastnosti obsahu.<br \/>\nObal je velmi praktick\u00fd a recyklovateln\u00fd.<\/p>\n<h2>P\u016fvod<\/h2>\n<p style=\"text-align: justify\">\u010c\u00edna. M\u00e1me velmi spolehliv\u00e9 dodavatele, kte\u0159\u00ed n\u00e1m ke ka\u017ed\u00e9 \u0161ar\u017ei za\u0161lou podrobn\u00fd chemick\u00fd rozbor potravin. Za v\u00edce ne\u017e deset let jsme u tohoto zbo\u017e\u00ed ani u jin\u00fdch polo\u017eek od stejn\u00e9ho dodavatele nezaznamenali \u017e\u00e1dn\u00e9 sta\u017een\u00ed ani jin\u00e9 probl\u00e9my.<\/p>\n","protected":false},"excerpt":{"rendered":"<p>Prokazateln\u011b reguluje hormon\u00e1ln\u00ed nerovnov\u00e1hu progesteronu a estrogenu u mu\u017e\u016f a \u017een. D\u00edky tomu m\u016f\u017ee pomoci i p\u0159i probl\u00e9mech s j\u00e1try, menstrua\u010dn\u00edmi bolestmi, metabolick\u00fdmi probl\u00e9my a probl\u00e9my se \u0161t\u00edtnou \u017el\u00e1zou, cholesterolem a krevn\u00edm cukrem. Wild yam obsahuje l\u00e1tku podobnou estrogenu (fytoestrogen) zvanou diosgenin. Jde o zcela p\u0159\u00edrodn\u00ed slo\u017eku, kter\u00e1 dok\u00e1\u017ee nahradit nedostatek hormonu v t\u011ble. K nedostatku progesteronu doch\u00e1z\u00ed nej\u010dast\u011bji po 30. roce resp pozd\u011bji v menopauze a m\u016f\u017ee b\u00fdt tak\u00e9 p\u0159\u00ed\u010dinou p\u0159ed\u010dasn\u00e9 menopauzy.<\/p>\n<p>\ud83d\udc9a Reguluje hormon\u00e1ln\u00ed nerovnov\u00e1hu progesteronu a estrogenu.<br \/>\n\ud83d\udc9a M\u00e1 protiz\u00e1n\u011btliv\u00fd \u00fa\u010dinek.<br \/>\n\ud83d\udc9a Zm\u00edr\u0148uje bolestivou menstruaci.<br \/>\n\ud83d\udc9a Zm\u00edr\u0148uje pot\u00ed\u017ee v menopauze.<\/p>\n<p>&nbsp;<\/p>\n","protected":false},"featured_media":6733,"comment_status":"open","ping_status":"closed","template":"","meta":{"_acf_changed":false},"product_brand":[],"product_cat":[15,205,226,227],"product_tag":[],"class_list":{"0":"post-6732","1":"product","2":"type-product","3":"status-publish","4":"has-post-thumbnail","6":"product_cat-uncategorized","7":"product_cat-caj-jidlo-koreni","8":"product_cat-nabidka","9":"product_cat-vsechny-produkty","11":"first","12":"instock","13":"sale","14":"taxable","15":"shipping-taxable","16":"purchasable","17":"product-type-simple"},"acf":[],"_links":{"self":[{"href":"https:\/\/fengchashop.com\/cz\/wp-json\/wp\/v2\/product\/6732","targetHints":{"allow":["GET"]}}],"collection":[{"href":"https:\/\/fengchashop.com\/cz\/wp-json\/wp\/v2\/product"}],"about":[{"href":"https:\/\/fengchashop.com\/cz\/wp-json\/wp\/v2\/types\/product"}],"replies":[{"embeddable":true,"href":"https:\/\/fengchashop.com\/cz\/wp-json\/wp\/v2\/comments?post=6732"}],"wp:featuredmedia":[{"embeddable":true,"href":"https:\/\/fengchashop.com\/cz\/wp-json\/wp\/v2\/media\/6733"}],"wp:attachment":[{"href":"https:\/\/fengchashop.com\/cz\/wp-json\/wp\/v2\/media?parent=6732"}],"wp:term":[{"taxonomy":"product_brand","embeddable":true,"href":"https:\/\/fengchashop.com\/cz\/wp-json\/wp\/v2\/product_brand?post=6732"},{"taxonomy":"product_cat","embeddable":true,"href":"https:\/\/fengchashop.com\/cz\/wp-json\/wp\/v2\/product_cat?post=6732"},{"taxonomy":"product_tag","embeddable":true,"href":"https:\/\/fengchashop.com\/cz\/wp-json\/wp\/v2\/product_tag?post=6732"}],"curies":[{"name":"wp","href":"https:\/\/api.w.org\/{rel}","templated":true}]}}